{"id":9812,"date":"2022-10-18T14:02:51","date_gmt":"2022-10-18T12:02:51","guid":{"rendered":"https:\/\/kaptanfood.pl\/?post_type=product&#038;p=9812"},"modified":"2026-03-13T08:40:32","modified_gmt":"2026-03-13T07:40:32","slug":"burger-corn-flakes-1-kg","status":"publish","type":"product","link":"https:\/\/kaptanfood.pl\/tr\/product\/burger-corn-flakes-1-kg\/","title":{"rendered":"Pane Tavuk Burger 1 kg"},"content":{"rendered":"<div class=\"wpb-content-wrapper\"><div class=\"vc_row wpb_row vc_row-fluid vc_custom_1632566163505 vc_row-o-content-middle vc_row-flex wd-rs-614efb885b0d8\"><div class=\"wpb_column vc_column_container vc_col-sm-12 vc_col-md-6\"><div class=\"vc_column-inner\"><div class=\"wpb_wrapper\">\t\t<div id=\"wd-6964e3230d573\" class=\"wd-image wd-wpb wd-rs-6964e3230d573 text-left\">\n\t\t\t\n\t\t\t<img loading=\"lazy\" decoding=\"async\" width=\"700\" height=\"800\" src=\"https:\/\/i0.wp.com\/kaptanfood.pl\/wp-content\/uploads\/2022\/11\/Cornflakes-2.png?fit=700%2C800&amp;ssl=1\" class=\"attachment-full size-full\" alt=\"\" srcset=\"https:\/\/i0.wp.com\/kaptanfood.pl\/wp-content\/uploads\/2022\/11\/Cornflakes-2.png?w=700&amp;ssl=1 700w, https:\/\/i0.wp.com\/kaptanfood.pl\/wp-content\/uploads\/2022\/11\/Cornflakes-2.png?w=263&amp;ssl=1 263w, https:\/\/i0.wp.com\/kaptanfood.pl\/wp-content\/uploads\/2022\/11\/Cornflakes-2.png?resize=430%2C491&amp;ssl=1 430w, https:\/\/i0.wp.com\/kaptanfood.pl\/wp-content\/uploads\/2022\/11\/Cornflakes-2.png?resize=150%2C171&amp;ssl=1 150w\" sizes=\"auto, (max-width: 700px) 100vw, 700px\" \/>\n\t\t\t\t\t<\/div>\n\t\t<\/div><\/div><\/div><div class=\"wpb_column vc_column_container vc_col-sm-12 vc_col-md-6\"><div class=\"vc_column-inner vc_custom_1496394189503\"><div class=\"wpb_wrapper\">\n\t\t<div id=\"wd-69b3bf654749c\" class=\"title-wrapper wd-wpb wd-set-mb reset-last-child  wd-rs-69b3bf654749c wd-title-color-default wd-title-style-default text-left vc_custom_1773387629130 wd-width-custom wd-underline-colored\">\n\t\t\t\n\t\t\t<div class=\"liner-continer\">\n\t\t\t\t<h4 class=\"woodmart-title-container title  wd-font-weight- wd-fontsize-m\" >M\u0131s\u0131r gevre\u011fi ile \u00e7\u0131t\u0131r \u00e7\u0131t\u0131r kaplanm\u0131\u015f k\u00fcmes hayvan\u0131 pirzolas\u0131.<\/h4>\n\t\t\t\t\t\t\t<\/div>\n\t\t\t\n\t\t\t\n\t\t\t\n\t\t<\/div>\n\t\t\n\t\t\t\t<div id=\"wd-6964e43d5923d\" class=\"wd-text-block wd-wpb reset-last-child wd-rs-6964e43d5923d text-left wd-fontsize-custom vc_custom_1768219724995\">\n\t\t\t<div class=\"desc\">\n<div class=\"info\">\n<p>Bu, sadece lezzetiyle de\u011fil g\u00f6r\u00fcn\u00fcm\u00fcyle de \u00f6ne \u00e7\u0131kan bir burgerdir. Profesyonel bir mutfakta tekrarlanabilirli\u011fi ve rahatl\u0131\u011f\u0131 garanti eden m\u00fckemmel a\u011f\u0131rl\u0131kta bir pirzola haline getirilmi\u015f dilimlenmi\u015f tavuk g\u00f6\u011fs\u00fcnden yap\u0131lm\u0131\u015ft\u0131r. Her par\u00e7a, pi\u015firildikten sonra alt\u0131n rengi ve i\u015ftah a\u00e7\u0131c\u0131 hale gelen g\u00f6r\u00fcn\u00fcr m\u0131s\u0131r taneleri ile \u00e7\u0131t\u0131r bir kaplama ile sar\u0131lm\u0131\u015ft\u0131r. Etin i\u00e7i yumu\u015fak ve sulu kal\u0131r ve sonu\u00e7ta burger d\u00fckkanlar\u0131, restoranlar ve catering i\u00e7in m\u00fckemmel bir \u00fcr\u00fcn ortaya \u00e7\u0131kar.<\/p>\n<\/div>\n<\/div>\n\t\t<\/div>\n\t\t\t\t<div id=\"wd-6964e51fb831b\" class=\"wd-text-block wd-wpb reset-last-child wd-rs-6964e51fb831b text-left wd-fontsize-custom vc_custom_1768219945161\">\n\t\t\t<p>\u00c7\u0131t\u0131r kaplama i\u00e7inde birle\u015ftirilmi\u015f tavuk g\u00f6\u011fs\u00fc par\u00e7alar\u0131ndan olu\u015fan bir \u00fcr\u00fcnd\u00fcr. Tamamen f\u0131r\u0131nlanm\u0131\u015f ve derin dondurulmu\u015f \u00fcr\u00fcn.<\/p>\n\t\t<\/div>\n\t\t\t\t<div id=\"wd-6964e52d022a5\" class=\"wd-text-block wd-wpb reset-last-child wd-rs-6964e52d022a5 text-left wd-fontsize-custom\">\n\t\t\t<table>\n<tbody>\n<tr>\n<th style=\"text-align: left;\"><strong>Saklama s\u0131cakl\u0131\u011f\u0131<\/strong><\/th>\n<td style=\"text-align: left; font-size: 16px;\">-18\u00b0C<\/td>\n<\/tr>\n<tr>\n<th style=\"text-align: left;\"><strong>HELAL<\/strong><\/th>\n<td style=\"text-align: left; font-size: 16px;\">EVET<\/td>\n<\/tr>\n<tr>\n<th style=\"text-align: left;\"><strong>Paketleme<\/strong><\/th>\n<td style=\"text-align: left; font-size: 16px;\"><strong>Karton ba\u015f\u0131na 5 \u00d7 1 kg<\/strong><\/td>\n<\/tr>\n<tr>\n<th style=\"text-align: left;\"><strong>\u0130\u00e7indekiler<\/strong><\/th>\n<td style=\"text-align: left; font-size: 16px;\">Tavuk g\u00f6\u011f\u00fcs eti (62%)<\/td>\n<\/tr>\n<tr>\n<th style=\"text-align: left;\"><strong>Haz\u0131rl\u0131k - frit\u00f6z<\/strong><\/th>\n<td style=\"text-align: left; font-size: 16px;\">180\u00b0C - 4 - 5 dakika<\/td>\n<\/tr>\n<tr>\n<th style=\"text-align: left;\"><strong>Haz\u0131rl\u0131k - f\u0131r\u0131n<\/strong><\/th>\n<td style=\"text-align: left; font-size: 16px;\">200\u00b0C - 16 - 18 dakika<\/td>\n<\/tr>\n<\/tbody>\n<\/table>\n\t\t<\/div>\n\t\t<\/div><\/div><\/div><\/div>\n<\/div>","protected":false},"excerpt":{"rendered":"Kotlet drobiowy w chrupi\u0105cej panierce z p\u0142atkami kukurydzianymi. To burger, kt\u00f3ry wyr\u00f3\u017cnia si\u0119 nie tylko smakiem, ale te\u017c wygl\u0105dem. Powstaje","protected":false},"featured_media":10694,"template":"","meta":[],"product_brand":[],"product_cat":[40],"product_tag":[],"class_list":{"0":"post-9812","1":"product","2":"type-product","3":"status-publish","4":"has-post-thumbnail","6":"product_cat-mrozonki","7":"pa_brand-chef-patrickt","9":"first","10":"instock","11":"featured","12":"taxable","13":"shipping-taxable","14":"purchasable","15":"product-type-variable","16":"has-default-attributes"},"yoast_head":"<!-- This site is optimized with the Yoast SEO plugin v27.3 - https:\/\/yoast.com\/product\/yoast-seo-wordpress\/ -->\n<title>Burger Panierowany z kurczaka 1 kg - Kaptan Food<\/title>\n<meta name=\"robots\" content=\"index, follow, max-snippet:-1, max-image-preview:large, max-video-preview:-1\" \/>\n<link rel=\"canonical\" href=\"https:\/\/kaptanfood.pl\/tr\/product\/burger-corn-flakes-1-kg\/\" \/>\n<meta property=\"og:locale\" content=\"tr_TR\" \/>\n<meta property=\"og:type\" content=\"article\" \/>\n<meta property=\"og:title\" content=\"Burger Panierowany z kurczaka 1 kg - Kaptan Food\" \/>\n<meta property=\"og:url\" content=\"https:\/\/kaptanfood.pl\/tr\/product\/burger-corn-flakes-1-kg\/\" \/>\n<meta property=\"og:site_name\" content=\"Kaptan Food\" \/>\n<meta property=\"article:modified_time\" content=\"2026-03-13T07:40:32+00:00\" \/>\n<meta property=\"og:image\" content=\"https:\/\/kaptanfood.pl\/wp-content\/uploads\/2022\/11\/Cornflakes-2.png\" \/>\n\t<meta property=\"og:image:width\" content=\"700\" \/>\n\t<meta property=\"og:image:height\" content=\"800\" \/>\n\t<meta property=\"og:image:type\" content=\"image\/png\" \/>\n<meta name=\"twitter:card\" content=\"summary_large_image\" \/>\n<meta name=\"twitter:label1\" content=\"Tahmini okuma s\u00fcresi\" \/>\n\t<meta name=\"twitter:data1\" content=\"2 dakika\" \/>\n<script type=\"application\/ld+json\" class=\"yoast-schema-graph\">{\"@context\":\"https:\\\/\\\/schema.org\",\"@graph\":[{\"@type\":\"WebPage\",\"@id\":\"https:\\\/\\\/kaptanfood.pl\\\/product\\\/burger-corn-flakes-1-kg\\\/\",\"url\":\"https:\\\/\\\/kaptanfood.pl\\\/product\\\/burger-corn-flakes-1-kg\\\/\",\"name\":\"Burger Panierowany z kurczaka 1 kg - Kaptan Food\",\"isPartOf\":{\"@id\":\"https:\\\/\\\/kaptanfood.pl\\\/tr\\\/#website\"},\"primaryImageOfPage\":{\"@id\":\"https:\\\/\\\/kaptanfood.pl\\\/product\\\/burger-corn-flakes-1-kg\\\/#primaryimage\"},\"image\":{\"@id\":\"https:\\\/\\\/kaptanfood.pl\\\/product\\\/burger-corn-flakes-1-kg\\\/#primaryimage\"},\"thumbnailUrl\":\"https:\\\/\\\/i0.wp.com\\\/kaptanfood.pl\\\/wp-content\\\/uploads\\\/2022\\\/11\\\/Cornflakes-2.png?fit=700%2C800&ssl=1\",\"datePublished\":\"2022-10-18T12:02:51+00:00\",\"dateModified\":\"2026-03-13T07:40:32+00:00\",\"breadcrumb\":{\"@id\":\"https:\\\/\\\/kaptanfood.pl\\\/product\\\/burger-corn-flakes-1-kg\\\/#breadcrumb\"},\"inLanguage\":\"tr\",\"potentialAction\":[{\"@type\":\"ReadAction\",\"target\":[\"https:\\\/\\\/kaptanfood.pl\\\/product\\\/burger-corn-flakes-1-kg\\\/\"]}]},{\"@type\":\"ImageObject\",\"inLanguage\":\"tr\",\"@id\":\"https:\\\/\\\/kaptanfood.pl\\\/product\\\/burger-corn-flakes-1-kg\\\/#primaryimage\",\"url\":\"https:\\\/\\\/i0.wp.com\\\/kaptanfood.pl\\\/wp-content\\\/uploads\\\/2022\\\/11\\\/Cornflakes-2.png?fit=700%2C800&ssl=1\",\"contentUrl\":\"https:\\\/\\\/i0.wp.com\\\/kaptanfood.pl\\\/wp-content\\\/uploads\\\/2022\\\/11\\\/Cornflakes-2.png?fit=700%2C800&ssl=1\",\"width\":700,\"height\":800},{\"@type\":\"BreadcrumbList\",\"@id\":\"https:\\\/\\\/kaptanfood.pl\\\/product\\\/burger-corn-flakes-1-kg\\\/#breadcrumb\",\"itemListElement\":[{\"@type\":\"ListItem\",\"position\":1,\"name\":\"Home\",\"item\":\"https:\\\/\\\/kaptanfood.pl\\\/\"},{\"@type\":\"ListItem\",\"position\":2,\"name\":\"Produkty\",\"item\":\"https:\\\/\\\/kaptanfood.pl\\\/produkty\\\/\"},{\"@type\":\"ListItem\",\"position\":3,\"name\":\"Burger Panierowany z kurczaka 1 kg\"}]},{\"@type\":\"WebSite\",\"@id\":\"https:\\\/\\\/kaptanfood.pl\\\/tr\\\/#website\",\"url\":\"https:\\\/\\\/kaptanfood.pl\\\/tr\\\/\",\"name\":\"Kaptan Food\",\"description\":\"Kaptan Food Hurtownia Kebab - Wszystko dla restauracji\",\"potentialAction\":[{\"@type\":\"SearchAction\",\"target\":{\"@type\":\"EntryPoint\",\"urlTemplate\":\"https:\\\/\\\/kaptanfood.pl\\\/tr\\\/?s={search_term_string}\"},\"query-input\":{\"@type\":\"PropertyValueSpecification\",\"valueRequired\":true,\"valueName\":\"search_term_string\"}}],\"inLanguage\":\"tr\"}]}<\/script>\n<!-- \/ Yoast SEO plugin. -->","yoast_head_json":{"title":"Burger Panierowany z kurczaka 1 kg - Kaptan Food","robots":{"index":"index","follow":"follow","max-snippet":"max-snippet:-1","max-image-preview":"max-image-preview:large","max-video-preview":"max-video-preview:-1"},"canonical":"https:\/\/kaptanfood.pl\/tr\/product\/burger-corn-flakes-1-kg\/","og_locale":"tr_TR","og_type":"article","og_title":"Burger Panierowany z kurczaka 1 kg - Kaptan Food","og_url":"https:\/\/kaptanfood.pl\/tr\/product\/burger-corn-flakes-1-kg\/","og_site_name":"Kaptan Food","article_modified_time":"2026-03-13T07:40:32+00:00","og_image":[{"width":700,"height":800,"url":"https:\/\/kaptanfood.pl\/wp-content\/uploads\/2022\/11\/Cornflakes-2.png","type":"image\/png"}],"twitter_card":"summary_large_image","twitter_misc":{"Tahmini okuma s\u00fcresi":"2 dakika"},"schema":{"@context":"https:\/\/schema.org","@graph":[{"@type":"WebPage","@id":"https:\/\/kaptanfood.pl\/product\/burger-corn-flakes-1-kg\/","url":"https:\/\/kaptanfood.pl\/product\/burger-corn-flakes-1-kg\/","name":"Burger Panierowany z kurczaka 1 kg - Kaptan Food","isPartOf":{"@id":"https:\/\/kaptanfood.pl\/tr\/#website"},"primaryImageOfPage":{"@id":"https:\/\/kaptanfood.pl\/product\/burger-corn-flakes-1-kg\/#primaryimage"},"image":{"@id":"https:\/\/kaptanfood.pl\/product\/burger-corn-flakes-1-kg\/#primaryimage"},"thumbnailUrl":"https:\/\/i0.wp.com\/kaptanfood.pl\/wp-content\/uploads\/2022\/11\/Cornflakes-2.png?fit=700%2C800&ssl=1","datePublished":"2022-10-18T12:02:51+00:00","dateModified":"2026-03-13T07:40:32+00:00","breadcrumb":{"@id":"https:\/\/kaptanfood.pl\/product\/burger-corn-flakes-1-kg\/#breadcrumb"},"inLanguage":"tr","potentialAction":[{"@type":"ReadAction","target":["https:\/\/kaptanfood.pl\/product\/burger-corn-flakes-1-kg\/"]}]},{"@type":"ImageObject","inLanguage":"tr","@id":"https:\/\/kaptanfood.pl\/product\/burger-corn-flakes-1-kg\/#primaryimage","url":"https:\/\/i0.wp.com\/kaptanfood.pl\/wp-content\/uploads\/2022\/11\/Cornflakes-2.png?fit=700%2C800&ssl=1","contentUrl":"https:\/\/i0.wp.com\/kaptanfood.pl\/wp-content\/uploads\/2022\/11\/Cornflakes-2.png?fit=700%2C800&ssl=1","width":700,"height":800},{"@type":"BreadcrumbList","@id":"https:\/\/kaptanfood.pl\/product\/burger-corn-flakes-1-kg\/#breadcrumb","itemListElement":[{"@type":"ListItem","position":1,"name":"Home","item":"https:\/\/kaptanfood.pl\/"},{"@type":"ListItem","position":2,"name":"Produkty","item":"https:\/\/kaptanfood.pl\/produkty\/"},{"@type":"ListItem","position":3,"name":"Burger Panierowany z kurczaka 1 kg"}]},{"@type":"WebSite","@id":"https:\/\/kaptanfood.pl\/tr\/#website","url":"https:\/\/kaptanfood.pl\/tr\/","name":"Kaptan G\u0131da","description":"Kaptan G\u0131da Toptan Kebap - Restoranlar i\u00e7in her \u015fey","potentialAction":[{"@type":"SearchAction","target":{"@type":"EntryPoint","urlTemplate":"https:\/\/kaptanfood.pl\/tr\/?s={search_term_string}"},"query-input":{"@type":"PropertyValueSpecification","valueRequired":true,"valueName":"search_term_string"}}],"inLanguage":"tr"}]}},"jetpack_sharing_enabled":true,"_links":{"self":[{"href":"https:\/\/kaptanfood.pl\/tr\/wp-json\/wp\/v2\/product\/9812","targetHints":{"allow":["GET"]}}],"collection":[{"href":"https:\/\/kaptanfood.pl\/tr\/wp-json\/wp\/v2\/product"}],"about":[{"href":"https:\/\/kaptanfood.pl\/tr\/wp-json\/wp\/v2\/types\/product"}],"wp:featuredmedia":[{"embeddable":true,"href":"https:\/\/kaptanfood.pl\/tr\/wp-json\/wp\/v2\/media\/10694"}],"wp:attachment":[{"href":"https:\/\/kaptanfood.pl\/tr\/wp-json\/wp\/v2\/media?parent=9812"}],"wp:term":[{"taxonomy":"product_brand","embeddable":true,"href":"https:\/\/kaptanfood.pl\/tr\/wp-json\/wp\/v2\/product_brand?post=9812"},{"taxonomy":"product_cat","embeddable":true,"href":"https:\/\/kaptanfood.pl\/tr\/wp-json\/wp\/v2\/product_cat?post=9812"},{"taxonomy":"product_tag","embeddable":true,"href":"https:\/\/kaptanfood.pl\/tr\/wp-json\/wp\/v2\/product_tag?post=9812"}],"curies":[{"name":"wp","href":"https:\/\/api.w.org\/{rel}","templated":true}]}}