{"id":9657,"date":"2022-10-10T14:06:29","date_gmt":"2022-10-10T12:06:29","guid":{"rendered":"https:\/\/kaptanfood.pl\/?post_type=product&#038;p=9657"},"modified":"2026-01-27T15:59:20","modified_gmt":"2026-01-27T14:59:20","slug":"sos-andaluz-900-gr","status":"publish","type":"product","link":"https:\/\/kaptanfood.pl\/tr\/product\/sos-andaluz-900-gr\/","title":{"rendered":"Andaluz sos 900 gr"},"content":{"rendered":"<div class=\"wpb-content-wrapper\"><div class=\"vc_row wpb_row vc_row-fluid vc_row-o-equal-height vc_row-o-content-top vc_row-flex\"><div class=\"wpb_column vc_column_container vc_col-sm-12 vc_col-lg-4 vc_col-md-4 vc_col-xs-12 wd-rs-61827b8e5abdf\"><div class=\"vc_column-inner vc_custom_1635941267568\"><div class=\"wpb_wrapper\">\n\t\t<div id=\"wd-63440a6626e0e\" class=\"title-wrapper wd-wpb wd-set-mb reset-last-child  wd-rs-63440a6626e0e wd-title-color-default wd-title-style-default text-left  wd-underline-colored\">\n\t\t\t\n\t\t\t<div class=\"liner-continer\">\n\t\t\t\t<h4 class=\"woodmart-title-container title  wd-font-weight- wd-fontsize-l\" >Andaluz sos 900 gr<\/h4>\n\t\t\t\t\t\t\t<\/div>\n\t\t\t\n\t\t\t\n\t\t\t\n\t\t<\/div>\n\t\t\n\t\t\t\t<div id=\"wd-66053baa62411\" class=\"wd-text-block wd-wpb reset-last-child wd-rs-66053baa62411 text-left vc_custom_1711618993006\">\n\t\t\t<p><strong>ANDALUZ SOSA<\/strong><\/p>\n<p>&nbsp;<\/p>\n<p>Mayonez sosu, domates sal\u00e7as\u0131 ve \u00e7\u0131t\u0131r so\u011fan ile birle\u015ftirilmi\u015f e\u015fsiz bir ot kar\u0131\u015f\u0131m\u0131, bir miktar baharat ile tamamlanm\u0131\u015ft\u0131r. Bel\u00e7ika patates k\u0131zartmas\u0131 ve burger ile m\u00fckemmel uyum sa\u011flar, ama sadece bu kadar da de\u011fil. Lezzetini ke\u015ffedin ve neler yapabilece\u011fini g\u00f6r\u00fcn.<\/p>\n<p>&nbsp;<\/p>\n<p><strong>NE ILE BIRLE\u015eTIRILIR?<\/strong><\/p>\n<p><img data-recalc-dims=\"1\" decoding=\"async\" class=\"icons\" title=\"et\" src=\"https:\/\/i0.wp.com\/www.tarsmak.pl\/images\/tarsmak\/web\/z-czym-laczyc\/frytki-icon.jpg?ssl=1\" alt=\"frytki icon\" \/><img data-recalc-dims=\"1\" decoding=\"async\" class=\"icons\" title=\"sandvi\u00e7\" src=\"https:\/\/i0.wp.com\/www.tarsmak.pl\/images\/tarsmak\/web\/z-czym-laczyc\/warzywa-icon.jpg?ssl=1\" alt=\"warzywa icon\" \/>\u00a0<img data-recalc-dims=\"1\" decoding=\"async\" class=\"icons\" title=\"sandvi\u00e7\" src=\"https:\/\/i0.wp.com\/www.tarsmak.pl\/images\/tarsmak\/web\/z-czym-laczyc\/chipsy-przekaski-icon.jpg?ssl=1\" alt=\"chipsy przekaski icon\" \/><\/p>\n\t\t<\/div>\n\t\t<\/div><\/div><\/div><div class=\"wpb_column vc_column_container vc_col-sm-6 vc_col-lg-4 vc_col-md-4 vc_col-xs-12 wd-rs-61827b8294f87\"><div class=\"vc_column-inner\"><div class=\"wpb_wrapper\">\n\t<div  class=\"wpb_single_image wpb_content_element vc_align_left vc_custom_1744787432878\">\n\t\t\n\t\t<figure class=\"wpb_wrapper vc_figure\">\n\t\t\t<div class=\"vc_single_image-wrapper   vc_box_border_grey\"><img loading=\"lazy\" decoding=\"async\" width=\"700\" height=\"800\" src=\"https:\/\/i0.wp.com\/kaptanfood.pl\/wp-content\/uploads\/2022\/10\/TarsmakAndaluzSos900.png?fit=700%2C800&amp;ssl=1\" class=\"vc_single_image-img attachment-full\" alt=\"\" title=\"TarsmakAndaluzSos900\" srcset=\"https:\/\/i0.wp.com\/kaptanfood.pl\/wp-content\/uploads\/2022\/10\/TarsmakAndaluzSos900.png?w=700&amp;ssl=1 700w, https:\/\/i0.wp.com\/kaptanfood.pl\/wp-content\/uploads\/2022\/10\/TarsmakAndaluzSos900.png?resize=263%2C300&amp;ssl=1 263w, https:\/\/i0.wp.com\/kaptanfood.pl\/wp-content\/uploads\/2022\/10\/TarsmakAndaluzSos900.png?resize=11%2C12&amp;ssl=1 11w, https:\/\/i0.wp.com\/kaptanfood.pl\/wp-content\/uploads\/2022\/10\/TarsmakAndaluzSos900.png?resize=430%2C491&amp;ssl=1 430w, https:\/\/i0.wp.com\/kaptanfood.pl\/wp-content\/uploads\/2022\/10\/TarsmakAndaluzSos900.png?resize=150%2C171&amp;ssl=1 150w\" sizes=\"auto, (max-width: 700px) 100vw, 700px\" \/><\/div>\n\t\t<\/figure>\n\t<\/div>\n<\/div><\/div><\/div><div class=\"wpb_column vc_column_container vc_col-sm-6 vc_col-lg-4 vc_col-md-4 vc_col-xs-12 wd-rs-61827b9533868\"><div class=\"vc_column-inner\"><div class=\"wpb_wrapper\">\n\t<div  class=\"wpb_single_image wpb_content_element vc_align_left vc_custom_1744787450909\">\n\t\t\n\t\t<figure class=\"wpb_wrapper vc_figure\">\n\t\t\t<div class=\"vc_single_image-wrapper   vc_box_border_grey\"><img loading=\"lazy\" decoding=\"async\" width=\"700\" height=\"800\" src=\"https:\/\/i0.wp.com\/kaptanfood.pl\/wp-content\/uploads\/2022\/10\/TarsmakAndaluzSos900.png?fit=700%2C800&amp;ssl=1\" class=\"vc_single_image-img attachment-full\" alt=\"\" title=\"TarsmakAndaluzSos900\" srcset=\"https:\/\/i0.wp.com\/kaptanfood.pl\/wp-content\/uploads\/2022\/10\/TarsmakAndaluzSos900.png?w=700&amp;ssl=1 700w, https:\/\/i0.wp.com\/kaptanfood.pl\/wp-content\/uploads\/2022\/10\/TarsmakAndaluzSos900.png?resize=263%2C300&amp;ssl=1 263w, https:\/\/i0.wp.com\/kaptanfood.pl\/wp-content\/uploads\/2022\/10\/TarsmakAndaluzSos900.png?resize=11%2C12&amp;ssl=1 11w, https:\/\/i0.wp.com\/kaptanfood.pl\/wp-content\/uploads\/2022\/10\/TarsmakAndaluzSos900.png?resize=430%2C491&amp;ssl=1 430w, https:\/\/i0.wp.com\/kaptanfood.pl\/wp-content\/uploads\/2022\/10\/TarsmakAndaluzSos900.png?resize=150%2C171&amp;ssl=1 150w\" sizes=\"auto, (max-width: 700px) 100vw, 700px\" \/><\/div>\n\t\t<\/figure>\n\t<\/div>\n<\/div><\/div><\/div><\/div>\n<\/div>","protected":false},"excerpt":{"rendered":"Sos Andaluz 900 gr SOS ANDALUZ &nbsp; Unikalna kompozycja zi\u00f3\u0142 po\u0142\u0105czona z sosem majonezowym, koncentratem pomidorowym wraz z chrupi\u0105c\u0105 cebulk\u0105,","protected":false},"featured_media":91993,"template":"","meta":[],"product_brand":[],"product_cat":[228],"product_tag":[],"class_list":{"0":"post-9657","1":"product","2":"type-product","3":"status-publish","4":"has-post-thumbnail","6":"product_cat-sosy","7":"pa_brand-tarsmak","9":"first","10":"outofstock","11":"taxable","12":"shipping-taxable","13":"purchasable","14":"product-type-simple"},"yoast_head":"<!-- This site is optimized with the Yoast SEO plugin v27.3 - https:\/\/yoast.com\/product\/yoast-seo-wordpress\/ -->\n<title>Sos Andaluz 900 gr - Kaptan Food<\/title>\n<meta name=\"robots\" content=\"index, follow, max-snippet:-1, max-image-preview:large, max-video-preview:-1\" \/>\n<link rel=\"canonical\" href=\"https:\/\/kaptanfood.pl\/tr\/product\/sos-andaluz-900-gr\/\" \/>\n<meta property=\"og:locale\" content=\"tr_TR\" \/>\n<meta property=\"og:type\" content=\"article\" \/>\n<meta property=\"og:title\" content=\"Sos Andaluz 900 gr - Kaptan Food\" \/>\n<meta property=\"og:url\" content=\"https:\/\/kaptanfood.pl\/tr\/product\/sos-andaluz-900-gr\/\" \/>\n<meta property=\"og:site_name\" content=\"Kaptan Food\" \/>\n<meta property=\"article:modified_time\" content=\"2026-01-27T14:59:20+00:00\" \/>\n<meta property=\"og:image\" content=\"https:\/\/kaptanfood.pl\/wp-content\/uploads\/2022\/10\/TarsmakAndaluzSos900.png\" \/>\n\t<meta property=\"og:image:width\" content=\"700\" \/>\n\t<meta property=\"og:image:height\" content=\"800\" \/>\n\t<meta property=\"og:image:type\" content=\"image\/png\" \/>\n<meta name=\"twitter:card\" content=\"summary_large_image\" \/>\n<meta name=\"twitter:label1\" content=\"Tahmini okuma s\u00fcresi\" \/>\n\t<meta name=\"twitter:data1\" content=\"2 dakika\" \/>\n<script type=\"application\/ld+json\" class=\"yoast-schema-graph\">{\"@context\":\"https:\\\/\\\/schema.org\",\"@graph\":[{\"@type\":\"WebPage\",\"@id\":\"https:\\\/\\\/kaptanfood.pl\\\/product\\\/sos-andaluz-900-gr\\\/\",\"url\":\"https:\\\/\\\/kaptanfood.pl\\\/product\\\/sos-andaluz-900-gr\\\/\",\"name\":\"Sos Andaluz 900 gr - Kaptan Food\",\"isPartOf\":{\"@id\":\"https:\\\/\\\/kaptanfood.pl\\\/tr\\\/#website\"},\"primaryImageOfPage\":{\"@id\":\"https:\\\/\\\/kaptanfood.pl\\\/product\\\/sos-andaluz-900-gr\\\/#primaryimage\"},\"image\":{\"@id\":\"https:\\\/\\\/kaptanfood.pl\\\/product\\\/sos-andaluz-900-gr\\\/#primaryimage\"},\"thumbnailUrl\":\"https:\\\/\\\/i0.wp.com\\\/kaptanfood.pl\\\/wp-content\\\/uploads\\\/2022\\\/10\\\/TarsmakAndaluzSos900.png?fit=700%2C800&ssl=1\",\"datePublished\":\"2022-10-10T12:06:29+00:00\",\"dateModified\":\"2026-01-27T14:59:20+00:00\",\"breadcrumb\":{\"@id\":\"https:\\\/\\\/kaptanfood.pl\\\/product\\\/sos-andaluz-900-gr\\\/#breadcrumb\"},\"inLanguage\":\"tr\",\"potentialAction\":[{\"@type\":\"ReadAction\",\"target\":[\"https:\\\/\\\/kaptanfood.pl\\\/product\\\/sos-andaluz-900-gr\\\/\"]}]},{\"@type\":\"ImageObject\",\"inLanguage\":\"tr\",\"@id\":\"https:\\\/\\\/kaptanfood.pl\\\/product\\\/sos-andaluz-900-gr\\\/#primaryimage\",\"url\":\"https:\\\/\\\/i0.wp.com\\\/kaptanfood.pl\\\/wp-content\\\/uploads\\\/2022\\\/10\\\/TarsmakAndaluzSos900.png?fit=700%2C800&ssl=1\",\"contentUrl\":\"https:\\\/\\\/i0.wp.com\\\/kaptanfood.pl\\\/wp-content\\\/uploads\\\/2022\\\/10\\\/TarsmakAndaluzSos900.png?fit=700%2C800&ssl=1\",\"width\":700,\"height\":800},{\"@type\":\"BreadcrumbList\",\"@id\":\"https:\\\/\\\/kaptanfood.pl\\\/product\\\/sos-andaluz-900-gr\\\/#breadcrumb\",\"itemListElement\":[{\"@type\":\"ListItem\",\"position\":1,\"name\":\"Home\",\"item\":\"https:\\\/\\\/kaptanfood.pl\\\/\"},{\"@type\":\"ListItem\",\"position\":2,\"name\":\"Produkty\",\"item\":\"https:\\\/\\\/kaptanfood.pl\\\/produkty\\\/\"},{\"@type\":\"ListItem\",\"position\":3,\"name\":\"Sos Andaluz 900 gr\"}]},{\"@type\":\"WebSite\",\"@id\":\"https:\\\/\\\/kaptanfood.pl\\\/tr\\\/#website\",\"url\":\"https:\\\/\\\/kaptanfood.pl\\\/tr\\\/\",\"name\":\"Kaptan Food\",\"description\":\"Kaptan Food Hurtownia Kebab - Wszystko dla restauracji\",\"potentialAction\":[{\"@type\":\"SearchAction\",\"target\":{\"@type\":\"EntryPoint\",\"urlTemplate\":\"https:\\\/\\\/kaptanfood.pl\\\/tr\\\/?s={search_term_string}\"},\"query-input\":{\"@type\":\"PropertyValueSpecification\",\"valueRequired\":true,\"valueName\":\"search_term_string\"}}],\"inLanguage\":\"tr\"}]}<\/script>\n<!-- \/ Yoast SEO plugin. -->","yoast_head_json":{"title":"Sos Andaluz 900 gr - Kaptan Food","robots":{"index":"index","follow":"follow","max-snippet":"max-snippet:-1","max-image-preview":"max-image-preview:large","max-video-preview":"max-video-preview:-1"},"canonical":"https:\/\/kaptanfood.pl\/tr\/product\/sos-andaluz-900-gr\/","og_locale":"tr_TR","og_type":"article","og_title":"Sos Andaluz 900 gr - Kaptan Food","og_url":"https:\/\/kaptanfood.pl\/tr\/product\/sos-andaluz-900-gr\/","og_site_name":"Kaptan Food","article_modified_time":"2026-01-27T14:59:20+00:00","og_image":[{"width":700,"height":800,"url":"https:\/\/kaptanfood.pl\/wp-content\/uploads\/2022\/10\/TarsmakAndaluzSos900.png","type":"image\/png"}],"twitter_card":"summary_large_image","twitter_misc":{"Tahmini okuma s\u00fcresi":"2 dakika"},"schema":{"@context":"https:\/\/schema.org","@graph":[{"@type":"WebPage","@id":"https:\/\/kaptanfood.pl\/product\/sos-andaluz-900-gr\/","url":"https:\/\/kaptanfood.pl\/product\/sos-andaluz-900-gr\/","name":"Sos Andaluz 900 gr - Kaptan Food","isPartOf":{"@id":"https:\/\/kaptanfood.pl\/tr\/#website"},"primaryImageOfPage":{"@id":"https:\/\/kaptanfood.pl\/product\/sos-andaluz-900-gr\/#primaryimage"},"image":{"@id":"https:\/\/kaptanfood.pl\/product\/sos-andaluz-900-gr\/#primaryimage"},"thumbnailUrl":"https:\/\/i0.wp.com\/kaptanfood.pl\/wp-content\/uploads\/2022\/10\/TarsmakAndaluzSos900.png?fit=700%2C800&ssl=1","datePublished":"2022-10-10T12:06:29+00:00","dateModified":"2026-01-27T14:59:20+00:00","breadcrumb":{"@id":"https:\/\/kaptanfood.pl\/product\/sos-andaluz-900-gr\/#breadcrumb"},"inLanguage":"tr","potentialAction":[{"@type":"ReadAction","target":["https:\/\/kaptanfood.pl\/product\/sos-andaluz-900-gr\/"]}]},{"@type":"ImageObject","inLanguage":"tr","@id":"https:\/\/kaptanfood.pl\/product\/sos-andaluz-900-gr\/#primaryimage","url":"https:\/\/i0.wp.com\/kaptanfood.pl\/wp-content\/uploads\/2022\/10\/TarsmakAndaluzSos900.png?fit=700%2C800&ssl=1","contentUrl":"https:\/\/i0.wp.com\/kaptanfood.pl\/wp-content\/uploads\/2022\/10\/TarsmakAndaluzSos900.png?fit=700%2C800&ssl=1","width":700,"height":800},{"@type":"BreadcrumbList","@id":"https:\/\/kaptanfood.pl\/product\/sos-andaluz-900-gr\/#breadcrumb","itemListElement":[{"@type":"ListItem","position":1,"name":"Home","item":"https:\/\/kaptanfood.pl\/"},{"@type":"ListItem","position":2,"name":"Produkty","item":"https:\/\/kaptanfood.pl\/produkty\/"},{"@type":"ListItem","position":3,"name":"Sos Andaluz 900 gr"}]},{"@type":"WebSite","@id":"https:\/\/kaptanfood.pl\/tr\/#website","url":"https:\/\/kaptanfood.pl\/tr\/","name":"Kaptan G\u0131da","description":"Kaptan G\u0131da Toptan Kebap - Restoranlar i\u00e7in her \u015fey","potentialAction":[{"@type":"SearchAction","target":{"@type":"EntryPoint","urlTemplate":"https:\/\/kaptanfood.pl\/tr\/?s={search_term_string}"},"query-input":{"@type":"PropertyValueSpecification","valueRequired":true,"valueName":"search_term_string"}}],"inLanguage":"tr"}]}},"jetpack_sharing_enabled":true,"_links":{"self":[{"href":"https:\/\/kaptanfood.pl\/tr\/wp-json\/wp\/v2\/product\/9657","targetHints":{"allow":["GET"]}}],"collection":[{"href":"https:\/\/kaptanfood.pl\/tr\/wp-json\/wp\/v2\/product"}],"about":[{"href":"https:\/\/kaptanfood.pl\/tr\/wp-json\/wp\/v2\/types\/product"}],"wp:featuredmedia":[{"embeddable":true,"href":"https:\/\/kaptanfood.pl\/tr\/wp-json\/wp\/v2\/media\/91993"}],"wp:attachment":[{"href":"https:\/\/kaptanfood.pl\/tr\/wp-json\/wp\/v2\/media?parent=9657"}],"wp:term":[{"taxonomy":"product_brand","embeddable":true,"href":"https:\/\/kaptanfood.pl\/tr\/wp-json\/wp\/v2\/product_brand?post=9657"},{"taxonomy":"product_cat","embeddable":true,"href":"https:\/\/kaptanfood.pl\/tr\/wp-json\/wp\/v2\/product_cat?post=9657"},{"taxonomy":"product_tag","embeddable":true,"href":"https:\/\/kaptanfood.pl\/tr\/wp-json\/wp\/v2\/product_tag?post=9657"}],"curies":[{"name":"wp","href":"https:\/\/api.w.org\/{rel}","templated":true}]}}