{"id":9656,"date":"2022-10-10T14:02:15","date_gmt":"2022-10-10T12:02:15","guid":{"rendered":"https:\/\/kaptanfood.pl\/?post_type=product&#038;p=9656"},"modified":"2026-03-13T08:38:09","modified_gmt":"2026-03-13T07:38:09","slug":"sos-pomidorowy-do-kebaba","status":"publish","type":"product","link":"https:\/\/kaptanfood.pl\/tr\/product\/sos-pomidorowy-do-kebaba\/","title":{"rendered":"Kebaplar i\u00e7in domates sosu"},"content":{"rendered":"<div class=\"wpb-content-wrapper\"><div class=\"vc_row wpb_row vc_row-fluid vc_custom_1632566163505 vc_row-o-content-middle vc_row-flex wd-rs-614efb885b0d8\"><div class=\"wpb_column vc_column_container vc_col-sm-12 vc_col-md-6\"><div class=\"vc_column-inner\"><div class=\"wpb_wrapper\">\t\t<div id=\"wd-69b3be9d9e2f7\" class=\"wd-image wd-wpb wd-rs-69b3be9d9e2f7 hidden-xs text-left\">\n\t\t\t\n\t\t\t<img loading=\"lazy\" decoding=\"async\" width=\"700\" height=\"800\" src=\"https:\/\/i0.wp.com\/kaptanfood.pl\/wp-content\/uploads\/2022\/10\/TarsmakPomidorowySos900.png?fit=700%2C800&amp;ssl=1\" class=\"attachment-full size-full\" alt=\"\" srcset=\"https:\/\/i0.wp.com\/kaptanfood.pl\/wp-content\/uploads\/2022\/10\/TarsmakPomidorowySos900.png?w=700&amp;ssl=1 700w, https:\/\/i0.wp.com\/kaptanfood.pl\/wp-content\/uploads\/2022\/10\/TarsmakPomidorowySos900.png?resize=263%2C300&amp;ssl=1 263w, https:\/\/i0.wp.com\/kaptanfood.pl\/wp-content\/uploads\/2022\/10\/TarsmakPomidorowySos900.png?resize=11%2C12&amp;ssl=1 11w, https:\/\/i0.wp.com\/kaptanfood.pl\/wp-content\/uploads\/2022\/10\/TarsmakPomidorowySos900.png?resize=430%2C491&amp;ssl=1 430w, https:\/\/i0.wp.com\/kaptanfood.pl\/wp-content\/uploads\/2022\/10\/TarsmakPomidorowySos900.png?resize=150%2C171&amp;ssl=1 150w\" sizes=\"auto, (max-width: 700px) 100vw, 700px\" \/>\n\t\t\t\t\t<\/div>\n\t\t<\/div><\/div><\/div><div class=\"wpb_column vc_column_container vc_col-sm-12 vc_col-md-6\"><div class=\"vc_column-inner vc_custom_1496394189503\"><div class=\"wpb_wrapper\">\t\t<div id=\"wd-69b3bed5a8727\" class=\"wd-text-block wd-wpb reset-last-child wd-rs-69b3bed5a8727 text-left wd-fontsize-custom vc_custom_1773387486463\">\n\t\t\t<p>Hafif baharatl\u0131 bir karakter veren sebze, baharat ve ac\u0131 biber ilaveli domates sosu. \u00d6zel olarak se\u00e7ilmi\u015f orijinal ot ve baharat kar\u0131\u015f\u0131m\u0131, kebaplar\u0131n ve pizzalar\u0131n lezzetini m\u00fckemmel bir \u015fekilde art\u0131r\u0131r.<\/p>\n\t\t<\/div>\n\t\t\t\t<div id=\"wd-69b3be94efd10\" class=\"wd-text-block wd-wpb reset-last-child wd-rs-69b3be94efd10 text-left wd-fontsize-custom\">\n\t\t\t<table>\n<tbody>\n<tr>\n<th style=\"text-align: left;\"><strong>Saklama s\u0131cakl\u0131\u011f\u0131<\/strong><\/th>\n<td style=\"text-align: left; font-size: 16px;\">2\u201320 \u00b0C<\/td>\n<\/tr>\n<tr>\n<th style=\"text-align: left;\"><strong>HELAL<\/strong><\/th>\n<td style=\"text-align: left; font-size: 16px;\">EVET<\/td>\n<\/tr>\n<tr>\n<th style=\"text-align: left;\"><strong>Paketleme<\/strong><\/th>\n<td style=\"text-align: left; font-size: 16px;\"><strong>1000 gr<\/strong><\/td>\n<\/tr>\n<tr>\n<th style=\"text-align: left;\"><strong>\u0130\u00e7indekiler<\/strong><\/th>\n<td style=\"text-align: left; font-size: 16px;\"><\/td>\n<\/tr>\n<\/tbody>\n<\/table>\n\t\t<\/div>\n\t\t<\/div><\/div><\/div><\/div>\n<\/div>","protected":false},"excerpt":{"rendered":"Sos pomidorowy z dodatkiem warzyw, przypraw oraz papryki chilli, kt\u00f3ra nadaje mu nieco ostrego charakteru. Specjalnie dobrana mieszanka oryginalnych zi\u00f3\u0142","protected":false},"featured_media":92006,"template":"","meta":[],"product_brand":[],"product_cat":[228],"product_tag":[],"class_list":{"0":"post-9656","1":"product","2":"type-product","3":"status-publish","4":"has-post-thumbnail","6":"product_cat-sosy","7":"pa_brand-tarsmak","9":"first","10":"instock","11":"taxable","12":"shipping-taxable","13":"purchasable","14":"product-type-simple"},"yoast_head":"<!-- This site is optimized with the Yoast SEO plugin v26.8 - https:\/\/yoast.com\/product\/yoast-seo-wordpress\/ -->\n<title>Sos Pomidorowy do Kebaba - Kaptan Food<\/title>\n<meta name=\"robots\" content=\"index, follow, max-snippet:-1, max-image-preview:large, max-video-preview:-1\" \/>\n<link rel=\"canonical\" href=\"https:\/\/kaptanfood.pl\/tr\/product\/sos-pomidorowy-do-kebaba\/\" \/>\n<meta property=\"og:locale\" content=\"tr_TR\" \/>\n<meta property=\"og:type\" content=\"article\" \/>\n<meta property=\"og:title\" content=\"Sos Pomidorowy do Kebaba - Kaptan Food\" \/>\n<meta property=\"og:url\" content=\"https:\/\/kaptanfood.pl\/tr\/product\/sos-pomidorowy-do-kebaba\/\" \/>\n<meta property=\"og:site_name\" content=\"Kaptan Food\" \/>\n<meta property=\"article:modified_time\" content=\"2026-03-13T07:38:09+00:00\" \/>\n<meta property=\"og:image\" content=\"https:\/\/kaptanfood.pl\/wp-content\/uploads\/2022\/10\/TarsmakPomidorowySos900.png\" \/>\n\t<meta property=\"og:image:width\" content=\"700\" \/>\n\t<meta property=\"og:image:height\" content=\"800\" \/>\n\t<meta property=\"og:image:type\" content=\"image\/png\" \/>\n<meta name=\"twitter:card\" content=\"summary_large_image\" \/>\n<meta name=\"twitter:label1\" content=\"Tahmini okuma s\u00fcresi\" \/>\n\t<meta name=\"twitter:data1\" content=\"1 dakika\" \/>\n<script type=\"application\/ld+json\" class=\"yoast-schema-graph\">{\"@context\":\"https:\/\/schema.org\",\"@graph\":[{\"@type\":\"WebPage\",\"@id\":\"https:\/\/kaptanfood.pl\/product\/sos-pomidorowy-do-kebaba\/\",\"url\":\"https:\/\/kaptanfood.pl\/product\/sos-pomidorowy-do-kebaba\/\",\"name\":\"Sos Pomidorowy do Kebaba - Kaptan Food\",\"isPartOf\":{\"@id\":\"https:\/\/kaptanfood.pl\/tr\/#website\"},\"primaryImageOfPage\":{\"@id\":\"https:\/\/kaptanfood.pl\/product\/sos-pomidorowy-do-kebaba\/#primaryimage\"},\"image\":{\"@id\":\"https:\/\/kaptanfood.pl\/product\/sos-pomidorowy-do-kebaba\/#primaryimage\"},\"thumbnailUrl\":\"https:\/\/i0.wp.com\/kaptanfood.pl\/wp-content\/uploads\/2022\/10\/TarsmakPomidorowySos900.png?fit=700%2C800&ssl=1\",\"datePublished\":\"2022-10-10T12:02:15+00:00\",\"dateModified\":\"2026-03-13T07:38:09+00:00\",\"breadcrumb\":{\"@id\":\"https:\/\/kaptanfood.pl\/product\/sos-pomidorowy-do-kebaba\/#breadcrumb\"},\"inLanguage\":\"tr\",\"potentialAction\":[{\"@type\":\"ReadAction\",\"target\":[\"https:\/\/kaptanfood.pl\/product\/sos-pomidorowy-do-kebaba\/\"]}]},{\"@type\":\"ImageObject\",\"inLanguage\":\"tr\",\"@id\":\"https:\/\/kaptanfood.pl\/product\/sos-pomidorowy-do-kebaba\/#primaryimage\",\"url\":\"https:\/\/i0.wp.com\/kaptanfood.pl\/wp-content\/uploads\/2022\/10\/TarsmakPomidorowySos900.png?fit=700%2C800&ssl=1\",\"contentUrl\":\"https:\/\/i0.wp.com\/kaptanfood.pl\/wp-content\/uploads\/2022\/10\/TarsmakPomidorowySos900.png?fit=700%2C800&ssl=1\",\"width\":700,\"height\":800},{\"@type\":\"BreadcrumbList\",\"@id\":\"https:\/\/kaptanfood.pl\/product\/sos-pomidorowy-do-kebaba\/#breadcrumb\",\"itemListElement\":[{\"@type\":\"ListItem\",\"position\":1,\"name\":\"Home\",\"item\":\"https:\/\/kaptanfood.pl\/\"},{\"@type\":\"ListItem\",\"position\":2,\"name\":\"Produkty\",\"item\":\"https:\/\/kaptanfood.pl\/produkty\/\"},{\"@type\":\"ListItem\",\"position\":3,\"name\":\"Sos Pomidorowy do Kebaba\"}]},{\"@type\":\"WebSite\",\"@id\":\"https:\/\/kaptanfood.pl\/tr\/#website\",\"url\":\"https:\/\/kaptanfood.pl\/tr\/\",\"name\":\"Kaptan Food\",\"description\":\"Kaptan Food Hurtownia Kebab - Wszystko dla restauracji\",\"potentialAction\":[{\"@type\":\"SearchAction\",\"target\":{\"@type\":\"EntryPoint\",\"urlTemplate\":\"https:\/\/kaptanfood.pl\/tr\/?s={search_term_string}\"},\"query-input\":{\"@type\":\"PropertyValueSpecification\",\"valueRequired\":true,\"valueName\":\"search_term_string\"}}],\"inLanguage\":\"tr\"}]}<\/script>\n<!-- \/ Yoast SEO plugin. -->","yoast_head_json":{"title":"Sos Pomidorowy do Kebaba - Kaptan Food","robots":{"index":"index","follow":"follow","max-snippet":"max-snippet:-1","max-image-preview":"max-image-preview:large","max-video-preview":"max-video-preview:-1"},"canonical":"https:\/\/kaptanfood.pl\/tr\/product\/sos-pomidorowy-do-kebaba\/","og_locale":"tr_TR","og_type":"article","og_title":"Sos Pomidorowy do Kebaba - Kaptan Food","og_url":"https:\/\/kaptanfood.pl\/tr\/product\/sos-pomidorowy-do-kebaba\/","og_site_name":"Kaptan Food","article_modified_time":"2026-03-13T07:38:09+00:00","og_image":[{"width":700,"height":800,"url":"https:\/\/kaptanfood.pl\/wp-content\/uploads\/2022\/10\/TarsmakPomidorowySos900.png","type":"image\/png"}],"twitter_card":"summary_large_image","twitter_misc":{"Tahmini okuma s\u00fcresi":"1 dakika"},"schema":{"@context":"https:\/\/schema.org","@graph":[{"@type":"WebPage","@id":"https:\/\/kaptanfood.pl\/product\/sos-pomidorowy-do-kebaba\/","url":"https:\/\/kaptanfood.pl\/product\/sos-pomidorowy-do-kebaba\/","name":"Sos Pomidorowy do Kebaba - Kaptan Food","isPartOf":{"@id":"https:\/\/kaptanfood.pl\/tr\/#website"},"primaryImageOfPage":{"@id":"https:\/\/kaptanfood.pl\/product\/sos-pomidorowy-do-kebaba\/#primaryimage"},"image":{"@id":"https:\/\/kaptanfood.pl\/product\/sos-pomidorowy-do-kebaba\/#primaryimage"},"thumbnailUrl":"https:\/\/i0.wp.com\/kaptanfood.pl\/wp-content\/uploads\/2022\/10\/TarsmakPomidorowySos900.png?fit=700%2C800&ssl=1","datePublished":"2022-10-10T12:02:15+00:00","dateModified":"2026-03-13T07:38:09+00:00","breadcrumb":{"@id":"https:\/\/kaptanfood.pl\/product\/sos-pomidorowy-do-kebaba\/#breadcrumb"},"inLanguage":"tr","potentialAction":[{"@type":"ReadAction","target":["https:\/\/kaptanfood.pl\/product\/sos-pomidorowy-do-kebaba\/"]}]},{"@type":"ImageObject","inLanguage":"tr","@id":"https:\/\/kaptanfood.pl\/product\/sos-pomidorowy-do-kebaba\/#primaryimage","url":"https:\/\/i0.wp.com\/kaptanfood.pl\/wp-content\/uploads\/2022\/10\/TarsmakPomidorowySos900.png?fit=700%2C800&ssl=1","contentUrl":"https:\/\/i0.wp.com\/kaptanfood.pl\/wp-content\/uploads\/2022\/10\/TarsmakPomidorowySos900.png?fit=700%2C800&ssl=1","width":700,"height":800},{"@type":"BreadcrumbList","@id":"https:\/\/kaptanfood.pl\/product\/sos-pomidorowy-do-kebaba\/#breadcrumb","itemListElement":[{"@type":"ListItem","position":1,"name":"Home","item":"https:\/\/kaptanfood.pl\/"},{"@type":"ListItem","position":2,"name":"Produkty","item":"https:\/\/kaptanfood.pl\/produkty\/"},{"@type":"ListItem","position":3,"name":"Sos Pomidorowy do Kebaba"}]},{"@type":"WebSite","@id":"https:\/\/kaptanfood.pl\/tr\/#website","url":"https:\/\/kaptanfood.pl\/tr\/","name":"Kaptan G\u0131da","description":"Kaptan G\u0131da Toptan Kebap - Restoranlar i\u00e7in her \u015fey","potentialAction":[{"@type":"SearchAction","target":{"@type":"EntryPoint","urlTemplate":"https:\/\/kaptanfood.pl\/tr\/?s={search_term_string}"},"query-input":{"@type":"PropertyValueSpecification","valueRequired":true,"valueName":"search_term_string"}}],"inLanguage":"tr"}]}},"jetpack_sharing_enabled":true,"_links":{"self":[{"href":"https:\/\/kaptanfood.pl\/tr\/wp-json\/wp\/v2\/product\/9656","targetHints":{"allow":["GET"]}}],"collection":[{"href":"https:\/\/kaptanfood.pl\/tr\/wp-json\/wp\/v2\/product"}],"about":[{"href":"https:\/\/kaptanfood.pl\/tr\/wp-json\/wp\/v2\/types\/product"}],"wp:featuredmedia":[{"embeddable":true,"href":"https:\/\/kaptanfood.pl\/tr\/wp-json\/wp\/v2\/media\/92006"}],"wp:attachment":[{"href":"https:\/\/kaptanfood.pl\/tr\/wp-json\/wp\/v2\/media?parent=9656"}],"wp:term":[{"taxonomy":"product_brand","embeddable":true,"href":"https:\/\/kaptanfood.pl\/tr\/wp-json\/wp\/v2\/product_brand?post=9656"},{"taxonomy":"product_cat","embeddable":true,"href":"https:\/\/kaptanfood.pl\/tr\/wp-json\/wp\/v2\/product_cat?post=9656"},{"taxonomy":"product_tag","embeddable":true,"href":"https:\/\/kaptanfood.pl\/tr\/wp-json\/wp\/v2\/product_tag?post=9656"}],"curies":[{"name":"wp","href":"https:\/\/api.w.org\/{rel}","templated":true}]}}