{"id":9514,"date":"2022-10-03T09:13:06","date_gmt":"2022-10-03T07:13:06","guid":{"rendered":"https:\/\/kaptanfood.pl\/?post_type=product&#038;p=9514"},"modified":"2025-12-18T08:42:28","modified_gmt":"2025-12-18T07:42:28","slug":"zestaw-widelec-noz-serwetka-250-szt","status":"publish","type":"product","link":"https:\/\/kaptanfood.pl\/tr\/product\/zestaw-widelec-noz-serwetka-250-szt\/","title":{"rendered":"\u00c7atal + B\u0131\u00e7ak + Pe\u00e7ete Seti (350 adet)"},"content":{"rendered":"<div class=\"wpb-content-wrapper\"><div class=\"vc_row wpb_row vc_row-fluid vc_row-o-equal-height vc_row-o-content-top vc_row-flex\"><div class=\"wpb_column vc_column_container vc_col-sm-12 vc_col-lg-4 vc_col-md-4 vc_col-xs-12 wd-rs-61827b8e5abdf\"><div class=\"vc_column-inner vc_custom_1635941267568\"><div class=\"wpb_wrapper\">\n\t<div class=\"wpb_text_column wpb_content_element\" >\n\t\t<div class=\"wpb_wrapper\">\n\t\t\t<div id=\"wd-6247256be0ed0\" class=\"title-wrapper wd-wpb set-mb-s reset-last-child wd-rs-6247256be0ed0 wd-title-color-default wd-title-style-default text-left wd-underline-colored\">\n<div class=\"liner-continer\">\n<h4 class=\"woodmart-title-container title wd-font-weight- wd-fontsize-l\">\u00c7atal + B\u0131\u00e7ak + Pe\u00e7ete Seti (350 adet)<\/h4>\n<\/div>\n<\/div>\n\n\t\t<\/div>\n\t<\/div>\n<\/div><\/div><\/div><div class=\"wpb_column vc_column_container vc_col-sm-6 vc_col-lg-4 vc_col-md-4 vc_col-xs-12 wd-rs-61827b8294f87\"><div class=\"vc_column-inner\"><div class=\"wpb_wrapper\">\n\t<div  class=\"wpb_single_image wpb_content_element vc_align_left vc_custom_1766043731686\">\n\t\t\n\t\t<figure class=\"wpb_wrapper vc_figure\">\n\t\t\t<div class=\"vc_single_image-wrapper   vc_box_border_grey\"><img loading=\"lazy\" decoding=\"async\" width=\"700\" height=\"800\" src=\"https:\/\/i0.wp.com\/kaptanfood.pl\/wp-content\/uploads\/2024\/11\/zestaw-serwetka-widelec.png?fit=700%2C800&amp;ssl=1\" class=\"vc_single_image-img attachment-full\" alt=\"\" title=\"set pe\u00e7ete \u00e7atal\" srcset=\"https:\/\/i0.wp.com\/kaptanfood.pl\/wp-content\/uploads\/2024\/11\/zestaw-serwetka-widelec.png?w=700&amp;ssl=1 700w, https:\/\/i0.wp.com\/kaptanfood.pl\/wp-content\/uploads\/2024\/11\/zestaw-serwetka-widelec.png?resize=263%2C300&amp;ssl=1 263w, https:\/\/i0.wp.com\/kaptanfood.pl\/wp-content\/uploads\/2024\/11\/zestaw-serwetka-widelec.png?resize=430%2C491&amp;ssl=1 430w, https:\/\/i0.wp.com\/kaptanfood.pl\/wp-content\/uploads\/2024\/11\/zestaw-serwetka-widelec.png?resize=150%2C171&amp;ssl=1 150w\" sizes=\"auto, (max-width: 700px) 100vw, 700px\" \/><\/div>\n\t\t<\/figure>\n\t<\/div>\n<\/div><\/div><\/div><div class=\"wpb_column vc_column_container vc_col-sm-6 vc_col-lg-4 vc_col-md-4 vc_col-xs-12 wd-rs-61827b9533868\"><div class=\"vc_column-inner\"><div class=\"wpb_wrapper\">\n\t<div  class=\"wpb_single_image wpb_content_element vc_align_left vc_custom_1766043744187\">\n\t\t\n\t\t<figure class=\"wpb_wrapper vc_figure\">\n\t\t\t<div class=\"vc_single_image-wrapper   vc_box_border_grey\"><img loading=\"lazy\" decoding=\"async\" width=\"700\" height=\"800\" src=\"https:\/\/i0.wp.com\/kaptanfood.pl\/wp-content\/uploads\/2024\/11\/zestaw-serwetka-widelec.png?fit=700%2C800&amp;ssl=1\" class=\"vc_single_image-img attachment-full\" alt=\"\" title=\"set pe\u00e7ete \u00e7atal\" srcset=\"https:\/\/i0.wp.com\/kaptanfood.pl\/wp-content\/uploads\/2024\/11\/zestaw-serwetka-widelec.png?w=700&amp;ssl=1 700w, https:\/\/i0.wp.com\/kaptanfood.pl\/wp-content\/uploads\/2024\/11\/zestaw-serwetka-widelec.png?resize=263%2C300&amp;ssl=1 263w, https:\/\/i0.wp.com\/kaptanfood.pl\/wp-content\/uploads\/2024\/11\/zestaw-serwetka-widelec.png?resize=430%2C491&amp;ssl=1 430w, https:\/\/i0.wp.com\/kaptanfood.pl\/wp-content\/uploads\/2024\/11\/zestaw-serwetka-widelec.png?resize=150%2C171&amp;ssl=1 150w\" sizes=\"auto, (max-width: 700px) 100vw, 700px\" \/><\/div>\n\t\t<\/figure>\n\t<\/div>\n<\/div><\/div><\/div><\/div>\n<\/div>","protected":false},"excerpt":{"rendered":"<p>Folyo seti<\/p>\n<p>\u00c7atal + B\u0131\u00e7ak + Pe\u00e7ete 250 adet<\/p>\n<p><strong>\u00dcr\u00fcn verileri:<\/strong><\/p>\n<ul>\n<li>Malzeme: PS<\/li>\n<li>renk: beyaz<\/li>\n<li>pe\u00e7ete: tek katl\u0131, sel\u00fcloz, 1\/16 katlanm\u0131\u015f - beyaz renk<\/li>\n<li>g\u0131da ile temas i\u00e7in<\/li>\n<\/ul>","protected":false},"featured_media":9515,"template":"","meta":[],"product_brand":[],"product_cat":[80],"product_tag":[],"class_list":{"0":"post-9514","1":"product","2":"type-product","3":"status-publish","4":"has-post-thumbnail","6":"product_cat-opakowania","8":"first","9":"instock","10":"taxable","11":"shipping-taxable","12":"purchasable","13":"product-type-simple"},"yoast_head":"<!-- This site is optimized with the Yoast SEO plugin v27.3 - https:\/\/yoast.com\/product\/yoast-seo-wordpress\/ -->\n<title>Zestaw Widelec + N\u00f3\u017c + Serwetka (350 szt) - Kaptan Food<\/title>\n<meta name=\"robots\" content=\"index, follow, max-snippet:-1, max-image-preview:large, max-video-preview:-1\" \/>\n<link rel=\"canonical\" href=\"https:\/\/kaptanfood.pl\/tr\/product\/zestaw-widelec-noz-serwetka-250-szt\/\" \/>\n<meta property=\"og:locale\" content=\"tr_TR\" \/>\n<meta property=\"og:type\" content=\"article\" \/>\n<meta property=\"og:title\" content=\"Zestaw Widelec + N\u00f3\u017c + Serwetka (350 szt) - Kaptan Food\" \/>\n<meta property=\"og:description\" content=\"Zestaw Foliowany  Widelec + N\u00f3\u017c + Serwetka 250 szt  Dane produktu:   materia\u0142: PS  kolor: bia\u0142y  serwetka: jednowarstwowa, celuloza, sk\u0142adana 1\/16 \u2013 kolor bia\u0142y  do kontaktu z \u017cywno\u015bci\u0105\" \/>\n<meta property=\"og:url\" content=\"https:\/\/kaptanfood.pl\/tr\/product\/zestaw-widelec-noz-serwetka-250-szt\/\" \/>\n<meta property=\"og:site_name\" content=\"Kaptan Food\" \/>\n<meta property=\"article:modified_time\" content=\"2025-12-18T07:42:28+00:00\" \/>\n<meta property=\"og:image\" content=\"https:\/\/i0.wp.com\/kaptanfood.pl\/wp-content\/uploads\/2022\/10\/ab5030f0e60f1356f9ed64fb2029b395.jpeg?fit=533%2C356&ssl=1\" \/>\n\t<meta property=\"og:image:width\" content=\"533\" \/>\n\t<meta property=\"og:image:height\" content=\"356\" \/>\n\t<meta property=\"og:image:type\" content=\"image\/jpeg\" \/>\n<meta name=\"twitter:card\" content=\"summary_large_image\" \/>\n<meta name=\"twitter:label1\" content=\"Tahmini okuma s\u00fcresi\" \/>\n\t<meta name=\"twitter:data1\" content=\"2 dakika\" \/>\n<script type=\"application\/ld+json\" class=\"yoast-schema-graph\">{\"@context\":\"https:\\\/\\\/schema.org\",\"@graph\":[{\"@type\":\"WebPage\",\"@id\":\"https:\\\/\\\/kaptanfood.pl\\\/product\\\/zestaw-widelec-noz-serwetka-250-szt\\\/\",\"url\":\"https:\\\/\\\/kaptanfood.pl\\\/product\\\/zestaw-widelec-noz-serwetka-250-szt\\\/\",\"name\":\"Zestaw Widelec + N\u00f3\u017c + Serwetka (350 szt) - Kaptan Food\",\"isPartOf\":{\"@id\":\"https:\\\/\\\/kaptanfood.pl\\\/tr\\\/#website\"},\"primaryImageOfPage\":{\"@id\":\"https:\\\/\\\/kaptanfood.pl\\\/product\\\/zestaw-widelec-noz-serwetka-250-szt\\\/#primaryimage\"},\"image\":{\"@id\":\"https:\\\/\\\/kaptanfood.pl\\\/product\\\/zestaw-widelec-noz-serwetka-250-szt\\\/#primaryimage\"},\"thumbnailUrl\":\"https:\\\/\\\/i0.wp.com\\\/kaptanfood.pl\\\/wp-content\\\/uploads\\\/2022\\\/10\\\/ab5030f0e60f1356f9ed64fb2029b395.jpeg?fit=533%2C356&ssl=1\",\"datePublished\":\"2022-10-03T07:13:06+00:00\",\"dateModified\":\"2025-12-18T07:42:28+00:00\",\"breadcrumb\":{\"@id\":\"https:\\\/\\\/kaptanfood.pl\\\/product\\\/zestaw-widelec-noz-serwetka-250-szt\\\/#breadcrumb\"},\"inLanguage\":\"tr\",\"potentialAction\":[{\"@type\":\"ReadAction\",\"target\":[\"https:\\\/\\\/kaptanfood.pl\\\/product\\\/zestaw-widelec-noz-serwetka-250-szt\\\/\"]}]},{\"@type\":\"ImageObject\",\"inLanguage\":\"tr\",\"@id\":\"https:\\\/\\\/kaptanfood.pl\\\/product\\\/zestaw-widelec-noz-serwetka-250-szt\\\/#primaryimage\",\"url\":\"https:\\\/\\\/i0.wp.com\\\/kaptanfood.pl\\\/wp-content\\\/uploads\\\/2022\\\/10\\\/ab5030f0e60f1356f9ed64fb2029b395.jpeg?fit=533%2C356&ssl=1\",\"contentUrl\":\"https:\\\/\\\/i0.wp.com\\\/kaptanfood.pl\\\/wp-content\\\/uploads\\\/2022\\\/10\\\/ab5030f0e60f1356f9ed64fb2029b395.jpeg?fit=533%2C356&ssl=1\",\"width\":533,\"height\":356},{\"@type\":\"BreadcrumbList\",\"@id\":\"https:\\\/\\\/kaptanfood.pl\\\/product\\\/zestaw-widelec-noz-serwetka-250-szt\\\/#breadcrumb\",\"itemListElement\":[{\"@type\":\"ListItem\",\"position\":1,\"name\":\"Home\",\"item\":\"https:\\\/\\\/kaptanfood.pl\\\/\"},{\"@type\":\"ListItem\",\"position\":2,\"name\":\"Produkty\",\"item\":\"https:\\\/\\\/kaptanfood.pl\\\/produkty\\\/\"},{\"@type\":\"ListItem\",\"position\":3,\"name\":\"Zestaw Widelec + N\u00f3\u017c + Serwetka (350 szt)\"}]},{\"@type\":\"WebSite\",\"@id\":\"https:\\\/\\\/kaptanfood.pl\\\/tr\\\/#website\",\"url\":\"https:\\\/\\\/kaptanfood.pl\\\/tr\\\/\",\"name\":\"Kaptan Food\",\"description\":\"Kaptan Food Hurtownia Kebab - Wszystko dla restauracji\",\"potentialAction\":[{\"@type\":\"SearchAction\",\"target\":{\"@type\":\"EntryPoint\",\"urlTemplate\":\"https:\\\/\\\/kaptanfood.pl\\\/tr\\\/?s={search_term_string}\"},\"query-input\":{\"@type\":\"PropertyValueSpecification\",\"valueRequired\":true,\"valueName\":\"search_term_string\"}}],\"inLanguage\":\"tr\"}]}<\/script>\n<!-- \/ Yoast SEO plugin. -->","yoast_head_json":{"title":"Zestaw Widelec + N\u00f3\u017c + Serwetka (350 szt) - Kaptan Food","robots":{"index":"index","follow":"follow","max-snippet":"max-snippet:-1","max-image-preview":"max-image-preview:large","max-video-preview":"max-video-preview:-1"},"canonical":"https:\/\/kaptanfood.pl\/tr\/product\/zestaw-widelec-noz-serwetka-250-szt\/","og_locale":"tr_TR","og_type":"article","og_title":"Zestaw Widelec + N\u00f3\u017c + Serwetka (350 szt) - Kaptan Food","og_description":"Zestaw Foliowany  Widelec + N\u00f3\u017c + Serwetka 250 szt  Dane produktu:   materia\u0142: PS  kolor: bia\u0142y  serwetka: jednowarstwowa, celuloza, sk\u0142adana 1\/16 \u2013 kolor bia\u0142y  do kontaktu z \u017cywno\u015bci\u0105","og_url":"https:\/\/kaptanfood.pl\/tr\/product\/zestaw-widelec-noz-serwetka-250-szt\/","og_site_name":"Kaptan Food","article_modified_time":"2025-12-18T07:42:28+00:00","og_image":[{"width":533,"height":356,"url":"https:\/\/i0.wp.com\/kaptanfood.pl\/wp-content\/uploads\/2022\/10\/ab5030f0e60f1356f9ed64fb2029b395.jpeg?fit=533%2C356&ssl=1","type":"image\/jpeg"}],"twitter_card":"summary_large_image","twitter_misc":{"Tahmini okuma s\u00fcresi":"2 dakika"},"schema":{"@context":"https:\/\/schema.org","@graph":[{"@type":"WebPage","@id":"https:\/\/kaptanfood.pl\/product\/zestaw-widelec-noz-serwetka-250-szt\/","url":"https:\/\/kaptanfood.pl\/product\/zestaw-widelec-noz-serwetka-250-szt\/","name":"Zestaw Widelec + N\u00f3\u017c + Serwetka (350 szt) - Kaptan Food","isPartOf":{"@id":"https:\/\/kaptanfood.pl\/tr\/#website"},"primaryImageOfPage":{"@id":"https:\/\/kaptanfood.pl\/product\/zestaw-widelec-noz-serwetka-250-szt\/#primaryimage"},"image":{"@id":"https:\/\/kaptanfood.pl\/product\/zestaw-widelec-noz-serwetka-250-szt\/#primaryimage"},"thumbnailUrl":"https:\/\/i0.wp.com\/kaptanfood.pl\/wp-content\/uploads\/2022\/10\/ab5030f0e60f1356f9ed64fb2029b395.jpeg?fit=533%2C356&ssl=1","datePublished":"2022-10-03T07:13:06+00:00","dateModified":"2025-12-18T07:42:28+00:00","breadcrumb":{"@id":"https:\/\/kaptanfood.pl\/product\/zestaw-widelec-noz-serwetka-250-szt\/#breadcrumb"},"inLanguage":"tr","potentialAction":[{"@type":"ReadAction","target":["https:\/\/kaptanfood.pl\/product\/zestaw-widelec-noz-serwetka-250-szt\/"]}]},{"@type":"ImageObject","inLanguage":"tr","@id":"https:\/\/kaptanfood.pl\/product\/zestaw-widelec-noz-serwetka-250-szt\/#primaryimage","url":"https:\/\/i0.wp.com\/kaptanfood.pl\/wp-content\/uploads\/2022\/10\/ab5030f0e60f1356f9ed64fb2029b395.jpeg?fit=533%2C356&ssl=1","contentUrl":"https:\/\/i0.wp.com\/kaptanfood.pl\/wp-content\/uploads\/2022\/10\/ab5030f0e60f1356f9ed64fb2029b395.jpeg?fit=533%2C356&ssl=1","width":533,"height":356},{"@type":"BreadcrumbList","@id":"https:\/\/kaptanfood.pl\/product\/zestaw-widelec-noz-serwetka-250-szt\/#breadcrumb","itemListElement":[{"@type":"ListItem","position":1,"name":"Home","item":"https:\/\/kaptanfood.pl\/"},{"@type":"ListItem","position":2,"name":"Produkty","item":"https:\/\/kaptanfood.pl\/produkty\/"},{"@type":"ListItem","position":3,"name":"Zestaw Widelec + N\u00f3\u017c + Serwetka (350 szt)"}]},{"@type":"WebSite","@id":"https:\/\/kaptanfood.pl\/tr\/#website","url":"https:\/\/kaptanfood.pl\/tr\/","name":"Kaptan G\u0131da","description":"Kaptan G\u0131da Toptan Kebap - Restoranlar i\u00e7in her \u015fey","potentialAction":[{"@type":"SearchAction","target":{"@type":"EntryPoint","urlTemplate":"https:\/\/kaptanfood.pl\/tr\/?s={search_term_string}"},"query-input":{"@type":"PropertyValueSpecification","valueRequired":true,"valueName":"search_term_string"}}],"inLanguage":"tr"}]}},"jetpack_sharing_enabled":true,"_links":{"self":[{"href":"https:\/\/kaptanfood.pl\/tr\/wp-json\/wp\/v2\/product\/9514","targetHints":{"allow":["GET"]}}],"collection":[{"href":"https:\/\/kaptanfood.pl\/tr\/wp-json\/wp\/v2\/product"}],"about":[{"href":"https:\/\/kaptanfood.pl\/tr\/wp-json\/wp\/v2\/types\/product"}],"wp:featuredmedia":[{"embeddable":true,"href":"https:\/\/kaptanfood.pl\/tr\/wp-json\/wp\/v2\/media\/9515"}],"wp:attachment":[{"href":"https:\/\/kaptanfood.pl\/tr\/wp-json\/wp\/v2\/media?parent=9514"}],"wp:term":[{"taxonomy":"product_brand","embeddable":true,"href":"https:\/\/kaptanfood.pl\/tr\/wp-json\/wp\/v2\/product_brand?post=9514"},{"taxonomy":"product_cat","embeddable":true,"href":"https:\/\/kaptanfood.pl\/tr\/wp-json\/wp\/v2\/product_cat?post=9514"},{"taxonomy":"product_tag","embeddable":true,"href":"https:\/\/kaptanfood.pl\/tr\/wp-json\/wp\/v2\/product_tag?post=9514"}],"curies":[{"name":"wp","href":"https:\/\/api.w.org\/{rel}","templated":true}]}}