{"id":9342,"date":"2022-09-23T14:52:13","date_gmt":"2022-09-23T12:52:13","guid":{"rendered":"https:\/\/kaptanfood.pl\/?post_type=product&#038;p=9342"},"modified":"2026-02-27T12:47:40","modified_gmt":"2026-02-27T11:47:40","slug":"mccain-sweet-potato-25-kg","status":"publish","type":"product","link":"https:\/\/kaptanfood.pl\/tr\/product\/mccain-sweet-potato-25-kg\/","title":{"rendered":"McCain Tatl\u0131 Patates (4 \u00d7 2,5 kg)"},"content":{"rendered":"<div class=\"wpb-content-wrapper\"><div class=\"vc_row wpb_row vc_row-fluid vc_custom_1632566163505 vc_row-o-content-middle vc_row-flex wd-rs-614efb885b0d8\"><div class=\"wpb_column vc_column_container vc_col-sm-12 vc_col-md-6\"><div class=\"vc_column-inner\"><div class=\"wpb_wrapper\">\t\t<div id=\"wd-69a1844ec418c\" class=\"wd-image wd-wpb wd-rs-69a1844ec418c hidden-xs text-left\">\n\t\t\t\n\t\t\t<img loading=\"lazy\" decoding=\"async\" width=\"700\" height=\"800\" src=\"https:\/\/i0.wp.com\/kaptanfood.pl\/wp-content\/uploads\/2022\/09\/sweet-potato.png?fit=700%2C800&amp;ssl=1\" class=\"attachment-full size-full\" alt=\"\" srcset=\"https:\/\/i0.wp.com\/kaptanfood.pl\/wp-content\/uploads\/2022\/09\/sweet-potato.png?w=700&amp;ssl=1 700w, https:\/\/i0.wp.com\/kaptanfood.pl\/wp-content\/uploads\/2022\/09\/sweet-potato.png?resize=263%2C300&amp;ssl=1 263w, https:\/\/i0.wp.com\/kaptanfood.pl\/wp-content\/uploads\/2022\/09\/sweet-potato.png?resize=430%2C491&amp;ssl=1 430w, https:\/\/i0.wp.com\/kaptanfood.pl\/wp-content\/uploads\/2022\/09\/sweet-potato.png?resize=150%2C171&amp;ssl=1 150w\" sizes=\"auto, (max-width: 700px) 100vw, 700px\" \/>\n\t\t\t\t\t<\/div>\n\t\t<\/div><\/div><\/div><div class=\"wpb_column vc_column_container vc_col-sm-12 vc_col-md-6\"><div class=\"vc_column-inner vc_custom_1496394189503\"><div class=\"wpb_wrapper\">\n\t\t<div id=\"wd-6964d0aa305a5\" class=\"title-wrapper wd-wpb wd-set-mb reset-last-child  wd-rs-6964d0aa305a5 wd-title-color-default wd-title-style-default text-left vc_custom_1768214702850 wd-width-custom wd-underline-colored\">\n\t\t\t\n\t\t\t<div class=\"liner-continer\">\n\t\t\t\t<h4 class=\"woodmart-title-container title  wd-font-weight- wd-fontsize-xl\" >Tatl\u0131 Patates K\u0131zartmas\u0131 11\/11<\/h4>\n\t\t\t\t\t\t\t<\/div>\n\t\t\t\n\t\t\t\n\t\t\t\n\t\t<\/div>\n\t\t\n\t\t\t\t<div id=\"wd-6964d0b6603e1\" class=\"wd-text-block wd-wpb reset-last-child wd-rs-6964d0b6603e1 text-left wd-fontsize-custom vc_custom_1768214713677\">\n\t\t\t<p>11\/11mm tatl\u0131 patates (yam) k\u0131zartmas\u0131, kaplamal\u0131. K\u0131zart\u0131lm\u0131\u015f, derin dondurulmu\u015f.<\/p>\n\t\t<\/div>\n\t\t\t\t<div id=\"wd-6964d0c252487\" class=\"wd-text-block wd-wpb reset-last-child wd-rs-6964d0c252487 text-left wd-fontsize-custom vc_custom_1768214730867\">\n\t\t\t<h3 style=\"color: #111827; margin-bottom: 6px;\">Avantajlar<\/h3>\n<p>- Yemeklerinizi modaya uygun, daha sa\u011fl\u0131kl\u0131 bir se\u00e7enekle renklendirin - tatl\u0131 patates k\u0131zartmas\u0131<\/p>\n<p>- Harika g\u00f6r\u00fcn\u00fcm, harika lezzet<\/p>\n<p>- S\u0131ra d\u0131\u015f\u0131 mutfak deneyimi - \u00e7ekici tasar\u0131m, yeni tatl\u0131 lezzet<\/p>\n\t\t<\/div>\n\t\t\t\t<div id=\"wd-6964e2931f6b1\" class=\"wd-text-block wd-wpb reset-last-child wd-rs-6964e2931f6b1 text-left wd-fontsize-custom\">\n\t\t\t<table>\n<tbody>\n<tr>\n<th style=\"text-align: left;\"><strong>Saklama s\u0131cakl\u0131\u011f\u0131<\/strong><\/th>\n<td style=\"text-align: left; font-size: 16px;\">-18\u00b0C (24 ay)<\/td>\n<\/tr>\n<tr>\n<th style=\"text-align: left;\"><strong>HELAL<\/strong><\/th>\n<td style=\"text-align: left; font-size: 16px;\">EVET<\/td>\n<\/tr>\n<tr>\n<th style=\"text-align: left;\"><strong>Paketleme<\/strong><\/th>\n<td style=\"text-align: left; font-size: 16px;\"><strong>Karton ba\u015f\u0131na 4 \u00d7 2,5 kg<\/strong><\/td>\n<\/tr>\n<tr>\n<th style=\"text-align: left;\"><strong>\u0130\u00e7indekiler<\/strong><\/th>\n<td style=\"text-align: left; font-size: 16px;\">\n<div id=\"product-info\" class=\"details-bottom\">\n<div class=\"details-holder\">\n<div class=\"tabs-holder\">\n<div class=\"tab-section-holder\">\n<div class=\"tab-section\">\n<div id=\"ingredients\" class=\"tab-section-item\">\n<div class=\"tab-content\">\n<div class=\"ingredients\">\n<p>Tatl\u0131 patates (86%), kaplama (8%) (pirin\u00e7 ve m\u0131s\u0131r unu, modifiye patates ni\u015fastas\u0131, dekstrin, tuz, kabart\u0131c\u0131lar: E450 ve E500, stabilizat\u00f6r: ksantan sak\u0131z\u0131, renklendiriciler: k\u0131rm\u0131z\u0131 biber \u00f6z\u00fc ve kurkumin), bitkisel ya\u011flar (de\u011fi\u015fen oranlarda kolza tohumu, ay\u00e7i\u00e7e\u011fi).<\/p>\n<\/div>\n<\/div>\n<\/div>\n<\/div>\n<\/div>\n<\/div>\n<\/div>\n<\/div>\n<div class=\"product-range-holder\">\n<div class=\"banner-holder\">\n<div class=\"image-holder\"><picture><source srcset=\"\/images\/products-range-default-banner.jpg?quality=100&amp;format=webp\" media=\"(min-width: 769px)\" \/><\/picture><\/div>\n<\/div>\n<\/div>\n<\/td>\n<\/tr>\n<tr>\n<th style=\"text-align: left;\"><strong>Haz\u0131rl\u0131k - frit\u00f6z<\/strong><\/th>\n<td style=\"text-align: left; font-size: 16px;\">175\u00b0C - 2 dakika 30 saniye<\/td>\n<\/tr>\n<tr>\n<th style=\"text-align: left;\"><strong>Haz\u0131rl\u0131k - f\u0131r\u0131n<\/strong><\/th>\n<td style=\"text-align: left; font-size: 16px;\">200\u00b0C - 20-25 dakika<\/td>\n<\/tr>\n<\/tbody>\n<\/table>\n\t\t<\/div>\n\t\t<\/div><\/div><\/div><\/div>\n<\/div>","protected":false},"excerpt":{"rendered":"<p>Ambalaj: 4 x 2,5 kg<br \/>\nNet a\u011f\u0131rl\u0131k: 10,00 kg<br \/>\nBr\u00fct a\u011f\u0131rl\u0131k: 10,41 kg<br \/>\nBoyutlar (mm): 260 x 385 x 255<\/p>","protected":false},"featured_media":9343,"template":"","meta":[],"product_brand":[],"product_cat":[127],"product_tag":[],"class_list":{"0":"post-9342","1":"product","2":"type-product","3":"status-publish","4":"has-post-thumbnail","6":"product_cat-frytki","7":"pa_brand-mccain","9":"first","10":"instock","11":"taxable","12":"shipping-taxable","13":"purchasable","14":"product-type-simple"},"yoast_head":"<!-- This site is optimized with the Yoast SEO plugin v27.3 - https:\/\/yoast.com\/product\/yoast-seo-wordpress\/ -->\n<title>McCain Sweet Potato (4 x 2,5kg) - Kaptan Food<\/title>\n<meta name=\"robots\" content=\"index, follow, max-snippet:-1, max-image-preview:large, max-video-preview:-1\" \/>\n<link rel=\"canonical\" href=\"https:\/\/kaptanfood.pl\/tr\/product\/mccain-sweet-potato-25-kg\/\" \/>\n<meta property=\"og:locale\" content=\"tr_TR\" \/>\n<meta property=\"og:type\" content=\"article\" \/>\n<meta property=\"og:title\" content=\"McCain Sweet Potato (4 x 2,5kg) - Kaptan Food\" \/>\n<meta property=\"og:description\" content=\"Pakowanie: 4 x 2,5 kg Masa netto: 10,00 kg Masa brutto: 10,41 kg Wymiary (mm): 260 x 385 x 255\" \/>\n<meta property=\"og:url\" content=\"https:\/\/kaptanfood.pl\/tr\/product\/mccain-sweet-potato-25-kg\/\" \/>\n<meta property=\"og:site_name\" content=\"Kaptan Food\" \/>\n<meta property=\"article:modified_time\" content=\"2026-02-27T11:47:40+00:00\" \/>\n<meta property=\"og:image\" content=\"https:\/\/kaptanfood.pl\/wp-content\/uploads\/2022\/09\/sweet-potato.png\" \/>\n\t<meta property=\"og:image:width\" content=\"700\" \/>\n\t<meta property=\"og:image:height\" content=\"800\" \/>\n\t<meta property=\"og:image:type\" content=\"image\/png\" \/>\n<meta name=\"twitter:card\" content=\"summary_large_image\" \/>\n<meta name=\"twitter:label1\" content=\"Tahmini okuma s\u00fcresi\" \/>\n\t<meta name=\"twitter:data1\" content=\"2 dakika\" \/>\n<script type=\"application\/ld+json\" class=\"yoast-schema-graph\">{\"@context\":\"https:\\\/\\\/schema.org\",\"@graph\":[{\"@type\":\"WebPage\",\"@id\":\"https:\\\/\\\/kaptanfood.pl\\\/product\\\/mccain-sweet-potato-25-kg\\\/\",\"url\":\"https:\\\/\\\/kaptanfood.pl\\\/product\\\/mccain-sweet-potato-25-kg\\\/\",\"name\":\"McCain Sweet Potato (4 x 2,5kg) - Kaptan Food\",\"isPartOf\":{\"@id\":\"https:\\\/\\\/kaptanfood.pl\\\/tr\\\/#website\"},\"primaryImageOfPage\":{\"@id\":\"https:\\\/\\\/kaptanfood.pl\\\/product\\\/mccain-sweet-potato-25-kg\\\/#primaryimage\"},\"image\":{\"@id\":\"https:\\\/\\\/kaptanfood.pl\\\/product\\\/mccain-sweet-potato-25-kg\\\/#primaryimage\"},\"thumbnailUrl\":\"https:\\\/\\\/i0.wp.com\\\/kaptanfood.pl\\\/wp-content\\\/uploads\\\/2022\\\/09\\\/sweet-potato.png?fit=700%2C800&ssl=1\",\"datePublished\":\"2022-09-23T12:52:13+00:00\",\"dateModified\":\"2026-02-27T11:47:40+00:00\",\"breadcrumb\":{\"@id\":\"https:\\\/\\\/kaptanfood.pl\\\/product\\\/mccain-sweet-potato-25-kg\\\/#breadcrumb\"},\"inLanguage\":\"tr\",\"potentialAction\":[{\"@type\":\"ReadAction\",\"target\":[\"https:\\\/\\\/kaptanfood.pl\\\/product\\\/mccain-sweet-potato-25-kg\\\/\"]}]},{\"@type\":\"ImageObject\",\"inLanguage\":\"tr\",\"@id\":\"https:\\\/\\\/kaptanfood.pl\\\/product\\\/mccain-sweet-potato-25-kg\\\/#primaryimage\",\"url\":\"https:\\\/\\\/i0.wp.com\\\/kaptanfood.pl\\\/wp-content\\\/uploads\\\/2022\\\/09\\\/sweet-potato.png?fit=700%2C800&ssl=1\",\"contentUrl\":\"https:\\\/\\\/i0.wp.com\\\/kaptanfood.pl\\\/wp-content\\\/uploads\\\/2022\\\/09\\\/sweet-potato.png?fit=700%2C800&ssl=1\",\"width\":700,\"height\":800},{\"@type\":\"BreadcrumbList\",\"@id\":\"https:\\\/\\\/kaptanfood.pl\\\/product\\\/mccain-sweet-potato-25-kg\\\/#breadcrumb\",\"itemListElement\":[{\"@type\":\"ListItem\",\"position\":1,\"name\":\"Home\",\"item\":\"https:\\\/\\\/kaptanfood.pl\\\/\"},{\"@type\":\"ListItem\",\"position\":2,\"name\":\"Produkty\",\"item\":\"https:\\\/\\\/kaptanfood.pl\\\/produkty\\\/\"},{\"@type\":\"ListItem\",\"position\":3,\"name\":\"McCain Sweet Potato (4 x 2,5kg)\"}]},{\"@type\":\"WebSite\",\"@id\":\"https:\\\/\\\/kaptanfood.pl\\\/tr\\\/#website\",\"url\":\"https:\\\/\\\/kaptanfood.pl\\\/tr\\\/\",\"name\":\"Kaptan Food\",\"description\":\"Kaptan Food Hurtownia Kebab - Wszystko dla restauracji\",\"potentialAction\":[{\"@type\":\"SearchAction\",\"target\":{\"@type\":\"EntryPoint\",\"urlTemplate\":\"https:\\\/\\\/kaptanfood.pl\\\/tr\\\/?s={search_term_string}\"},\"query-input\":{\"@type\":\"PropertyValueSpecification\",\"valueRequired\":true,\"valueName\":\"search_term_string\"}}],\"inLanguage\":\"tr\"}]}<\/script>\n<!-- \/ Yoast SEO plugin. -->","yoast_head_json":{"title":"McCain Sweet Potato (4 x 2,5kg) - Kaptan Food","robots":{"index":"index","follow":"follow","max-snippet":"max-snippet:-1","max-image-preview":"max-image-preview:large","max-video-preview":"max-video-preview:-1"},"canonical":"https:\/\/kaptanfood.pl\/tr\/product\/mccain-sweet-potato-25-kg\/","og_locale":"tr_TR","og_type":"article","og_title":"McCain Sweet Potato (4 x 2,5kg) - Kaptan Food","og_description":"Pakowanie: 4 x 2,5 kg Masa netto: 10,00 kg Masa brutto: 10,41 kg Wymiary (mm): 260 x 385 x 255","og_url":"https:\/\/kaptanfood.pl\/tr\/product\/mccain-sweet-potato-25-kg\/","og_site_name":"Kaptan Food","article_modified_time":"2026-02-27T11:47:40+00:00","og_image":[{"width":700,"height":800,"url":"https:\/\/kaptanfood.pl\/wp-content\/uploads\/2022\/09\/sweet-potato.png","type":"image\/png"}],"twitter_card":"summary_large_image","twitter_misc":{"Tahmini okuma s\u00fcresi":"2 dakika"},"schema":{"@context":"https:\/\/schema.org","@graph":[{"@type":"WebPage","@id":"https:\/\/kaptanfood.pl\/product\/mccain-sweet-potato-25-kg\/","url":"https:\/\/kaptanfood.pl\/product\/mccain-sweet-potato-25-kg\/","name":"McCain Sweet Potato (4 x 2,5kg) - Kaptan Food","isPartOf":{"@id":"https:\/\/kaptanfood.pl\/tr\/#website"},"primaryImageOfPage":{"@id":"https:\/\/kaptanfood.pl\/product\/mccain-sweet-potato-25-kg\/#primaryimage"},"image":{"@id":"https:\/\/kaptanfood.pl\/product\/mccain-sweet-potato-25-kg\/#primaryimage"},"thumbnailUrl":"https:\/\/i0.wp.com\/kaptanfood.pl\/wp-content\/uploads\/2022\/09\/sweet-potato.png?fit=700%2C800&ssl=1","datePublished":"2022-09-23T12:52:13+00:00","dateModified":"2026-02-27T11:47:40+00:00","breadcrumb":{"@id":"https:\/\/kaptanfood.pl\/product\/mccain-sweet-potato-25-kg\/#breadcrumb"},"inLanguage":"tr","potentialAction":[{"@type":"ReadAction","target":["https:\/\/kaptanfood.pl\/product\/mccain-sweet-potato-25-kg\/"]}]},{"@type":"ImageObject","inLanguage":"tr","@id":"https:\/\/kaptanfood.pl\/product\/mccain-sweet-potato-25-kg\/#primaryimage","url":"https:\/\/i0.wp.com\/kaptanfood.pl\/wp-content\/uploads\/2022\/09\/sweet-potato.png?fit=700%2C800&ssl=1","contentUrl":"https:\/\/i0.wp.com\/kaptanfood.pl\/wp-content\/uploads\/2022\/09\/sweet-potato.png?fit=700%2C800&ssl=1","width":700,"height":800},{"@type":"BreadcrumbList","@id":"https:\/\/kaptanfood.pl\/product\/mccain-sweet-potato-25-kg\/#breadcrumb","itemListElement":[{"@type":"ListItem","position":1,"name":"Home","item":"https:\/\/kaptanfood.pl\/"},{"@type":"ListItem","position":2,"name":"Produkty","item":"https:\/\/kaptanfood.pl\/produkty\/"},{"@type":"ListItem","position":3,"name":"McCain Sweet Potato (4 x 2,5kg)"}]},{"@type":"WebSite","@id":"https:\/\/kaptanfood.pl\/tr\/#website","url":"https:\/\/kaptanfood.pl\/tr\/","name":"Kaptan G\u0131da","description":"Kaptan G\u0131da Toptan Kebap - Restoranlar i\u00e7in her \u015fey","potentialAction":[{"@type":"SearchAction","target":{"@type":"EntryPoint","urlTemplate":"https:\/\/kaptanfood.pl\/tr\/?s={search_term_string}"},"query-input":{"@type":"PropertyValueSpecification","valueRequired":true,"valueName":"search_term_string"}}],"inLanguage":"tr"}]}},"jetpack_sharing_enabled":true,"_links":{"self":[{"href":"https:\/\/kaptanfood.pl\/tr\/wp-json\/wp\/v2\/product\/9342","targetHints":{"allow":["GET"]}}],"collection":[{"href":"https:\/\/kaptanfood.pl\/tr\/wp-json\/wp\/v2\/product"}],"about":[{"href":"https:\/\/kaptanfood.pl\/tr\/wp-json\/wp\/v2\/types\/product"}],"wp:featuredmedia":[{"embeddable":true,"href":"https:\/\/kaptanfood.pl\/tr\/wp-json\/wp\/v2\/media\/9343"}],"wp:attachment":[{"href":"https:\/\/kaptanfood.pl\/tr\/wp-json\/wp\/v2\/media?parent=9342"}],"wp:term":[{"taxonomy":"product_brand","embeddable":true,"href":"https:\/\/kaptanfood.pl\/tr\/wp-json\/wp\/v2\/product_brand?post=9342"},{"taxonomy":"product_cat","embeddable":true,"href":"https:\/\/kaptanfood.pl\/tr\/wp-json\/wp\/v2\/product_cat?post=9342"},{"taxonomy":"product_tag","embeddable":true,"href":"https:\/\/kaptanfood.pl\/tr\/wp-json\/wp\/v2\/product_tag?post=9342"}],"curies":[{"name":"wp","href":"https:\/\/api.w.org\/{rel}","templated":true}]}}