{"id":92208,"date":"2025-04-17T12:14:32","date_gmt":"2025-04-17T10:14:32","guid":{"rendered":"https:\/\/kaptanfood.pl\/?post_type=product&#038;p=92208"},"modified":"2025-12-02T13:29:55","modified_gmt":"2025-12-02T12:29:55","slug":"sos-algierski","status":"publish","type":"product","link":"https:\/\/kaptanfood.pl\/tr\/product\/sos-algierski\/","title":{"rendered":"Cezayir sosu 900g"},"content":{"rendered":"<div class=\"wpb-content-wrapper\"><div class=\"vc_row wpb_row vc_row-fluid vc_row-o-equal-height vc_row-o-content-top vc_row-flex\"><div class=\"wpb_column vc_column_container vc_col-sm-12 vc_col-lg-4 vc_col-md-4 vc_col-xs-12 wd-rs-61827b8e5abdf\"><div class=\"vc_column-inner vc_custom_1635941267568\"><div class=\"wpb_wrapper\">\n\t<div class=\"wpb_text_column wpb_content_element\" >\n\t\t<div class=\"wpb_wrapper\">\n\t\t\t<div id=\"wd-6332bd9249ca9\" class=\"title-wrapper wd-wpb set-mb-s reset-last-child wd-rs-6332bd9249ca9 wd-title-color-default wd-title-style-default wd-width-100 text-left wd-underline-colored\">\n<div class=\"liner-continer\">\n<h1>TARSMAK ALGIERS SOS 900g<\/h1>\n<p>Cezayir sosu, so\u011fan ve biber i\u00e7eren tatl\u0131 ve baharatl\u0131 bir sostur. Orta Do\u011fu mutfa\u011f\u0131ndan esinlenen baharatl\u0131 kremal\u0131 bir sostur. Biber, baharat ve so\u011fan\u0131n ince kombinasyonu bu sosa e\u015fsiz bir lezzet verir.<\/p>\n<p>900 g'l\u0131k \u00fcr\u00fcn damak i\u00e7in ger\u00e7ek bir ziyafettir. Tutku ve \u00f6zenle yarat\u0131lan bu sos, \u0131zgara et yemekleri ve daha fazlas\u0131 i\u00e7in m\u00fckemmel bir e\u015flik\u00e7i ve tamamlay\u0131c\u0131d\u0131r.<\/p>\n<p>\u0130\u015fin s\u0131rr\u0131, sosumuza e\u015fsiz tad\u0131n\u0131 veren \u00f6zenle se\u00e7ilmi\u015f malzemelerde yat\u0131yor. Tarsmak sos sayesinde her yemek e\u015fsiz bir lezzet yolculu\u011funa d\u00f6n\u00fc\u015f\u00fcyor.<\/p>\n<p><b>Zengin lezzeti en zorlu gurmeleri bile \u015fa\u015f\u0131rtacak!<\/b><\/p>\n<p>Tarsmak sos, barbek\u00fc bulu\u015fmalar\u0131n\u0131z\u0131n ve kebap maceralar\u0131n\u0131z\u0131n ayr\u0131lmaz bir yolda\u015f\u0131 olsun.<\/p>\n<h2>En sevdi\u011finiz yemeklere e\u015fsiz bir aroma ve tat katan bu e\u015fsiz lezzetin tad\u0131n\u0131 \u00e7\u0131kar\u0131n.<\/h2>\n<p><b>Alerjen bilgileri<\/b><\/p>\n<p>\u00dcr\u00fcn yumurta, s\u00fct ve hardal i\u00e7erebilir.<\/p>\n<p><b>Paketleme :<\/b>\u00a0900g<\/p>\n<p><strong>NE ILE BIRLE\u015eTIRILIR?<\/strong><\/p>\n<p><img data-recalc-dims=\"1\" loading=\"lazy\" decoding=\"async\" class=\"icons\" title=\"et\" src=\"https:\/\/i0.wp.com\/www.tarsmak.pl\/images\/tarsmak\/web\/z-czym-laczyc\/wedliny-icon.jpg?resize=31%2C31&#038;ssl=1\" alt=\"wedliny icon\" width=\"31\" height=\"31\" \/><img data-recalc-dims=\"1\" decoding=\"async\" class=\"icons\" title=\"sandvi\u00e7\" src=\"https:\/\/i0.wp.com\/www.tarsmak.pl\/images\/tarsmak\/web\/z-czym-laczyc\/mieso-icon.jpg?ssl=1\" alt=\"mieso icon\" \/><img data-recalc-dims=\"1\" decoding=\"async\" src=\"https:\/\/i0.wp.com\/www.tarsmak.pl\/images\/tarsmak\/web\/z-czym-laczyc\/frytki-icon.jpg?ssl=1\" alt=\"frytki icon\" \/><img data-recalc-dims=\"1\" decoding=\"async\" src=\"https:\/\/i0.wp.com\/www.tarsmak.pl\/images\/tarsmak\/web\/z-czym-laczyc\/pizza-icon.jpg?ssl=1\" alt=\"pizza icon\" \/><\/p>\n<\/div>\n<\/div>\n\n\t\t<\/div>\n\t<\/div>\n<\/div><\/div><\/div><div class=\"wpb_column vc_column_container vc_col-sm-6 vc_col-lg-4 vc_col-md-4 vc_col-xs-12 wd-rs-61827b8294f87\"><div class=\"vc_column-inner\"><div class=\"wpb_wrapper\">\n\t<div  class=\"wpb_single_image wpb_content_element vc_align_left vc_custom_1744885095004\">\n\t\t\n\t\t<figure class=\"wpb_wrapper vc_figure\">\n\t\t\t<div class=\"vc_single_image-wrapper   vc_box_border_grey\"><img loading=\"lazy\" decoding=\"async\" width=\"700\" height=\"800\" src=\"https:\/\/i0.wp.com\/kaptanfood.pl\/wp-content\/uploads\/2025\/04\/TarsmakAlgerskiSos900m.png?fit=700%2C800&amp;ssl=1\" class=\"vc_single_image-img attachment-full\" alt=\"\" title=\"TarsmakAlgersSos900m\" srcset=\"https:\/\/i0.wp.com\/kaptanfood.pl\/wp-content\/uploads\/2025\/04\/TarsmakAlgerskiSos900m.png?w=700&amp;ssl=1 700w, https:\/\/i0.wp.com\/kaptanfood.pl\/wp-content\/uploads\/2025\/04\/TarsmakAlgerskiSos900m.png?resize=263%2C300&amp;ssl=1 263w, https:\/\/i0.wp.com\/kaptanfood.pl\/wp-content\/uploads\/2025\/04\/TarsmakAlgerskiSos900m.png?resize=11%2C12&amp;ssl=1 11w, https:\/\/i0.wp.com\/kaptanfood.pl\/wp-content\/uploads\/2025\/04\/TarsmakAlgerskiSos900m.png?resize=430%2C491&amp;ssl=1 430w, https:\/\/i0.wp.com\/kaptanfood.pl\/wp-content\/uploads\/2025\/04\/TarsmakAlgerskiSos900m.png?resize=150%2C171&amp;ssl=1 150w\" sizes=\"auto, (max-width: 700px) 100vw, 700px\" \/><\/div>\n\t\t<\/figure>\n\t<\/div>\n<\/div><\/div><\/div><div class=\"wpb_column vc_column_container vc_col-sm-6 vc_col-lg-4 vc_col-md-4 vc_col-xs-12 wd-rs-61827b9533868\"><div class=\"vc_column-inner\"><div class=\"wpb_wrapper\">\n\t<div  class=\"wpb_single_image wpb_content_element vc_align_left vc_custom_1744885107724\">\n\t\t\n\t\t<figure class=\"wpb_wrapper vc_figure\">\n\t\t\t<div class=\"vc_single_image-wrapper   vc_box_border_grey\"><img loading=\"lazy\" decoding=\"async\" width=\"700\" height=\"800\" src=\"https:\/\/i0.wp.com\/kaptanfood.pl\/wp-content\/uploads\/2025\/04\/TarsmakAlgerskiSos900m.png?fit=700%2C800&amp;ssl=1\" class=\"vc_single_image-img attachment-full\" alt=\"\" title=\"TarsmakAlgersSos900m\" srcset=\"https:\/\/i0.wp.com\/kaptanfood.pl\/wp-content\/uploads\/2025\/04\/TarsmakAlgerskiSos900m.png?w=700&amp;ssl=1 700w, https:\/\/i0.wp.com\/kaptanfood.pl\/wp-content\/uploads\/2025\/04\/TarsmakAlgerskiSos900m.png?resize=263%2C300&amp;ssl=1 263w, https:\/\/i0.wp.com\/kaptanfood.pl\/wp-content\/uploads\/2025\/04\/TarsmakAlgerskiSos900m.png?resize=11%2C12&amp;ssl=1 11w, https:\/\/i0.wp.com\/kaptanfood.pl\/wp-content\/uploads\/2025\/04\/TarsmakAlgerskiSos900m.png?resize=430%2C491&amp;ssl=1 430w, https:\/\/i0.wp.com\/kaptanfood.pl\/wp-content\/uploads\/2025\/04\/TarsmakAlgerskiSos900m.png?resize=150%2C171&amp;ssl=1 150w\" sizes=\"auto, (max-width: 700px) 100vw, 700px\" \/><\/div>\n\t\t<\/figure>\n\t<\/div>\n<\/div><\/div><\/div><\/div>\n<\/div>","protected":false},"excerpt":{"rendered":"TARSMAK SOS ALGIERSKI 900g Sos algierski to s\u0142odko-pikantny sos z cebul\u0105 i papryk\u0105. Inspirowany kuchni\u0105 Bliskiego Wschodu, pikantny kremowy sos.","protected":false},"featured_media":92209,"template":"","meta":[],"product_brand":[],"product_cat":[228],"product_tag":[],"class_list":{"0":"post-92208","1":"product","2":"type-product","3":"status-publish","4":"has-post-thumbnail","6":"product_cat-sosy","8":"first","9":"instock","10":"taxable","11":"shipping-taxable","12":"purchasable","13":"product-type-simple"},"yoast_head":"<!-- This site is optimized with the Yoast SEO plugin v27.3 - https:\/\/yoast.com\/product\/yoast-seo-wordpress\/ -->\n<title>Sos Algierski 900g - Kaptan Food<\/title>\n<meta name=\"robots\" content=\"index, follow, max-snippet:-1, max-image-preview:large, max-video-preview:-1\" \/>\n<link rel=\"canonical\" href=\"https:\/\/kaptanfood.pl\/tr\/product\/sos-algierski\/\" \/>\n<meta property=\"og:locale\" content=\"tr_TR\" \/>\n<meta property=\"og:type\" content=\"article\" \/>\n<meta property=\"og:title\" content=\"Sos Algierski 900g - Kaptan Food\" \/>\n<meta property=\"og:url\" content=\"https:\/\/kaptanfood.pl\/tr\/product\/sos-algierski\/\" \/>\n<meta property=\"og:site_name\" content=\"Kaptan Food\" \/>\n<meta property=\"article:modified_time\" content=\"2025-12-02T12:29:55+00:00\" \/>\n<meta property=\"og:image\" content=\"https:\/\/i0.wp.com\/kaptanfood.pl\/wp-content\/uploads\/2025\/04\/TarsmakAlgerskiSos900m.png?fit=700%2C800&ssl=1\" \/>\n\t<meta property=\"og:image:width\" content=\"700\" \/>\n\t<meta property=\"og:image:height\" content=\"800\" \/>\n\t<meta property=\"og:image:type\" content=\"image\/png\" \/>\n<meta name=\"twitter:card\" content=\"summary_large_image\" \/>\n<meta name=\"twitter:label1\" content=\"Tahmini okuma s\u00fcresi\" \/>\n\t<meta name=\"twitter:data1\" content=\"2 dakika\" \/>\n<script type=\"application\/ld+json\" class=\"yoast-schema-graph\">{\"@context\":\"https:\\\/\\\/schema.org\",\"@graph\":[{\"@type\":\"WebPage\",\"@id\":\"https:\\\/\\\/kaptanfood.pl\\\/product\\\/sos-algierski\\\/\",\"url\":\"https:\\\/\\\/kaptanfood.pl\\\/product\\\/sos-algierski\\\/\",\"name\":\"Sos Algierski 900g - Kaptan Food\",\"isPartOf\":{\"@id\":\"https:\\\/\\\/kaptanfood.pl\\\/tr\\\/#website\"},\"primaryImageOfPage\":{\"@id\":\"https:\\\/\\\/kaptanfood.pl\\\/product\\\/sos-algierski\\\/#primaryimage\"},\"image\":{\"@id\":\"https:\\\/\\\/kaptanfood.pl\\\/product\\\/sos-algierski\\\/#primaryimage\"},\"thumbnailUrl\":\"https:\\\/\\\/i0.wp.com\\\/kaptanfood.pl\\\/wp-content\\\/uploads\\\/2025\\\/04\\\/TarsmakAlgerskiSos900m.png?fit=700%2C800&ssl=1\",\"datePublished\":\"2025-04-17T10:14:32+00:00\",\"dateModified\":\"2025-12-02T12:29:55+00:00\",\"breadcrumb\":{\"@id\":\"https:\\\/\\\/kaptanfood.pl\\\/product\\\/sos-algierski\\\/#breadcrumb\"},\"inLanguage\":\"tr\",\"potentialAction\":[{\"@type\":\"ReadAction\",\"target\":[\"https:\\\/\\\/kaptanfood.pl\\\/product\\\/sos-algierski\\\/\"]}]},{\"@type\":\"ImageObject\",\"inLanguage\":\"tr\",\"@id\":\"https:\\\/\\\/kaptanfood.pl\\\/product\\\/sos-algierski\\\/#primaryimage\",\"url\":\"https:\\\/\\\/i0.wp.com\\\/kaptanfood.pl\\\/wp-content\\\/uploads\\\/2025\\\/04\\\/TarsmakAlgerskiSos900m.png?fit=700%2C800&ssl=1\",\"contentUrl\":\"https:\\\/\\\/i0.wp.com\\\/kaptanfood.pl\\\/wp-content\\\/uploads\\\/2025\\\/04\\\/TarsmakAlgerskiSos900m.png?fit=700%2C800&ssl=1\",\"width\":700,\"height\":800},{\"@type\":\"BreadcrumbList\",\"@id\":\"https:\\\/\\\/kaptanfood.pl\\\/product\\\/sos-algierski\\\/#breadcrumb\",\"itemListElement\":[{\"@type\":\"ListItem\",\"position\":1,\"name\":\"Home\",\"item\":\"https:\\\/\\\/kaptanfood.pl\\\/\"},{\"@type\":\"ListItem\",\"position\":2,\"name\":\"Produkty\",\"item\":\"https:\\\/\\\/kaptanfood.pl\\\/produkty\\\/\"},{\"@type\":\"ListItem\",\"position\":3,\"name\":\"Sos Algierski 900g\"}]},{\"@type\":\"WebSite\",\"@id\":\"https:\\\/\\\/kaptanfood.pl\\\/tr\\\/#website\",\"url\":\"https:\\\/\\\/kaptanfood.pl\\\/tr\\\/\",\"name\":\"Kaptan Food\",\"description\":\"Kaptan Food Hurtownia Kebab - Wszystko dla restauracji\",\"potentialAction\":[{\"@type\":\"SearchAction\",\"target\":{\"@type\":\"EntryPoint\",\"urlTemplate\":\"https:\\\/\\\/kaptanfood.pl\\\/tr\\\/?s={search_term_string}\"},\"query-input\":{\"@type\":\"PropertyValueSpecification\",\"valueRequired\":true,\"valueName\":\"search_term_string\"}}],\"inLanguage\":\"tr\"}]}<\/script>\n<!-- \/ Yoast SEO plugin. -->","yoast_head_json":{"title":"Sos Algierski 900g - Kaptan Food","robots":{"index":"index","follow":"follow","max-snippet":"max-snippet:-1","max-image-preview":"max-image-preview:large","max-video-preview":"max-video-preview:-1"},"canonical":"https:\/\/kaptanfood.pl\/tr\/product\/sos-algierski\/","og_locale":"tr_TR","og_type":"article","og_title":"Sos Algierski 900g - Kaptan Food","og_url":"https:\/\/kaptanfood.pl\/tr\/product\/sos-algierski\/","og_site_name":"Kaptan Food","article_modified_time":"2025-12-02T12:29:55+00:00","og_image":[{"width":700,"height":800,"url":"https:\/\/i0.wp.com\/kaptanfood.pl\/wp-content\/uploads\/2025\/04\/TarsmakAlgerskiSos900m.png?fit=700%2C800&ssl=1","type":"image\/png"}],"twitter_card":"summary_large_image","twitter_misc":{"Tahmini okuma s\u00fcresi":"2 dakika"},"schema":{"@context":"https:\/\/schema.org","@graph":[{"@type":"WebPage","@id":"https:\/\/kaptanfood.pl\/product\/sos-algierski\/","url":"https:\/\/kaptanfood.pl\/product\/sos-algierski\/","name":"Sos Algierski 900g - Kaptan Food","isPartOf":{"@id":"https:\/\/kaptanfood.pl\/tr\/#website"},"primaryImageOfPage":{"@id":"https:\/\/kaptanfood.pl\/product\/sos-algierski\/#primaryimage"},"image":{"@id":"https:\/\/kaptanfood.pl\/product\/sos-algierski\/#primaryimage"},"thumbnailUrl":"https:\/\/i0.wp.com\/kaptanfood.pl\/wp-content\/uploads\/2025\/04\/TarsmakAlgerskiSos900m.png?fit=700%2C800&ssl=1","datePublished":"2025-04-17T10:14:32+00:00","dateModified":"2025-12-02T12:29:55+00:00","breadcrumb":{"@id":"https:\/\/kaptanfood.pl\/product\/sos-algierski\/#breadcrumb"},"inLanguage":"tr","potentialAction":[{"@type":"ReadAction","target":["https:\/\/kaptanfood.pl\/product\/sos-algierski\/"]}]},{"@type":"ImageObject","inLanguage":"tr","@id":"https:\/\/kaptanfood.pl\/product\/sos-algierski\/#primaryimage","url":"https:\/\/i0.wp.com\/kaptanfood.pl\/wp-content\/uploads\/2025\/04\/TarsmakAlgerskiSos900m.png?fit=700%2C800&ssl=1","contentUrl":"https:\/\/i0.wp.com\/kaptanfood.pl\/wp-content\/uploads\/2025\/04\/TarsmakAlgerskiSos900m.png?fit=700%2C800&ssl=1","width":700,"height":800},{"@type":"BreadcrumbList","@id":"https:\/\/kaptanfood.pl\/product\/sos-algierski\/#breadcrumb","itemListElement":[{"@type":"ListItem","position":1,"name":"Home","item":"https:\/\/kaptanfood.pl\/"},{"@type":"ListItem","position":2,"name":"Produkty","item":"https:\/\/kaptanfood.pl\/produkty\/"},{"@type":"ListItem","position":3,"name":"Sos Algierski 900g"}]},{"@type":"WebSite","@id":"https:\/\/kaptanfood.pl\/tr\/#website","url":"https:\/\/kaptanfood.pl\/tr\/","name":"Kaptan G\u0131da","description":"Kaptan G\u0131da Toptan Kebap - Restoranlar i\u00e7in her \u015fey","potentialAction":[{"@type":"SearchAction","target":{"@type":"EntryPoint","urlTemplate":"https:\/\/kaptanfood.pl\/tr\/?s={search_term_string}"},"query-input":{"@type":"PropertyValueSpecification","valueRequired":true,"valueName":"search_term_string"}}],"inLanguage":"tr"}]}},"jetpack_sharing_enabled":true,"_links":{"self":[{"href":"https:\/\/kaptanfood.pl\/tr\/wp-json\/wp\/v2\/product\/92208","targetHints":{"allow":["GET"]}}],"collection":[{"href":"https:\/\/kaptanfood.pl\/tr\/wp-json\/wp\/v2\/product"}],"about":[{"href":"https:\/\/kaptanfood.pl\/tr\/wp-json\/wp\/v2\/types\/product"}],"wp:featuredmedia":[{"embeddable":true,"href":"https:\/\/kaptanfood.pl\/tr\/wp-json\/wp\/v2\/media\/92209"}],"wp:attachment":[{"href":"https:\/\/kaptanfood.pl\/tr\/wp-json\/wp\/v2\/media?parent=92208"}],"wp:term":[{"taxonomy":"product_brand","embeddable":true,"href":"https:\/\/kaptanfood.pl\/tr\/wp-json\/wp\/v2\/product_brand?post=92208"},{"taxonomy":"product_cat","embeddable":true,"href":"https:\/\/kaptanfood.pl\/tr\/wp-json\/wp\/v2\/product_cat?post=92208"},{"taxonomy":"product_tag","embeddable":true,"href":"https:\/\/kaptanfood.pl\/tr\/wp-json\/wp\/v2\/product_tag?post=92208"}],"curies":[{"name":"wp","href":"https:\/\/api.w.org\/{rel}","templated":true}]}}