{"id":92091,"date":"2025-04-16T14:15:48","date_gmt":"2025-04-16T12:15:48","guid":{"rendered":"https:\/\/kaptanfood.pl\/?post_type=product&#038;p=92091"},"modified":"2026-02-12T07:58:15","modified_gmt":"2026-02-12T06:58:15","slug":"tamek-tomato-paste-4250-g","status":"publish","type":"product","link":"https:\/\/kaptanfood.pl\/tr\/product\/tamek-tomato-paste-4250-g\/","title":{"rendered":"Tamek Domates Sal\u00e7as\u0131 4250 g"},"content":{"rendered":"<div class=\"wpb-content-wrapper\"><div class=\"vc_row wpb_row vc_row-fluid vc_custom_1632566163505 vc_row-o-content-middle vc_row-flex wd-rs-614efb885b0d8\"><div class=\"wpb_column vc_column_container vc_col-sm-12 vc_col-md-6\"><div class=\"vc_column-inner\"><div class=\"wpb_wrapper\">\t\t<div id=\"wd-698d789d2f7cc\" class=\"wd-image wd-wpb wd-rs-698d789d2f7cc text-left\">\n\t\t\t\n\t\t\t<img loading=\"lazy\" decoding=\"async\" width=\"700\" height=\"800\" src=\"https:\/\/i0.wp.com\/kaptanfood.pl\/wp-content\/uploads\/2025\/04\/Tamek4250.png?fit=700%2C800&amp;ssl=1\" class=\"attachment-full size-full\" alt=\"\" srcset=\"https:\/\/i0.wp.com\/kaptanfood.pl\/wp-content\/uploads\/2025\/04\/Tamek4250.png?w=700&amp;ssl=1 700w, https:\/\/i0.wp.com\/kaptanfood.pl\/wp-content\/uploads\/2025\/04\/Tamek4250.png?resize=263%2C300&amp;ssl=1 263w, https:\/\/i0.wp.com\/kaptanfood.pl\/wp-content\/uploads\/2025\/04\/Tamek4250.png?resize=11%2C12&amp;ssl=1 11w, https:\/\/i0.wp.com\/kaptanfood.pl\/wp-content\/uploads\/2025\/04\/Tamek4250.png?resize=430%2C491&amp;ssl=1 430w, https:\/\/i0.wp.com\/kaptanfood.pl\/wp-content\/uploads\/2025\/04\/Tamek4250.png?resize=150%2C171&amp;ssl=1 150w\" sizes=\"auto, (max-width: 700px) 100vw, 700px\" \/>\n\t\t\t\t\t<\/div>\n\t\t<\/div><\/div><\/div><div class=\"wpb_column vc_column_container vc_col-sm-12 vc_col-md-6\"><div class=\"vc_column-inner vc_custom_1496394189503\"><div class=\"wpb_wrapper\">\t\t<div id=\"wd-698d78c14e254\" class=\"wd-text-block wd-wpb reset-last-child wd-rs-698d78c14e254 text-left wd-fontsize-custom vc_custom_1770879251244\">\n\t\t\t<p>G\u00fcne\u015f \u0131\u015f\u0131\u011f\u0131na maruz b\u0131rakmay\u0131n. Karanl\u0131k, serin ve kuru bir yerde saklay\u0131n, saklama s\u0131cakl\u0131\u011f\u0131 aral\u0131\u011f\u0131: 5C ila 25C.<\/p>\n<p>100g ba\u015f\u0131na besin bilgileri:<\/p>\n<ul>\n<li><b>Enerji de\u011feri (kcal\/kJ):<\/b>\u00a084\/354<\/li>\n<li><b>Ya\u011f (g):<\/b>\u00a00 g<\/li>\n<li><b>Doymu\u015f ya\u011f (g): 0<\/b>\u00a0g<\/li>\n<li><b>Karbonatl\u0131 (g):<\/b>\u00a014,4 g<\/li>\n<li><b>\u015eeker (g):<\/b>\u00a014,4 g<\/li>\n<li><b>Protein (g):<\/b>\u00a05,2 g<\/li>\n<li><b>Tuz (g):<\/b>\u00a00,5 g<\/li>\n<li><b>Lif (g): 2,8<\/b>g<\/li>\n<\/ul>\n<p><b>T\u00fcrkiye'de \u00fcretilmi\u015ftir.<\/b><\/p>\n\t\t<\/div>\n\t\t\t\t<div id=\"wd-69777cbf5c7e0\" class=\"wd-text-block wd-wpb reset-last-child wd-rs-69777cbf5c7e0 text-left wd-fontsize-custom vc_custom_1769438403178\">\n\t\t\t\t\t<\/div>\n\t\t\t\t<div id=\"wd-698d79f9664eb\" class=\"wd-text-block wd-wpb reset-last-child wd-rs-698d79f9664eb text-left wd-fontsize-custom\">\n\t\t\t<table>\n<tbody>\n<tr>\n<th style=\"text-align: left;\"><strong>Saklama s\u0131cakl\u0131\u011f\u0131<\/strong><\/th>\n<td style=\"text-align: left; font-size: 16px;\"><\/td>\n<\/tr>\n<tr>\n<th style=\"text-align: left;\"><strong>HELAL<\/strong><\/th>\n<td style=\"text-align: left; font-size: 16px;\">EVET<\/td>\n<\/tr>\n<tr>\n<th style=\"text-align: left;\"><strong>Paketleme<\/strong><\/th>\n<td style=\"text-align: left; font-size: 16px;\"><strong>4250 g<\/strong><\/td>\n<\/tr>\n<tr>\n<th style=\"text-align: left;\"><strong>\u0130\u00e7indekiler<\/strong><\/th>\n<td style=\"text-align: left; font-size: 16px;\">\u0130\u00e7indekiler: Hi\u00e7bir katk\u0131 maddesi i\u00e7ermeyen domates<\/td>\n<\/tr>\n<tr>\n<th style=\"text-align: left;\"><strong>Haz\u0131rl\u0131k\u00a0<\/strong><\/th>\n<td style=\"text-align: left; font-size: 16px;\"><\/td>\n<\/tr>\n<\/tbody>\n<\/table>\n\t\t<\/div>\n\t\t<\/div><\/div><\/div><\/div>\n<\/div>","protected":false},"excerpt":{"rendered":"Nie wystawia\u0107 na \u015bwiat\u0142o s\u0142oneczne. Trzyma\u0107 w ciemnym, ch\u0142odnym i suchym miejscu, zakres temperatury przechowywania: od 5C do 25C Informacja","protected":false},"featured_media":92317,"template":"","meta":[],"product_brand":[],"product_cat":[53,84],"product_tag":[],"class_list":{"0":"post-92091","1":"product","2":"type-product","3":"status-publish","4":"has-post-thumbnail","6":"product_cat-dodatki","7":"product_cat-produkty-tureckie","8":"pa_brand-tamek","10":"first","11":"instock","12":"sale","13":"taxable","14":"shipping-taxable","15":"purchasable","16":"product-type-simple"},"yoast_head":"<!-- This site is optimized with the Yoast SEO plugin v27.3 - https:\/\/yoast.com\/product\/yoast-seo-wordpress\/ -->\n<title>Tamek Koncentrat pomidorowy 4250 g - Kaptan Food<\/title>\n<meta name=\"robots\" content=\"index, follow, max-snippet:-1, max-image-preview:large, max-video-preview:-1\" \/>\n<link rel=\"canonical\" href=\"https:\/\/kaptanfood.pl\/tr\/product\/tamek-tomato-paste-4250-g\/\" \/>\n<meta property=\"og:locale\" content=\"tr_TR\" \/>\n<meta property=\"og:type\" content=\"article\" \/>\n<meta property=\"og:title\" content=\"Tamek Koncentrat pomidorowy 4250 g - Kaptan Food\" \/>\n<meta property=\"og:url\" content=\"https:\/\/kaptanfood.pl\/tr\/product\/tamek-tomato-paste-4250-g\/\" \/>\n<meta property=\"og:site_name\" content=\"Kaptan Food\" \/>\n<meta property=\"article:modified_time\" content=\"2026-02-12T06:58:15+00:00\" \/>\n<meta property=\"og:image\" content=\"https:\/\/kaptanfood.pl\/wp-content\/uploads\/2025\/04\/Tamek4250.png\" \/>\n\t<meta property=\"og:image:width\" content=\"700\" \/>\n\t<meta property=\"og:image:height\" content=\"800\" \/>\n\t<meta property=\"og:image:type\" content=\"image\/png\" \/>\n<meta name=\"twitter:card\" content=\"summary_large_image\" \/>\n<meta name=\"twitter:label1\" content=\"Tahmini okuma s\u00fcresi\" \/>\n\t<meta name=\"twitter:data1\" content=\"2 dakika\" \/>\n<script type=\"application\/ld+json\" class=\"yoast-schema-graph\">{\"@context\":\"https:\\\/\\\/schema.org\",\"@graph\":[{\"@type\":\"WebPage\",\"@id\":\"https:\\\/\\\/kaptanfood.pl\\\/product\\\/tamek-tomato-paste-4250-g\\\/\",\"url\":\"https:\\\/\\\/kaptanfood.pl\\\/product\\\/tamek-tomato-paste-4250-g\\\/\",\"name\":\"Tamek Koncentrat pomidorowy 4250 g - Kaptan Food\",\"isPartOf\":{\"@id\":\"https:\\\/\\\/kaptanfood.pl\\\/tr\\\/#website\"},\"primaryImageOfPage\":{\"@id\":\"https:\\\/\\\/kaptanfood.pl\\\/product\\\/tamek-tomato-paste-4250-g\\\/#primaryimage\"},\"image\":{\"@id\":\"https:\\\/\\\/kaptanfood.pl\\\/product\\\/tamek-tomato-paste-4250-g\\\/#primaryimage\"},\"thumbnailUrl\":\"https:\\\/\\\/i0.wp.com\\\/kaptanfood.pl\\\/wp-content\\\/uploads\\\/2025\\\/04\\\/Tamek4250.png?fit=700%2C800&ssl=1\",\"datePublished\":\"2025-04-16T12:15:48+00:00\",\"dateModified\":\"2026-02-12T06:58:15+00:00\",\"breadcrumb\":{\"@id\":\"https:\\\/\\\/kaptanfood.pl\\\/product\\\/tamek-tomato-paste-4250-g\\\/#breadcrumb\"},\"inLanguage\":\"tr\",\"potentialAction\":[{\"@type\":\"ReadAction\",\"target\":[\"https:\\\/\\\/kaptanfood.pl\\\/product\\\/tamek-tomato-paste-4250-g\\\/\"]}]},{\"@type\":\"ImageObject\",\"inLanguage\":\"tr\",\"@id\":\"https:\\\/\\\/kaptanfood.pl\\\/product\\\/tamek-tomato-paste-4250-g\\\/#primaryimage\",\"url\":\"https:\\\/\\\/i0.wp.com\\\/kaptanfood.pl\\\/wp-content\\\/uploads\\\/2025\\\/04\\\/Tamek4250.png?fit=700%2C800&ssl=1\",\"contentUrl\":\"https:\\\/\\\/i0.wp.com\\\/kaptanfood.pl\\\/wp-content\\\/uploads\\\/2025\\\/04\\\/Tamek4250.png?fit=700%2C800&ssl=1\",\"width\":700,\"height\":800},{\"@type\":\"BreadcrumbList\",\"@id\":\"https:\\\/\\\/kaptanfood.pl\\\/product\\\/tamek-tomato-paste-4250-g\\\/#breadcrumb\",\"itemListElement\":[{\"@type\":\"ListItem\",\"position\":1,\"name\":\"Home\",\"item\":\"https:\\\/\\\/kaptanfood.pl\\\/\"},{\"@type\":\"ListItem\",\"position\":2,\"name\":\"Produkty\",\"item\":\"https:\\\/\\\/kaptanfood.pl\\\/produkty\\\/\"},{\"@type\":\"ListItem\",\"position\":3,\"name\":\"Tamek Koncentrat pomidorowy 4250 g\"}]},{\"@type\":\"WebSite\",\"@id\":\"https:\\\/\\\/kaptanfood.pl\\\/tr\\\/#website\",\"url\":\"https:\\\/\\\/kaptanfood.pl\\\/tr\\\/\",\"name\":\"Kaptan Food\",\"description\":\"Kaptan Food Hurtownia Kebab - Wszystko dla restauracji\",\"potentialAction\":[{\"@type\":\"SearchAction\",\"target\":{\"@type\":\"EntryPoint\",\"urlTemplate\":\"https:\\\/\\\/kaptanfood.pl\\\/tr\\\/?s={search_term_string}\"},\"query-input\":{\"@type\":\"PropertyValueSpecification\",\"valueRequired\":true,\"valueName\":\"search_term_string\"}}],\"inLanguage\":\"tr\"}]}<\/script>\n<!-- \/ Yoast SEO plugin. -->","yoast_head_json":{"title":"Tamek Koncentrat pomidorowy 4250 g - Kaptan Food","robots":{"index":"index","follow":"follow","max-snippet":"max-snippet:-1","max-image-preview":"max-image-preview:large","max-video-preview":"max-video-preview:-1"},"canonical":"https:\/\/kaptanfood.pl\/tr\/product\/tamek-tomato-paste-4250-g\/","og_locale":"tr_TR","og_type":"article","og_title":"Tamek Koncentrat pomidorowy 4250 g - Kaptan Food","og_url":"https:\/\/kaptanfood.pl\/tr\/product\/tamek-tomato-paste-4250-g\/","og_site_name":"Kaptan Food","article_modified_time":"2026-02-12T06:58:15+00:00","og_image":[{"width":700,"height":800,"url":"https:\/\/kaptanfood.pl\/wp-content\/uploads\/2025\/04\/Tamek4250.png","type":"image\/png"}],"twitter_card":"summary_large_image","twitter_misc":{"Tahmini okuma s\u00fcresi":"2 dakika"},"schema":{"@context":"https:\/\/schema.org","@graph":[{"@type":"WebPage","@id":"https:\/\/kaptanfood.pl\/product\/tamek-tomato-paste-4250-g\/","url":"https:\/\/kaptanfood.pl\/product\/tamek-tomato-paste-4250-g\/","name":"Tamek Koncentrat pomidorowy 4250 g - Kaptan Food","isPartOf":{"@id":"https:\/\/kaptanfood.pl\/tr\/#website"},"primaryImageOfPage":{"@id":"https:\/\/kaptanfood.pl\/product\/tamek-tomato-paste-4250-g\/#primaryimage"},"image":{"@id":"https:\/\/kaptanfood.pl\/product\/tamek-tomato-paste-4250-g\/#primaryimage"},"thumbnailUrl":"https:\/\/i0.wp.com\/kaptanfood.pl\/wp-content\/uploads\/2025\/04\/Tamek4250.png?fit=700%2C800&ssl=1","datePublished":"2025-04-16T12:15:48+00:00","dateModified":"2026-02-12T06:58:15+00:00","breadcrumb":{"@id":"https:\/\/kaptanfood.pl\/product\/tamek-tomato-paste-4250-g\/#breadcrumb"},"inLanguage":"tr","potentialAction":[{"@type":"ReadAction","target":["https:\/\/kaptanfood.pl\/product\/tamek-tomato-paste-4250-g\/"]}]},{"@type":"ImageObject","inLanguage":"tr","@id":"https:\/\/kaptanfood.pl\/product\/tamek-tomato-paste-4250-g\/#primaryimage","url":"https:\/\/i0.wp.com\/kaptanfood.pl\/wp-content\/uploads\/2025\/04\/Tamek4250.png?fit=700%2C800&ssl=1","contentUrl":"https:\/\/i0.wp.com\/kaptanfood.pl\/wp-content\/uploads\/2025\/04\/Tamek4250.png?fit=700%2C800&ssl=1","width":700,"height":800},{"@type":"BreadcrumbList","@id":"https:\/\/kaptanfood.pl\/product\/tamek-tomato-paste-4250-g\/#breadcrumb","itemListElement":[{"@type":"ListItem","position":1,"name":"Home","item":"https:\/\/kaptanfood.pl\/"},{"@type":"ListItem","position":2,"name":"Produkty","item":"https:\/\/kaptanfood.pl\/produkty\/"},{"@type":"ListItem","position":3,"name":"Tamek Koncentrat pomidorowy 4250 g"}]},{"@type":"WebSite","@id":"https:\/\/kaptanfood.pl\/tr\/#website","url":"https:\/\/kaptanfood.pl\/tr\/","name":"Kaptan G\u0131da","description":"Kaptan G\u0131da Toptan Kebap - Restoranlar i\u00e7in her \u015fey","potentialAction":[{"@type":"SearchAction","target":{"@type":"EntryPoint","urlTemplate":"https:\/\/kaptanfood.pl\/tr\/?s={search_term_string}"},"query-input":{"@type":"PropertyValueSpecification","valueRequired":true,"valueName":"search_term_string"}}],"inLanguage":"tr"}]}},"jetpack_sharing_enabled":true,"_links":{"self":[{"href":"https:\/\/kaptanfood.pl\/tr\/wp-json\/wp\/v2\/product\/92091","targetHints":{"allow":["GET"]}}],"collection":[{"href":"https:\/\/kaptanfood.pl\/tr\/wp-json\/wp\/v2\/product"}],"about":[{"href":"https:\/\/kaptanfood.pl\/tr\/wp-json\/wp\/v2\/types\/product"}],"wp:featuredmedia":[{"embeddable":true,"href":"https:\/\/kaptanfood.pl\/tr\/wp-json\/wp\/v2\/media\/92317"}],"wp:attachment":[{"href":"https:\/\/kaptanfood.pl\/tr\/wp-json\/wp\/v2\/media?parent=92091"}],"wp:term":[{"taxonomy":"product_brand","embeddable":true,"href":"https:\/\/kaptanfood.pl\/tr\/wp-json\/wp\/v2\/product_brand?post=92091"},{"taxonomy":"product_cat","embeddable":true,"href":"https:\/\/kaptanfood.pl\/tr\/wp-json\/wp\/v2\/product_cat?post=92091"},{"taxonomy":"product_tag","embeddable":true,"href":"https:\/\/kaptanfood.pl\/tr\/wp-json\/wp\/v2\/product_tag?post=92091"}],"curies":[{"name":"wp","href":"https:\/\/api.w.org\/{rel}","templated":true}]}}