{"id":85851,"date":"2025-01-24T12:13:50","date_gmt":"2025-01-24T11:13:50","guid":{"rendered":"https:\/\/kaptanfood.pl\/?post_type=product&#038;p=85851"},"modified":"2025-12-03T13:18:43","modified_gmt":"2025-12-03T12:18:43","slug":"dekiel-pet-184-mm-do-misek-papierowych1100ml1300ml-kraft-50-sztuk","status":"publish","type":"product","link":"https:\/\/kaptanfood.pl\/tr\/product\/dekiel-pet-184-mm-do-misek-papierowych1100ml1300ml-kraft-50-sztuk\/","title":{"rendered":"Kaseler \u0130\u00e7in Kapak 184 mm (1100 ml, 1300 ml) 50 adet"},"content":{"rendered":"<div class=\"wpb-content-wrapper\"><div class=\"vc_row wpb_row vc_row-fluid vc_row-o-equal-height vc_row-o-content-top vc_row-flex\"><div class=\"wpb_column vc_column_container vc_col-sm-12 vc_col-lg-4 vc_col-md-4 vc_col-xs-12 wd-rs-61827b8e5abdf\"><div class=\"vc_column-inner vc_custom_1635941267568\"><div class=\"wpb_wrapper\">\n\t\t<div id=\"wd-679380e9043ab\" class=\"title-wrapper wd-wpb wd-set-mb reset-last-child  wd-rs-679380e9043ab wd-title-color-default wd-title-style-default text-left  wd-underline-colored\">\n\t\t\t\n\t\t\t<div class=\"liner-continer\">\n\t\t\t\t<h4 class=\"woodmart-title-container title  wd-font-weight- wd-fontsize-l\" >Kraft ka\u011f\u0131t kaseler i\u00e7in pet kapak 184 mm 50 adet<\/h4>\n\t\t\t\t\t\t\t<\/div>\n\t\t\t\n\t\t\t\n\t\t\t\n\t\t<\/div>\n\t\t\n\t\t\t\t<div id=\"wd-67937686a5aa9\" class=\"wd-text-block wd-wpb reset-last-child wd-rs-67937686a5aa9 text-left vc_custom_1737720027086\">\n\t\t\t<ul>\n<li><strong>\u00c7ap: 184 mm<\/strong><\/li>\n<li><strong>1100 ml, 1300 ml kaselere uyar<\/strong><\/li>\n<\/ul>\n<p>Yemeklerinizin tazeli\u011fini ve aromas\u0131n\u0131 koruyun ve her biri 50 adet olan PET kraft ka\u011f\u0131t kase kapaklar\u0131 Fi-184'\u00fc se\u00e7in. PET malzemeden yap\u0131lm\u0131\u015f bu sa\u011flam ve estetik kapaklar, 1100 ml ve 1300 ml kaseler i\u00e7in idealdir ve m\u00fckemmel koruma ve s\u0131zd\u0131rmazl\u0131k sa\u011flar.<\/p>\n<p>Bu kapaklar sayesinde \u00e7orbalar, salatalar veya ana yemekler gibi yemekler daha uzun s\u00fcre taze ve i\u015ftah a\u00e7\u0131c\u0131 kal\u0131r. Yemek ve paket servis restoranlar\u0131nda \u00e7ok \u00f6nemli olan do\u011fru s\u0131cakl\u0131k ve kalitenin korunmas\u0131nda vazge\u00e7ilmezdirler. Ayr\u0131ca, do\u011fal kraft tarz\u0131 g\u00f6r\u00fcn\u00fcmleri, zarif ve organik bir dokunu\u015f katarak onlar\u0131 \u00e7e\u015fitli servis stilleri i\u00e7in uygun hale getirir.<\/p>\n\t\t<\/div>\n\t\t<\/div><\/div><\/div><div class=\"wpb_column vc_column_container vc_col-sm-6 vc_col-lg-4 vc_col-md-4 vc_col-xs-12 wd-rs-61827b8294f87\"><div class=\"vc_column-inner\"><div class=\"wpb_wrapper\">\n\t<div  class=\"wpb_single_image wpb_content_element vc_align_left vc_custom_1738579391617\">\n\t\t\n\t\t<figure class=\"wpb_wrapper vc_figure\">\n\t\t\t<div class=\"vc_single_image-wrapper   vc_box_border_grey\"><img loading=\"lazy\" decoding=\"async\" width=\"700\" height=\"800\" src=\"https:\/\/i0.wp.com\/kaptanfood.pl\/wp-content\/uploads\/2025\/01\/Yeni-Proje-6.png?fit=700%2C800&amp;ssl=1\" class=\"vc_single_image-img attachment-full\" alt=\"\" title=\"\u00e7at\u0131184\" srcset=\"https:\/\/i0.wp.com\/kaptanfood.pl\/wp-content\/uploads\/2025\/01\/Yeni-Proje-6.png?w=700&amp;ssl=1 700w, https:\/\/i0.wp.com\/kaptanfood.pl\/wp-content\/uploads\/2025\/01\/Yeni-Proje-6.png?resize=263%2C300&amp;ssl=1 263w, https:\/\/i0.wp.com\/kaptanfood.pl\/wp-content\/uploads\/2025\/01\/Yeni-Proje-6.png?resize=430%2C491&amp;ssl=1 430w, https:\/\/i0.wp.com\/kaptanfood.pl\/wp-content\/uploads\/2025\/01\/Yeni-Proje-6.png?resize=150%2C171&amp;ssl=1 150w\" sizes=\"auto, (max-width: 700px) 100vw, 700px\" \/><\/div>\n\t\t<\/figure>\n\t<\/div>\n<\/div><\/div><\/div><\/div>\n<\/div>","protected":false},"excerpt":{"rendered":"Dekiel pet 184 mm do misek papierowych kraft 50 sztuk \u015arednica: 184 mm pasuje do misek 1100 ml, 1300 ml","protected":false},"featured_media":86488,"template":"","meta":[],"product_brand":[],"product_cat":[80],"product_tag":[202,200,203,199,195,198,196,201,194,197],"class_list":{"0":"post-85851","1":"product","2":"type-product","3":"status-publish","4":"has-post-thumbnail","6":"product_cat-opakowania","7":"product_tag-dekiel-pet-184mm","8":"product_tag-dekiel-pet-do-misek","9":"product_tag-do-misek-papierowych-kraft","10":"product_tag-kebab-miska","11":"product_tag-miska","12":"product_tag-miska-kebab","13":"product_tag-miska-kraft","14":"product_tag-miski","15":"product_tag-miski-salatkowe","16":"product_tag-opakowanie-dla-restauracji","18":"first","19":"instock","20":"taxable","21":"shipping-taxable","22":"purchasable","23":"product-type-simple"},"yoast_head":"<!-- This site is optimized with the Yoast SEO plugin v27.3 - https:\/\/yoast.com\/product\/yoast-seo-wordpress\/ -->\n<title>Pokrywka 184 mm do misek (1100ml,1300ml) 50 szt - Kaptan Food<\/title>\n<meta name=\"robots\" content=\"index, follow, max-snippet:-1, max-image-preview:large, max-video-preview:-1\" \/>\n<link rel=\"canonical\" href=\"https:\/\/kaptanfood.pl\/tr\/product\/dekiel-pet-184-mm-do-misek-papierowych1100ml1300ml-kraft-50-sztuk\/\" \/>\n<meta property=\"og:locale\" content=\"tr_TR\" \/>\n<meta property=\"og:type\" content=\"article\" \/>\n<meta property=\"og:title\" content=\"Pokrywka 184 mm do misek (1100ml,1300ml) 50 szt - Kaptan Food\" \/>\n<meta property=\"og:url\" content=\"https:\/\/kaptanfood.pl\/tr\/product\/dekiel-pet-184-mm-do-misek-papierowych1100ml1300ml-kraft-50-sztuk\/\" \/>\n<meta property=\"og:site_name\" content=\"Kaptan Food\" \/>\n<meta property=\"article:modified_time\" content=\"2025-12-03T12:18:43+00:00\" \/>\n<meta property=\"og:image\" content=\"https:\/\/i0.wp.com\/kaptanfood.pl\/wp-content\/uploads\/2025\/01\/pokrywka.png?fit=700%2C800&ssl=1\" \/>\n\t<meta property=\"og:image:width\" content=\"700\" \/>\n\t<meta property=\"og:image:height\" content=\"800\" \/>\n\t<meta property=\"og:image:type\" content=\"image\/png\" \/>\n<meta name=\"twitter:card\" content=\"summary_large_image\" \/>\n<meta name=\"twitter:label1\" content=\"Tahmini okuma s\u00fcresi\" \/>\n\t<meta name=\"twitter:data1\" content=\"2 dakika\" \/>\n<script type=\"application\/ld+json\" class=\"yoast-schema-graph\">{\"@context\":\"https:\\\/\\\/schema.org\",\"@graph\":[{\"@type\":\"WebPage\",\"@id\":\"https:\\\/\\\/kaptanfood.pl\\\/product\\\/dekiel-pet-184-mm-do-misek-papierowych1100ml1300ml-kraft-50-sztuk\\\/\",\"url\":\"https:\\\/\\\/kaptanfood.pl\\\/product\\\/dekiel-pet-184-mm-do-misek-papierowych1100ml1300ml-kraft-50-sztuk\\\/\",\"name\":\"Pokrywka 184 mm do misek (1100ml,1300ml) 50 szt - Kaptan Food\",\"isPartOf\":{\"@id\":\"https:\\\/\\\/kaptanfood.pl\\\/tr\\\/#website\"},\"primaryImageOfPage\":{\"@id\":\"https:\\\/\\\/kaptanfood.pl\\\/product\\\/dekiel-pet-184-mm-do-misek-papierowych1100ml1300ml-kraft-50-sztuk\\\/#primaryimage\"},\"image\":{\"@id\":\"https:\\\/\\\/kaptanfood.pl\\\/product\\\/dekiel-pet-184-mm-do-misek-papierowych1100ml1300ml-kraft-50-sztuk\\\/#primaryimage\"},\"thumbnailUrl\":\"https:\\\/\\\/i0.wp.com\\\/kaptanfood.pl\\\/wp-content\\\/uploads\\\/2025\\\/01\\\/pokrywka.png?fit=700%2C800&ssl=1\",\"datePublished\":\"2025-01-24T11:13:50+00:00\",\"dateModified\":\"2025-12-03T12:18:43+00:00\",\"breadcrumb\":{\"@id\":\"https:\\\/\\\/kaptanfood.pl\\\/product\\\/dekiel-pet-184-mm-do-misek-papierowych1100ml1300ml-kraft-50-sztuk\\\/#breadcrumb\"},\"inLanguage\":\"tr\",\"potentialAction\":[{\"@type\":\"ReadAction\",\"target\":[\"https:\\\/\\\/kaptanfood.pl\\\/product\\\/dekiel-pet-184-mm-do-misek-papierowych1100ml1300ml-kraft-50-sztuk\\\/\"]}]},{\"@type\":\"ImageObject\",\"inLanguage\":\"tr\",\"@id\":\"https:\\\/\\\/kaptanfood.pl\\\/product\\\/dekiel-pet-184-mm-do-misek-papierowych1100ml1300ml-kraft-50-sztuk\\\/#primaryimage\",\"url\":\"https:\\\/\\\/i0.wp.com\\\/kaptanfood.pl\\\/wp-content\\\/uploads\\\/2025\\\/01\\\/pokrywka.png?fit=700%2C800&ssl=1\",\"contentUrl\":\"https:\\\/\\\/i0.wp.com\\\/kaptanfood.pl\\\/wp-content\\\/uploads\\\/2025\\\/01\\\/pokrywka.png?fit=700%2C800&ssl=1\",\"width\":700,\"height\":800},{\"@type\":\"BreadcrumbList\",\"@id\":\"https:\\\/\\\/kaptanfood.pl\\\/product\\\/dekiel-pet-184-mm-do-misek-papierowych1100ml1300ml-kraft-50-sztuk\\\/#breadcrumb\",\"itemListElement\":[{\"@type\":\"ListItem\",\"position\":1,\"name\":\"Home\",\"item\":\"https:\\\/\\\/kaptanfood.pl\\\/\"},{\"@type\":\"ListItem\",\"position\":2,\"name\":\"Produkty\",\"item\":\"https:\\\/\\\/kaptanfood.pl\\\/produkty\\\/\"},{\"@type\":\"ListItem\",\"position\":3,\"name\":\"Pokrywka 184 mm do misek (1100ml,1300ml) 50 szt\"}]},{\"@type\":\"WebSite\",\"@id\":\"https:\\\/\\\/kaptanfood.pl\\\/tr\\\/#website\",\"url\":\"https:\\\/\\\/kaptanfood.pl\\\/tr\\\/\",\"name\":\"Kaptan Food\",\"description\":\"Kaptan Food Hurtownia Kebab - Wszystko dla restauracji\",\"potentialAction\":[{\"@type\":\"SearchAction\",\"target\":{\"@type\":\"EntryPoint\",\"urlTemplate\":\"https:\\\/\\\/kaptanfood.pl\\\/tr\\\/?s={search_term_string}\"},\"query-input\":{\"@type\":\"PropertyValueSpecification\",\"valueRequired\":true,\"valueName\":\"search_term_string\"}}],\"inLanguage\":\"tr\"}]}<\/script>\n<!-- \/ Yoast SEO plugin. -->","yoast_head_json":{"title":"Pokrywka 184 mm do misek (1100ml,1300ml) 50 szt - Kaptan Food","robots":{"index":"index","follow":"follow","max-snippet":"max-snippet:-1","max-image-preview":"max-image-preview:large","max-video-preview":"max-video-preview:-1"},"canonical":"https:\/\/kaptanfood.pl\/tr\/product\/dekiel-pet-184-mm-do-misek-papierowych1100ml1300ml-kraft-50-sztuk\/","og_locale":"tr_TR","og_type":"article","og_title":"Pokrywka 184 mm do misek (1100ml,1300ml) 50 szt - Kaptan Food","og_url":"https:\/\/kaptanfood.pl\/tr\/product\/dekiel-pet-184-mm-do-misek-papierowych1100ml1300ml-kraft-50-sztuk\/","og_site_name":"Kaptan Food","article_modified_time":"2025-12-03T12:18:43+00:00","og_image":[{"width":700,"height":800,"url":"https:\/\/i0.wp.com\/kaptanfood.pl\/wp-content\/uploads\/2025\/01\/pokrywka.png?fit=700%2C800&ssl=1","type":"image\/png"}],"twitter_card":"summary_large_image","twitter_misc":{"Tahmini okuma s\u00fcresi":"2 dakika"},"schema":{"@context":"https:\/\/schema.org","@graph":[{"@type":"WebPage","@id":"https:\/\/kaptanfood.pl\/product\/dekiel-pet-184-mm-do-misek-papierowych1100ml1300ml-kraft-50-sztuk\/","url":"https:\/\/kaptanfood.pl\/product\/dekiel-pet-184-mm-do-misek-papierowych1100ml1300ml-kraft-50-sztuk\/","name":"Pokrywka 184 mm do misek (1100ml,1300ml) 50 szt - Kaptan Food","isPartOf":{"@id":"https:\/\/kaptanfood.pl\/tr\/#website"},"primaryImageOfPage":{"@id":"https:\/\/kaptanfood.pl\/product\/dekiel-pet-184-mm-do-misek-papierowych1100ml1300ml-kraft-50-sztuk\/#primaryimage"},"image":{"@id":"https:\/\/kaptanfood.pl\/product\/dekiel-pet-184-mm-do-misek-papierowych1100ml1300ml-kraft-50-sztuk\/#primaryimage"},"thumbnailUrl":"https:\/\/i0.wp.com\/kaptanfood.pl\/wp-content\/uploads\/2025\/01\/pokrywka.png?fit=700%2C800&ssl=1","datePublished":"2025-01-24T11:13:50+00:00","dateModified":"2025-12-03T12:18:43+00:00","breadcrumb":{"@id":"https:\/\/kaptanfood.pl\/product\/dekiel-pet-184-mm-do-misek-papierowych1100ml1300ml-kraft-50-sztuk\/#breadcrumb"},"inLanguage":"tr","potentialAction":[{"@type":"ReadAction","target":["https:\/\/kaptanfood.pl\/product\/dekiel-pet-184-mm-do-misek-papierowych1100ml1300ml-kraft-50-sztuk\/"]}]},{"@type":"ImageObject","inLanguage":"tr","@id":"https:\/\/kaptanfood.pl\/product\/dekiel-pet-184-mm-do-misek-papierowych1100ml1300ml-kraft-50-sztuk\/#primaryimage","url":"https:\/\/i0.wp.com\/kaptanfood.pl\/wp-content\/uploads\/2025\/01\/pokrywka.png?fit=700%2C800&ssl=1","contentUrl":"https:\/\/i0.wp.com\/kaptanfood.pl\/wp-content\/uploads\/2025\/01\/pokrywka.png?fit=700%2C800&ssl=1","width":700,"height":800},{"@type":"BreadcrumbList","@id":"https:\/\/kaptanfood.pl\/product\/dekiel-pet-184-mm-do-misek-papierowych1100ml1300ml-kraft-50-sztuk\/#breadcrumb","itemListElement":[{"@type":"ListItem","position":1,"name":"Home","item":"https:\/\/kaptanfood.pl\/"},{"@type":"ListItem","position":2,"name":"Produkty","item":"https:\/\/kaptanfood.pl\/produkty\/"},{"@type":"ListItem","position":3,"name":"Pokrywka 184 mm do misek (1100ml,1300ml) 50 szt"}]},{"@type":"WebSite","@id":"https:\/\/kaptanfood.pl\/tr\/#website","url":"https:\/\/kaptanfood.pl\/tr\/","name":"Kaptan G\u0131da","description":"Kaptan G\u0131da Toptan Kebap - Restoranlar i\u00e7in her \u015fey","potentialAction":[{"@type":"SearchAction","target":{"@type":"EntryPoint","urlTemplate":"https:\/\/kaptanfood.pl\/tr\/?s={search_term_string}"},"query-input":{"@type":"PropertyValueSpecification","valueRequired":true,"valueName":"search_term_string"}}],"inLanguage":"tr"}]}},"jetpack_sharing_enabled":true,"_links":{"self":[{"href":"https:\/\/kaptanfood.pl\/tr\/wp-json\/wp\/v2\/product\/85851","targetHints":{"allow":["GET"]}}],"collection":[{"href":"https:\/\/kaptanfood.pl\/tr\/wp-json\/wp\/v2\/product"}],"about":[{"href":"https:\/\/kaptanfood.pl\/tr\/wp-json\/wp\/v2\/types\/product"}],"wp:featuredmedia":[{"embeddable":true,"href":"https:\/\/kaptanfood.pl\/tr\/wp-json\/wp\/v2\/media\/86488"}],"wp:attachment":[{"href":"https:\/\/kaptanfood.pl\/tr\/wp-json\/wp\/v2\/media?parent=85851"}],"wp:term":[{"taxonomy":"product_brand","embeddable":true,"href":"https:\/\/kaptanfood.pl\/tr\/wp-json\/wp\/v2\/product_brand?post=85851"},{"taxonomy":"product_cat","embeddable":true,"href":"https:\/\/kaptanfood.pl\/tr\/wp-json\/wp\/v2\/product_cat?post=85851"},{"taxonomy":"product_tag","embeddable":true,"href":"https:\/\/kaptanfood.pl\/tr\/wp-json\/wp\/v2\/product_tag?post=85851"}],"curies":[{"name":"wp","href":"https:\/\/api.w.org\/{rel}","templated":true}]}}