{"id":84850,"date":"2025-01-10T11:16:42","date_gmt":"2025-01-10T10:16:42","guid":{"rendered":"https:\/\/kaptanfood.pl\/?post_type=product&#038;p=84850"},"modified":"2026-02-27T12:45:44","modified_gmt":"2026-02-27T11:45:44","slug":"mccain-chrupka-6-6","status":"publish","type":"product","link":"https:\/\/kaptanfood.pl\/tr\/product\/mccain-chrupka-6-6\/","title":{"rendered":"Star 6\/6 Crunch (5 x 2,5 kg)"},"content":{"rendered":"<div class=\"wpb-content-wrapper\"><div class=\"vc_row wpb_row vc_row-fluid vc_custom_1632566163505 vc_row-o-content-middle vc_row-flex wd-rs-614efb885b0d8\"><div class=\"wpb_column vc_column_container vc_col-sm-12 vc_col-md-6\"><div class=\"vc_column-inner\"><div class=\"wpb_wrapper\">\t\t<div id=\"wd-69a183d6ec0b0\" class=\"wd-image wd-wpb wd-rs-69a183d6ec0b0 hidden-xs text-left\">\n\t\t\t\n\t\t\t<img loading=\"lazy\" decoding=\"async\" width=\"1200\" height=\"1200\" src=\"https:\/\/i0.wp.com\/kaptanfood.pl\/wp-content\/uploads\/2025\/02\/obraz_2025-11-17_120653997.png?fit=1200%2C1200&amp;ssl=1\" class=\"attachment-full size-full\" alt=\"\" srcset=\"https:\/\/i0.wp.com\/kaptanfood.pl\/wp-content\/uploads\/2025\/02\/obraz_2025-11-17_120653997.png?w=1200&amp;ssl=1 1200w, https:\/\/i0.wp.com\/kaptanfood.pl\/wp-content\/uploads\/2025\/02\/obraz_2025-11-17_120653997.png?resize=300%2C300&amp;ssl=1 300w, https:\/\/i0.wp.com\/kaptanfood.pl\/wp-content\/uploads\/2025\/02\/obraz_2025-11-17_120653997.png?resize=800%2C800&amp;ssl=1 800w, https:\/\/i0.wp.com\/kaptanfood.pl\/wp-content\/uploads\/2025\/02\/obraz_2025-11-17_120653997.png?resize=150%2C150&amp;ssl=1 150w, https:\/\/i0.wp.com\/kaptanfood.pl\/wp-content\/uploads\/2025\/02\/obraz_2025-11-17_120653997.png?resize=768%2C768&amp;ssl=1 768w, https:\/\/i0.wp.com\/kaptanfood.pl\/wp-content\/uploads\/2025\/02\/obraz_2025-11-17_120653997.png?resize=12%2C12&amp;ssl=1 12w, https:\/\/i0.wp.com\/kaptanfood.pl\/wp-content\/uploads\/2025\/02\/obraz_2025-11-17_120653997.png?resize=430%2C430&amp;ssl=1 430w, https:\/\/i0.wp.com\/kaptanfood.pl\/wp-content\/uploads\/2025\/02\/obraz_2025-11-17_120653997.png?resize=700%2C700&amp;ssl=1 700w, https:\/\/i0.wp.com\/kaptanfood.pl\/wp-content\/uploads\/2025\/02\/obraz_2025-11-17_120653997.png?resize=32%2C32&amp;ssl=1 32w\" sizes=\"auto, (max-width: 1000px) 100vw, 1000px\" \/>\n\t\t\t\t\t<\/div>\n\t\t<\/div><\/div><\/div><div class=\"wpb_column vc_column_container vc_col-sm-12 vc_col-md-6\"><div class=\"vc_column-inner vc_custom_1496394189503\"><div class=\"wpb_wrapper\">\n\t\t<div id=\"wd-6964db199e397\" class=\"title-wrapper wd-wpb wd-set-mb reset-last-child  wd-rs-6964db199e397 wd-title-color-default wd-title-style-default text-left vc_custom_1768217380394 wd-width-custom wd-underline-colored\">\n\t\t\t\n\t\t\t<div class=\"liner-continer\">\n\t\t\t\t<h4 class=\"woodmart-title-container title  wd-font-weight- wd-fontsize-xl\" >Julienne Crunch patates k\u0131zartmas\u0131<\/h4>\n\t\t\t\t\t\t\t<\/div>\n\t\t\t\n\t\t\t\n\t\t\t\n\t\t<\/div>\n\t\t\n\t\t\t\t<div id=\"wd-6964db27e329a\" class=\"wd-text-block wd-wpb reset-last-child wd-rs-6964db27e329a text-left wd-fontsize-custom vc_custom_1768217387834\">\n\t\t\t<p>Derin Dondurulmu\u015f ve \u00d6nceden K\u0131zart\u0131lm\u0131\u015f<\/p>\n<p>Her lezzet tutkunu i\u00e7in alt\u0131n rengi ve \u00e7\u0131t\u0131r patates k\u0131zartmas\u0131<\/p>\n\t\t<\/div>\n\t\t\t\t<div id=\"wd-6964db2fe8c64\" class=\"wd-text-block wd-wpb reset-last-child wd-rs-6964db2fe8c64 text-left wd-fontsize-custom vc_custom_1768217395498\">\n\t\t\t\t\t<\/div>\n\t\t\t\t<div id=\"wd-6964db37e5638\" class=\"wd-text-block wd-wpb reset-last-child wd-rs-6964db37e5638 text-left wd-fontsize-custom\">\n\t\t\t<table>\n<tbody>\n<tr>\n<th style=\"text-align: left;\"><strong>Saklama s\u0131cakl\u0131\u011f\u0131<\/strong><\/th>\n<td style=\"text-align: left; font-size: 16px;\">-18\u00b0C (24 ay)<\/td>\n<\/tr>\n<tr>\n<th style=\"text-align: left;\"><strong>HELAL<\/strong><\/th>\n<td style=\"text-align: left; font-size: 16px;\">EVET<\/td>\n<\/tr>\n<tr>\n<th style=\"text-align: left;\"><strong>Paketleme<\/strong><\/th>\n<td style=\"text-align: left; font-size: 16px;\"><strong>Karton ba\u015f\u0131na 5 \u00d7 2,5 kg<\/strong><\/td>\n<\/tr>\n<tr>\n<th style=\"text-align: left;\"><strong>\u0130\u00e7indekiler<\/strong><\/th>\n<td style=\"text-align: left; font-size: 16px;\"><\/td>\n<\/tr>\n<tr>\n<th style=\"text-align: left;\"><strong>Haz\u0131rl\u0131k - frit\u00f6z<\/strong><\/th>\n<td style=\"text-align: left; font-size: 16px;\">175\u00b0C - 2 dakika 45 saniye<\/td>\n<\/tr>\n<tr>\n<th style=\"text-align: left;\"><strong>Haz\u0131rl\u0131k - f\u0131r\u0131n<\/strong><\/th>\n<td style=\"text-align: left; font-size: 16px;\"><\/td>\n<\/tr>\n<\/tbody>\n<\/table>\n\t\t<\/div>\n\t\t<\/div><\/div><\/div><\/div>\n<\/div>","protected":false},"excerpt":{"rendered":"<p>McCain Julienne 6\/6 5\u00d72,5 kg<\/p>\n<p>5 x 2,5 kg -&gt; Karton<\/p>\n<p>&nbsp;<\/p>","protected":false},"featured_media":159676,"template":"","meta":[],"product_brand":[],"product_cat":[127],"product_tag":[226],"class_list":{"0":"post-84850","1":"product","2":"type-product","3":"status-publish","4":"has-post-thumbnail","6":"product_cat-frytki","7":"product_tag-chrupka","8":"pa_brand-kaptan-food","9":"pa_brand-mccain","10":"pa_rodzaj-indyczy","11":"pa_rodzaj-kurczak","13":"first","14":"instock","15":"taxable","16":"shipping-taxable","17":"purchasable","18":"product-type-simple"},"yoast_head":"<!-- This site is optimized with the Yoast SEO plugin v27.3 - https:\/\/yoast.com\/product\/yoast-seo-wordpress\/ -->\n<title>Star 6\/6 Chrupka (5 x 2,5kg) - Kaptan Food<\/title>\n<meta name=\"robots\" content=\"index, follow, max-snippet:-1, max-image-preview:large, max-video-preview:-1\" \/>\n<link rel=\"canonical\" href=\"https:\/\/kaptanfood.pl\/tr\/product\/mccain-chrupka-6-6\/\" \/>\n<meta property=\"og:locale\" content=\"tr_TR\" \/>\n<meta property=\"og:type\" content=\"article\" \/>\n<meta property=\"og:title\" content=\"Star 6\/6 Chrupka (5 x 2,5kg) - Kaptan Food\" \/>\n<meta property=\"og:description\" content=\"McCain Julienne 6\/6 5\u00d72,5 kg  5 x 2,5 kg -&gt; Karton  &nbsp;\" \/>\n<meta property=\"og:url\" content=\"https:\/\/kaptanfood.pl\/tr\/product\/mccain-chrupka-6-6\/\" \/>\n<meta property=\"og:site_name\" content=\"Kaptan Food\" \/>\n<meta property=\"article:modified_time\" content=\"2026-02-27T11:45:44+00:00\" \/>\n<meta property=\"og:image\" content=\"https:\/\/kaptanfood.pl\/wp-content\/uploads\/2025\/02\/obraz_2025-11-17_120653997.png\" \/>\n\t<meta property=\"og:image:width\" content=\"1200\" \/>\n\t<meta property=\"og:image:height\" content=\"1200\" \/>\n\t<meta property=\"og:image:type\" content=\"image\/png\" \/>\n<meta name=\"twitter:card\" content=\"summary_large_image\" \/>\n<meta name=\"twitter:label1\" content=\"Tahmini okuma s\u00fcresi\" \/>\n\t<meta name=\"twitter:data1\" content=\"1 dakika\" \/>\n<script type=\"application\/ld+json\" class=\"yoast-schema-graph\">{\"@context\":\"https:\\\/\\\/schema.org\",\"@graph\":[{\"@type\":\"WebPage\",\"@id\":\"https:\\\/\\\/kaptanfood.pl\\\/product\\\/mccain-chrupka-6-6\\\/\",\"url\":\"https:\\\/\\\/kaptanfood.pl\\\/product\\\/mccain-chrupka-6-6\\\/\",\"name\":\"Star 6\\\/6 Chrupka (5 x 2,5kg) - Kaptan Food\",\"isPartOf\":{\"@id\":\"https:\\\/\\\/kaptanfood.pl\\\/tr\\\/#website\"},\"primaryImageOfPage\":{\"@id\":\"https:\\\/\\\/kaptanfood.pl\\\/product\\\/mccain-chrupka-6-6\\\/#primaryimage\"},\"image\":{\"@id\":\"https:\\\/\\\/kaptanfood.pl\\\/product\\\/mccain-chrupka-6-6\\\/#primaryimage\"},\"thumbnailUrl\":\"https:\\\/\\\/i0.wp.com\\\/kaptanfood.pl\\\/wp-content\\\/uploads\\\/2025\\\/02\\\/obraz_2025-11-17_120653997.png?fit=1200%2C1200&ssl=1\",\"datePublished\":\"2025-01-10T10:16:42+00:00\",\"dateModified\":\"2026-02-27T11:45:44+00:00\",\"breadcrumb\":{\"@id\":\"https:\\\/\\\/kaptanfood.pl\\\/product\\\/mccain-chrupka-6-6\\\/#breadcrumb\"},\"inLanguage\":\"tr\",\"potentialAction\":[{\"@type\":\"ReadAction\",\"target\":[\"https:\\\/\\\/kaptanfood.pl\\\/product\\\/mccain-chrupka-6-6\\\/\"]}]},{\"@type\":\"ImageObject\",\"inLanguage\":\"tr\",\"@id\":\"https:\\\/\\\/kaptanfood.pl\\\/product\\\/mccain-chrupka-6-6\\\/#primaryimage\",\"url\":\"https:\\\/\\\/i0.wp.com\\\/kaptanfood.pl\\\/wp-content\\\/uploads\\\/2025\\\/02\\\/obraz_2025-11-17_120653997.png?fit=1200%2C1200&ssl=1\",\"contentUrl\":\"https:\\\/\\\/i0.wp.com\\\/kaptanfood.pl\\\/wp-content\\\/uploads\\\/2025\\\/02\\\/obraz_2025-11-17_120653997.png?fit=1200%2C1200&ssl=1\",\"width\":1200,\"height\":1200},{\"@type\":\"BreadcrumbList\",\"@id\":\"https:\\\/\\\/kaptanfood.pl\\\/product\\\/mccain-chrupka-6-6\\\/#breadcrumb\",\"itemListElement\":[{\"@type\":\"ListItem\",\"position\":1,\"name\":\"Home\",\"item\":\"https:\\\/\\\/kaptanfood.pl\\\/\"},{\"@type\":\"ListItem\",\"position\":2,\"name\":\"Produkty\",\"item\":\"https:\\\/\\\/kaptanfood.pl\\\/produkty\\\/\"},{\"@type\":\"ListItem\",\"position\":3,\"name\":\"Star 6\\\/6 Chrupka (5 x 2,5kg)\"}]},{\"@type\":\"WebSite\",\"@id\":\"https:\\\/\\\/kaptanfood.pl\\\/tr\\\/#website\",\"url\":\"https:\\\/\\\/kaptanfood.pl\\\/tr\\\/\",\"name\":\"Kaptan Food\",\"description\":\"Kaptan Food Hurtownia Kebab - Wszystko dla restauracji\",\"potentialAction\":[{\"@type\":\"SearchAction\",\"target\":{\"@type\":\"EntryPoint\",\"urlTemplate\":\"https:\\\/\\\/kaptanfood.pl\\\/tr\\\/?s={search_term_string}\"},\"query-input\":{\"@type\":\"PropertyValueSpecification\",\"valueRequired\":true,\"valueName\":\"search_term_string\"}}],\"inLanguage\":\"tr\"}]}<\/script>\n<!-- \/ Yoast SEO plugin. -->","yoast_head_json":{"title":"Star 6\/6 Chrupka (5 x 2,5kg) - Kaptan Food","robots":{"index":"index","follow":"follow","max-snippet":"max-snippet:-1","max-image-preview":"max-image-preview:large","max-video-preview":"max-video-preview:-1"},"canonical":"https:\/\/kaptanfood.pl\/tr\/product\/mccain-chrupka-6-6\/","og_locale":"tr_TR","og_type":"article","og_title":"Star 6\/6 Chrupka (5 x 2,5kg) - Kaptan Food","og_description":"McCain Julienne 6\/6 5\u00d72,5 kg  5 x 2,5 kg -&gt; Karton  &nbsp;","og_url":"https:\/\/kaptanfood.pl\/tr\/product\/mccain-chrupka-6-6\/","og_site_name":"Kaptan Food","article_modified_time":"2026-02-27T11:45:44+00:00","og_image":[{"width":1200,"height":1200,"url":"https:\/\/kaptanfood.pl\/wp-content\/uploads\/2025\/02\/obraz_2025-11-17_120653997.png","type":"image\/png"}],"twitter_card":"summary_large_image","twitter_misc":{"Tahmini okuma s\u00fcresi":"1 dakika"},"schema":{"@context":"https:\/\/schema.org","@graph":[{"@type":"WebPage","@id":"https:\/\/kaptanfood.pl\/product\/mccain-chrupka-6-6\/","url":"https:\/\/kaptanfood.pl\/product\/mccain-chrupka-6-6\/","name":"Star 6\/6 Chrupka (5 x 2,5kg) - Kaptan Food","isPartOf":{"@id":"https:\/\/kaptanfood.pl\/tr\/#website"},"primaryImageOfPage":{"@id":"https:\/\/kaptanfood.pl\/product\/mccain-chrupka-6-6\/#primaryimage"},"image":{"@id":"https:\/\/kaptanfood.pl\/product\/mccain-chrupka-6-6\/#primaryimage"},"thumbnailUrl":"https:\/\/i0.wp.com\/kaptanfood.pl\/wp-content\/uploads\/2025\/02\/obraz_2025-11-17_120653997.png?fit=1200%2C1200&ssl=1","datePublished":"2025-01-10T10:16:42+00:00","dateModified":"2026-02-27T11:45:44+00:00","breadcrumb":{"@id":"https:\/\/kaptanfood.pl\/product\/mccain-chrupka-6-6\/#breadcrumb"},"inLanguage":"tr","potentialAction":[{"@type":"ReadAction","target":["https:\/\/kaptanfood.pl\/product\/mccain-chrupka-6-6\/"]}]},{"@type":"ImageObject","inLanguage":"tr","@id":"https:\/\/kaptanfood.pl\/product\/mccain-chrupka-6-6\/#primaryimage","url":"https:\/\/i0.wp.com\/kaptanfood.pl\/wp-content\/uploads\/2025\/02\/obraz_2025-11-17_120653997.png?fit=1200%2C1200&ssl=1","contentUrl":"https:\/\/i0.wp.com\/kaptanfood.pl\/wp-content\/uploads\/2025\/02\/obraz_2025-11-17_120653997.png?fit=1200%2C1200&ssl=1","width":1200,"height":1200},{"@type":"BreadcrumbList","@id":"https:\/\/kaptanfood.pl\/product\/mccain-chrupka-6-6\/#breadcrumb","itemListElement":[{"@type":"ListItem","position":1,"name":"Home","item":"https:\/\/kaptanfood.pl\/"},{"@type":"ListItem","position":2,"name":"Produkty","item":"https:\/\/kaptanfood.pl\/produkty\/"},{"@type":"ListItem","position":3,"name":"Star 6\/6 Chrupka (5 x 2,5kg)"}]},{"@type":"WebSite","@id":"https:\/\/kaptanfood.pl\/tr\/#website","url":"https:\/\/kaptanfood.pl\/tr\/","name":"Kaptan G\u0131da","description":"Kaptan G\u0131da Toptan Kebap - Restoranlar i\u00e7in her \u015fey","potentialAction":[{"@type":"SearchAction","target":{"@type":"EntryPoint","urlTemplate":"https:\/\/kaptanfood.pl\/tr\/?s={search_term_string}"},"query-input":{"@type":"PropertyValueSpecification","valueRequired":true,"valueName":"search_term_string"}}],"inLanguage":"tr"}]}},"jetpack_sharing_enabled":true,"_links":{"self":[{"href":"https:\/\/kaptanfood.pl\/tr\/wp-json\/wp\/v2\/product\/84850","targetHints":{"allow":["GET"]}}],"collection":[{"href":"https:\/\/kaptanfood.pl\/tr\/wp-json\/wp\/v2\/product"}],"about":[{"href":"https:\/\/kaptanfood.pl\/tr\/wp-json\/wp\/v2\/types\/product"}],"wp:featuredmedia":[{"embeddable":true,"href":"https:\/\/kaptanfood.pl\/tr\/wp-json\/wp\/v2\/media\/159676"}],"wp:attachment":[{"href":"https:\/\/kaptanfood.pl\/tr\/wp-json\/wp\/v2\/media?parent=84850"}],"wp:term":[{"taxonomy":"product_brand","embeddable":true,"href":"https:\/\/kaptanfood.pl\/tr\/wp-json\/wp\/v2\/product_brand?post=84850"},{"taxonomy":"product_cat","embeddable":true,"href":"https:\/\/kaptanfood.pl\/tr\/wp-json\/wp\/v2\/product_cat?post=84850"},{"taxonomy":"product_tag","embeddable":true,"href":"https:\/\/kaptanfood.pl\/tr\/wp-json\/wp\/v2\/product_tag?post=84850"}],"curies":[{"name":"wp","href":"https:\/\/api.w.org\/{rel}","templated":true}]}}