{"id":8465,"date":"2022-07-26T09:16:43","date_gmt":"2022-07-26T07:16:43","guid":{"rendered":"https:\/\/kaptanfood.pl\/?post_type=product&#038;p=8465"},"modified":"2026-03-30T11:12:12","modified_gmt":"2026-03-30T09:12:12","slug":"8465","status":"publish","type":"product","link":"https:\/\/kaptanfood.pl\/tr\/product\/8465\/","title":{"rendered":"Sar\u0131 Peynirli \u00c7\u0131t\u0131r b\u00f6rek 700 g (2035)"},"content":{"rendered":"<div class=\"wpb-content-wrapper\"><div class=\"vc_row wpb_row vc_row-fluid vc_custom_1632566163505 vc_row-o-content-middle vc_row-flex wd-rs-614efb885b0d8\"><div class=\"wpb_column vc_column_container vc_col-sm-12 vc_col-md-6\"><div class=\"vc_column-inner\"><div class=\"wpb_wrapper\">\t\t<div id=\"wd-698d7cbb9e39b\" class=\"wd-image wd-wpb wd-rs-698d7cbb9e39b text-left\">\n\t\t\t\n\t\t\t<img loading=\"lazy\" decoding=\"async\" width=\"700\" height=\"800\" src=\"https:\/\/i0.wp.com\/kaptanfood.pl\/wp-content\/uploads\/2022\/04\/kaptanfood-ciasto-citir-z-z-tym-serem.jpg?fit=700%2C800&amp;ssl=1\" class=\"attachment-full size-full\" alt=\"\" srcset=\"https:\/\/i0.wp.com\/kaptanfood.pl\/wp-content\/uploads\/2022\/04\/kaptanfood-ciasto-citir-z-z-tym-serem.jpg?w=700&amp;ssl=1 700w, https:\/\/i0.wp.com\/kaptanfood.pl\/wp-content\/uploads\/2022\/04\/kaptanfood-ciasto-citir-z-z-tym-serem.jpg?resize=263%2C300&amp;ssl=1 263w, https:\/\/i0.wp.com\/kaptanfood.pl\/wp-content\/uploads\/2022\/04\/kaptanfood-ciasto-citir-z-z-tym-serem.jpg?resize=430%2C491&amp;ssl=1 430w, https:\/\/i0.wp.com\/kaptanfood.pl\/wp-content\/uploads\/2022\/04\/kaptanfood-ciasto-citir-z-z-tym-serem.jpg?resize=150%2C171&amp;ssl=1 150w\" sizes=\"auto, (max-width: 700px) 100vw, 700px\" \/>\n\t\t\t\t\t<\/div>\n\t\t<\/div><\/div><\/div><div class=\"wpb_column vc_column_container vc_col-sm-12 vc_col-md-6\"><div class=\"vc_column-inner vc_custom_1496394189503\"><div class=\"wpb_wrapper\">\t\t<div id=\"wd-698d7ca7d00d2\" class=\"wd-text-block wd-wpb reset-last-child wd-rs-698d7ca7d00d2 text-left wd-fontsize-custom vc_custom_1770880184312\">\n\t\t\t\t\t<\/div>\n\t\t\t\t<div id=\"wd-698d7c8bb530c\" class=\"wd-text-block wd-wpb reset-last-child wd-rs-698d7c8bb530c text-left wd-fontsize-custom vc_custom_1770880154869\">\n\t\t\t<p>Bir\u00e7ok ki\u015fi tepsi kekleri yerine \u00e7\u0131t\u0131r kekleri sever. Ayr\u0131ca gouda ve cheddar gibi farkl\u0131 peynirleri tercih ederler. Kaptanlar, iki farkl\u0131 peynirin m\u00fckemmel kombinasyonu ile zengin bir dolguya sahip lezzetli bir hamur i\u015fi sunuyor. Bu \u00e7\u0131t\u0131r \u00e7\u0131t\u0131r hamur i\u015fleri, koruyucu veya tatland\u0131r\u0131c\u0131 gibi herhangi bir katk\u0131 maddesi i\u00e7ermez.<br \/>\nBisk\u00fcviler 180 santigrat derece f\u0131r\u0131nda sadece 35-40 dakika pi\u015ftikten sonra alt\u0131n sar\u0131s\u0131 rengini alacakt\u0131r. T\u00fcm aile ya da beklenmedik misafirler i\u00e7in ho\u015f bir ikram olacakt\u0131r.<\/p>\n\t\t<\/div>\n\t\t\t\t<div id=\"wd-698d7d2a75b8c\" class=\"wd-text-block wd-wpb reset-last-child wd-rs-698d7d2a75b8c text-left wd-fontsize-custom\">\n\t\t\t<table>\n<tbody>\n<tr>\n<th style=\"text-align: left\"><strong>Saklama s\u0131cakl\u0131\u011f\u0131<\/strong><\/th>\n<td style=\"text-align: left;font-size: 16px\">-18\u00b0C<\/td>\n<\/tr>\n<tr>\n<th style=\"text-align: left\"><strong>HELAL<\/strong><\/th>\n<td style=\"text-align: left;font-size: 16px\">EVET<\/td>\n<\/tr>\n<tr>\n<th style=\"text-align: left\"><strong>Paketleme<\/strong><\/th>\n<td style=\"text-align: left;font-size: 16px\"><strong>Bir kartonda 10 x 700 gr<\/strong><\/td>\n<\/tr>\n<tr>\n<th style=\"text-align: left\"><strong>\u0130\u00e7indekiler<\/strong><\/th>\n<td style=\"text-align: left;font-size: 16px\"><\/td>\n<\/tr>\n<tr>\n<th style=\"text-align: left\"><strong>Haz\u0131rl\u0131k\u00a0<\/strong><\/th>\n<td style=\"text-align: left;font-size: 16px\">15 - 20 dakika 200\u00b0C<\/td>\n<\/tr>\n<\/tbody>\n<\/table>\n\t\t<\/div>\n\t\t<\/div><\/div><\/div><\/div>\n<\/div>","protected":false},"excerpt":{"rendered":"Wiele os\u00f3b lubi chrupi\u0105ce ciastka zamiast ciasta na tackach. Preferuj\u0105 te\u017c r\u00f3\u017cne sery, takie jak gouda i cheddar. Kaptanlar oferuje","protected":false},"featured_media":7583,"template":"","meta":[],"product_brand":[],"product_cat":[269],"product_tag":[],"class_list":{"0":"post-8465","1":"product","2":"type-product","3":"status-publish","4":"has-post-thumbnail","6":"product_cat-mrozone-produkt-turecki","7":"pa_brand-kaptanlar","9":"first","10":"instock","11":"featured","12":"taxable","13":"shipping-taxable","14":"purchasable","15":"product-type-variable","16":"has-default-attributes"},"yoast_head":"<!-- This site is optimized with the Yoast SEO plugin v27.3 - https:\/\/yoast.com\/product\/yoast-seo-wordpress\/ -->\n<title>Ciasto Citir z \u017c\u00f3\u0142tym serem 700 gr (2035) - Kaptan Food<\/title>\n<meta name=\"robots\" content=\"index, follow, max-snippet:-1, max-image-preview:large, max-video-preview:-1\" \/>\n<link rel=\"canonical\" href=\"https:\/\/kaptanfood.pl\/tr\/product\/8465\/\" \/>\n<meta property=\"og:locale\" content=\"tr_TR\" \/>\n<meta property=\"og:type\" content=\"article\" \/>\n<meta property=\"og:title\" content=\"Ciasto Citir z \u017c\u00f3\u0142tym serem 700 gr (2035) - Kaptan Food\" \/>\n<meta property=\"og:url\" content=\"https:\/\/kaptanfood.pl\/tr\/product\/8465\/\" \/>\n<meta property=\"og:site_name\" content=\"Kaptan Food\" \/>\n<meta property=\"article:modified_time\" content=\"2026-03-30T09:12:12+00:00\" \/>\n<meta property=\"og:image\" content=\"https:\/\/kaptanfood.pl\/wp-content\/uploads\/2022\/04\/kaptanfood-ciasto-citir-z-z-tym-serem.jpg\" \/>\n\t<meta property=\"og:image:width\" content=\"700\" \/>\n\t<meta property=\"og:image:height\" content=\"800\" \/>\n\t<meta property=\"og:image:type\" content=\"image\/jpeg\" \/>\n<meta name=\"twitter:card\" content=\"summary_large_image\" \/>\n<meta name=\"twitter:label1\" content=\"Tahmini okuma s\u00fcresi\" \/>\n\t<meta name=\"twitter:data1\" content=\"2 dakika\" \/>\n<script type=\"application\/ld+json\" class=\"yoast-schema-graph\">{\"@context\":\"https:\\\/\\\/schema.org\",\"@graph\":[{\"@type\":\"WebPage\",\"@id\":\"https:\\\/\\\/kaptanfood.pl\\\/product\\\/8465\\\/\",\"url\":\"https:\\\/\\\/kaptanfood.pl\\\/product\\\/8465\\\/\",\"name\":\"Ciasto Citir z \u017c\u00f3\u0142tym serem 700 gr (2035) - Kaptan Food\",\"isPartOf\":{\"@id\":\"https:\\\/\\\/kaptanfood.pl\\\/tr\\\/#website\"},\"primaryImageOfPage\":{\"@id\":\"https:\\\/\\\/kaptanfood.pl\\\/product\\\/8465\\\/#primaryimage\"},\"image\":{\"@id\":\"https:\\\/\\\/kaptanfood.pl\\\/product\\\/8465\\\/#primaryimage\"},\"thumbnailUrl\":\"https:\\\/\\\/i0.wp.com\\\/kaptanfood.pl\\\/wp-content\\\/uploads\\\/2022\\\/04\\\/kaptanfood-ciasto-citir-z-z-tym-serem.jpg?fit=700%2C800&ssl=1\",\"datePublished\":\"2022-07-26T07:16:43+00:00\",\"dateModified\":\"2026-03-30T09:12:12+00:00\",\"breadcrumb\":{\"@id\":\"https:\\\/\\\/kaptanfood.pl\\\/product\\\/8465\\\/#breadcrumb\"},\"inLanguage\":\"tr\",\"potentialAction\":[{\"@type\":\"ReadAction\",\"target\":[\"https:\\\/\\\/kaptanfood.pl\\\/product\\\/8465\\\/\"]}]},{\"@type\":\"ImageObject\",\"inLanguage\":\"tr\",\"@id\":\"https:\\\/\\\/kaptanfood.pl\\\/product\\\/8465\\\/#primaryimage\",\"url\":\"https:\\\/\\\/i0.wp.com\\\/kaptanfood.pl\\\/wp-content\\\/uploads\\\/2022\\\/04\\\/kaptanfood-ciasto-citir-z-z-tym-serem.jpg?fit=700%2C800&ssl=1\",\"contentUrl\":\"https:\\\/\\\/i0.wp.com\\\/kaptanfood.pl\\\/wp-content\\\/uploads\\\/2022\\\/04\\\/kaptanfood-ciasto-citir-z-z-tym-serem.jpg?fit=700%2C800&ssl=1\",\"width\":700,\"height\":800},{\"@type\":\"BreadcrumbList\",\"@id\":\"https:\\\/\\\/kaptanfood.pl\\\/product\\\/8465\\\/#breadcrumb\",\"itemListElement\":[{\"@type\":\"ListItem\",\"position\":1,\"name\":\"Home\",\"item\":\"https:\\\/\\\/kaptanfood.pl\\\/\"},{\"@type\":\"ListItem\",\"position\":2,\"name\":\"Produkty\",\"item\":\"https:\\\/\\\/kaptanfood.pl\\\/produkty\\\/\"},{\"@type\":\"ListItem\",\"position\":3,\"name\":\"Ciasto Citir z \u017c\u00f3\u0142tym serem 700 gr (2035)\"}]},{\"@type\":\"WebSite\",\"@id\":\"https:\\\/\\\/kaptanfood.pl\\\/tr\\\/#website\",\"url\":\"https:\\\/\\\/kaptanfood.pl\\\/tr\\\/\",\"name\":\"Kaptan Food\",\"description\":\"Kaptan Food Hurtownia Kebab - Wszystko dla restauracji\",\"potentialAction\":[{\"@type\":\"SearchAction\",\"target\":{\"@type\":\"EntryPoint\",\"urlTemplate\":\"https:\\\/\\\/kaptanfood.pl\\\/tr\\\/?s={search_term_string}\"},\"query-input\":{\"@type\":\"PropertyValueSpecification\",\"valueRequired\":true,\"valueName\":\"search_term_string\"}}],\"inLanguage\":\"tr\"}]}<\/script>\n<!-- \/ Yoast SEO plugin. -->","yoast_head_json":{"title":"Ciasto Citir z \u017c\u00f3\u0142tym serem 700 gr (2035) - Kaptan Food","robots":{"index":"index","follow":"follow","max-snippet":"max-snippet:-1","max-image-preview":"max-image-preview:large","max-video-preview":"max-video-preview:-1"},"canonical":"https:\/\/kaptanfood.pl\/tr\/product\/8465\/","og_locale":"tr_TR","og_type":"article","og_title":"Ciasto Citir z \u017c\u00f3\u0142tym serem 700 gr (2035) - Kaptan Food","og_url":"https:\/\/kaptanfood.pl\/tr\/product\/8465\/","og_site_name":"Kaptan Food","article_modified_time":"2026-03-30T09:12:12+00:00","og_image":[{"width":700,"height":800,"url":"https:\/\/kaptanfood.pl\/wp-content\/uploads\/2022\/04\/kaptanfood-ciasto-citir-z-z-tym-serem.jpg","type":"image\/jpeg"}],"twitter_card":"summary_large_image","twitter_misc":{"Tahmini okuma s\u00fcresi":"2 dakika"},"schema":{"@context":"https:\/\/schema.org","@graph":[{"@type":"WebPage","@id":"https:\/\/kaptanfood.pl\/product\/8465\/","url":"https:\/\/kaptanfood.pl\/product\/8465\/","name":"Ciasto Citir z \u017c\u00f3\u0142tym serem 700 gr (2035) - Kaptan Food","isPartOf":{"@id":"https:\/\/kaptanfood.pl\/tr\/#website"},"primaryImageOfPage":{"@id":"https:\/\/kaptanfood.pl\/product\/8465\/#primaryimage"},"image":{"@id":"https:\/\/kaptanfood.pl\/product\/8465\/#primaryimage"},"thumbnailUrl":"https:\/\/i0.wp.com\/kaptanfood.pl\/wp-content\/uploads\/2022\/04\/kaptanfood-ciasto-citir-z-z-tym-serem.jpg?fit=700%2C800&ssl=1","datePublished":"2022-07-26T07:16:43+00:00","dateModified":"2026-03-30T09:12:12+00:00","breadcrumb":{"@id":"https:\/\/kaptanfood.pl\/product\/8465\/#breadcrumb"},"inLanguage":"tr","potentialAction":[{"@type":"ReadAction","target":["https:\/\/kaptanfood.pl\/product\/8465\/"]}]},{"@type":"ImageObject","inLanguage":"tr","@id":"https:\/\/kaptanfood.pl\/product\/8465\/#primaryimage","url":"https:\/\/i0.wp.com\/kaptanfood.pl\/wp-content\/uploads\/2022\/04\/kaptanfood-ciasto-citir-z-z-tym-serem.jpg?fit=700%2C800&ssl=1","contentUrl":"https:\/\/i0.wp.com\/kaptanfood.pl\/wp-content\/uploads\/2022\/04\/kaptanfood-ciasto-citir-z-z-tym-serem.jpg?fit=700%2C800&ssl=1","width":700,"height":800},{"@type":"BreadcrumbList","@id":"https:\/\/kaptanfood.pl\/product\/8465\/#breadcrumb","itemListElement":[{"@type":"ListItem","position":1,"name":"Home","item":"https:\/\/kaptanfood.pl\/"},{"@type":"ListItem","position":2,"name":"Produkty","item":"https:\/\/kaptanfood.pl\/produkty\/"},{"@type":"ListItem","position":3,"name":"Ciasto Citir z \u017c\u00f3\u0142tym serem 700 gr (2035)"}]},{"@type":"WebSite","@id":"https:\/\/kaptanfood.pl\/tr\/#website","url":"https:\/\/kaptanfood.pl\/tr\/","name":"Kaptan G\u0131da","description":"Kaptan G\u0131da Toptan Kebap - Restoranlar i\u00e7in her \u015fey","potentialAction":[{"@type":"SearchAction","target":{"@type":"EntryPoint","urlTemplate":"https:\/\/kaptanfood.pl\/tr\/?s={search_term_string}"},"query-input":{"@type":"PropertyValueSpecification","valueRequired":true,"valueName":"search_term_string"}}],"inLanguage":"tr"}]}},"jetpack_sharing_enabled":true,"_links":{"self":[{"href":"https:\/\/kaptanfood.pl\/tr\/wp-json\/wp\/v2\/product\/8465","targetHints":{"allow":["GET"]}}],"collection":[{"href":"https:\/\/kaptanfood.pl\/tr\/wp-json\/wp\/v2\/product"}],"about":[{"href":"https:\/\/kaptanfood.pl\/tr\/wp-json\/wp\/v2\/types\/product"}],"wp:featuredmedia":[{"embeddable":true,"href":"https:\/\/kaptanfood.pl\/tr\/wp-json\/wp\/v2\/media\/7583"}],"wp:attachment":[{"href":"https:\/\/kaptanfood.pl\/tr\/wp-json\/wp\/v2\/media?parent=8465"}],"wp:term":[{"taxonomy":"product_brand","embeddable":true,"href":"https:\/\/kaptanfood.pl\/tr\/wp-json\/wp\/v2\/product_brand?post=8465"},{"taxonomy":"product_cat","embeddable":true,"href":"https:\/\/kaptanfood.pl\/tr\/wp-json\/wp\/v2\/product_cat?post=8465"},{"taxonomy":"product_tag","embeddable":true,"href":"https:\/\/kaptanfood.pl\/tr\/wp-json\/wp\/v2\/product_tag?post=8465"}],"curies":[{"name":"wp","href":"https:\/\/api.w.org\/{rel}","templated":true}]}}