{"id":7676,"date":"2022-04-05T10:58:24","date_gmt":"2022-04-05T08:58:24","guid":{"rendered":"https:\/\/kaptanfood.pl\/?post_type=product&#038;p=7676"},"modified":"2025-12-04T12:08:49","modified_gmt":"2025-12-04T11:08:49","slug":"ostrze-do-noza-tandir-zabkowane","status":"publish","type":"product","link":"https:\/\/kaptanfood.pl\/tr\/product\/ostrze-do-noza-tandir-zabkowane\/","title":{"rendered":"Tand\u0131r B\u0131\u00e7a\u011f\u0131 \u0130\u00e7in T\u0131rt\u0131kl\u0131 B\u0131\u00e7ak Ucu (120 mm)"},"content":{"rendered":"<div class=\"wpb-content-wrapper\"><div class=\"vc_row wpb_row vc_row-fluid vc_row-o-equal-height vc_row-o-content-top vc_row-flex\"><div class=\"wpb_column vc_column_container vc_col-sm-12 vc_col-lg-4 vc_col-md-4 vc_col-xs-12 wd-rs-61827b8e5abdf\"><div class=\"vc_column-inner vc_custom_1635941267568\"><div class=\"wpb_wrapper\">\n\t<div class=\"wpb_text_column wpb_content_element\" >\n\t\t<div class=\"wpb_wrapper\">\n\t\t\t<div id=\"wd-624c04e353e5c\" class=\"title-wrapper wd-wpb set-mb-s reset-last-child wd-rs-624c04e353e5c wd-title-color-default wd-title-style-default wd-width-100 text-left wd-underline-colored\">\n<div class=\"liner-continer\">\n<h4 class=\"woodmart-title-container title wd-font-weight- wd-fontsize-l\">B\u0131\u00e7ak a\u011fz\u0131<\/h4>\n<\/div>\n<\/div>\n<div id=\"wd-624c04fe2728b\" class=\"wd-text-block wd-wpb reset-last-child wd-rs-624c04fe2728b wd-width-100 text-left vc_custom_1649149188598\">\n<div class=\"content-text\">\n<ul>\n<li>\n<div class=\"content-text\">\n<div class=\"content-text\">\n<p class=\"main-title\">Tandir b\u0131\u00e7ak a\u011fz\u0131 T\u0131rt\u0131kl\u0131 (120mm)<\/p>\n<\/div>\n<\/div>\n<\/li>\n<\/ul>\n<\/div>\n<\/div>\n\n\t\t<\/div>\n\t<\/div>\n<\/div><\/div><\/div><div class=\"wpb_column vc_column_container vc_col-sm-6 vc_col-lg-4 vc_col-md-4 vc_col-xs-12 wd-rs-61827b8294f87\"><div class=\"vc_column-inner\"><div class=\"wpb_wrapper\">\n\t<div  class=\"wpb_single_image wpb_content_element vc_align_left vc_custom_1664449330231\">\n\t\t\n\t\t<figure class=\"wpb_wrapper vc_figure\">\n\t\t\t<div class=\"vc_single_image-wrapper   vc_box_border_grey\"><img loading=\"lazy\" decoding=\"async\" width=\"700\" height=\"800\" src=\"https:\/\/i0.wp.com\/kaptanfood.pl\/wp-content\/uploads\/2022\/09\/tandir-zabkowane.png?fit=700%2C800&amp;ssl=1\" class=\"vc_single_image-img attachment-full\" alt=\"\" title=\"tandir \u00f6ld\u00fcr\u00fcld\u00fc\" srcset=\"https:\/\/i0.wp.com\/kaptanfood.pl\/wp-content\/uploads\/2022\/09\/tandir-zabkowane.png?w=700&amp;ssl=1 700w, https:\/\/i0.wp.com\/kaptanfood.pl\/wp-content\/uploads\/2022\/09\/tandir-zabkowane.png?w=263&amp;ssl=1 263w, https:\/\/i0.wp.com\/kaptanfood.pl\/wp-content\/uploads\/2022\/09\/tandir-zabkowane.png?resize=430%2C491&amp;ssl=1 430w, https:\/\/i0.wp.com\/kaptanfood.pl\/wp-content\/uploads\/2022\/09\/tandir-zabkowane.png?resize=150%2C171&amp;ssl=1 150w\" sizes=\"auto, (max-width: 700px) 100vw, 700px\" \/><\/div>\n\t\t<\/figure>\n\t<\/div>\n<\/div><\/div><\/div><div class=\"wpb_column vc_column_container vc_col-sm-6 vc_col-lg-4 vc_col-md-4 vc_col-xs-12 wd-rs-61827b9533868\"><div class=\"vc_column-inner\"><div class=\"wpb_wrapper\">\n\t<div  class=\"wpb_single_image wpb_content_element vc_align_left vc_custom_1664449341638\">\n\t\t\n\t\t<figure class=\"wpb_wrapper vc_figure\">\n\t\t\t<div class=\"vc_single_image-wrapper   vc_box_border_grey\"><img loading=\"lazy\" decoding=\"async\" width=\"700\" height=\"800\" src=\"https:\/\/i0.wp.com\/kaptanfood.pl\/wp-content\/uploads\/2022\/09\/tandir-zabkowane.png?fit=700%2C800&amp;ssl=1\" class=\"vc_single_image-img attachment-full\" alt=\"\" title=\"tandir \u00f6ld\u00fcr\u00fcld\u00fc\" srcset=\"https:\/\/i0.wp.com\/kaptanfood.pl\/wp-content\/uploads\/2022\/09\/tandir-zabkowane.png?w=700&amp;ssl=1 700w, https:\/\/i0.wp.com\/kaptanfood.pl\/wp-content\/uploads\/2022\/09\/tandir-zabkowane.png?w=263&amp;ssl=1 263w, https:\/\/i0.wp.com\/kaptanfood.pl\/wp-content\/uploads\/2022\/09\/tandir-zabkowane.png?resize=430%2C491&amp;ssl=1 430w, https:\/\/i0.wp.com\/kaptanfood.pl\/wp-content\/uploads\/2022\/09\/tandir-zabkowane.png?resize=150%2C171&amp;ssl=1 150w\" sizes=\"auto, (max-width: 700px) 100vw, 700px\" \/><\/div>\n\t\t<\/figure>\n\t<\/div>\n<\/div><\/div><\/div><\/div>\n<\/div>","protected":false},"excerpt":{"rendered":"<div class=\"content-text\">\n<div class=\"content-text\">\n<div class=\"content-text\">\n<div class=\"tlt\">\n<div class=\"content-text\">\n<div class=\"content-text\">\n<div class=\"content-text\">\n<div class=\"content-text\">\n<div class=\"content-text\">\n<div class=\"content-text\">\n<div class=\"content-text\">\n<div class=\"content-text\">\n<p class=\"main-title\">Tandir b\u0131\u00e7ak a\u011fz\u0131 T\u0131rt\u0131kl\u0131<\/p>\n<\/div>\n<\/div>\n<\/div>\n<\/div>\n<\/div>\n<\/div>\n<\/div>\n<\/div>\n<\/div>\n<\/div>\n<\/div>\n<\/div>\n<p>&nbsp;<\/p>","protected":false},"featured_media":9449,"template":"","meta":[],"product_brand":[],"product_cat":[82],"product_tag":[],"class_list":{"0":"post-7676","1":"product","2":"type-product","3":"status-publish","4":"has-post-thumbnail","6":"product_cat-wyposazenie","7":"pa_brand-kaptan-food","8":"pa_waga-10-kg","10":"first","11":"instock","12":"taxable","13":"shipping-taxable","14":"purchasable","15":"product-type-simple"},"yoast_head":"<!-- This site is optimized with the Yoast SEO plugin v27.3 - https:\/\/yoast.com\/product\/yoast-seo-wordpress\/ -->\n<title>Ostrze Do No\u017ca Tandir Z\u0105bkowane (120 mm) - Kaptan Food<\/title>\n<meta name=\"robots\" content=\"index, follow, max-snippet:-1, max-image-preview:large, max-video-preview:-1\" \/>\n<link rel=\"canonical\" href=\"https:\/\/kaptanfood.pl\/tr\/product\/ostrze-do-noza-tandir-zabkowane\/\" \/>\n<meta property=\"og:locale\" content=\"tr_TR\" \/>\n<meta property=\"og:type\" content=\"article\" \/>\n<meta property=\"og:title\" content=\"Ostrze Do No\u017ca Tandir Z\u0105bkowane (120 mm) - Kaptan Food\" \/>\n<meta property=\"og:description\" content=\"Ostrze Do No\u017ca Tandir Z\u0105bkowane              &nbsp;\" \/>\n<meta property=\"og:url\" content=\"https:\/\/kaptanfood.pl\/tr\/product\/ostrze-do-noza-tandir-zabkowane\/\" \/>\n<meta property=\"og:site_name\" content=\"Kaptan Food\" \/>\n<meta property=\"article:modified_time\" content=\"2025-12-04T11:08:49+00:00\" \/>\n<meta property=\"og:image\" content=\"https:\/\/i0.wp.com\/kaptanfood.pl\/wp-content\/uploads\/2022\/09\/tandir-zabkowane.png?fit=700%2C800&ssl=1\" \/>\n\t<meta property=\"og:image:width\" content=\"700\" \/>\n\t<meta property=\"og:image:height\" content=\"800\" \/>\n\t<meta property=\"og:image:type\" content=\"image\/png\" \/>\n<meta name=\"twitter:card\" content=\"summary_large_image\" \/>\n<meta name=\"twitter:label1\" content=\"Tahmini okuma s\u00fcresi\" \/>\n\t<meta name=\"twitter:data1\" content=\"2 dakika\" \/>\n<script type=\"application\/ld+json\" class=\"yoast-schema-graph\">{\"@context\":\"https:\\\/\\\/schema.org\",\"@graph\":[{\"@type\":\"WebPage\",\"@id\":\"https:\\\/\\\/kaptanfood.pl\\\/product\\\/ostrze-do-noza-tandir-zabkowane\\\/\",\"url\":\"https:\\\/\\\/kaptanfood.pl\\\/product\\\/ostrze-do-noza-tandir-zabkowane\\\/\",\"name\":\"Ostrze Do No\u017ca Tandir Z\u0105bkowane (120 mm) - Kaptan Food\",\"isPartOf\":{\"@id\":\"https:\\\/\\\/kaptanfood.pl\\\/tr\\\/#website\"},\"primaryImageOfPage\":{\"@id\":\"https:\\\/\\\/kaptanfood.pl\\\/product\\\/ostrze-do-noza-tandir-zabkowane\\\/#primaryimage\"},\"image\":{\"@id\":\"https:\\\/\\\/kaptanfood.pl\\\/product\\\/ostrze-do-noza-tandir-zabkowane\\\/#primaryimage\"},\"thumbnailUrl\":\"https:\\\/\\\/i0.wp.com\\\/kaptanfood.pl\\\/wp-content\\\/uploads\\\/2022\\\/09\\\/tandir-zabkowane.png?fit=700%2C800&ssl=1\",\"datePublished\":\"2022-04-05T08:58:24+00:00\",\"dateModified\":\"2025-12-04T11:08:49+00:00\",\"breadcrumb\":{\"@id\":\"https:\\\/\\\/kaptanfood.pl\\\/product\\\/ostrze-do-noza-tandir-zabkowane\\\/#breadcrumb\"},\"inLanguage\":\"tr\",\"potentialAction\":[{\"@type\":\"ReadAction\",\"target\":[\"https:\\\/\\\/kaptanfood.pl\\\/product\\\/ostrze-do-noza-tandir-zabkowane\\\/\"]}]},{\"@type\":\"ImageObject\",\"inLanguage\":\"tr\",\"@id\":\"https:\\\/\\\/kaptanfood.pl\\\/product\\\/ostrze-do-noza-tandir-zabkowane\\\/#primaryimage\",\"url\":\"https:\\\/\\\/i0.wp.com\\\/kaptanfood.pl\\\/wp-content\\\/uploads\\\/2022\\\/09\\\/tandir-zabkowane.png?fit=700%2C800&ssl=1\",\"contentUrl\":\"https:\\\/\\\/i0.wp.com\\\/kaptanfood.pl\\\/wp-content\\\/uploads\\\/2022\\\/09\\\/tandir-zabkowane.png?fit=700%2C800&ssl=1\",\"width\":700,\"height\":800},{\"@type\":\"BreadcrumbList\",\"@id\":\"https:\\\/\\\/kaptanfood.pl\\\/product\\\/ostrze-do-noza-tandir-zabkowane\\\/#breadcrumb\",\"itemListElement\":[{\"@type\":\"ListItem\",\"position\":1,\"name\":\"Home\",\"item\":\"https:\\\/\\\/kaptanfood.pl\\\/\"},{\"@type\":\"ListItem\",\"position\":2,\"name\":\"Produkty\",\"item\":\"https:\\\/\\\/kaptanfood.pl\\\/produkty\\\/\"},{\"@type\":\"ListItem\",\"position\":3,\"name\":\"Ostrze Do No\u017ca Tandir Z\u0105bkowane (120 mm)\"}]},{\"@type\":\"WebSite\",\"@id\":\"https:\\\/\\\/kaptanfood.pl\\\/tr\\\/#website\",\"url\":\"https:\\\/\\\/kaptanfood.pl\\\/tr\\\/\",\"name\":\"Kaptan Food\",\"description\":\"Kaptan Food Hurtownia Kebab - Wszystko dla restauracji\",\"potentialAction\":[{\"@type\":\"SearchAction\",\"target\":{\"@type\":\"EntryPoint\",\"urlTemplate\":\"https:\\\/\\\/kaptanfood.pl\\\/tr\\\/?s={search_term_string}\"},\"query-input\":{\"@type\":\"PropertyValueSpecification\",\"valueRequired\":true,\"valueName\":\"search_term_string\"}}],\"inLanguage\":\"tr\"}]}<\/script>\n<!-- \/ Yoast SEO plugin. -->","yoast_head_json":{"title":"Ostrze Do No\u017ca Tandir Z\u0105bkowane (120 mm) - Kaptan Food","robots":{"index":"index","follow":"follow","max-snippet":"max-snippet:-1","max-image-preview":"max-image-preview:large","max-video-preview":"max-video-preview:-1"},"canonical":"https:\/\/kaptanfood.pl\/tr\/product\/ostrze-do-noza-tandir-zabkowane\/","og_locale":"tr_TR","og_type":"article","og_title":"Ostrze Do No\u017ca Tandir Z\u0105bkowane (120 mm) - Kaptan Food","og_description":"Ostrze Do No\u017ca Tandir Z\u0105bkowane              &nbsp;","og_url":"https:\/\/kaptanfood.pl\/tr\/product\/ostrze-do-noza-tandir-zabkowane\/","og_site_name":"Kaptan Food","article_modified_time":"2025-12-04T11:08:49+00:00","og_image":[{"width":700,"height":800,"url":"https:\/\/i0.wp.com\/kaptanfood.pl\/wp-content\/uploads\/2022\/09\/tandir-zabkowane.png?fit=700%2C800&ssl=1","type":"image\/png"}],"twitter_card":"summary_large_image","twitter_misc":{"Tahmini okuma s\u00fcresi":"2 dakika"},"schema":{"@context":"https:\/\/schema.org","@graph":[{"@type":"WebPage","@id":"https:\/\/kaptanfood.pl\/product\/ostrze-do-noza-tandir-zabkowane\/","url":"https:\/\/kaptanfood.pl\/product\/ostrze-do-noza-tandir-zabkowane\/","name":"Ostrze Do No\u017ca Tandir Z\u0105bkowane (120 mm) - Kaptan Food","isPartOf":{"@id":"https:\/\/kaptanfood.pl\/tr\/#website"},"primaryImageOfPage":{"@id":"https:\/\/kaptanfood.pl\/product\/ostrze-do-noza-tandir-zabkowane\/#primaryimage"},"image":{"@id":"https:\/\/kaptanfood.pl\/product\/ostrze-do-noza-tandir-zabkowane\/#primaryimage"},"thumbnailUrl":"https:\/\/i0.wp.com\/kaptanfood.pl\/wp-content\/uploads\/2022\/09\/tandir-zabkowane.png?fit=700%2C800&ssl=1","datePublished":"2022-04-05T08:58:24+00:00","dateModified":"2025-12-04T11:08:49+00:00","breadcrumb":{"@id":"https:\/\/kaptanfood.pl\/product\/ostrze-do-noza-tandir-zabkowane\/#breadcrumb"},"inLanguage":"tr","potentialAction":[{"@type":"ReadAction","target":["https:\/\/kaptanfood.pl\/product\/ostrze-do-noza-tandir-zabkowane\/"]}]},{"@type":"ImageObject","inLanguage":"tr","@id":"https:\/\/kaptanfood.pl\/product\/ostrze-do-noza-tandir-zabkowane\/#primaryimage","url":"https:\/\/i0.wp.com\/kaptanfood.pl\/wp-content\/uploads\/2022\/09\/tandir-zabkowane.png?fit=700%2C800&ssl=1","contentUrl":"https:\/\/i0.wp.com\/kaptanfood.pl\/wp-content\/uploads\/2022\/09\/tandir-zabkowane.png?fit=700%2C800&ssl=1","width":700,"height":800},{"@type":"BreadcrumbList","@id":"https:\/\/kaptanfood.pl\/product\/ostrze-do-noza-tandir-zabkowane\/#breadcrumb","itemListElement":[{"@type":"ListItem","position":1,"name":"Home","item":"https:\/\/kaptanfood.pl\/"},{"@type":"ListItem","position":2,"name":"Produkty","item":"https:\/\/kaptanfood.pl\/produkty\/"},{"@type":"ListItem","position":3,"name":"Ostrze Do No\u017ca Tandir Z\u0105bkowane (120 mm)"}]},{"@type":"WebSite","@id":"https:\/\/kaptanfood.pl\/tr\/#website","url":"https:\/\/kaptanfood.pl\/tr\/","name":"Kaptan G\u0131da","description":"Kaptan G\u0131da Toptan Kebap - Restoranlar i\u00e7in her \u015fey","potentialAction":[{"@type":"SearchAction","target":{"@type":"EntryPoint","urlTemplate":"https:\/\/kaptanfood.pl\/tr\/?s={search_term_string}"},"query-input":{"@type":"PropertyValueSpecification","valueRequired":true,"valueName":"search_term_string"}}],"inLanguage":"tr"}]}},"jetpack_sharing_enabled":true,"_links":{"self":[{"href":"https:\/\/kaptanfood.pl\/tr\/wp-json\/wp\/v2\/product\/7676","targetHints":{"allow":["GET"]}}],"collection":[{"href":"https:\/\/kaptanfood.pl\/tr\/wp-json\/wp\/v2\/product"}],"about":[{"href":"https:\/\/kaptanfood.pl\/tr\/wp-json\/wp\/v2\/types\/product"}],"wp:featuredmedia":[{"embeddable":true,"href":"https:\/\/kaptanfood.pl\/tr\/wp-json\/wp\/v2\/media\/9449"}],"wp:attachment":[{"href":"https:\/\/kaptanfood.pl\/tr\/wp-json\/wp\/v2\/media?parent=7676"}],"wp:term":[{"taxonomy":"product_brand","embeddable":true,"href":"https:\/\/kaptanfood.pl\/tr\/wp-json\/wp\/v2\/product_brand?post=7676"},{"taxonomy":"product_cat","embeddable":true,"href":"https:\/\/kaptanfood.pl\/tr\/wp-json\/wp\/v2\/product_cat?post=7676"},{"taxonomy":"product_tag","embeddable":true,"href":"https:\/\/kaptanfood.pl\/tr\/wp-json\/wp\/v2\/product_tag?post=7676"}],"curies":[{"name":"wp","href":"https:\/\/api.w.org\/{rel}","templated":true}]}}