{"id":76627,"date":"2024-09-17T11:54:54","date_gmt":"2024-09-17T09:54:54","guid":{"rendered":"https:\/\/kaptanfood.pl\/?post_type=product&#038;p=76627"},"modified":"2026-02-27T12:47:06","modified_gmt":"2026-02-27T11:47:06","slug":"mccain-fryn-dip","status":"publish","type":"product","link":"https:\/\/kaptanfood.pl\/tr\/product\/mccain-fryn-dip\/","title":{"rendered":"McCain Fry'n Dip (5 x 2,5 kg)"},"content":{"rendered":"<div class=\"wpb-content-wrapper\"><div class=\"vc_row wpb_row vc_row-fluid vc_custom_1632566163505 vc_row-o-content-middle vc_row-flex wd-rs-614efb885b0d8\"><div class=\"wpb_column vc_column_container vc_col-sm-12 vc_col-md-6\"><div class=\"vc_column-inner\"><div class=\"wpb_wrapper\">\t\t<div id=\"wd-69a1842aeb664\" class=\"wd-image wd-wpb wd-rs-69a1842aeb664 hidden-xs text-left\">\n\t\t\t\n\t\t\t<img loading=\"lazy\" decoding=\"async\" width=\"700\" height=\"800\" src=\"https:\/\/i0.wp.com\/kaptanfood.pl\/wp-content\/uploads\/2024\/09\/fry-in-dip2.webp?fit=700%2C800&amp;ssl=1\" class=\"attachment-full size-full\" alt=\"\" srcset=\"https:\/\/i0.wp.com\/kaptanfood.pl\/wp-content\/uploads\/2024\/09\/fry-in-dip2.webp?w=700&amp;ssl=1 700w, https:\/\/i0.wp.com\/kaptanfood.pl\/wp-content\/uploads\/2024\/09\/fry-in-dip2.webp?resize=263%2C300&amp;ssl=1 263w, https:\/\/i0.wp.com\/kaptanfood.pl\/wp-content\/uploads\/2024\/09\/fry-in-dip2.webp?resize=11%2C12&amp;ssl=1 11w, https:\/\/i0.wp.com\/kaptanfood.pl\/wp-content\/uploads\/2024\/09\/fry-in-dip2.webp?resize=430%2C491&amp;ssl=1 430w, https:\/\/i0.wp.com\/kaptanfood.pl\/wp-content\/uploads\/2024\/09\/fry-in-dip2.webp?resize=150%2C171&amp;ssl=1 150w\" sizes=\"auto, (max-width: 700px) 100vw, 700px\" \/>\n\t\t\t\t\t<\/div>\n\t\t<\/div><\/div><\/div><div class=\"wpb_column vc_column_container vc_col-sm-12 vc_col-md-6\"><div class=\"vc_column-inner vc_custom_1496394189503\"><div class=\"wpb_wrapper\">\n\t\t<div id=\"wd-6964cb2a7ba3d\" class=\"title-wrapper wd-wpb wd-set-mb reset-last-child  wd-rs-6964cb2a7ba3d wd-title-color-default wd-title-style-default text-left vc_custom_1768213295738 wd-width-custom wd-underline-colored\">\n\t\t\t\n\t\t\t<div class=\"liner-continer\">\n\t\t\t\t<h4 class=\"woodmart-title-container title  wd-font-weight- wd-fontsize-xl\" >Patates cipsi - klasik<\/h4>\n\t\t\t\t\t\t\t<\/div>\n\t\t\t\n\t\t\t\n\t\t\t\n\t\t<\/div>\n\t\t\n\t\t\t\t<div id=\"wd-6964ca6fa8b4f\" class=\"wd-text-block wd-wpb reset-last-child wd-rs-6964ca6fa8b4f text-left wd-fontsize-custom vc_custom_1768213107161\">\n\t\t\t<p>Kay\u0131k \u015feklinde patates k\u0131zartmas\u0131. K\u0131zart\u0131lm\u0131\u015f ve derin dondurulmu\u015f<\/p>\n\t\t<\/div>\n\t\t\t\t<div id=\"wd-6964cb57c8021\" class=\"wd-text-block wd-wpb reset-last-child wd-rs-6964cb57c8021 text-left wd-fontsize-custom vc_custom_1768213396737\">\n\t\t\t<h3 style=\"color: #111827;\">Avantajlar<\/h3>\n<p>- M\u00fc\u015fterilerinizi \u00e7ekici ve \u00e7e\u015fitli \u015fekillerle memnun edin<\/p>\n<p>- \u00c7\u0131t\u0131rl\u0131k ve yumu\u015fak i\u00e7 k\u0131s\u0131m aras\u0131nda m\u00fckemmel denge<\/p>\n<p>- Farkl\u0131 durumlar i\u00e7in farkl\u0131la\u015ft\u0131r\u0131lm\u0131\u015f \u00fcr\u00fcnler sunarak men\u00fcn\u00fczde fark yarat\u0131n<\/p>\n\t\t<\/div>\n\t\t\t\t<div id=\"wd-6964ca8d51439\" class=\"wd-text-block wd-wpb reset-last-child wd-rs-6964ca8d51439 text-left wd-fontsize-custom\">\n\t\t\t<table>\n<tbody>\n<tr>\n<th style=\"text-align: left;\"><strong>Saklama s\u0131cakl\u0131\u011f\u0131<\/strong><\/th>\n<td style=\"text-align: left; font-size: 16px;\">-18\u00b0C (24 ay)<\/td>\n<\/tr>\n<tr>\n<th style=\"text-align: left;\"><strong>HELAL<\/strong><\/th>\n<td style=\"text-align: left; font-size: 16px;\">EVET<\/td>\n<\/tr>\n<tr>\n<th style=\"text-align: left;\"><strong>Paketleme<\/strong><\/th>\n<td style=\"text-align: left; font-size: 16px;\"><strong>Karton ba\u015f\u0131na 5 \u00d7 2,5 kg<\/strong><\/td>\n<\/tr>\n<tr>\n<th style=\"text-align: left;\"><strong>\u0130\u00e7indekiler<\/strong><\/th>\n<td style=\"text-align: left; font-size: 16px;\">\n<div id=\"product-info\" class=\"details-bottom\">\n<div class=\"details-holder\">\n<div class=\"tabs-holder\">\n<div class=\"tab-section-holder\">\n<div class=\"tab-section\">\n<div id=\"ingredients\" class=\"tab-section-item\">\n<div class=\"tab-content\">\n<div class=\"ingredients\">\n<p>Patates (95%), Ay\u00e7i\u00e7ek ya\u011f\u0131 (5%).<\/p>\n<\/div>\n<\/div>\n<\/div>\n<\/div>\n<\/div>\n<\/div>\n<\/div>\n<\/div>\n<div class=\"product-range-holder\">\n<div class=\"banner-holder\">\n<div class=\"image-holder\"><picture><source srcset=\"\/images\/products-range-default-banner.jpg?quality=100&amp;format=webp\" media=\"(min-width: 769px)\" \/><\/picture><\/div>\n<\/div>\n<\/div>\n<\/td>\n<\/tr>\n<tr>\n<th style=\"text-align: left;\"><strong>Haz\u0131rl\u0131k - frit\u00f6z<\/strong><\/th>\n<td style=\"text-align: left; font-size: 16px;\">175\u00b0C - 2:30-3 dakika<\/td>\n<\/tr>\n<tr>\n<th style=\"text-align: left;\"><strong>Haz\u0131rl\u0131k - f\u0131r\u0131n<\/strong><\/th>\n<td style=\"text-align: left; font-size: 16px;\"><\/td>\n<\/tr>\n<\/tbody>\n<\/table>\n\t\t<\/div>\n\t\t<\/div><\/div><\/div><\/div>\n<\/div>","protected":false},"excerpt":{"rendered":"Frytki ziemniaczane \u2013 klasyczne Frytki z ziemniaka w kszta\u0142cie \u0142\u00f3deczek. Podsma\u017cone i g\u0142\u0119boko mro\u017cone Zalety \u2022 Zachwycaj swoich klient\u00f3w atrakcyjnym","protected":false},"featured_media":76626,"template":"","meta":[],"product_brand":[],"product_cat":[127],"product_tag":[294,292,295],"class_list":{"0":"post-76627","1":"product","2":"type-product","3":"status-publish","4":"has-post-thumbnail","6":"product_cat-frytki","7":"product_tag-fryn-dip","8":"product_tag-frytki","9":"product_tag-mccain-frytki","10":"pa_brand-mccain","11":"pa_rodzaj-indyczy","12":"pa_rodzaj-kurczak","14":"first","15":"instock","16":"taxable","17":"shipping-taxable","18":"purchasable","19":"product-type-simple"},"yoast_head":"<!-- This site is optimized with the Yoast SEO plugin v27.3 - https:\/\/yoast.com\/product\/yoast-seo-wordpress\/ -->\n<title>McCain Fry&#039;n Dip (5 x 2,5kg) - Kaptan Food<\/title>\n<meta name=\"robots\" content=\"index, follow, max-snippet:-1, max-image-preview:large, max-video-preview:-1\" \/>\n<link rel=\"canonical\" href=\"https:\/\/kaptanfood.pl\/tr\/product\/mccain-fryn-dip\/\" \/>\n<meta property=\"og:locale\" content=\"tr_TR\" \/>\n<meta property=\"og:type\" content=\"article\" \/>\n<meta property=\"og:title\" content=\"McCain Fry&#039;n Dip (5 x 2,5kg) - Kaptan Food\" \/>\n<meta property=\"og:url\" content=\"https:\/\/kaptanfood.pl\/tr\/product\/mccain-fryn-dip\/\" \/>\n<meta property=\"og:site_name\" content=\"Kaptan Food\" \/>\n<meta property=\"article:modified_time\" content=\"2026-02-27T11:47:06+00:00\" \/>\n<meta property=\"og:image\" content=\"https:\/\/kaptanfood.pl\/wp-content\/uploads\/2024\/09\/McCain-Fryn-Dip.png\" \/>\n\t<meta property=\"og:image:width\" content=\"700\" \/>\n\t<meta property=\"og:image:height\" content=\"800\" \/>\n\t<meta property=\"og:image:type\" content=\"image\/png\" \/>\n<meta name=\"twitter:card\" content=\"summary_large_image\" \/>\n<meta name=\"twitter:label1\" content=\"Tahmini okuma s\u00fcresi\" \/>\n\t<meta name=\"twitter:data1\" content=\"2 dakika\" \/>\n<script type=\"application\/ld+json\" class=\"yoast-schema-graph\">{\"@context\":\"https:\\\/\\\/schema.org\",\"@graph\":[{\"@type\":\"WebPage\",\"@id\":\"https:\\\/\\\/kaptanfood.pl\\\/product\\\/mccain-fryn-dip\\\/\",\"url\":\"https:\\\/\\\/kaptanfood.pl\\\/product\\\/mccain-fryn-dip\\\/\",\"name\":\"McCain Fry'n Dip (5 x 2,5kg) - Kaptan Food\",\"isPartOf\":{\"@id\":\"https:\\\/\\\/kaptanfood.pl\\\/tr\\\/#website\"},\"primaryImageOfPage\":{\"@id\":\"https:\\\/\\\/kaptanfood.pl\\\/product\\\/mccain-fryn-dip\\\/#primaryimage\"},\"image\":{\"@id\":\"https:\\\/\\\/kaptanfood.pl\\\/product\\\/mccain-fryn-dip\\\/#primaryimage\"},\"thumbnailUrl\":\"https:\\\/\\\/i0.wp.com\\\/kaptanfood.pl\\\/wp-content\\\/uploads\\\/2024\\\/09\\\/McCain-Fryn-Dip.png?fit=700%2C800&ssl=1\",\"datePublished\":\"2024-09-17T09:54:54+00:00\",\"dateModified\":\"2026-02-27T11:47:06+00:00\",\"breadcrumb\":{\"@id\":\"https:\\\/\\\/kaptanfood.pl\\\/product\\\/mccain-fryn-dip\\\/#breadcrumb\"},\"inLanguage\":\"tr\",\"potentialAction\":[{\"@type\":\"ReadAction\",\"target\":[\"https:\\\/\\\/kaptanfood.pl\\\/product\\\/mccain-fryn-dip\\\/\"]}]},{\"@type\":\"ImageObject\",\"inLanguage\":\"tr\",\"@id\":\"https:\\\/\\\/kaptanfood.pl\\\/product\\\/mccain-fryn-dip\\\/#primaryimage\",\"url\":\"https:\\\/\\\/i0.wp.com\\\/kaptanfood.pl\\\/wp-content\\\/uploads\\\/2024\\\/09\\\/McCain-Fryn-Dip.png?fit=700%2C800&ssl=1\",\"contentUrl\":\"https:\\\/\\\/i0.wp.com\\\/kaptanfood.pl\\\/wp-content\\\/uploads\\\/2024\\\/09\\\/McCain-Fryn-Dip.png?fit=700%2C800&ssl=1\",\"width\":700,\"height\":800},{\"@type\":\"BreadcrumbList\",\"@id\":\"https:\\\/\\\/kaptanfood.pl\\\/product\\\/mccain-fryn-dip\\\/#breadcrumb\",\"itemListElement\":[{\"@type\":\"ListItem\",\"position\":1,\"name\":\"Home\",\"item\":\"https:\\\/\\\/kaptanfood.pl\\\/\"},{\"@type\":\"ListItem\",\"position\":2,\"name\":\"Produkty\",\"item\":\"https:\\\/\\\/kaptanfood.pl\\\/produkty\\\/\"},{\"@type\":\"ListItem\",\"position\":3,\"name\":\"McCain Fry&#8217;n Dip (5 x 2,5kg)\"}]},{\"@type\":\"WebSite\",\"@id\":\"https:\\\/\\\/kaptanfood.pl\\\/tr\\\/#website\",\"url\":\"https:\\\/\\\/kaptanfood.pl\\\/tr\\\/\",\"name\":\"Kaptan Food\",\"description\":\"Kaptan Food Hurtownia Kebab - Wszystko dla restauracji\",\"potentialAction\":[{\"@type\":\"SearchAction\",\"target\":{\"@type\":\"EntryPoint\",\"urlTemplate\":\"https:\\\/\\\/kaptanfood.pl\\\/tr\\\/?s={search_term_string}\"},\"query-input\":{\"@type\":\"PropertyValueSpecification\",\"valueRequired\":true,\"valueName\":\"search_term_string\"}}],\"inLanguage\":\"tr\"}]}<\/script>\n<!-- \/ Yoast SEO plugin. -->","yoast_head_json":{"title":"McCain Fry'n Dip (5 x 2,5kg) - Kaptan Food","robots":{"index":"index","follow":"follow","max-snippet":"max-snippet:-1","max-image-preview":"max-image-preview:large","max-video-preview":"max-video-preview:-1"},"canonical":"https:\/\/kaptanfood.pl\/tr\/product\/mccain-fryn-dip\/","og_locale":"tr_TR","og_type":"article","og_title":"McCain Fry'n Dip (5 x 2,5kg) - Kaptan Food","og_url":"https:\/\/kaptanfood.pl\/tr\/product\/mccain-fryn-dip\/","og_site_name":"Kaptan Food","article_modified_time":"2026-02-27T11:47:06+00:00","og_image":[{"width":700,"height":800,"url":"https:\/\/kaptanfood.pl\/wp-content\/uploads\/2024\/09\/McCain-Fryn-Dip.png","type":"image\/png"}],"twitter_card":"summary_large_image","twitter_misc":{"Tahmini okuma s\u00fcresi":"2 dakika"},"schema":{"@context":"https:\/\/schema.org","@graph":[{"@type":"WebPage","@id":"https:\/\/kaptanfood.pl\/product\/mccain-fryn-dip\/","url":"https:\/\/kaptanfood.pl\/product\/mccain-fryn-dip\/","name":"McCain Fry'n Dip (5 x 2,5kg) - Kaptan Food","isPartOf":{"@id":"https:\/\/kaptanfood.pl\/tr\/#website"},"primaryImageOfPage":{"@id":"https:\/\/kaptanfood.pl\/product\/mccain-fryn-dip\/#primaryimage"},"image":{"@id":"https:\/\/kaptanfood.pl\/product\/mccain-fryn-dip\/#primaryimage"},"thumbnailUrl":"https:\/\/i0.wp.com\/kaptanfood.pl\/wp-content\/uploads\/2024\/09\/McCain-Fryn-Dip.png?fit=700%2C800&ssl=1","datePublished":"2024-09-17T09:54:54+00:00","dateModified":"2026-02-27T11:47:06+00:00","breadcrumb":{"@id":"https:\/\/kaptanfood.pl\/product\/mccain-fryn-dip\/#breadcrumb"},"inLanguage":"tr","potentialAction":[{"@type":"ReadAction","target":["https:\/\/kaptanfood.pl\/product\/mccain-fryn-dip\/"]}]},{"@type":"ImageObject","inLanguage":"tr","@id":"https:\/\/kaptanfood.pl\/product\/mccain-fryn-dip\/#primaryimage","url":"https:\/\/i0.wp.com\/kaptanfood.pl\/wp-content\/uploads\/2024\/09\/McCain-Fryn-Dip.png?fit=700%2C800&ssl=1","contentUrl":"https:\/\/i0.wp.com\/kaptanfood.pl\/wp-content\/uploads\/2024\/09\/McCain-Fryn-Dip.png?fit=700%2C800&ssl=1","width":700,"height":800},{"@type":"BreadcrumbList","@id":"https:\/\/kaptanfood.pl\/product\/mccain-fryn-dip\/#breadcrumb","itemListElement":[{"@type":"ListItem","position":1,"name":"Home","item":"https:\/\/kaptanfood.pl\/"},{"@type":"ListItem","position":2,"name":"Produkty","item":"https:\/\/kaptanfood.pl\/produkty\/"},{"@type":"ListItem","position":3,"name":"McCain Fry&#8217;n Dip (5 x 2,5kg)"}]},{"@type":"WebSite","@id":"https:\/\/kaptanfood.pl\/tr\/#website","url":"https:\/\/kaptanfood.pl\/tr\/","name":"Kaptan G\u0131da","description":"Kaptan G\u0131da Toptan Kebap - Restoranlar i\u00e7in her \u015fey","potentialAction":[{"@type":"SearchAction","target":{"@type":"EntryPoint","urlTemplate":"https:\/\/kaptanfood.pl\/tr\/?s={search_term_string}"},"query-input":{"@type":"PropertyValueSpecification","valueRequired":true,"valueName":"search_term_string"}}],"inLanguage":"tr"}]}},"jetpack_sharing_enabled":true,"_links":{"self":[{"href":"https:\/\/kaptanfood.pl\/tr\/wp-json\/wp\/v2\/product\/76627","targetHints":{"allow":["GET"]}}],"collection":[{"href":"https:\/\/kaptanfood.pl\/tr\/wp-json\/wp\/v2\/product"}],"about":[{"href":"https:\/\/kaptanfood.pl\/tr\/wp-json\/wp\/v2\/types\/product"}],"wp:featuredmedia":[{"embeddable":true,"href":"https:\/\/kaptanfood.pl\/tr\/wp-json\/wp\/v2\/media\/76626"}],"wp:attachment":[{"href":"https:\/\/kaptanfood.pl\/tr\/wp-json\/wp\/v2\/media?parent=76627"}],"wp:term":[{"taxonomy":"product_brand","embeddable":true,"href":"https:\/\/kaptanfood.pl\/tr\/wp-json\/wp\/v2\/product_brand?post=76627"},{"taxonomy":"product_cat","embeddable":true,"href":"https:\/\/kaptanfood.pl\/tr\/wp-json\/wp\/v2\/product_cat?post=76627"},{"taxonomy":"product_tag","embeddable":true,"href":"https:\/\/kaptanfood.pl\/tr\/wp-json\/wp\/v2\/product_tag?post=76627"}],"curies":[{"name":"wp","href":"https:\/\/api.w.org\/{rel}","templated":true}]}}