{"id":7554,"date":"2022-03-25T14:36:42","date_gmt":"2022-03-25T13:36:42","guid":{"rendered":"https:\/\/kaptanfood.pl\/?post_type=product&#038;p=7554"},"modified":"2026-03-13T08:12:10","modified_gmt":"2026-03-13T07:12:10","slug":"sos-tysiaca-wysp-900-gr","status":"publish","type":"product","link":"https:\/\/kaptanfood.pl\/tr\/product\/sos-tysiaca-wysp-900-gr\/","title":{"rendered":"Thousand Island Sos 900 gr"},"content":{"rendered":"<div class=\"wpb-content-wrapper\"><div class=\"vc_row wpb_row vc_row-fluid vc_custom_1632566163505 vc_row-o-content-middle vc_row-flex wd-rs-614efb885b0d8\"><div class=\"wpb_column vc_column_container vc_col-sm-12 vc_col-md-6\"><div class=\"vc_column-inner\"><div class=\"wpb_wrapper\">\t\t<div id=\"wd-69b3b88bd2ab3\" class=\"wd-image wd-wpb wd-rs-69b3b88bd2ab3 hidden-xs text-left\">\n\t\t\t\n\t\t\t<img loading=\"lazy\" decoding=\"async\" width=\"700\" height=\"800\" src=\"https:\/\/i0.wp.com\/kaptanfood.pl\/wp-content\/uploads\/2022\/03\/TarsmakTysiacawysp1L.png?fit=700%2C800&amp;ssl=1\" class=\"attachment-full size-full\" alt=\"\" srcset=\"https:\/\/i0.wp.com\/kaptanfood.pl\/wp-content\/uploads\/2022\/03\/TarsmakTysiacawysp1L.png?w=700&amp;ssl=1 700w, https:\/\/i0.wp.com\/kaptanfood.pl\/wp-content\/uploads\/2022\/03\/TarsmakTysiacawysp1L.png?resize=263%2C300&amp;ssl=1 263w, https:\/\/i0.wp.com\/kaptanfood.pl\/wp-content\/uploads\/2022\/03\/TarsmakTysiacawysp1L.png?resize=11%2C12&amp;ssl=1 11w, https:\/\/i0.wp.com\/kaptanfood.pl\/wp-content\/uploads\/2022\/03\/TarsmakTysiacawysp1L.png?resize=430%2C491&amp;ssl=1 430w, https:\/\/i0.wp.com\/kaptanfood.pl\/wp-content\/uploads\/2022\/03\/TarsmakTysiacawysp1L.png?resize=150%2C171&amp;ssl=1 150w\" sizes=\"auto, (max-width: 700px) 100vw, 700px\" \/>\n\t\t\t\t\t<\/div>\n\t\t<\/div><\/div><\/div><div class=\"wpb_column vc_column_container vc_col-sm-12 vc_col-md-6\"><div class=\"vc_column-inner vc_custom_1496394189503\"><div class=\"wpb_wrapper\">\t\t<div id=\"wd-69b3b8849900e\" class=\"wd-text-block wd-wpb reset-last-child wd-rs-69b3b8849900e text-left wd-fontsize-custom vc_custom_1773385865610\">\n\t\t\t<div id=\"wd-623dc360e5b97\" class=\"title-wrapper wd-wpb set-mb-s reset-last-child wd-rs-623dc360e5b97 wd-title-color-default wd-title-style-default text-left wd-underline-colored\">\n<div class=\"liner-continer\">\n<p>T\u00fcm yeme\u011fin g\u00f6r\u00fcn\u00fcm\u00fcn\u00fc iyile\u015ftiren g\u00f6r\u00fcn\u00fcr sebze par\u00e7ac\u0131klar\u0131 i\u00e7eren kal\u0131n bir mayonez sosu. Bu sos i\u00e7in hi\u00e7bir \u015fey imkans\u0131z de\u011fildir, \u00e7o\u011fu fast food yeme\u011fi veya d\u00fcnyan\u0131n d\u00f6rt bir yan\u0131ndan \u00e7e\u015fitli mutfaklarla iyi gider.<\/p>\n<p><strong>NE ILE BIRLE\u015eTIRILIR?<\/strong><\/p>\n<p><img data-recalc-dims=\"1\" loading=\"lazy\" decoding=\"async\" class=\"icons\" title=\"et\" src=\"https:\/\/i0.wp.com\/www.tarsmak.pl\/images\/tarsmak\/web\/z-czym-laczyc\/chipsy-przekaski-icon.jpg?resize=30%2C30&#038;ssl=1\" alt=\"chipsy przekaski icon\" width=\"30\" height=\"30\" \/><img data-recalc-dims=\"1\" decoding=\"async\" class=\"icons\" title=\"sandvi\u00e7\" src=\"https:\/\/i0.wp.com\/www.tarsmak.pl\/images\/tarsmak\/web\/z-czym-laczyc\/mieso-icon.jpg?ssl=1\" alt=\"mieso icon\" \/><img data-recalc-dims=\"1\" decoding=\"async\" src=\"https:\/\/i0.wp.com\/www.tarsmak.pl\/images\/tarsmak\/web\/z-czym-laczyc\/frytki-icon.jpg?ssl=1\" alt=\"frytki icon\" \/><img data-recalc-dims=\"1\" decoding=\"async\" src=\"https:\/\/i0.wp.com\/www.tarsmak.pl\/images\/tarsmak\/web\/z-czym-laczyc\/pizza-icon.jpg?ssl=1\" alt=\"pizza icon\" \/><\/p>\n<\/div>\n<\/div>\n<p>&nbsp;<\/p>\n\t\t<\/div>\n\t\t\t\t<div id=\"wd-69b3b8abcf741\" class=\"wd-text-block wd-wpb reset-last-child wd-rs-69b3b8abcf741 text-left wd-fontsize-custom\">\n\t\t\t<table>\n<tbody>\n<tr>\n<th style=\"text-align: left;\"><strong>Saklama s\u0131cakl\u0131\u011f\u0131<\/strong><\/th>\n<td style=\"text-align: left; font-size: 16px;\">2-20 \u00b0C<\/td>\n<\/tr>\n<tr>\n<th style=\"text-align: left;\"><strong>HELAL<\/strong><\/th>\n<td style=\"text-align: left; font-size: 16px;\">EVET<\/td>\n<\/tr>\n<tr>\n<th style=\"text-align: left;\"><strong>Paketleme<\/strong><\/th>\n<td style=\"text-align: left; font-size: 16px;\"><strong>900 gr<\/strong><\/td>\n<\/tr>\n<tr>\n<th style=\"text-align: left;\"><strong>\u0130\u00e7indekiler<\/strong><\/th>\n<td style=\"text-align: left; font-size: 16px;\"><\/td>\n<\/tr>\n<\/tbody>\n<\/table>\n\t\t<\/div>\n\t\t<\/div><\/div><\/div><\/div>\n<\/div>","protected":false},"excerpt":{"rendered":"<div class=\"content-text\">\n<div class=\"content-text\">\n<div class=\"content-text\">\n<div class=\"tlt\">\n<p class=\"main-title\">Thousand Island Sos 900 gr<\/p>\n<\/div>\n<\/div>\n<\/div>\n<\/div>\n<p>&nbsp;<\/p>\n<p>&nbsp;<\/p>","protected":false},"featured_media":91990,"template":"","meta":[],"product_brand":[],"product_cat":[228],"product_tag":[],"class_list":{"0":"post-7554","1":"product","2":"type-product","3":"status-publish","4":"has-post-thumbnail","6":"product_cat-sosy","7":"pa_brand-kaptan-food","8":"pa_brand-tarsmak","10":"first","11":"instock","12":"taxable","13":"shipping-taxable","14":"purchasable","15":"product-type-simple"},"yoast_head":"<!-- This site is optimized with the Yoast SEO plugin v27.3 - https:\/\/yoast.com\/product\/yoast-seo-wordpress\/ -->\n<title>Sos Tysi\u0105ca Wysp 900 gr - Kaptan Food<\/title>\n<meta name=\"robots\" content=\"index, follow, max-snippet:-1, max-image-preview:large, max-video-preview:-1\" \/>\n<link rel=\"canonical\" href=\"https:\/\/kaptanfood.pl\/tr\/product\/sos-tysiaca-wysp-900-gr\/\" \/>\n<meta property=\"og:locale\" content=\"tr_TR\" \/>\n<meta property=\"og:type\" content=\"article\" \/>\n<meta property=\"og:title\" content=\"Sos Tysi\u0105ca Wysp 900 gr - Kaptan Food\" \/>\n<meta property=\"og:description\" content=\"Sos Tysi\u0105ca Wysp 900 gr      &nbsp;  &nbsp;\" \/>\n<meta property=\"og:url\" content=\"https:\/\/kaptanfood.pl\/tr\/product\/sos-tysiaca-wysp-900-gr\/\" \/>\n<meta property=\"og:site_name\" content=\"Kaptan Food\" \/>\n<meta property=\"article:modified_time\" content=\"2026-03-13T07:12:10+00:00\" \/>\n<meta property=\"og:image\" content=\"https:\/\/kaptanfood.pl\/wp-content\/uploads\/2022\/03\/TarsmakTysiacawysp1L.png\" \/>\n\t<meta property=\"og:image:width\" content=\"700\" \/>\n\t<meta property=\"og:image:height\" content=\"800\" \/>\n\t<meta property=\"og:image:type\" content=\"image\/png\" \/>\n<meta name=\"twitter:card\" content=\"summary_large_image\" \/>\n<meta name=\"twitter:label1\" content=\"Tahmini okuma s\u00fcresi\" \/>\n\t<meta name=\"twitter:data1\" content=\"2 dakika\" \/>\n<script type=\"application\/ld+json\" class=\"yoast-schema-graph\">{\"@context\":\"https:\\\/\\\/schema.org\",\"@graph\":[{\"@type\":\"WebPage\",\"@id\":\"https:\\\/\\\/kaptanfood.pl\\\/product\\\/sos-tysiaca-wysp-900-gr\\\/\",\"url\":\"https:\\\/\\\/kaptanfood.pl\\\/product\\\/sos-tysiaca-wysp-900-gr\\\/\",\"name\":\"Sos Tysi\u0105ca Wysp 900 gr - Kaptan Food\",\"isPartOf\":{\"@id\":\"https:\\\/\\\/kaptanfood.pl\\\/tr\\\/#website\"},\"primaryImageOfPage\":{\"@id\":\"https:\\\/\\\/kaptanfood.pl\\\/product\\\/sos-tysiaca-wysp-900-gr\\\/#primaryimage\"},\"image\":{\"@id\":\"https:\\\/\\\/kaptanfood.pl\\\/product\\\/sos-tysiaca-wysp-900-gr\\\/#primaryimage\"},\"thumbnailUrl\":\"https:\\\/\\\/i0.wp.com\\\/kaptanfood.pl\\\/wp-content\\\/uploads\\\/2022\\\/03\\\/TarsmakTysiacawysp1L.png?fit=700%2C800&ssl=1\",\"datePublished\":\"2022-03-25T13:36:42+00:00\",\"dateModified\":\"2026-03-13T07:12:10+00:00\",\"breadcrumb\":{\"@id\":\"https:\\\/\\\/kaptanfood.pl\\\/product\\\/sos-tysiaca-wysp-900-gr\\\/#breadcrumb\"},\"inLanguage\":\"tr\",\"potentialAction\":[{\"@type\":\"ReadAction\",\"target\":[\"https:\\\/\\\/kaptanfood.pl\\\/product\\\/sos-tysiaca-wysp-900-gr\\\/\"]}]},{\"@type\":\"ImageObject\",\"inLanguage\":\"tr\",\"@id\":\"https:\\\/\\\/kaptanfood.pl\\\/product\\\/sos-tysiaca-wysp-900-gr\\\/#primaryimage\",\"url\":\"https:\\\/\\\/i0.wp.com\\\/kaptanfood.pl\\\/wp-content\\\/uploads\\\/2022\\\/03\\\/TarsmakTysiacawysp1L.png?fit=700%2C800&ssl=1\",\"contentUrl\":\"https:\\\/\\\/i0.wp.com\\\/kaptanfood.pl\\\/wp-content\\\/uploads\\\/2022\\\/03\\\/TarsmakTysiacawysp1L.png?fit=700%2C800&ssl=1\",\"width\":700,\"height\":800},{\"@type\":\"BreadcrumbList\",\"@id\":\"https:\\\/\\\/kaptanfood.pl\\\/product\\\/sos-tysiaca-wysp-900-gr\\\/#breadcrumb\",\"itemListElement\":[{\"@type\":\"ListItem\",\"position\":1,\"name\":\"Home\",\"item\":\"https:\\\/\\\/kaptanfood.pl\\\/\"},{\"@type\":\"ListItem\",\"position\":2,\"name\":\"Produkty\",\"item\":\"https:\\\/\\\/kaptanfood.pl\\\/produkty\\\/\"},{\"@type\":\"ListItem\",\"position\":3,\"name\":\"Sos Tysi\u0105ca Wysp 900 gr\"}]},{\"@type\":\"WebSite\",\"@id\":\"https:\\\/\\\/kaptanfood.pl\\\/tr\\\/#website\",\"url\":\"https:\\\/\\\/kaptanfood.pl\\\/tr\\\/\",\"name\":\"Kaptan Food\",\"description\":\"Kaptan Food Hurtownia Kebab - Wszystko dla restauracji\",\"potentialAction\":[{\"@type\":\"SearchAction\",\"target\":{\"@type\":\"EntryPoint\",\"urlTemplate\":\"https:\\\/\\\/kaptanfood.pl\\\/tr\\\/?s={search_term_string}\"},\"query-input\":{\"@type\":\"PropertyValueSpecification\",\"valueRequired\":true,\"valueName\":\"search_term_string\"}}],\"inLanguage\":\"tr\"}]}<\/script>\n<!-- \/ Yoast SEO plugin. -->","yoast_head_json":{"title":"Sos Tysi\u0105ca Wysp 900 gr - Kaptan Food","robots":{"index":"index","follow":"follow","max-snippet":"max-snippet:-1","max-image-preview":"max-image-preview:large","max-video-preview":"max-video-preview:-1"},"canonical":"https:\/\/kaptanfood.pl\/tr\/product\/sos-tysiaca-wysp-900-gr\/","og_locale":"tr_TR","og_type":"article","og_title":"Sos Tysi\u0105ca Wysp 900 gr - Kaptan Food","og_description":"Sos Tysi\u0105ca Wysp 900 gr      &nbsp;  &nbsp;","og_url":"https:\/\/kaptanfood.pl\/tr\/product\/sos-tysiaca-wysp-900-gr\/","og_site_name":"Kaptan Food","article_modified_time":"2026-03-13T07:12:10+00:00","og_image":[{"width":700,"height":800,"url":"https:\/\/kaptanfood.pl\/wp-content\/uploads\/2022\/03\/TarsmakTysiacawysp1L.png","type":"image\/png"}],"twitter_card":"summary_large_image","twitter_misc":{"Tahmini okuma s\u00fcresi":"2 dakika"},"schema":{"@context":"https:\/\/schema.org","@graph":[{"@type":"WebPage","@id":"https:\/\/kaptanfood.pl\/product\/sos-tysiaca-wysp-900-gr\/","url":"https:\/\/kaptanfood.pl\/product\/sos-tysiaca-wysp-900-gr\/","name":"Sos Tysi\u0105ca Wysp 900 gr - Kaptan Food","isPartOf":{"@id":"https:\/\/kaptanfood.pl\/tr\/#website"},"primaryImageOfPage":{"@id":"https:\/\/kaptanfood.pl\/product\/sos-tysiaca-wysp-900-gr\/#primaryimage"},"image":{"@id":"https:\/\/kaptanfood.pl\/product\/sos-tysiaca-wysp-900-gr\/#primaryimage"},"thumbnailUrl":"https:\/\/i0.wp.com\/kaptanfood.pl\/wp-content\/uploads\/2022\/03\/TarsmakTysiacawysp1L.png?fit=700%2C800&ssl=1","datePublished":"2022-03-25T13:36:42+00:00","dateModified":"2026-03-13T07:12:10+00:00","breadcrumb":{"@id":"https:\/\/kaptanfood.pl\/product\/sos-tysiaca-wysp-900-gr\/#breadcrumb"},"inLanguage":"tr","potentialAction":[{"@type":"ReadAction","target":["https:\/\/kaptanfood.pl\/product\/sos-tysiaca-wysp-900-gr\/"]}]},{"@type":"ImageObject","inLanguage":"tr","@id":"https:\/\/kaptanfood.pl\/product\/sos-tysiaca-wysp-900-gr\/#primaryimage","url":"https:\/\/i0.wp.com\/kaptanfood.pl\/wp-content\/uploads\/2022\/03\/TarsmakTysiacawysp1L.png?fit=700%2C800&ssl=1","contentUrl":"https:\/\/i0.wp.com\/kaptanfood.pl\/wp-content\/uploads\/2022\/03\/TarsmakTysiacawysp1L.png?fit=700%2C800&ssl=1","width":700,"height":800},{"@type":"BreadcrumbList","@id":"https:\/\/kaptanfood.pl\/product\/sos-tysiaca-wysp-900-gr\/#breadcrumb","itemListElement":[{"@type":"ListItem","position":1,"name":"Home","item":"https:\/\/kaptanfood.pl\/"},{"@type":"ListItem","position":2,"name":"Produkty","item":"https:\/\/kaptanfood.pl\/produkty\/"},{"@type":"ListItem","position":3,"name":"Sos Tysi\u0105ca Wysp 900 gr"}]},{"@type":"WebSite","@id":"https:\/\/kaptanfood.pl\/tr\/#website","url":"https:\/\/kaptanfood.pl\/tr\/","name":"Kaptan G\u0131da","description":"Kaptan G\u0131da Toptan Kebap - Restoranlar i\u00e7in her \u015fey","potentialAction":[{"@type":"SearchAction","target":{"@type":"EntryPoint","urlTemplate":"https:\/\/kaptanfood.pl\/tr\/?s={search_term_string}"},"query-input":{"@type":"PropertyValueSpecification","valueRequired":true,"valueName":"search_term_string"}}],"inLanguage":"tr"}]}},"jetpack_sharing_enabled":true,"_links":{"self":[{"href":"https:\/\/kaptanfood.pl\/tr\/wp-json\/wp\/v2\/product\/7554","targetHints":{"allow":["GET"]}}],"collection":[{"href":"https:\/\/kaptanfood.pl\/tr\/wp-json\/wp\/v2\/product"}],"about":[{"href":"https:\/\/kaptanfood.pl\/tr\/wp-json\/wp\/v2\/types\/product"}],"wp:featuredmedia":[{"embeddable":true,"href":"https:\/\/kaptanfood.pl\/tr\/wp-json\/wp\/v2\/media\/91990"}],"wp:attachment":[{"href":"https:\/\/kaptanfood.pl\/tr\/wp-json\/wp\/v2\/media?parent=7554"}],"wp:term":[{"taxonomy":"product_brand","embeddable":true,"href":"https:\/\/kaptanfood.pl\/tr\/wp-json\/wp\/v2\/product_brand?post=7554"},{"taxonomy":"product_cat","embeddable":true,"href":"https:\/\/kaptanfood.pl\/tr\/wp-json\/wp\/v2\/product_cat?post=7554"},{"taxonomy":"product_tag","embeddable":true,"href":"https:\/\/kaptanfood.pl\/tr\/wp-json\/wp\/v2\/product_tag?post=7554"}],"curies":[{"name":"wp","href":"https:\/\/api.w.org\/{rel}","templated":true}]}}