{"id":7538,"date":"2022-03-25T13:38:05","date_gmt":"2022-03-25T12:38:05","guid":{"rendered":"https:\/\/kaptanfood.pl\/?post_type=product&#038;p=7538"},"modified":"2026-04-06T06:39:13","modified_gmt":"2026-04-06T04:39:13","slug":"helcom-koncentrat-pomidorowy-45kg","status":"publish","type":"product","link":"https:\/\/kaptanfood.pl\/tr\/product\/helcom-koncentrat-pomidorowy-45kg\/","title":{"rendered":"Helcom Domates Konsantresi 4250 ml"},"content":{"rendered":"<div class=\"wpb-content-wrapper\"><div class=\"vc_row wpb_row vc_row-fluid vc_row-o-equal-height vc_row-o-content-top vc_row-flex\"><div class=\"wpb_column vc_column_container vc_col-sm-12 vc_col-lg-4 vc_col-md-4 vc_col-xs-12 wd-rs-61827b8e5abdf\"><div class=\"vc_column-inner vc_custom_1635941267568\"><div class=\"wpb_wrapper\">\n\t\t<div id=\"wd-623db7cae433a\" class=\"title-wrapper wd-wpb wd-set-mb reset-last-child  wd-rs-623db7cae433a wd-title-color-default wd-title-style-default text-left  wd-underline-colored\">\n\t\t\t\n\t\t\t<div class=\"liner-continer\">\n\t\t\t\t<h4 class=\"woodmart-title-container title  wd-font-weight- wd-fontsize-l\" >Konsantre<\/h4>\n\t\t\t\t\t\t\t<\/div>\n\t\t\t\n\t\t\t\n\t\t\t\n\t\t<\/div>\n\t\t\n\t\t\t\t<div id=\"wd-623db944c9df1\" class=\"wd-text-block wd-wpb reset-last-child wd-rs-623db944c9df1 text-left vc_custom_1648212300846\">\n\t\t\t<div class=\"content-text\">\n<div class=\"content-text\">\n<ul>\n<li>Domates konsantresi 30%. Past\u00f6rize edilmi\u015ftir.<\/li>\n<li>Polonya'da \u00fcretilmi\u015ftir.<\/li>\n<li><b>Ambalaj kapasitesi - 4,25L<\/b>\n<div class=\"mgn2_16 _0d3bd_5pK0q\"><\/div>\n<\/li>\n<\/ul>\n<\/div>\n<\/div>\n\t\t<\/div>\n\t\t\t\t<div id=\"wd-623db96f5c289\" class=\"wd-text-block wd-wpb reset-last-child wd-rs-623db96f5c289 text-left vc_custom_1648212342037\">\n\t\t\t<div class=\"content-text\">\n<div class=\"content-text\">\n<p>&nbsp;<\/p>\n<div class=\"content-text\">\n<div class=\"content-text\">\n<div class=\"mgn2_16 _0d3bd_5pK0q\">\n<h2>\u0130\u00e7indekiler:<\/h2>\n<p>Domates konsantresi 36\/38%, su, tuz.<\/p>\n<h2>100 G BA\u015eINA BESIN DE\u011eERI:<\/h2>\n<ul>\n<li><b>Enerji de\u011feri:<\/b> 449kJ\/ 106kcal<\/li>\n<li><b>Ya\u011flar:<\/b> 0 g<\/li>\n<li><b>Bunlar\u0131n \u00e7o\u011fu doymu\u015f ya\u011f asitleridir:<\/b> 0 g<\/li>\n<li><b>Karbonhidratlar:<\/b> 22 g<\/li>\n<li><b>\u015eekerler:<\/b> 20 g<\/li>\n<li><b>Protein:<\/b> 2,5 g<\/li>\n<li><b>Tuz:<\/b> 0,88 g<\/li>\n<\/ul>\n<\/div>\n<\/div>\n<\/div>\n<p>&nbsp;<\/p>\n<\/div>\n<\/div>\n\t\t<\/div>\n\t\t<\/div><\/div><\/div><div class=\"wpb_column vc_column_container vc_col-sm-6 vc_col-lg-4 vc_col-md-4 vc_col-xs-12 wd-rs-61827b8294f87\"><div class=\"vc_column-inner\"><div class=\"wpb_wrapper\">\n\t<div  class=\"wpb_single_image wpb_content_element vc_align_left vc_custom_1648211937788\">\n\t\t\n\t\t<figure class=\"wpb_wrapper vc_figure\">\n\t\t\t<div class=\"vc_single_image-wrapper   vc_box_border_grey\"><img loading=\"lazy\" decoding=\"async\" width=\"700\" height=\"800\" src=\"https:\/\/i0.wp.com\/kaptanfood.pl\/wp-content\/uploads\/2022\/03\/Koncentrat-pomidorowy1.jpg?fit=700%2C800&amp;ssl=1\" class=\"vc_single_image-img attachment-full\" alt=\"\" title=\"Domates konsantresi1\" srcset=\"https:\/\/i0.wp.com\/kaptanfood.pl\/wp-content\/uploads\/2022\/03\/Koncentrat-pomidorowy1.jpg?w=700&amp;ssl=1 700w, https:\/\/i0.wp.com\/kaptanfood.pl\/wp-content\/uploads\/2022\/03\/Koncentrat-pomidorowy1.jpg?resize=263%2C300&amp;ssl=1 263w, https:\/\/i0.wp.com\/kaptanfood.pl\/wp-content\/uploads\/2022\/03\/Koncentrat-pomidorowy1.jpg?resize=430%2C491&amp;ssl=1 430w, https:\/\/i0.wp.com\/kaptanfood.pl\/wp-content\/uploads\/2022\/03\/Koncentrat-pomidorowy1.jpg?resize=150%2C171&amp;ssl=1 150w\" sizes=\"auto, (max-width: 700px) 100vw, 700px\" \/><\/div>\n\t\t<\/figure>\n\t<\/div>\n<\/div><\/div><\/div><div class=\"wpb_column vc_column_container vc_col-sm-6 vc_col-lg-4 vc_col-md-4 vc_col-xs-12 wd-rs-61827b9533868\"><div class=\"vc_column-inner\"><div class=\"wpb_wrapper\">\n\t<div  class=\"wpb_single_image wpb_content_element vc_align_left vc_custom_1648211948975\">\n\t\t\n\t\t<figure class=\"wpb_wrapper vc_figure\">\n\t\t\t<div class=\"vc_single_image-wrapper   vc_box_border_grey\"><img loading=\"lazy\" decoding=\"async\" width=\"700\" height=\"800\" src=\"https:\/\/i0.wp.com\/kaptanfood.pl\/wp-content\/uploads\/2022\/03\/Koncentrat-pomidorowy1.jpg?fit=700%2C800&amp;ssl=1\" class=\"vc_single_image-img attachment-full\" alt=\"\" title=\"Domates konsantresi1\" srcset=\"https:\/\/i0.wp.com\/kaptanfood.pl\/wp-content\/uploads\/2022\/03\/Koncentrat-pomidorowy1.jpg?w=700&amp;ssl=1 700w, https:\/\/i0.wp.com\/kaptanfood.pl\/wp-content\/uploads\/2022\/03\/Koncentrat-pomidorowy1.jpg?resize=263%2C300&amp;ssl=1 263w, https:\/\/i0.wp.com\/kaptanfood.pl\/wp-content\/uploads\/2022\/03\/Koncentrat-pomidorowy1.jpg?resize=430%2C491&amp;ssl=1 430w, https:\/\/i0.wp.com\/kaptanfood.pl\/wp-content\/uploads\/2022\/03\/Koncentrat-pomidorowy1.jpg?resize=150%2C171&amp;ssl=1 150w\" sizes=\"auto, (max-width: 700px) 100vw, 700px\" \/><\/div>\n\t\t<\/figure>\n\t<\/div>\n<\/div><\/div><\/div><\/div>\n<\/div>","protected":false},"excerpt":{"rendered":"<div class=\"content-text\">\n<div class=\"content-text\">\n<div class=\"content-text\"><\/div>\n<h2>\u0130\u00e7indekiler:<\/h2>\n<p>Domates konsantresi 36\/38%, su, tuz.<\/p>\n<h2>100 G BA\u015eINA BESIN DE\u011eERI:<\/h2>\n<ul>\n<li><b>Enerji de\u011feri:<\/b> 449kJ\/ 106kcal<\/li>\n<li><b>Ya\u011flar:<\/b> 0 g<\/li>\n<li><b>Bunlar\u0131n \u00e7o\u011fu doymu\u015f ya\u011f asitleridir:<\/b> 0 g<\/li>\n<li><b>Karbonhidratlar:<\/b> 22 g<\/li>\n<li><b>\u015eekerler:<\/b> 20 g<\/li>\n<li><b>Protein:<\/b> 2,5 g<\/li>\n<li><b>Tuz:<\/b> 0,88 g<\/li>\n<\/ul>\n<\/div>\n<\/div>\n<p>&nbsp;<\/p>\n<p>&nbsp;<\/p>","protected":false},"featured_media":7523,"template":"","meta":[],"product_brand":[],"product_cat":[53],"product_tag":[],"class_list":{"0":"post-7538","1":"product","2":"type-product","3":"status-publish","4":"has-post-thumbnail","6":"product_cat-dodatki","8":"first","9":"outofstock","10":"taxable","11":"shipping-taxable","12":"purchasable","13":"product-type-simple"},"yoast_head":"<!-- This site is optimized with the Yoast SEO plugin v27.3 - https:\/\/yoast.com\/product\/yoast-seo-wordpress\/ -->\n<title>Helcom Koncentrat Pomidorowy 4250 ml - Kaptan Food<\/title>\n<meta name=\"robots\" content=\"index, follow, max-snippet:-1, max-image-preview:large, max-video-preview:-1\" \/>\n<link rel=\"canonical\" href=\"https:\/\/kaptanfood.pl\/tr\/product\/helcom-koncentrat-pomidorowy-45kg\/\" \/>\n<meta property=\"og:locale\" content=\"tr_TR\" \/>\n<meta property=\"og:type\" content=\"article\" \/>\n<meta property=\"og:title\" content=\"Helcom Koncentrat Pomidorowy 4250 ml - Kaptan Food\" \/>\n<meta property=\"og:description\" content=\"Sk\u0142adniki: Koncentrat pomidorowy 36\/38%, woda, s\u00f3l. WARTO\u015a\u0106 OD\u017bYWCZA W 100 G:   Warto\u015b\u0107 energetyczna: 449kJ\/ 106kcal  T\u0142uszcze: 0 g  w tym Kwasy t\u0142uszczowe nasycone: 0 g  W\u0119glowodany: 22 g  w tym Cukry: 20 g  Bia\u0142ko: 2,5 g  S\u00f3l: 0,88 g    &nbsp;  &nbsp;\" \/>\n<meta property=\"og:url\" content=\"https:\/\/kaptanfood.pl\/tr\/product\/helcom-koncentrat-pomidorowy-45kg\/\" \/>\n<meta property=\"og:site_name\" content=\"Kaptan Food\" \/>\n<meta property=\"article:modified_time\" content=\"2026-04-06T04:39:13+00:00\" \/>\n<meta property=\"og:image\" content=\"https:\/\/kaptanfood.pl\/wp-content\/uploads\/2022\/03\/Koncentrat-pomidorowy1.jpg\" \/>\n\t<meta property=\"og:image:width\" content=\"700\" \/>\n\t<meta property=\"og:image:height\" content=\"800\" \/>\n\t<meta property=\"og:image:type\" content=\"image\/jpeg\" \/>\n<meta name=\"twitter:card\" content=\"summary_large_image\" \/>\n<meta name=\"twitter:label1\" content=\"Tahmini okuma s\u00fcresi\" \/>\n\t<meta name=\"twitter:data1\" content=\"2 dakika\" \/>\n<script type=\"application\/ld+json\" class=\"yoast-schema-graph\">{\"@context\":\"https:\\\/\\\/schema.org\",\"@graph\":[{\"@type\":\"WebPage\",\"@id\":\"https:\\\/\\\/kaptanfood.pl\\\/product\\\/helcom-koncentrat-pomidorowy-45kg\\\/\",\"url\":\"https:\\\/\\\/kaptanfood.pl\\\/product\\\/helcom-koncentrat-pomidorowy-45kg\\\/\",\"name\":\"Helcom Koncentrat Pomidorowy 4250 ml - Kaptan Food\",\"isPartOf\":{\"@id\":\"https:\\\/\\\/kaptanfood.pl\\\/tr\\\/#website\"},\"primaryImageOfPage\":{\"@id\":\"https:\\\/\\\/kaptanfood.pl\\\/product\\\/helcom-koncentrat-pomidorowy-45kg\\\/#primaryimage\"},\"image\":{\"@id\":\"https:\\\/\\\/kaptanfood.pl\\\/product\\\/helcom-koncentrat-pomidorowy-45kg\\\/#primaryimage\"},\"thumbnailUrl\":\"https:\\\/\\\/i0.wp.com\\\/kaptanfood.pl\\\/wp-content\\\/uploads\\\/2022\\\/03\\\/Koncentrat-pomidorowy1.jpg?fit=700%2C800&ssl=1\",\"datePublished\":\"2022-03-25T12:38:05+00:00\",\"dateModified\":\"2026-04-06T04:39:13+00:00\",\"breadcrumb\":{\"@id\":\"https:\\\/\\\/kaptanfood.pl\\\/product\\\/helcom-koncentrat-pomidorowy-45kg\\\/#breadcrumb\"},\"inLanguage\":\"tr\",\"potentialAction\":[{\"@type\":\"ReadAction\",\"target\":[\"https:\\\/\\\/kaptanfood.pl\\\/product\\\/helcom-koncentrat-pomidorowy-45kg\\\/\"]}]},{\"@type\":\"ImageObject\",\"inLanguage\":\"tr\",\"@id\":\"https:\\\/\\\/kaptanfood.pl\\\/product\\\/helcom-koncentrat-pomidorowy-45kg\\\/#primaryimage\",\"url\":\"https:\\\/\\\/i0.wp.com\\\/kaptanfood.pl\\\/wp-content\\\/uploads\\\/2022\\\/03\\\/Koncentrat-pomidorowy1.jpg?fit=700%2C800&ssl=1\",\"contentUrl\":\"https:\\\/\\\/i0.wp.com\\\/kaptanfood.pl\\\/wp-content\\\/uploads\\\/2022\\\/03\\\/Koncentrat-pomidorowy1.jpg?fit=700%2C800&ssl=1\",\"width\":700,\"height\":800},{\"@type\":\"BreadcrumbList\",\"@id\":\"https:\\\/\\\/kaptanfood.pl\\\/product\\\/helcom-koncentrat-pomidorowy-45kg\\\/#breadcrumb\",\"itemListElement\":[{\"@type\":\"ListItem\",\"position\":1,\"name\":\"Home\",\"item\":\"https:\\\/\\\/kaptanfood.pl\\\/\"},{\"@type\":\"ListItem\",\"position\":2,\"name\":\"Produkty\",\"item\":\"https:\\\/\\\/kaptanfood.pl\\\/produkty\\\/\"},{\"@type\":\"ListItem\",\"position\":3,\"name\":\"Helcom Koncentrat Pomidorowy 4250 ml\"}]},{\"@type\":\"WebSite\",\"@id\":\"https:\\\/\\\/kaptanfood.pl\\\/tr\\\/#website\",\"url\":\"https:\\\/\\\/kaptanfood.pl\\\/tr\\\/\",\"name\":\"Kaptan Food\",\"description\":\"Kaptan Food Hurtownia Kebab - Wszystko dla restauracji\",\"potentialAction\":[{\"@type\":\"SearchAction\",\"target\":{\"@type\":\"EntryPoint\",\"urlTemplate\":\"https:\\\/\\\/kaptanfood.pl\\\/tr\\\/?s={search_term_string}\"},\"query-input\":{\"@type\":\"PropertyValueSpecification\",\"valueRequired\":true,\"valueName\":\"search_term_string\"}}],\"inLanguage\":\"tr\"}]}<\/script>\n<!-- \/ Yoast SEO plugin. -->","yoast_head_json":{"title":"Helcom Koncentrat Pomidorowy 4250 ml - Kaptan Food","robots":{"index":"index","follow":"follow","max-snippet":"max-snippet:-1","max-image-preview":"max-image-preview:large","max-video-preview":"max-video-preview:-1"},"canonical":"https:\/\/kaptanfood.pl\/tr\/product\/helcom-koncentrat-pomidorowy-45kg\/","og_locale":"tr_TR","og_type":"article","og_title":"Helcom Koncentrat Pomidorowy 4250 ml - Kaptan Food","og_description":"Sk\u0142adniki: Koncentrat pomidorowy 36\/38%, woda, s\u00f3l. WARTO\u015a\u0106 OD\u017bYWCZA W 100 G:   Warto\u015b\u0107 energetyczna: 449kJ\/ 106kcal  T\u0142uszcze: 0 g  w tym Kwasy t\u0142uszczowe nasycone: 0 g  W\u0119glowodany: 22 g  w tym Cukry: 20 g  Bia\u0142ko: 2,5 g  S\u00f3l: 0,88 g    &nbsp;  &nbsp;","og_url":"https:\/\/kaptanfood.pl\/tr\/product\/helcom-koncentrat-pomidorowy-45kg\/","og_site_name":"Kaptan Food","article_modified_time":"2026-04-06T04:39:13+00:00","og_image":[{"width":700,"height":800,"url":"https:\/\/kaptanfood.pl\/wp-content\/uploads\/2022\/03\/Koncentrat-pomidorowy1.jpg","type":"image\/jpeg"}],"twitter_card":"summary_large_image","twitter_misc":{"Tahmini okuma s\u00fcresi":"2 dakika"},"schema":{"@context":"https:\/\/schema.org","@graph":[{"@type":"WebPage","@id":"https:\/\/kaptanfood.pl\/product\/helcom-koncentrat-pomidorowy-45kg\/","url":"https:\/\/kaptanfood.pl\/product\/helcom-koncentrat-pomidorowy-45kg\/","name":"Helcom Koncentrat Pomidorowy 4250 ml - Kaptan Food","isPartOf":{"@id":"https:\/\/kaptanfood.pl\/tr\/#website"},"primaryImageOfPage":{"@id":"https:\/\/kaptanfood.pl\/product\/helcom-koncentrat-pomidorowy-45kg\/#primaryimage"},"image":{"@id":"https:\/\/kaptanfood.pl\/product\/helcom-koncentrat-pomidorowy-45kg\/#primaryimage"},"thumbnailUrl":"https:\/\/i0.wp.com\/kaptanfood.pl\/wp-content\/uploads\/2022\/03\/Koncentrat-pomidorowy1.jpg?fit=700%2C800&ssl=1","datePublished":"2022-03-25T12:38:05+00:00","dateModified":"2026-04-06T04:39:13+00:00","breadcrumb":{"@id":"https:\/\/kaptanfood.pl\/product\/helcom-koncentrat-pomidorowy-45kg\/#breadcrumb"},"inLanguage":"tr","potentialAction":[{"@type":"ReadAction","target":["https:\/\/kaptanfood.pl\/product\/helcom-koncentrat-pomidorowy-45kg\/"]}]},{"@type":"ImageObject","inLanguage":"tr","@id":"https:\/\/kaptanfood.pl\/product\/helcom-koncentrat-pomidorowy-45kg\/#primaryimage","url":"https:\/\/i0.wp.com\/kaptanfood.pl\/wp-content\/uploads\/2022\/03\/Koncentrat-pomidorowy1.jpg?fit=700%2C800&ssl=1","contentUrl":"https:\/\/i0.wp.com\/kaptanfood.pl\/wp-content\/uploads\/2022\/03\/Koncentrat-pomidorowy1.jpg?fit=700%2C800&ssl=1","width":700,"height":800},{"@type":"BreadcrumbList","@id":"https:\/\/kaptanfood.pl\/product\/helcom-koncentrat-pomidorowy-45kg\/#breadcrumb","itemListElement":[{"@type":"ListItem","position":1,"name":"Home","item":"https:\/\/kaptanfood.pl\/"},{"@type":"ListItem","position":2,"name":"Produkty","item":"https:\/\/kaptanfood.pl\/produkty\/"},{"@type":"ListItem","position":3,"name":"Helcom Koncentrat Pomidorowy 4250 ml"}]},{"@type":"WebSite","@id":"https:\/\/kaptanfood.pl\/tr\/#website","url":"https:\/\/kaptanfood.pl\/tr\/","name":"Kaptan G\u0131da","description":"Kaptan G\u0131da Toptan Kebap - Restoranlar i\u00e7in her \u015fey","potentialAction":[{"@type":"SearchAction","target":{"@type":"EntryPoint","urlTemplate":"https:\/\/kaptanfood.pl\/tr\/?s={search_term_string}"},"query-input":{"@type":"PropertyValueSpecification","valueRequired":true,"valueName":"search_term_string"}}],"inLanguage":"tr"}]}},"jetpack_sharing_enabled":true,"_links":{"self":[{"href":"https:\/\/kaptanfood.pl\/tr\/wp-json\/wp\/v2\/product\/7538","targetHints":{"allow":["GET"]}}],"collection":[{"href":"https:\/\/kaptanfood.pl\/tr\/wp-json\/wp\/v2\/product"}],"about":[{"href":"https:\/\/kaptanfood.pl\/tr\/wp-json\/wp\/v2\/types\/product"}],"wp:featuredmedia":[{"embeddable":true,"href":"https:\/\/kaptanfood.pl\/tr\/wp-json\/wp\/v2\/media\/7523"}],"wp:attachment":[{"href":"https:\/\/kaptanfood.pl\/tr\/wp-json\/wp\/v2\/media?parent=7538"}],"wp:term":[{"taxonomy":"product_brand","embeddable":true,"href":"https:\/\/kaptanfood.pl\/tr\/wp-json\/wp\/v2\/product_brand?post=7538"},{"taxonomy":"product_cat","embeddable":true,"href":"https:\/\/kaptanfood.pl\/tr\/wp-json\/wp\/v2\/product_cat?post=7538"},{"taxonomy":"product_tag","embeddable":true,"href":"https:\/\/kaptanfood.pl\/tr\/wp-json\/wp\/v2\/product_tag?post=7538"}],"curies":[{"name":"wp","href":"https:\/\/api.w.org\/{rel}","templated":true}]}}