{"id":7537,"date":"2022-03-25T13:24:26","date_gmt":"2022-03-25T12:24:26","guid":{"rendered":"https:\/\/kaptanfood.pl\/?post_type=product&#038;p=7537"},"modified":"2025-12-02T14:55:12","modified_gmt":"2025-12-02T13:55:12","slug":"olej-palmowy-frytura-goldpack","status":"publish","type":"product","link":"https:\/\/kaptanfood.pl\/tr\/product\/olej-palmowy-frytura-goldpack\/","title":{"rendered":"Goldpack K\u0131zartmal\u0131k Palm Ya\u011f\u0131 20 L"},"content":{"rendered":"<div class=\"wpb-content-wrapper\"><div class=\"vc_row wpb_row vc_row-fluid vc_row-o-equal-height vc_row-o-content-top vc_row-flex\"><div class=\"wpb_column vc_column_container vc_col-sm-12 vc_col-lg-4 vc_col-md-4 vc_col-xs-12 wd-rs-61827b8e5abdf\"><div class=\"vc_column-inner vc_custom_1635941267568\"><div class=\"wpb_wrapper\">\n\t<div class=\"wpb_text_column wpb_content_element\" >\n\t\t<div class=\"wpb_wrapper\">\n\t\t\t<div id=\"wd-623db5a271a8a\" class=\"title-wrapper wd-wpb set-mb-s reset-last-child wd-rs-623db5a271a8a wd-title-color-default wd-title-style-default text-left wd-underline-colored\">\n<div class=\"liner-continer\">\n<h4 class=\"woodmart-title-container title wd-font-weight- wd-fontsize-l\">YA\u011e<\/h4>\n<\/div>\n<\/div>\n<div id=\"wd-623db6295da47\" class=\"wd-text-block wd-wpb reset-last-child wd-rs-623db6295da47 text-left vc_custom_1648211526413\">\n<div class=\"content-text\">\n<div class=\"content-text\">\n<ul>\n<li>Palm ya\u011f\u0131, rafine edilmi\u015f, k\u00fcrlenmemi\u015f<\/li>\n<li>100% palmiye ya\u011f\u0131<\/li>\n<li>y\u00fcksek \u0131s\u0131 direnci<\/li>\n<li>\u00fcr\u00fcn\u00fcn tad\u0131 veya kokusu yoktur ve bu nedenle haz\u0131rlanan g\u0131day\u0131 de\u011fi\u015ftirmez<\/li>\n<li>derin k\u0131zartma i\u00e7in ideal - et, cips, \u00e7\u00f6rek vb.<\/li>\n<li>duman noktas\u0131 200 C derecenin \u00fczerindedir<\/li>\n<li>Palm ya\u011f\u0131, ya\u011f palmiyesi a\u011fac\u0131n\u0131n (Elaeis guineensis) meyvesinden elde edilen bitkisel bir ya\u011fd\u0131r. D\u00fcnyada en yayg\u0131n kullan\u0131lan ya\u011flardan biridir ve hem g\u0131da hem de kozmetik end\u00fcstrisinde kullan\u0131l\u0131r. \u0130\u015fte palmiye ya\u011f\u0131 hakk\u0131nda baz\u0131 bilgiler:Mutfakta Kullan\u0131m\u0131:\n<ul>\n<li>Palm ya\u011f\u0131, g\u0131da end\u00fcstrisinde margarin, kek, tatl\u0131 gibi g\u0131dalar\u0131n \u00fcretiminde ve ayr\u0131ca k\u0131zartma ya\u011f\u0131 olarak yayg\u0131n bir \u015fekilde kullan\u0131lmaktad\u0131r. Y\u00fcksek ya\u011f asidi i\u00e7eri\u011fi onu dayan\u0131kl\u0131 ve oksidasyona diren\u00e7li hale getirir.<\/li>\n<\/ul>\n<p>\u00d6zellikler:<\/p>\n<ul>\n<li>Palm ya\u011f\u0131 doymu\u015f ya\u011f asitleri, \u00f6zellikle de palmitik asit bak\u0131m\u0131ndan zengindir. Oda s\u0131cakl\u0131\u011f\u0131nda kat\u0131 bir ya\u011fd\u0131r, bu da margarinler ve baz\u0131 \u015fekerlemeler gibi kat\u0131 \u00fcr\u00fcnlerin \u00fcretiminde kullan\u0131lmas\u0131n\u0131 sa\u011flar.<\/li>\n<\/ul>\n<p>Tart\u0131\u015fma:<\/p>\n<ul>\n<li>Palm ya\u011f\u0131, i\u00e7erdi\u011fi \u00e7evresel ve sosyal sorunlar nedeniyle tart\u0131\u015fma konusu haline gelmi\u015ftir. Palmiye ya\u011f\u0131n\u0131n toplu olarak yeti\u015ftirildi\u011fi baz\u0131 b\u00f6lgelerde bu durum ya\u011fmur ormanlar\u0131n\u0131n yok olmas\u0131na ve do\u011fal ya\u015fam alanlar\u0131n\u0131n kaybolmas\u0131na yol a\u00e7arak \u00e7evreyi ve yerel topluluklar\u0131 etkilemektedir.<\/li>\n<\/ul>\n<p>S\u00fcrd\u00fcr\u00fclebilir Uygulamalar:<\/p>\n<ul>\n<li>\u00c7evresel kayg\u0131lara yan\u0131t olarak, baz\u0131 \u015firketler palm ya\u011f\u0131 \u00fcretiminde, palm ya\u011f\u0131 yeti\u015ftiricili\u011finde sorumlu uygulamalar\u0131 te\u015fvik etmeyi ama\u00e7layan Roundtable on Sustainable Palm Oil (RSPO) sertifikalar\u0131 gibi s\u00fcrd\u00fcr\u00fclebilir uygulamalar\u0131 taahh\u00fct etmi\u015ftir.<\/li>\n<\/ul>\n<p>Palm ya\u011f\u0131 i\u00e7eren \u00fcr\u00fcnleri se\u00e7erken, daha \u00e7evre dostu uygulamalar\u0131 desteklemek i\u00e7in s\u00fcrd\u00fcr\u00fclebilir \u00fcretim etiketlerine dikkat etmekte fayda var. Bununla birlikte, k\u00fcresel palm ya\u011f\u0131 \u00fcretiminin \u00e7evresel ve sosyal etkileri konusunda tart\u0131\u015fmalar devam etmektedir.<\/li>\n<\/ul>\n<\/div>\n<\/div>\n<\/div>\n\n\t\t<\/div>\n\t<\/div>\n<\/div><\/div><\/div><div class=\"wpb_column vc_column_container vc_col-sm-6 vc_col-lg-4 vc_col-md-4 vc_col-xs-12 wd-rs-61827b8294f87\"><div class=\"vc_column-inner\"><div class=\"wpb_wrapper\">\n\t<div  class=\"wpb_single_image wpb_content_element vc_align_left vc_custom_1648211814479\">\n\t\t\n\t\t<figure class=\"wpb_wrapper vc_figure\">\n\t\t\t<div class=\"vc_single_image-wrapper   vc_box_border_grey\"><img loading=\"lazy\" decoding=\"async\" width=\"700\" height=\"800\" src=\"https:\/\/i0.wp.com\/kaptanfood.pl\/wp-content\/uploads\/2022\/03\/GoldPack_GoldPack_olej_palmowy_frytura1.jpg?fit=700%2C800&amp;ssl=1\" class=\"vc_single_image-img attachment-full\" alt=\"\" title=\"GoldPack_GoldPack_palm_ya\u011f\u0131_frytura1\" srcset=\"https:\/\/i0.wp.com\/kaptanfood.pl\/wp-content\/uploads\/2022\/03\/GoldPack_GoldPack_olej_palmowy_frytura1.jpg?w=700&amp;ssl=1 700w, https:\/\/i0.wp.com\/kaptanfood.pl\/wp-content\/uploads\/2022\/03\/GoldPack_GoldPack_olej_palmowy_frytura1.jpg?resize=263%2C300&amp;ssl=1 263w, https:\/\/i0.wp.com\/kaptanfood.pl\/wp-content\/uploads\/2022\/03\/GoldPack_GoldPack_olej_palmowy_frytura1.jpg?resize=430%2C491&amp;ssl=1 430w, https:\/\/i0.wp.com\/kaptanfood.pl\/wp-content\/uploads\/2022\/03\/GoldPack_GoldPack_olej_palmowy_frytura1.jpg?resize=150%2C171&amp;ssl=1 150w\" sizes=\"auto, (max-width: 700px) 100vw, 700px\" \/><\/div>\n\t\t<\/figure>\n\t<\/div>\n<\/div><\/div><\/div><div class=\"wpb_column vc_column_container vc_col-sm-6 vc_col-lg-4 vc_col-md-4 vc_col-xs-12 wd-rs-61827b9533868\"><div class=\"vc_column-inner\"><div class=\"wpb_wrapper\">\n\t<div  class=\"wpb_single_image wpb_content_element vc_align_left vc_custom_1648211300306\">\n\t\t\n\t\t<figure class=\"wpb_wrapper vc_figure\">\n\t\t\t<div class=\"vc_single_image-wrapper   vc_box_border_grey\"><img loading=\"lazy\" decoding=\"async\" width=\"700\" height=\"800\" src=\"https:\/\/i0.wp.com\/kaptanfood.pl\/wp-content\/uploads\/2022\/03\/GoldPack_GoldPack_olej_palmoil2.jpg?fit=700%2C800&amp;ssl=1\" class=\"vc_single_image-img attachment-full\" alt=\"\" title=\"GoldPack_GoldPack_oil_palmoil2\" srcset=\"https:\/\/i0.wp.com\/kaptanfood.pl\/wp-content\/uploads\/2022\/03\/GoldPack_GoldPack_olej_palmoil2.jpg?w=700&amp;ssl=1 700w, https:\/\/i0.wp.com\/kaptanfood.pl\/wp-content\/uploads\/2022\/03\/GoldPack_GoldPack_olej_palmoil2.jpg?resize=263%2C300&amp;ssl=1 263w, https:\/\/i0.wp.com\/kaptanfood.pl\/wp-content\/uploads\/2022\/03\/GoldPack_GoldPack_olej_palmoil2.jpg?resize=430%2C491&amp;ssl=1 430w, https:\/\/i0.wp.com\/kaptanfood.pl\/wp-content\/uploads\/2022\/03\/GoldPack_GoldPack_olej_palmoil2.jpg?resize=150%2C171&amp;ssl=1 150w\" sizes=\"auto, (max-width: 700px) 100vw, 700px\" \/><\/div>\n\t\t<\/figure>\n\t<\/div>\n<\/div><\/div><\/div><\/div>\n<\/div>","protected":false},"excerpt":{"rendered":"<div class=\"content-text\">\n<div class=\"content-text\">\n<div class=\"content-text\">\n<p>Goldpack Palm Ya\u011f\u0131 Frit\u00f6z\u00fc. Palm ya\u011f\u0131, rafine, k\u00fcrlenmemi\u015f 20 lt 100% palm ya\u011f\u0131.<\/p>\n<\/div>\n<\/div>\n<\/div>\n<p>&nbsp;<\/p>\n<p>&nbsp;<\/p>","protected":false},"featured_media":7515,"template":"","meta":[],"product_brand":[],"product_cat":[53],"product_tag":[],"class_list":{"0":"post-7537","1":"product","2":"type-product","3":"status-publish","4":"has-post-thumbnail","6":"product_cat-dodatki","7":"pa_brand-gold-pack","8":"pa_brand-kaptan-food","10":"first","11":"instock","12":"taxable","13":"shipping-taxable","14":"purchasable","15":"product-type-simple"},"yoast_head":"<!-- This site is optimized with the Yoast SEO plugin v27.3 - https:\/\/yoast.com\/product\/yoast-seo-wordpress\/ -->\n<title>Olej Palmowy Frytura Goldpack 20 L - Kaptan Food<\/title>\n<meta name=\"robots\" content=\"index, follow, max-snippet:-1, max-image-preview:large, max-video-preview:-1\" \/>\n<link rel=\"canonical\" href=\"https:\/\/kaptanfood.pl\/tr\/product\/olej-palmowy-frytura-goldpack\/\" \/>\n<meta property=\"og:locale\" content=\"tr_TR\" \/>\n<meta property=\"og:type\" content=\"article\" \/>\n<meta property=\"og:title\" content=\"Olej Palmowy Frytura Goldpack 20 L - Kaptan Food\" \/>\n<meta property=\"og:description\" content=\"Olej Palmowy Frytura Goldpack. Olej palmowy, rafinowany, nieutwardzony 20 lt 100% olej palmowy.     &nbsp;  &nbsp;\" \/>\n<meta property=\"og:url\" content=\"https:\/\/kaptanfood.pl\/tr\/product\/olej-palmowy-frytura-goldpack\/\" \/>\n<meta property=\"og:site_name\" content=\"Kaptan Food\" \/>\n<meta property=\"article:modified_time\" content=\"2025-12-02T13:55:12+00:00\" \/>\n<meta property=\"og:image\" content=\"https:\/\/i0.wp.com\/kaptanfood.pl\/wp-content\/uploads\/2022\/03\/GoldPack_GoldPack_olej_palmowy_frytura1.jpg?fit=700%2C800&ssl=1\" \/>\n\t<meta property=\"og:image:width\" content=\"700\" \/>\n\t<meta property=\"og:image:height\" content=\"800\" \/>\n\t<meta property=\"og:image:type\" content=\"image\/jpeg\" \/>\n<meta name=\"twitter:card\" content=\"summary_large_image\" \/>\n<meta name=\"twitter:label1\" content=\"Tahmini okuma s\u00fcresi\" \/>\n\t<meta name=\"twitter:data1\" content=\"3 dakika\" \/>\n<script type=\"application\/ld+json\" class=\"yoast-schema-graph\">{\"@context\":\"https:\\\/\\\/schema.org\",\"@graph\":[{\"@type\":\"WebPage\",\"@id\":\"https:\\\/\\\/kaptanfood.pl\\\/product\\\/olej-palmowy-frytura-goldpack\\\/\",\"url\":\"https:\\\/\\\/kaptanfood.pl\\\/product\\\/olej-palmowy-frytura-goldpack\\\/\",\"name\":\"Olej Palmowy Frytura Goldpack 20 L - Kaptan Food\",\"isPartOf\":{\"@id\":\"https:\\\/\\\/kaptanfood.pl\\\/tr\\\/#website\"},\"primaryImageOfPage\":{\"@id\":\"https:\\\/\\\/kaptanfood.pl\\\/product\\\/olej-palmowy-frytura-goldpack\\\/#primaryimage\"},\"image\":{\"@id\":\"https:\\\/\\\/kaptanfood.pl\\\/product\\\/olej-palmowy-frytura-goldpack\\\/#primaryimage\"},\"thumbnailUrl\":\"https:\\\/\\\/i0.wp.com\\\/kaptanfood.pl\\\/wp-content\\\/uploads\\\/2022\\\/03\\\/GoldPack_GoldPack_olej_palmowy_frytura1.jpg?fit=700%2C800&ssl=1\",\"datePublished\":\"2022-03-25T12:24:26+00:00\",\"dateModified\":\"2025-12-02T13:55:12+00:00\",\"breadcrumb\":{\"@id\":\"https:\\\/\\\/kaptanfood.pl\\\/product\\\/olej-palmowy-frytura-goldpack\\\/#breadcrumb\"},\"inLanguage\":\"tr\",\"potentialAction\":[{\"@type\":\"ReadAction\",\"target\":[\"https:\\\/\\\/kaptanfood.pl\\\/product\\\/olej-palmowy-frytura-goldpack\\\/\"]}]},{\"@type\":\"ImageObject\",\"inLanguage\":\"tr\",\"@id\":\"https:\\\/\\\/kaptanfood.pl\\\/product\\\/olej-palmowy-frytura-goldpack\\\/#primaryimage\",\"url\":\"https:\\\/\\\/i0.wp.com\\\/kaptanfood.pl\\\/wp-content\\\/uploads\\\/2022\\\/03\\\/GoldPack_GoldPack_olej_palmowy_frytura1.jpg?fit=700%2C800&ssl=1\",\"contentUrl\":\"https:\\\/\\\/i0.wp.com\\\/kaptanfood.pl\\\/wp-content\\\/uploads\\\/2022\\\/03\\\/GoldPack_GoldPack_olej_palmowy_frytura1.jpg?fit=700%2C800&ssl=1\",\"width\":700,\"height\":800},{\"@type\":\"BreadcrumbList\",\"@id\":\"https:\\\/\\\/kaptanfood.pl\\\/product\\\/olej-palmowy-frytura-goldpack\\\/#breadcrumb\",\"itemListElement\":[{\"@type\":\"ListItem\",\"position\":1,\"name\":\"Home\",\"item\":\"https:\\\/\\\/kaptanfood.pl\\\/\"},{\"@type\":\"ListItem\",\"position\":2,\"name\":\"Produkty\",\"item\":\"https:\\\/\\\/kaptanfood.pl\\\/produkty\\\/\"},{\"@type\":\"ListItem\",\"position\":3,\"name\":\"Olej Palmowy Frytura Goldpack 20 L\"}]},{\"@type\":\"WebSite\",\"@id\":\"https:\\\/\\\/kaptanfood.pl\\\/tr\\\/#website\",\"url\":\"https:\\\/\\\/kaptanfood.pl\\\/tr\\\/\",\"name\":\"Kaptan Food\",\"description\":\"Kaptan Food Hurtownia Kebab - Wszystko dla restauracji\",\"potentialAction\":[{\"@type\":\"SearchAction\",\"target\":{\"@type\":\"EntryPoint\",\"urlTemplate\":\"https:\\\/\\\/kaptanfood.pl\\\/tr\\\/?s={search_term_string}\"},\"query-input\":{\"@type\":\"PropertyValueSpecification\",\"valueRequired\":true,\"valueName\":\"search_term_string\"}}],\"inLanguage\":\"tr\"}]}<\/script>\n<!-- \/ Yoast SEO plugin. -->","yoast_head_json":{"title":"Olej Palmowy Frytura Goldpack 20 L - Kaptan Food","robots":{"index":"index","follow":"follow","max-snippet":"max-snippet:-1","max-image-preview":"max-image-preview:large","max-video-preview":"max-video-preview:-1"},"canonical":"https:\/\/kaptanfood.pl\/tr\/product\/olej-palmowy-frytura-goldpack\/","og_locale":"tr_TR","og_type":"article","og_title":"Olej Palmowy Frytura Goldpack 20 L - Kaptan Food","og_description":"Olej Palmowy Frytura Goldpack. Olej palmowy, rafinowany, nieutwardzony 20 lt 100% olej palmowy.     &nbsp;  &nbsp;","og_url":"https:\/\/kaptanfood.pl\/tr\/product\/olej-palmowy-frytura-goldpack\/","og_site_name":"Kaptan Food","article_modified_time":"2025-12-02T13:55:12+00:00","og_image":[{"width":700,"height":800,"url":"https:\/\/i0.wp.com\/kaptanfood.pl\/wp-content\/uploads\/2022\/03\/GoldPack_GoldPack_olej_palmowy_frytura1.jpg?fit=700%2C800&ssl=1","type":"image\/jpeg"}],"twitter_card":"summary_large_image","twitter_misc":{"Tahmini okuma s\u00fcresi":"3 dakika"},"schema":{"@context":"https:\/\/schema.org","@graph":[{"@type":"WebPage","@id":"https:\/\/kaptanfood.pl\/product\/olej-palmowy-frytura-goldpack\/","url":"https:\/\/kaptanfood.pl\/product\/olej-palmowy-frytura-goldpack\/","name":"Olej Palmowy Frytura Goldpack 20 L - Kaptan Food","isPartOf":{"@id":"https:\/\/kaptanfood.pl\/tr\/#website"},"primaryImageOfPage":{"@id":"https:\/\/kaptanfood.pl\/product\/olej-palmowy-frytura-goldpack\/#primaryimage"},"image":{"@id":"https:\/\/kaptanfood.pl\/product\/olej-palmowy-frytura-goldpack\/#primaryimage"},"thumbnailUrl":"https:\/\/i0.wp.com\/kaptanfood.pl\/wp-content\/uploads\/2022\/03\/GoldPack_GoldPack_olej_palmowy_frytura1.jpg?fit=700%2C800&ssl=1","datePublished":"2022-03-25T12:24:26+00:00","dateModified":"2025-12-02T13:55:12+00:00","breadcrumb":{"@id":"https:\/\/kaptanfood.pl\/product\/olej-palmowy-frytura-goldpack\/#breadcrumb"},"inLanguage":"tr","potentialAction":[{"@type":"ReadAction","target":["https:\/\/kaptanfood.pl\/product\/olej-palmowy-frytura-goldpack\/"]}]},{"@type":"ImageObject","inLanguage":"tr","@id":"https:\/\/kaptanfood.pl\/product\/olej-palmowy-frytura-goldpack\/#primaryimage","url":"https:\/\/i0.wp.com\/kaptanfood.pl\/wp-content\/uploads\/2022\/03\/GoldPack_GoldPack_olej_palmowy_frytura1.jpg?fit=700%2C800&ssl=1","contentUrl":"https:\/\/i0.wp.com\/kaptanfood.pl\/wp-content\/uploads\/2022\/03\/GoldPack_GoldPack_olej_palmowy_frytura1.jpg?fit=700%2C800&ssl=1","width":700,"height":800},{"@type":"BreadcrumbList","@id":"https:\/\/kaptanfood.pl\/product\/olej-palmowy-frytura-goldpack\/#breadcrumb","itemListElement":[{"@type":"ListItem","position":1,"name":"Home","item":"https:\/\/kaptanfood.pl\/"},{"@type":"ListItem","position":2,"name":"Produkty","item":"https:\/\/kaptanfood.pl\/produkty\/"},{"@type":"ListItem","position":3,"name":"Olej Palmowy Frytura Goldpack 20 L"}]},{"@type":"WebSite","@id":"https:\/\/kaptanfood.pl\/tr\/#website","url":"https:\/\/kaptanfood.pl\/tr\/","name":"Kaptan G\u0131da","description":"Kaptan G\u0131da Toptan Kebap - Restoranlar i\u00e7in her \u015fey","potentialAction":[{"@type":"SearchAction","target":{"@type":"EntryPoint","urlTemplate":"https:\/\/kaptanfood.pl\/tr\/?s={search_term_string}"},"query-input":{"@type":"PropertyValueSpecification","valueRequired":true,"valueName":"search_term_string"}}],"inLanguage":"tr"}]}},"jetpack_sharing_enabled":true,"_links":{"self":[{"href":"https:\/\/kaptanfood.pl\/tr\/wp-json\/wp\/v2\/product\/7537","targetHints":{"allow":["GET"]}}],"collection":[{"href":"https:\/\/kaptanfood.pl\/tr\/wp-json\/wp\/v2\/product"}],"about":[{"href":"https:\/\/kaptanfood.pl\/tr\/wp-json\/wp\/v2\/types\/product"}],"wp:featuredmedia":[{"embeddable":true,"href":"https:\/\/kaptanfood.pl\/tr\/wp-json\/wp\/v2\/media\/7515"}],"wp:attachment":[{"href":"https:\/\/kaptanfood.pl\/tr\/wp-json\/wp\/v2\/media?parent=7537"}],"wp:term":[{"taxonomy":"product_brand","embeddable":true,"href":"https:\/\/kaptanfood.pl\/tr\/wp-json\/wp\/v2\/product_brand?post=7537"},{"taxonomy":"product_cat","embeddable":true,"href":"https:\/\/kaptanfood.pl\/tr\/wp-json\/wp\/v2\/product_cat?post=7537"},{"taxonomy":"product_tag","embeddable":true,"href":"https:\/\/kaptanfood.pl\/tr\/wp-json\/wp\/v2\/product_tag?post=7537"}],"curies":[{"name":"wp","href":"https:\/\/api.w.org\/{rel}","templated":true}]}}