{"id":7474,"date":"2022-03-11T21:10:51","date_gmt":"2022-03-11T20:10:51","guid":{"rendered":"https:\/\/kaptanfood.pl\/?post_type=product&#038;p=7474"},"modified":"2026-02-27T12:48:09","modified_gmt":"2026-02-27T11:48:09","slug":"mccain-crispers","status":"publish","type":"product","link":"https:\/\/kaptanfood.pl\/tr\/product\/mccain-crispers\/","title":{"rendered":"McCain Crispers (5 x 2,5 kg)"},"content":{"rendered":"<div class=\"wpb-content-wrapper\"><div class=\"vc_row wpb_row vc_row-fluid vc_custom_1632566163505 vc_row-o-content-middle vc_row-flex wd-rs-614efb885b0d8\"><div class=\"wpb_column vc_column_container vc_col-sm-12 vc_col-md-6\"><div class=\"vc_column-inner\"><div class=\"wpb_wrapper\">\t\t<div id=\"wd-69a1846dee26b\" class=\"wd-image wd-wpb wd-rs-69a1846dee26b hidden-xs text-left\">\n\t\t\t\n\t\t\t<img loading=\"lazy\" decoding=\"async\" width=\"623\" height=\"882\" src=\"https:\/\/i0.wp.com\/kaptanfood.pl\/wp-content\/uploads\/2022\/03\/CrisperMcCain.jpg?fit=623%2C882&amp;ssl=1\" class=\"attachment-full size-full\" alt=\"\" srcset=\"https:\/\/i0.wp.com\/kaptanfood.pl\/wp-content\/uploads\/2022\/03\/CrisperMcCain.jpg?w=623&amp;ssl=1 623w, https:\/\/i0.wp.com\/kaptanfood.pl\/wp-content\/uploads\/2022\/03\/CrisperMcCain.jpg?resize=212%2C300&amp;ssl=1 212w, https:\/\/i0.wp.com\/kaptanfood.pl\/wp-content\/uploads\/2022\/03\/CrisperMcCain.jpg?resize=565%2C800&amp;ssl=1 565w, https:\/\/i0.wp.com\/kaptanfood.pl\/wp-content\/uploads\/2022\/03\/CrisperMcCain.jpg?resize=430%2C609&amp;ssl=1 430w, https:\/\/i0.wp.com\/kaptanfood.pl\/wp-content\/uploads\/2022\/03\/CrisperMcCain.jpg?resize=150%2C212&amp;ssl=1 150w\" sizes=\"auto, (max-width: 623px) 100vw, 623px\" \/>\n\t\t\t\t\t<\/div>\n\t\t<\/div><\/div><\/div><div class=\"wpb_column vc_column_container vc_col-sm-12 vc_col-md-6\"><div class=\"vc_column-inner vc_custom_1496394189503\"><div class=\"wpb_wrapper\">\n\t\t<div id=\"wd-6964a7af8d468\" class=\"title-wrapper wd-wpb wd-set-mb reset-last-child  wd-rs-6964a7af8d468 wd-title-color-default wd-title-style-default text-left vc_custom_1768204236089 wd-width-custom wd-underline-colored\">\n\t\t\t\n\t\t\t<div class=\"liner-continer\">\n\t\t\t\t<h4 class=\"woodmart-title-container title  wd-font-weight- wd-fontsize-xl\" >Crispers Podsma\u017cone, g\u0142\u0119boko mro\u017cone<\/h4>\n\t\t\t\t\t\t\t<\/div>\n\t\t\t\n\t\t\t\n\t\t\t\n\t\t<\/div>\n\t\t\n\t\t\t\t<div id=\"wd-6964a820ccc6f\" class=\"wd-text-block wd-wpb reset-last-child wd-rs-6964a820ccc6f text-left wd-fontsize-custom vc_custom_1768204328277\">\n\t\t\t<p>Karbowane cz\u0105stki ziemniaczane w kszta\u0142cie litery V, ze sk\u00f3rk\u0105 i<br \/>\nchrupi\u0105c\u0105, niewidzialn\u0105 pow\u0142oczk\u0105. Intensywny smak ziemniaka oraz<br \/>\nwysoka jako\u015b\u0107 po przygotowaniu w piecu lub frytownicy.<\/p>\n\t\t<\/div>\n\t\t\t\t<div id=\"wd-6964aada7188e\" class=\"wd-text-block wd-wpb reset-last-child wd-rs-6964aada7188e text-left wd-fontsize-custom vc_custom_1768205022828\">\n\t\t\t<h3 style=\"color: #111827; margin-bottom: 6px;\">Avantajlar<\/h3>\n<ul style=\"color: #374151;\">\n<li>Wyj\u0105tkowa chrupko\u015b\u0107 dzi\u0119ki niewidzialnej pow\u0142oczce<\/li>\n<li>Intensywny ziemniaczany smak<\/li>\n<li>Doskona\u0142e do pieca i dostawy<\/li>\n<li>Wszechstronne zastosowanie: dodatek premium, przek\u0105ska lub dania typu loaded<\/li>\n<\/ul>\n\t\t<\/div>\n\t\t\t\t<div id=\"wd-6964aa9c86d6b\" class=\"wd-text-block wd-wpb reset-last-child wd-rs-6964aa9c86d6b text-left wd-fontsize-custom\">\n\t\t\t<table>\n<tbody>\n<tr>\n<th style=\"text-align: left;\"><strong>Saklama s\u0131cakl\u0131\u011f\u0131<\/strong><\/th>\n<td style=\"text-align: left; font-size: 16px;\">-18\u00b0C (24 ay)<\/td>\n<\/tr>\n<tr>\n<th style=\"text-align: left;\"><strong>HELAL<\/strong><\/th>\n<td style=\"text-align: left; font-size: 16px;\">EVET<\/td>\n<\/tr>\n<tr>\n<th style=\"text-align: left;\"><strong>Paketleme<\/strong><\/th>\n<td style=\"text-align: left; font-size: 16px;\"><strong>Karton ba\u015f\u0131na 5 \u00d7 2,5 kg<\/strong><\/td>\n<\/tr>\n<tr>\n<th style=\"text-align: left;\"><strong>\u0130\u00e7indekiler<\/strong><\/th>\n<td style=\"text-align: left; font-size: 16px;\"><\/td>\n<\/tr>\n<tr>\n<th style=\"text-align: left;\"><strong>Haz\u0131rl\u0131k - frit\u00f6z<\/strong><\/th>\n<td style=\"text-align: left; font-size: 16px;\">175\u00b0C - 2 dakika 45 saniye<\/td>\n<\/tr>\n<tr>\n<th style=\"text-align: left;\"><strong>Haz\u0131rl\u0131k - f\u0131r\u0131n<\/strong><\/th>\n<td style=\"text-align: left; font-size: 16px;\">200\u00b0C \u00b7 12 min<\/td>\n<\/tr>\n<\/tbody>\n<\/table>\n\t\t<\/div>\n\t\t<\/div><\/div><\/div><\/div>\n<\/div>","protected":false},"excerpt":{"rendered":"<p>Dondurulmu\u015f \u00fcr\u00fcn<\/p>","protected":false},"featured_media":7433,"template":"","meta":[],"product_brand":[],"product_cat":[127],"product_tag":[293,292],"class_list":{"0":"post-7474","1":"product","2":"type-product","3":"status-publish","4":"has-post-thumbnail","6":"product_cat-frytki","7":"product_tag-crispers","8":"product_tag-frytki","9":"pa_brand-mccain","10":"pa_rodzaj-indyczy","11":"pa_rodzaj-kurczak","13":"first","14":"instock","15":"taxable","16":"shipping-taxable","17":"purchasable","18":"product-type-simple"},"yoast_head":"<!-- This site is optimized with the Yoast SEO plugin v27.3 - https:\/\/yoast.com\/product\/yoast-seo-wordpress\/ -->\n<title>McCain Crispers (5 x 2,5kg) - Kaptan Food<\/title>\n<meta name=\"robots\" content=\"index, follow, max-snippet:-1, max-image-preview:large, max-video-preview:-1\" \/>\n<link rel=\"canonical\" href=\"https:\/\/kaptanfood.pl\/tr\/product\/mccain-crispers\/\" \/>\n<meta property=\"og:locale\" content=\"tr_TR\" \/>\n<meta property=\"og:type\" content=\"article\" \/>\n<meta property=\"og:title\" content=\"McCain Crispers (5 x 2,5kg) - Kaptan Food\" \/>\n<meta property=\"og:description\" content=\"Produkt mro\u017cony\" \/>\n<meta property=\"og:url\" content=\"https:\/\/kaptanfood.pl\/tr\/product\/mccain-crispers\/\" \/>\n<meta property=\"og:site_name\" content=\"Kaptan Food\" \/>\n<meta property=\"article:modified_time\" content=\"2026-02-27T11:48:09+00:00\" \/>\n<meta property=\"og:image\" content=\"https:\/\/kaptanfood.pl\/wp-content\/uploads\/2022\/03\/McCainCrisp.jpg\" \/>\n\t<meta property=\"og:image:width\" content=\"700\" \/>\n\t<meta property=\"og:image:height\" content=\"800\" \/>\n\t<meta property=\"og:image:type\" content=\"image\/jpeg\" \/>\n<meta name=\"twitter:card\" content=\"summary_large_image\" \/>\n<meta name=\"twitter:label1\" content=\"Tahmini okuma s\u00fcresi\" \/>\n\t<meta name=\"twitter:data1\" content=\"2 dakika\" \/>\n<script type=\"application\/ld+json\" class=\"yoast-schema-graph\">{\"@context\":\"https:\\\/\\\/schema.org\",\"@graph\":[{\"@type\":\"WebPage\",\"@id\":\"https:\\\/\\\/kaptanfood.pl\\\/product\\\/mccain-crispers\\\/\",\"url\":\"https:\\\/\\\/kaptanfood.pl\\\/product\\\/mccain-crispers\\\/\",\"name\":\"McCain Crispers (5 x 2,5kg) - Kaptan Food\",\"isPartOf\":{\"@id\":\"https:\\\/\\\/kaptanfood.pl\\\/tr\\\/#website\"},\"primaryImageOfPage\":{\"@id\":\"https:\\\/\\\/kaptanfood.pl\\\/product\\\/mccain-crispers\\\/#primaryimage\"},\"image\":{\"@id\":\"https:\\\/\\\/kaptanfood.pl\\\/product\\\/mccain-crispers\\\/#primaryimage\"},\"thumbnailUrl\":\"https:\\\/\\\/i0.wp.com\\\/kaptanfood.pl\\\/wp-content\\\/uploads\\\/2022\\\/03\\\/McCainCrisp.jpg?fit=700%2C800&ssl=1\",\"datePublished\":\"2022-03-11T20:10:51+00:00\",\"dateModified\":\"2026-02-27T11:48:09+00:00\",\"breadcrumb\":{\"@id\":\"https:\\\/\\\/kaptanfood.pl\\\/product\\\/mccain-crispers\\\/#breadcrumb\"},\"inLanguage\":\"tr\",\"potentialAction\":[{\"@type\":\"ReadAction\",\"target\":[\"https:\\\/\\\/kaptanfood.pl\\\/product\\\/mccain-crispers\\\/\"]}]},{\"@type\":\"ImageObject\",\"inLanguage\":\"tr\",\"@id\":\"https:\\\/\\\/kaptanfood.pl\\\/product\\\/mccain-crispers\\\/#primaryimage\",\"url\":\"https:\\\/\\\/i0.wp.com\\\/kaptanfood.pl\\\/wp-content\\\/uploads\\\/2022\\\/03\\\/McCainCrisp.jpg?fit=700%2C800&ssl=1\",\"contentUrl\":\"https:\\\/\\\/i0.wp.com\\\/kaptanfood.pl\\\/wp-content\\\/uploads\\\/2022\\\/03\\\/McCainCrisp.jpg?fit=700%2C800&ssl=1\",\"width\":700,\"height\":800},{\"@type\":\"BreadcrumbList\",\"@id\":\"https:\\\/\\\/kaptanfood.pl\\\/product\\\/mccain-crispers\\\/#breadcrumb\",\"itemListElement\":[{\"@type\":\"ListItem\",\"position\":1,\"name\":\"Home\",\"item\":\"https:\\\/\\\/kaptanfood.pl\\\/\"},{\"@type\":\"ListItem\",\"position\":2,\"name\":\"Produkty\",\"item\":\"https:\\\/\\\/kaptanfood.pl\\\/produkty\\\/\"},{\"@type\":\"ListItem\",\"position\":3,\"name\":\"McCain Crispers (5 x 2,5kg)\"}]},{\"@type\":\"WebSite\",\"@id\":\"https:\\\/\\\/kaptanfood.pl\\\/tr\\\/#website\",\"url\":\"https:\\\/\\\/kaptanfood.pl\\\/tr\\\/\",\"name\":\"Kaptan Food\",\"description\":\"Kaptan Food Hurtownia Kebab - Wszystko dla restauracji\",\"potentialAction\":[{\"@type\":\"SearchAction\",\"target\":{\"@type\":\"EntryPoint\",\"urlTemplate\":\"https:\\\/\\\/kaptanfood.pl\\\/tr\\\/?s={search_term_string}\"},\"query-input\":{\"@type\":\"PropertyValueSpecification\",\"valueRequired\":true,\"valueName\":\"search_term_string\"}}],\"inLanguage\":\"tr\"}]}<\/script>\n<!-- \/ Yoast SEO plugin. -->","yoast_head_json":{"title":"McCain Crispers (5 x 2,5kg) - Kaptan Food","robots":{"index":"index","follow":"follow","max-snippet":"max-snippet:-1","max-image-preview":"max-image-preview:large","max-video-preview":"max-video-preview:-1"},"canonical":"https:\/\/kaptanfood.pl\/tr\/product\/mccain-crispers\/","og_locale":"tr_TR","og_type":"article","og_title":"McCain Crispers (5 x 2,5kg) - Kaptan Food","og_description":"Produkt mro\u017cony","og_url":"https:\/\/kaptanfood.pl\/tr\/product\/mccain-crispers\/","og_site_name":"Kaptan Food","article_modified_time":"2026-02-27T11:48:09+00:00","og_image":[{"width":700,"height":800,"url":"https:\/\/kaptanfood.pl\/wp-content\/uploads\/2022\/03\/McCainCrisp.jpg","type":"image\/jpeg"}],"twitter_card":"summary_large_image","twitter_misc":{"Tahmini okuma s\u00fcresi":"2 dakika"},"schema":{"@context":"https:\/\/schema.org","@graph":[{"@type":"WebPage","@id":"https:\/\/kaptanfood.pl\/product\/mccain-crispers\/","url":"https:\/\/kaptanfood.pl\/product\/mccain-crispers\/","name":"McCain Crispers (5 x 2,5kg) - Kaptan Food","isPartOf":{"@id":"https:\/\/kaptanfood.pl\/tr\/#website"},"primaryImageOfPage":{"@id":"https:\/\/kaptanfood.pl\/product\/mccain-crispers\/#primaryimage"},"image":{"@id":"https:\/\/kaptanfood.pl\/product\/mccain-crispers\/#primaryimage"},"thumbnailUrl":"https:\/\/i0.wp.com\/kaptanfood.pl\/wp-content\/uploads\/2022\/03\/McCainCrisp.jpg?fit=700%2C800&ssl=1","datePublished":"2022-03-11T20:10:51+00:00","dateModified":"2026-02-27T11:48:09+00:00","breadcrumb":{"@id":"https:\/\/kaptanfood.pl\/product\/mccain-crispers\/#breadcrumb"},"inLanguage":"tr","potentialAction":[{"@type":"ReadAction","target":["https:\/\/kaptanfood.pl\/product\/mccain-crispers\/"]}]},{"@type":"ImageObject","inLanguage":"tr","@id":"https:\/\/kaptanfood.pl\/product\/mccain-crispers\/#primaryimage","url":"https:\/\/i0.wp.com\/kaptanfood.pl\/wp-content\/uploads\/2022\/03\/McCainCrisp.jpg?fit=700%2C800&ssl=1","contentUrl":"https:\/\/i0.wp.com\/kaptanfood.pl\/wp-content\/uploads\/2022\/03\/McCainCrisp.jpg?fit=700%2C800&ssl=1","width":700,"height":800},{"@type":"BreadcrumbList","@id":"https:\/\/kaptanfood.pl\/product\/mccain-crispers\/#breadcrumb","itemListElement":[{"@type":"ListItem","position":1,"name":"Home","item":"https:\/\/kaptanfood.pl\/"},{"@type":"ListItem","position":2,"name":"Produkty","item":"https:\/\/kaptanfood.pl\/produkty\/"},{"@type":"ListItem","position":3,"name":"McCain Crispers (5 x 2,5kg)"}]},{"@type":"WebSite","@id":"https:\/\/kaptanfood.pl\/tr\/#website","url":"https:\/\/kaptanfood.pl\/tr\/","name":"Kaptan G\u0131da","description":"Kaptan G\u0131da Toptan Kebap - Restoranlar i\u00e7in her \u015fey","potentialAction":[{"@type":"SearchAction","target":{"@type":"EntryPoint","urlTemplate":"https:\/\/kaptanfood.pl\/tr\/?s={search_term_string}"},"query-input":{"@type":"PropertyValueSpecification","valueRequired":true,"valueName":"search_term_string"}}],"inLanguage":"tr"}]}},"jetpack_sharing_enabled":true,"_links":{"self":[{"href":"https:\/\/kaptanfood.pl\/tr\/wp-json\/wp\/v2\/product\/7474","targetHints":{"allow":["GET"]}}],"collection":[{"href":"https:\/\/kaptanfood.pl\/tr\/wp-json\/wp\/v2\/product"}],"about":[{"href":"https:\/\/kaptanfood.pl\/tr\/wp-json\/wp\/v2\/types\/product"}],"wp:featuredmedia":[{"embeddable":true,"href":"https:\/\/kaptanfood.pl\/tr\/wp-json\/wp\/v2\/media\/7433"}],"wp:attachment":[{"href":"https:\/\/kaptanfood.pl\/tr\/wp-json\/wp\/v2\/media?parent=7474"}],"wp:term":[{"taxonomy":"product_brand","embeddable":true,"href":"https:\/\/kaptanfood.pl\/tr\/wp-json\/wp\/v2\/product_brand?post=7474"},{"taxonomy":"product_cat","embeddable":true,"href":"https:\/\/kaptanfood.pl\/tr\/wp-json\/wp\/v2\/product_cat?post=7474"},{"taxonomy":"product_tag","embeddable":true,"href":"https:\/\/kaptanfood.pl\/tr\/wp-json\/wp\/v2\/product_tag?post=7474"}],"curies":[{"name":"wp","href":"https:\/\/api.w.org\/{rel}","templated":true}]}}