{"id":7458,"date":"2022-03-09T12:56:33","date_gmt":"2022-03-09T11:56:33","guid":{"rendered":"https:\/\/kaptanfood.pl\/?post_type=product&#038;p=7458"},"modified":"2026-03-30T13:58:57","modified_gmt":"2026-03-30T11:58:57","slug":"falafel-1200-gr","status":"publish","type":"product","link":"https:\/\/kaptanfood.pl\/tr\/product\/falafel-1200-gr\/","title":{"rendered":"Falafel 1200 Gr"},"content":{"rendered":"<div class=\"wpb-content-wrapper\"><div class=\"vc_row wpb_row vc_row-fluid vc_custom_1632566163505 vc_row-o-content-middle vc_row-flex wd-rs-614efb885b0d8\"><div class=\"wpb_column vc_column_container vc_col-sm-12 vc_col-md-6\"><div class=\"vc_column-inner\"><div class=\"wpb_wrapper\">\t\t<div id=\"wd-698c40b4a7752\" class=\"wd-image wd-wpb wd-rs-698c40b4a7752 text-left\">\n\t\t\t\n\t\t\t<img loading=\"lazy\" decoding=\"async\" width=\"700\" height=\"800\" src=\"https:\/\/i0.wp.com\/kaptanfood.pl\/wp-content\/uploads\/2022\/03\/falafel-1200.webp?fit=700%2C800&amp;ssl=1\" class=\"attachment-full size-full\" alt=\"\" srcset=\"https:\/\/i0.wp.com\/kaptanfood.pl\/wp-content\/uploads\/2022\/03\/falafel-1200.webp?w=700&amp;ssl=1 700w, https:\/\/i0.wp.com\/kaptanfood.pl\/wp-content\/uploads\/2022\/03\/falafel-1200.webp?resize=263%2C300&amp;ssl=1 263w, https:\/\/i0.wp.com\/kaptanfood.pl\/wp-content\/uploads\/2022\/03\/falafel-1200.webp?resize=11%2C12&amp;ssl=1 11w, https:\/\/i0.wp.com\/kaptanfood.pl\/wp-content\/uploads\/2022\/03\/falafel-1200.webp?resize=430%2C491&amp;ssl=1 430w, https:\/\/i0.wp.com\/kaptanfood.pl\/wp-content\/uploads\/2022\/03\/falafel-1200.webp?resize=150%2C171&amp;ssl=1 150w\" sizes=\"auto, (max-width: 700px) 100vw, 700px\" \/>\n\t\t\t\t\t<\/div>\n\t\t<\/div><\/div><\/div><div class=\"wpb_column vc_column_container vc_col-sm-12 vc_col-md-6\"><div class=\"vc_column-inner vc_custom_1496394189503\"><div class=\"wpb_wrapper\">\t\t<div id=\"wd-698c40cdf1cfe\" class=\"wd-text-block wd-wpb reset-last-child wd-rs-698c40cdf1cfe text-left wd-fontsize-custom vc_custom_1770799326003\">\n\t\t\t<p style=\"text-align: left\"><b>\ud83c\udf31VEJETARYENLER I\u00c7IN UYGUN \u00dcR\u00dcN\ud83c\udf31.<\/b><\/p>\n<p style=\"text-align: left\">\u0130\u00e7indekiler: bezelye 75%, nohut 25%, sebzeler (havu\u00e7, so\u011fan),<br \/>\nsusam 0,05%, kabartma tozu (asitlik d\u00fczenleyici:E500),<br \/>\nkabartma tozu, baharatlar, kolza ya\u011f\u0131.<\/p>\n<p style=\"text-align: left\">Her 100 g \u00fcr\u00fcn i\u00e7in besin de\u011feri;<br \/>\nEnerji de\u011feri: 1170 kJ\/ 280 kCal<br \/>\nYa\u011f : 13 g<br \/>\nYa\u011f asitleri dahil: 1,1 g<\/p>\n\t\t<\/div>\n\t\t\t\t<div id=\"wd-69777cbf5c7e0\" class=\"wd-text-block wd-wpb reset-last-child wd-rs-69777cbf5c7e0 text-left wd-fontsize-custom vc_custom_1769438403178\">\n\t\t\t\t\t<\/div>\n\t\t\t\t<div id=\"wd-698c410d62f2b\" class=\"wd-text-block wd-wpb reset-last-child wd-rs-698c410d62f2b text-left wd-fontsize-custom\">\n\t\t\t<table>\n<tbody>\n<tr>\n<th style=\"text-align: left\"><strong>Saklama s\u0131cakl\u0131\u011f\u0131<\/strong><\/th>\n<td style=\"text-align: left;font-size: 16px\">Produkt mro\u017cony \u221218\u00b0C<\/td>\n<\/tr>\n<tr>\n<th style=\"text-align: left\"><strong>HELAL<\/strong><\/th>\n<td style=\"text-align: left;font-size: 16px\">EVET<\/td>\n<\/tr>\n<tr>\n<th style=\"text-align: left\"><strong>Paketleme<\/strong><\/th>\n<td style=\"text-align: left;font-size: 16px\"><strong>1200 gr<\/strong><\/td>\n<\/tr>\n<tr>\n<th style=\"text-align: left\"><strong>\u0130\u00e7indekiler<\/strong><\/th>\n<td style=\"text-align: left;font-size: 16px\"><\/td>\n<\/tr>\n<tr>\n<th style=\"text-align: left\"><strong>Przygotowanie\u00a0<\/strong><\/th>\n<td style=\"text-align: left;font-size: 16px\"><\/td>\n<\/tr>\n<\/tbody>\n<\/table>\n\t\t<\/div>\n\t\t<\/div><\/div><\/div><\/div>\n<\/div>","protected":false},"excerpt":{"rendered":"\ud83c\udf31PRODUKT ODPOWIEDNI DLA WEGETARIAN\ud83c\udf31 Sk\u0142adniki: groch 75%, ciecierzyca 25%, warzywa(marchew, cebula), sezam 0,05%, soda oczyszczona(regulator kwasowo\u015bci:E500), proszek do pieczenia, przyprawy,","protected":false},"featured_media":199161,"template":"","meta":[],"product_brand":[],"product_cat":[40],"product_tag":[],"class_list":{"0":"post-7458","1":"product","2":"type-product","3":"status-publish","4":"has-post-thumbnail","6":"product_cat-mrozonki","7":"pa_brand-kaptan-food","8":"pa_rodzaj-indyczy","9":"pa_rodzaj-kurczak","11":"first","12":"instock","13":"featured","14":"taxable","15":"shipping-taxable","16":"purchasable","17":"product-type-simple"},"yoast_head":"<!-- This site is optimized with the Yoast SEO plugin v26.8 - https:\/\/yoast.com\/product\/yoast-seo-wordpress\/ -->\n<title>Falafel 1200 Gr - Kaptan Food<\/title>\n<meta name=\"robots\" content=\"index, follow, max-snippet:-1, max-image-preview:large, max-video-preview:-1\" \/>\n<link rel=\"canonical\" href=\"https:\/\/kaptanfood.pl\/tr\/product\/falafel-1200-gr\/\" \/>\n<meta property=\"og:locale\" content=\"tr_TR\" \/>\n<meta property=\"og:type\" content=\"article\" \/>\n<meta property=\"og:title\" content=\"Falafel 1200 Gr - Kaptan Food\" \/>\n<meta property=\"og:url\" content=\"https:\/\/kaptanfood.pl\/tr\/product\/falafel-1200-gr\/\" \/>\n<meta property=\"og:site_name\" content=\"Kaptan Food\" \/>\n<meta property=\"article:modified_time\" content=\"2026-03-30T11:58:57+00:00\" \/>\n<meta property=\"og:image\" content=\"https:\/\/kaptanfood.pl\/wp-content\/uploads\/2022\/03\/falafel-1200.webp\" \/>\n\t<meta property=\"og:image:width\" content=\"700\" \/>\n\t<meta property=\"og:image:height\" content=\"800\" \/>\n\t<meta property=\"og:image:type\" content=\"image\/webp\" \/>\n<meta name=\"twitter:card\" content=\"summary_large_image\" \/>\n<meta name=\"twitter:label1\" content=\"Tahmini okuma s\u00fcresi\" \/>\n\t<meta name=\"twitter:data1\" content=\"2 dakika\" \/>\n<script type=\"application\/ld+json\" class=\"yoast-schema-graph\">{\"@context\":\"https:\/\/schema.org\",\"@graph\":[{\"@type\":\"WebPage\",\"@id\":\"https:\/\/kaptanfood.pl\/product\/falafel-1200-gr\/\",\"url\":\"https:\/\/kaptanfood.pl\/product\/falafel-1200-gr\/\",\"name\":\"Falafel 1200 Gr - Kaptan Food\",\"isPartOf\":{\"@id\":\"https:\/\/kaptanfood.pl\/tr\/#website\"},\"primaryImageOfPage\":{\"@id\":\"https:\/\/kaptanfood.pl\/product\/falafel-1200-gr\/#primaryimage\"},\"image\":{\"@id\":\"https:\/\/kaptanfood.pl\/product\/falafel-1200-gr\/#primaryimage\"},\"thumbnailUrl\":\"https:\/\/i0.wp.com\/kaptanfood.pl\/wp-content\/uploads\/2022\/03\/falafel-1200.webp?fit=700%2C800&ssl=1\",\"datePublished\":\"2022-03-09T11:56:33+00:00\",\"dateModified\":\"2026-03-30T11:58:57+00:00\",\"breadcrumb\":{\"@id\":\"https:\/\/kaptanfood.pl\/product\/falafel-1200-gr\/#breadcrumb\"},\"inLanguage\":\"tr\",\"potentialAction\":[{\"@type\":\"ReadAction\",\"target\":[\"https:\/\/kaptanfood.pl\/product\/falafel-1200-gr\/\"]}]},{\"@type\":\"ImageObject\",\"inLanguage\":\"tr\",\"@id\":\"https:\/\/kaptanfood.pl\/product\/falafel-1200-gr\/#primaryimage\",\"url\":\"https:\/\/i0.wp.com\/kaptanfood.pl\/wp-content\/uploads\/2022\/03\/falafel-1200.webp?fit=700%2C800&ssl=1\",\"contentUrl\":\"https:\/\/i0.wp.com\/kaptanfood.pl\/wp-content\/uploads\/2022\/03\/falafel-1200.webp?fit=700%2C800&ssl=1\",\"width\":700,\"height\":800},{\"@type\":\"BreadcrumbList\",\"@id\":\"https:\/\/kaptanfood.pl\/product\/falafel-1200-gr\/#breadcrumb\",\"itemListElement\":[{\"@type\":\"ListItem\",\"position\":1,\"name\":\"Home\",\"item\":\"https:\/\/kaptanfood.pl\/\"},{\"@type\":\"ListItem\",\"position\":2,\"name\":\"Produkty\",\"item\":\"https:\/\/kaptanfood.pl\/produkty\/\"},{\"@type\":\"ListItem\",\"position\":3,\"name\":\"Falafel 1200 Gr\"}]},{\"@type\":\"WebSite\",\"@id\":\"https:\/\/kaptanfood.pl\/tr\/#website\",\"url\":\"https:\/\/kaptanfood.pl\/tr\/\",\"name\":\"Kaptan Food\",\"description\":\"Kaptan Food Hurtownia Kebab - Wszystko dla restauracji\",\"potentialAction\":[{\"@type\":\"SearchAction\",\"target\":{\"@type\":\"EntryPoint\",\"urlTemplate\":\"https:\/\/kaptanfood.pl\/tr\/?s={search_term_string}\"},\"query-input\":{\"@type\":\"PropertyValueSpecification\",\"valueRequired\":true,\"valueName\":\"search_term_string\"}}],\"inLanguage\":\"tr\"}]}<\/script>\n<!-- \/ Yoast SEO plugin. -->","yoast_head_json":{"title":"Falafel 1200 Gr - Kaptan Food","robots":{"index":"index","follow":"follow","max-snippet":"max-snippet:-1","max-image-preview":"max-image-preview:large","max-video-preview":"max-video-preview:-1"},"canonical":"https:\/\/kaptanfood.pl\/tr\/product\/falafel-1200-gr\/","og_locale":"tr_TR","og_type":"article","og_title":"Falafel 1200 Gr - Kaptan Food","og_url":"https:\/\/kaptanfood.pl\/tr\/product\/falafel-1200-gr\/","og_site_name":"Kaptan Food","article_modified_time":"2026-03-30T11:58:57+00:00","og_image":[{"width":700,"height":800,"url":"https:\/\/kaptanfood.pl\/wp-content\/uploads\/2022\/03\/falafel-1200.webp","type":"image\/webp"}],"twitter_card":"summary_large_image","twitter_misc":{"Tahmini okuma s\u00fcresi":"2 dakika"},"schema":{"@context":"https:\/\/schema.org","@graph":[{"@type":"WebPage","@id":"https:\/\/kaptanfood.pl\/product\/falafel-1200-gr\/","url":"https:\/\/kaptanfood.pl\/product\/falafel-1200-gr\/","name":"Falafel 1200 Gr - Kaptan Food","isPartOf":{"@id":"https:\/\/kaptanfood.pl\/tr\/#website"},"primaryImageOfPage":{"@id":"https:\/\/kaptanfood.pl\/product\/falafel-1200-gr\/#primaryimage"},"image":{"@id":"https:\/\/kaptanfood.pl\/product\/falafel-1200-gr\/#primaryimage"},"thumbnailUrl":"https:\/\/i0.wp.com\/kaptanfood.pl\/wp-content\/uploads\/2022\/03\/falafel-1200.webp?fit=700%2C800&ssl=1","datePublished":"2022-03-09T11:56:33+00:00","dateModified":"2026-03-30T11:58:57+00:00","breadcrumb":{"@id":"https:\/\/kaptanfood.pl\/product\/falafel-1200-gr\/#breadcrumb"},"inLanguage":"tr","potentialAction":[{"@type":"ReadAction","target":["https:\/\/kaptanfood.pl\/product\/falafel-1200-gr\/"]}]},{"@type":"ImageObject","inLanguage":"tr","@id":"https:\/\/kaptanfood.pl\/product\/falafel-1200-gr\/#primaryimage","url":"https:\/\/i0.wp.com\/kaptanfood.pl\/wp-content\/uploads\/2022\/03\/falafel-1200.webp?fit=700%2C800&ssl=1","contentUrl":"https:\/\/i0.wp.com\/kaptanfood.pl\/wp-content\/uploads\/2022\/03\/falafel-1200.webp?fit=700%2C800&ssl=1","width":700,"height":800},{"@type":"BreadcrumbList","@id":"https:\/\/kaptanfood.pl\/product\/falafel-1200-gr\/#breadcrumb","itemListElement":[{"@type":"ListItem","position":1,"name":"Home","item":"https:\/\/kaptanfood.pl\/"},{"@type":"ListItem","position":2,"name":"Produkty","item":"https:\/\/kaptanfood.pl\/produkty\/"},{"@type":"ListItem","position":3,"name":"Falafel 1200 Gr"}]},{"@type":"WebSite","@id":"https:\/\/kaptanfood.pl\/tr\/#website","url":"https:\/\/kaptanfood.pl\/tr\/","name":"Kaptan G\u0131da","description":"Kaptan G\u0131da Toptan Kebap - Restoranlar i\u00e7in her \u015fey","potentialAction":[{"@type":"SearchAction","target":{"@type":"EntryPoint","urlTemplate":"https:\/\/kaptanfood.pl\/tr\/?s={search_term_string}"},"query-input":{"@type":"PropertyValueSpecification","valueRequired":true,"valueName":"search_term_string"}}],"inLanguage":"tr"}]}},"jetpack_sharing_enabled":true,"_links":{"self":[{"href":"https:\/\/kaptanfood.pl\/tr\/wp-json\/wp\/v2\/product\/7458","targetHints":{"allow":["GET"]}}],"collection":[{"href":"https:\/\/kaptanfood.pl\/tr\/wp-json\/wp\/v2\/product"}],"about":[{"href":"https:\/\/kaptanfood.pl\/tr\/wp-json\/wp\/v2\/types\/product"}],"wp:featuredmedia":[{"embeddable":true,"href":"https:\/\/kaptanfood.pl\/tr\/wp-json\/wp\/v2\/media\/199161"}],"wp:attachment":[{"href":"https:\/\/kaptanfood.pl\/tr\/wp-json\/wp\/v2\/media?parent=7458"}],"wp:term":[{"taxonomy":"product_brand","embeddable":true,"href":"https:\/\/kaptanfood.pl\/tr\/wp-json\/wp\/v2\/product_brand?post=7458"},{"taxonomy":"product_cat","embeddable":true,"href":"https:\/\/kaptanfood.pl\/tr\/wp-json\/wp\/v2\/product_cat?post=7458"},{"taxonomy":"product_tag","embeddable":true,"href":"https:\/\/kaptanfood.pl\/tr\/wp-json\/wp\/v2\/product_tag?post=7458"}],"curies":[{"name":"wp","href":"https:\/\/api.w.org\/{rel}","templated":true}]}}