{"id":61275,"date":"2024-02-06T12:26:33","date_gmt":"2024-02-06T11:26:33","guid":{"rendered":"https:\/\/kaptanfood.pl\/?post_type=product&#038;p=61275"},"modified":"2026-03-27T12:32:31","modified_gmt":"2026-03-27T11:32:31","slug":"bulka-turecka-long-100-gr100-szt","status":"publish","type":"product","link":"https:\/\/kaptanfood.pl\/tr\/product\/bulka-turecka-long-100-gr100-szt\/","title":{"rendered":"Lungo Emek Ekmek 125 g (70 adet)"},"content":{"rendered":"<div class=\"wpb-content-wrapper\"><div class=\"vc_row wpb_row vc_row-fluid vc_custom_1632566163505 vc_row-o-content-middle vc_row-flex wd-rs-614efb885b0d8\"><div class=\"wpb_column vc_column_container vc_col-sm-12 vc_col-md-6\"><div class=\"vc_column-inner\"><div class=\"wpb_wrapper\">\t\t<div id=\"wd-69c669fdc4d94\" class=\"wd-image wd-wpb wd-rs-69c669fdc4d94 text-left\">\n\t\t\t\n\t\t\t<img loading=\"lazy\" decoding=\"async\" width=\"700\" height=\"800\" src=\"https:\/\/i0.wp.com\/kaptanfood.pl\/wp-content\/uploads\/2024\/02\/rondo-lungo-yatay.webp?fit=700%2C800&amp;ssl=1\" class=\"attachment-full size-full\" alt=\"\" srcset=\"https:\/\/i0.wp.com\/kaptanfood.pl\/wp-content\/uploads\/2024\/02\/rondo-lungo-yatay.webp?w=700&amp;ssl=1 700w, https:\/\/i0.wp.com\/kaptanfood.pl\/wp-content\/uploads\/2024\/02\/rondo-lungo-yatay.webp?resize=263%2C300&amp;ssl=1 263w, https:\/\/i0.wp.com\/kaptanfood.pl\/wp-content\/uploads\/2024\/02\/rondo-lungo-yatay.webp?resize=11%2C12&amp;ssl=1 11w, https:\/\/i0.wp.com\/kaptanfood.pl\/wp-content\/uploads\/2024\/02\/rondo-lungo-yatay.webp?resize=430%2C491&amp;ssl=1 430w, https:\/\/i0.wp.com\/kaptanfood.pl\/wp-content\/uploads\/2024\/02\/rondo-lungo-yatay.webp?resize=150%2C171&amp;ssl=1 150w\" sizes=\"auto, (max-width: 700px) 100vw, 700px\" \/>\n\t\t\t\t\t<\/div>\n\t\t<\/div><\/div><\/div><div class=\"wpb_column vc_column_container vc_col-sm-12 vc_col-md-6\"><div class=\"vc_column-inner vc_custom_1496394189503\"><div class=\"wpb_wrapper\">\t\t<div id=\"wd-69c66a1cd1915\" class=\"wd-text-block wd-wpb reset-last-child wd-rs-69c66a1cd1915 text-left wd-fontsize-custom vc_custom_1774610976008\">\n\t\t\t<p>T\u00fcrk Uzun Sandvi\u00e7 Ekme\u011fi<\/p>\n\t\t<\/div>\n\t\t\t\t<div id=\"wd-69777cbf5c7e0\" class=\"wd-text-block wd-wpb reset-last-child wd-rs-69777cbf5c7e0 text-left wd-fontsize-custom vc_custom_1769438403178\">\n\t\t\t\t\t<\/div>\n\t\t\t\t<div id=\"wd-69c66a9755229\" class=\"wd-text-block wd-wpb reset-last-child wd-rs-69c66a9755229 text-left wd-fontsize-custom\">\n\t\t\t<table>\n<tbody>\n<tr>\n<th style=\"text-align: left;\"><strong>Saklama s\u0131cakl\u0131\u011f\u0131<\/strong><\/th>\n<td style=\"text-align: left; font-size: 16px;\">-18\u00b0C<\/td>\n<\/tr>\n<tr>\n<th style=\"text-align: left;\"><strong>HELAL<\/strong><\/th>\n<td style=\"text-align: left; font-size: 16px;\">EVET<\/td>\n<\/tr>\n<tr>\n<th style=\"text-align: left;\"><strong>Paketleme<\/strong><\/th>\n<td style=\"text-align: left; font-size: 16px;\"><strong>70 szt w kartonie<\/strong><\/td>\n<\/tr>\n<tr>\n<th style=\"text-align: left;\"><strong>\u0130\u00e7indekiler<\/strong><\/th>\n<td style=\"text-align: left; font-size: 16px;\">m\u0105ka pszenna, woda, s\u00f3l, dro\u017cd\u017ce.<\/p>\n<p><strong data-start=\"204\" data-end=\"233\">Her 100 g i\u00e7in besin de\u011feri:<\/strong><br data-start=\"233\" data-end=\"236\" \/>251 kcal<br data-start=\"244\" data-end=\"247\" \/>T\u0142uszcz: 0,9 g<br data-start=\"261\" data-end=\"264\" \/>W\u0119glowodany: 49,4 g<br data-start=\"283\" data-end=\"286\" data-is-only-node=\"\" \/>Bia\u0142ko: 9 g<br data-start=\"297\" data-end=\"300\" \/>Tuz: 1,4 g<br data-start=\"310\" data-end=\"313\" \/>B\u0142onnik: 2,3 g<\/td>\n<\/tr>\n<\/tbody>\n<\/table>\n\t\t<\/div>\n\t\t<\/div><\/div><\/div><\/div>\n<\/div>","protected":false},"excerpt":{"rendered":"Chleb Kanapkowy Turecka Long Temperatura przechowywania \u221218\u00b0C HALAL TAK Opakowanie 70 szt w kartonie Sk\u0142adniki m\u0105ka pszenna, woda, s\u00f3l, dro\u017cd\u017ce.","protected":false},"featured_media":221721,"template":"","meta":[],"product_brand":[],"product_cat":[256],"product_tag":[],"class_list":{"0":"post-61275","1":"product","2":"type-product","3":"status-publish","4":"has-post-thumbnail","6":"product_cat-mrozone-pieczywo","7":"pa_brand-emek","9":"first","10":"instock","11":"sale","12":"featured","13":"taxable","14":"shipping-taxable","15":"purchasable","16":"product-type-variable","17":"has-default-attributes"},"yoast_head":"<!-- This site is optimized with the Yoast SEO plugin v27.3 - https:\/\/yoast.com\/product\/yoast-seo-wordpress\/ -->\n<title>Bu\u0142ka Lungo Emek 125 gr (70 szt) - Kaptan Food<\/title>\n<meta name=\"robots\" content=\"index, follow, max-snippet:-1, max-image-preview:large, max-video-preview:-1\" \/>\n<link rel=\"canonical\" href=\"https:\/\/kaptanfood.pl\/tr\/product\/bulka-turecka-long-100-gr100-szt\/\" \/>\n<meta property=\"og:locale\" content=\"tr_TR\" \/>\n<meta property=\"og:type\" content=\"article\" \/>\n<meta property=\"og:title\" content=\"Bu\u0142ka Lungo Emek 125 gr (70 szt) - Kaptan Food\" \/>\n<meta property=\"og:url\" content=\"https:\/\/kaptanfood.pl\/tr\/product\/bulka-turecka-long-100-gr100-szt\/\" \/>\n<meta property=\"og:site_name\" content=\"Kaptan Food\" \/>\n<meta property=\"article:modified_time\" content=\"2026-03-27T11:32:31+00:00\" \/>\n<meta property=\"og:image\" content=\"https:\/\/kaptanfood.pl\/wp-content\/uploads\/2024\/02\/rondo-lungo.webp\" \/>\n\t<meta property=\"og:image:width\" content=\"700\" \/>\n\t<meta property=\"og:image:height\" content=\"800\" \/>\n\t<meta property=\"og:image:type\" content=\"image\/webp\" \/>\n<meta name=\"twitter:card\" content=\"summary_large_image\" \/>\n<meta name=\"twitter:label1\" content=\"Tahmini okuma s\u00fcresi\" \/>\n\t<meta name=\"twitter:data1\" content=\"2 dakika\" \/>\n<script type=\"application\/ld+json\" class=\"yoast-schema-graph\">{\"@context\":\"https:\\\/\\\/schema.org\",\"@graph\":[{\"@type\":\"WebPage\",\"@id\":\"https:\\\/\\\/kaptanfood.pl\\\/product\\\/bulka-turecka-long-100-gr100-szt\\\/\",\"url\":\"https:\\\/\\\/kaptanfood.pl\\\/product\\\/bulka-turecka-long-100-gr100-szt\\\/\",\"name\":\"Bu\u0142ka Lungo Emek 125 gr (70 szt) - Kaptan Food\",\"isPartOf\":{\"@id\":\"https:\\\/\\\/kaptanfood.pl\\\/tr\\\/#website\"},\"primaryImageOfPage\":{\"@id\":\"https:\\\/\\\/kaptanfood.pl\\\/product\\\/bulka-turecka-long-100-gr100-szt\\\/#primaryimage\"},\"image\":{\"@id\":\"https:\\\/\\\/kaptanfood.pl\\\/product\\\/bulka-turecka-long-100-gr100-szt\\\/#primaryimage\"},\"thumbnailUrl\":\"https:\\\/\\\/i0.wp.com\\\/kaptanfood.pl\\\/wp-content\\\/uploads\\\/2024\\\/02\\\/rondo-lungo.webp?fit=700%2C800&ssl=1\",\"datePublished\":\"2024-02-06T11:26:33+00:00\",\"dateModified\":\"2026-03-27T11:32:31+00:00\",\"breadcrumb\":{\"@id\":\"https:\\\/\\\/kaptanfood.pl\\\/product\\\/bulka-turecka-long-100-gr100-szt\\\/#breadcrumb\"},\"inLanguage\":\"tr\",\"potentialAction\":[{\"@type\":\"ReadAction\",\"target\":[\"https:\\\/\\\/kaptanfood.pl\\\/product\\\/bulka-turecka-long-100-gr100-szt\\\/\"]}]},{\"@type\":\"ImageObject\",\"inLanguage\":\"tr\",\"@id\":\"https:\\\/\\\/kaptanfood.pl\\\/product\\\/bulka-turecka-long-100-gr100-szt\\\/#primaryimage\",\"url\":\"https:\\\/\\\/i0.wp.com\\\/kaptanfood.pl\\\/wp-content\\\/uploads\\\/2024\\\/02\\\/rondo-lungo.webp?fit=700%2C800&ssl=1\",\"contentUrl\":\"https:\\\/\\\/i0.wp.com\\\/kaptanfood.pl\\\/wp-content\\\/uploads\\\/2024\\\/02\\\/rondo-lungo.webp?fit=700%2C800&ssl=1\",\"width\":700,\"height\":800},{\"@type\":\"BreadcrumbList\",\"@id\":\"https:\\\/\\\/kaptanfood.pl\\\/product\\\/bulka-turecka-long-100-gr100-szt\\\/#breadcrumb\",\"itemListElement\":[{\"@type\":\"ListItem\",\"position\":1,\"name\":\"Home\",\"item\":\"https:\\\/\\\/kaptanfood.pl\\\/\"},{\"@type\":\"ListItem\",\"position\":2,\"name\":\"Produkty\",\"item\":\"https:\\\/\\\/kaptanfood.pl\\\/produkty\\\/\"},{\"@type\":\"ListItem\",\"position\":3,\"name\":\"Bu\u0142ka Lungo Emek 125 gr (70 szt)\"}]},{\"@type\":\"WebSite\",\"@id\":\"https:\\\/\\\/kaptanfood.pl\\\/tr\\\/#website\",\"url\":\"https:\\\/\\\/kaptanfood.pl\\\/tr\\\/\",\"name\":\"Kaptan Food\",\"description\":\"Kaptan Food Hurtownia Kebab - Wszystko dla restauracji\",\"potentialAction\":[{\"@type\":\"SearchAction\",\"target\":{\"@type\":\"EntryPoint\",\"urlTemplate\":\"https:\\\/\\\/kaptanfood.pl\\\/tr\\\/?s={search_term_string}\"},\"query-input\":{\"@type\":\"PropertyValueSpecification\",\"valueRequired\":true,\"valueName\":\"search_term_string\"}}],\"inLanguage\":\"tr\"}]}<\/script>\n<!-- \/ Yoast SEO plugin. -->","yoast_head_json":{"title":"Bu\u0142ka Lungo Emek 125 gr (70 szt) - Kaptan Food","robots":{"index":"index","follow":"follow","max-snippet":"max-snippet:-1","max-image-preview":"max-image-preview:large","max-video-preview":"max-video-preview:-1"},"canonical":"https:\/\/kaptanfood.pl\/tr\/product\/bulka-turecka-long-100-gr100-szt\/","og_locale":"tr_TR","og_type":"article","og_title":"Bu\u0142ka Lungo Emek 125 gr (70 szt) - Kaptan Food","og_url":"https:\/\/kaptanfood.pl\/tr\/product\/bulka-turecka-long-100-gr100-szt\/","og_site_name":"Kaptan Food","article_modified_time":"2026-03-27T11:32:31+00:00","og_image":[{"width":700,"height":800,"url":"https:\/\/kaptanfood.pl\/wp-content\/uploads\/2024\/02\/rondo-lungo.webp","type":"image\/webp"}],"twitter_card":"summary_large_image","twitter_misc":{"Tahmini okuma s\u00fcresi":"2 dakika"},"schema":{"@context":"https:\/\/schema.org","@graph":[{"@type":"WebPage","@id":"https:\/\/kaptanfood.pl\/product\/bulka-turecka-long-100-gr100-szt\/","url":"https:\/\/kaptanfood.pl\/product\/bulka-turecka-long-100-gr100-szt\/","name":"Bu\u0142ka Lungo Emek 125 gr (70 szt) - Kaptan Food","isPartOf":{"@id":"https:\/\/kaptanfood.pl\/tr\/#website"},"primaryImageOfPage":{"@id":"https:\/\/kaptanfood.pl\/product\/bulka-turecka-long-100-gr100-szt\/#primaryimage"},"image":{"@id":"https:\/\/kaptanfood.pl\/product\/bulka-turecka-long-100-gr100-szt\/#primaryimage"},"thumbnailUrl":"https:\/\/i0.wp.com\/kaptanfood.pl\/wp-content\/uploads\/2024\/02\/rondo-lungo.webp?fit=700%2C800&ssl=1","datePublished":"2024-02-06T11:26:33+00:00","dateModified":"2026-03-27T11:32:31+00:00","breadcrumb":{"@id":"https:\/\/kaptanfood.pl\/product\/bulka-turecka-long-100-gr100-szt\/#breadcrumb"},"inLanguage":"tr","potentialAction":[{"@type":"ReadAction","target":["https:\/\/kaptanfood.pl\/product\/bulka-turecka-long-100-gr100-szt\/"]}]},{"@type":"ImageObject","inLanguage":"tr","@id":"https:\/\/kaptanfood.pl\/product\/bulka-turecka-long-100-gr100-szt\/#primaryimage","url":"https:\/\/i0.wp.com\/kaptanfood.pl\/wp-content\/uploads\/2024\/02\/rondo-lungo.webp?fit=700%2C800&ssl=1","contentUrl":"https:\/\/i0.wp.com\/kaptanfood.pl\/wp-content\/uploads\/2024\/02\/rondo-lungo.webp?fit=700%2C800&ssl=1","width":700,"height":800},{"@type":"BreadcrumbList","@id":"https:\/\/kaptanfood.pl\/product\/bulka-turecka-long-100-gr100-szt\/#breadcrumb","itemListElement":[{"@type":"ListItem","position":1,"name":"Home","item":"https:\/\/kaptanfood.pl\/"},{"@type":"ListItem","position":2,"name":"Produkty","item":"https:\/\/kaptanfood.pl\/produkty\/"},{"@type":"ListItem","position":3,"name":"Bu\u0142ka Lungo Emek 125 gr (70 szt)"}]},{"@type":"WebSite","@id":"https:\/\/kaptanfood.pl\/tr\/#website","url":"https:\/\/kaptanfood.pl\/tr\/","name":"Kaptan G\u0131da","description":"Kaptan G\u0131da Toptan Kebap - Restoranlar i\u00e7in her \u015fey","potentialAction":[{"@type":"SearchAction","target":{"@type":"EntryPoint","urlTemplate":"https:\/\/kaptanfood.pl\/tr\/?s={search_term_string}"},"query-input":{"@type":"PropertyValueSpecification","valueRequired":true,"valueName":"search_term_string"}}],"inLanguage":"tr"}]}},"jetpack_sharing_enabled":true,"_links":{"self":[{"href":"https:\/\/kaptanfood.pl\/tr\/wp-json\/wp\/v2\/product\/61275","targetHints":{"allow":["GET"]}}],"collection":[{"href":"https:\/\/kaptanfood.pl\/tr\/wp-json\/wp\/v2\/product"}],"about":[{"href":"https:\/\/kaptanfood.pl\/tr\/wp-json\/wp\/v2\/types\/product"}],"wp:featuredmedia":[{"embeddable":true,"href":"https:\/\/kaptanfood.pl\/tr\/wp-json\/wp\/v2\/media\/221721"}],"wp:attachment":[{"href":"https:\/\/kaptanfood.pl\/tr\/wp-json\/wp\/v2\/media?parent=61275"}],"wp:term":[{"taxonomy":"product_brand","embeddable":true,"href":"https:\/\/kaptanfood.pl\/tr\/wp-json\/wp\/v2\/product_brand?post=61275"},{"taxonomy":"product_cat","embeddable":true,"href":"https:\/\/kaptanfood.pl\/tr\/wp-json\/wp\/v2\/product_cat?post=61275"},{"taxonomy":"product_tag","embeddable":true,"href":"https:\/\/kaptanfood.pl\/tr\/wp-json\/wp\/v2\/product_tag?post=61275"}],"curies":[{"name":"wp","href":"https:\/\/api.w.org\/{rel}","templated":true}]}}