{"id":59416,"date":"2024-01-05T07:52:22","date_gmt":"2024-01-05T06:52:22","guid":{"rendered":"https:\/\/kaptanfood.pl\/?post_type=product&#038;p=59416"},"modified":"2026-04-02T13:33:43","modified_gmt":"2026-04-02T11:33:43","slug":"antakya-extra-z-platami","status":"publish","type":"product","link":"https:\/\/kaptanfood.pl\/tr\/product\/antakya-extra-z-platami\/","title":{"rendered":"Antakya Extra Yaprakl\u0131"},"content":{"rendered":"<div class=\"wpb-content-wrapper\"><div class=\"vc_row wpb_row vc_row-fluid vc_custom_1632566163505 vc_row-o-content-middle vc_row-flex wd-rs-614efb885b0d8\"><div class=\"wpb_column vc_column_container vc_col-sm-12 vc_col-md-6\"><div class=\"vc_column-inner\"><div class=\"wpb_wrapper\">\t\t<div id=\"wd-69945ef1f1c9b\" class=\"wd-image wd-wpb wd-rs-69945ef1f1c9b hidden-xs text-left\">\n\t\t\t\n\t\t\t<img loading=\"lazy\" decoding=\"async\" width=\"700\" height=\"800\" src=\"https:\/\/i0.wp.com\/kaptanfood.pl\/wp-content\/uploads\/2022\/03\/Kebabmbm.jpg?fit=700%2C800&amp;ssl=1\" class=\"attachment-full size-full\" alt=\"\" srcset=\"https:\/\/i0.wp.com\/kaptanfood.pl\/wp-content\/uploads\/2022\/03\/Kebabmbm.jpg?w=700&amp;ssl=1 700w, https:\/\/i0.wp.com\/kaptanfood.pl\/wp-content\/uploads\/2022\/03\/Kebabmbm.jpg?resize=263%2C300&amp;ssl=1 263w, https:\/\/i0.wp.com\/kaptanfood.pl\/wp-content\/uploads\/2022\/03\/Kebabmbm.jpg?resize=430%2C491&amp;ssl=1 430w, https:\/\/i0.wp.com\/kaptanfood.pl\/wp-content\/uploads\/2022\/03\/Kebabmbm.jpg?resize=150%2C171&amp;ssl=1 150w\" sizes=\"auto, (max-width: 700px) 100vw, 700px\" \/>\n\t\t\t\t\t<\/div>\n\t\t<\/div><\/div><\/div><div class=\"wpb_column vc_column_container vc_col-sm-12 vc_col-md-6\"><div class=\"vc_column-inner vc_custom_1496394189503\"><div class=\"wpb_wrapper\">\n\t\t<div id=\"wd-6808d491b6029\" class=\"title-wrapper wd-wpb wd-set-mb reset-last-child  wd-rs-6808d491b6029 wd-title-color-default wd-title-style-default text-left vc_custom_1745409173456 wd-width-custom wd-underline-colored\">\n\t\t\t\n\t\t\t<div class=\"liner-continer\">\n\t\t\t\t<h4 class=\"woodmart-title-container title  wd-font-weight- wd-fontsize-l\" >Antakya Extra Yaprakl\u0131<\/h4>\n\t\t\t\t\t\t\t<\/div>\n\t\t\t\n\t\t\t\n\t\t\t\n\t\t<\/div>\n\t\t\n\t\t\t\t<div id=\"wd-6960a2b49053f\" class=\"wd-text-block wd-wpb reset-last-child wd-rs-6960a2b49053f text-left wd-fontsize-custom vc_custom_1767940792719\">\n\t\t\t<table>\n<tbody>\n<tr>\n<td style=\"text-align: right; font-size: 16px;\"><strong>Et:<\/strong> 78% (wo\u0142owe %39, kurczak 28%, indyk 25%, \u0142\u00f3j barani 8%)<\/td>\n<\/tr>\n<\/tbody>\n<\/table>\n\t\t<\/div>\n\t\t\t\t<div id=\"wd-6960a31fc7981\" class=\"wd-text-block wd-wpb reset-last-child wd-rs-6960a31fc7981 text-left wd-fontsize-custom\">\n\t\t\t<table>\n<tbody>\n<tr>\n<th><strong>S\u0131cakl\u0131k<\/strong><\/th>\n<td style=\"text-align: right; font-size: 16px;\">-18\u00b0C<\/td>\n<\/tr>\n<tr>\n<th><strong>HELAL<\/strong><\/th>\n<td style=\"text-align: right; font-size: 16px;\">EVET<\/td>\n<\/tr>\n<tr>\n<th>Kilogram Se\u00e7enekleri<\/th>\n<td style=\"text-align: right; font-size: 16px;\">10 kg, 15 kg, 20 kg, 25 kg, 30 kg<\/td>\n<\/tr>\n<tr>\n<th>\u0130\u00e7indekiler<\/th>\n<td style=\"text-align: right; font-size: 16px;\"><strong style=\"font-family: inherit;\">Et:<\/strong><span style=\"font-family: inherit;\"> 78%<\/span><\/td>\n<\/tr>\n<\/tbody>\n<\/table>\n\t\t<\/div>\n\t\t<\/div><\/div><\/div><\/div><div class=\"vc_row wpb_row vc_row-fluid vc_custom_1629190511689 vc_row-o-content-middle vc_row-flex wd-rs-611b796a99528\"><div class=\"wpb_column vc_column_container vc_col-sm-12 vc_col-lg-3 vc_col-md-3 vc_col-xs-12 wd-rs-611b797a35ee4\"><div class=\"vc_column-inner vc_custom_1629190527266\"><div class=\"wpb_wrapper\">\n\t\t<div id=\"wd-6808c3c7b9d36\" class=\"title-wrapper wd-wpb wd-set-mb reset-last-child  wd-rs-6808c3c7b9d36 wd-title-color-primary wd-title-style-default text-left vc_custom_1745404882415 wd-underline-colored\">\n\t\t\t\t\t\t\t\n\t\t\t\t<div class=\"title-subtitle  subtitle-color-primary font-alt subtitle-style-default wd-font-weight- wd-fontsize-xs\">T\u00fcm promosyonlar\u0131 g\u00f6r<\/div>\n\t\t\t\n\t\t\t<div class=\"liner-continer\">\n\t\t\t\t<h4 class=\"woodmart-title-container title  wd-font-weight- wd-fontsize-l\" >Kaptan Food sizin i\u00e7in en iyi kebab\u0131 sunar.<\/h4>\n\t\t\t\t\t\t\t<\/div>\n\t\t\t\n\t\t\t\n\t\t\t\n\t\t<\/div>\n\t\t\n\t\t<div id=\"wd-6807fef27ff3c\" class=\"wd-rs-6807fef27ff3c  wd-button-wrapper text-left\"><a href=\"https:\/\/kaptanfood.pl\/tr\/promocja\/\" title=\"\" class=\"btn btn-color-primary btn-style-default btn-shape-rectangle btn-size-default\">Promosyonlar<\/a><\/div><\/div><\/div><\/div><div class=\"wpb_column vc_column_container vc_col-sm-12 vc_col-lg-9 vc_col-md-9 vc_col-xs-12 vc_col-has-fill wd-bg-center-top wd-rs-611b79734dc8c\"><div class=\"vc_column-inner vc_custom_1629190519556\"><div class=\"wpb_wrapper\">\t\t\t<div id=\"carousel-209\" class=\"wd-carousel-container info-box-carousel-wrapper wd-wpb   wd-rs-69d7c187c3f89  wd-carousel-dis-mb wd-off-md wd-off-sm\">\n\t\t\t\t<div class=\"wd-carousel-inner\">\n\t\t\t\t\t<div class=\"wd-carousel wd-grid info-box-carousel\" data-scroll_per_page=\"yes\" style=\"--wd-col-lg:3;--wd-col-md:3;--wd-col-sm:1;--wd-gap-lg:30px;--wd-gap-sm:10px;\">\n\t\t\t\t\t\t<div class=\"wd-carousel-wrap\">\n\t\t\t\t\t\t\t\t\t\t<div class=\"info-box-wrapper wd-carousel-item\">\n\t\t\t\t<div id=\"wd-6807fc974e954\" class=\"wd-rs-6807fc974e954 wd-info-box wd-wpb text-center box-icon-align-top box-style- color-scheme- wd-bg-none vc_custom_1745353902898\">\n\t\t\t\t\t\t\t\t\t\t\t<div class=\"box-icon-wrapper  box-with-icon box-icon-simple\">\n\t\t\t\t\t\t\t<div class=\"info-box-icon\">\n\n\t\t\t\t\t\t\t\n\t\t\t\t\t\t\t\t\t\t\t\t\t\t\t\t\t<img data-recalc-dims=\"1\" loading=\"lazy\" decoding=\"async\" width=\"140\" height=\"140\" src=\"https:\/\/i0.wp.com\/kaptanfood.pl\/wp-content\/uploads\/2024\/12\/doner-kebab.png?resize=140%2C140&#038;ssl=1\" class=\"attachment-140x140 size-140x140\" alt=\"\" srcset=\"https:\/\/i0.wp.com\/kaptanfood.pl\/wp-content\/uploads\/2024\/12\/doner-kebab.png?resize=140%2C140&amp;ssl=1 140w, https:\/\/i0.wp.com\/kaptanfood.pl\/wp-content\/uploads\/2024\/12\/doner-kebab.png?resize=300%2C300&amp;ssl=1 300w, https:\/\/i0.wp.com\/kaptanfood.pl\/wp-content\/uploads\/2024\/12\/doner-kebab.png?resize=150%2C150&amp;ssl=1 150w, https:\/\/i0.wp.com\/kaptanfood.pl\/wp-content\/uploads\/2024\/12\/doner-kebab.png?resize=430%2C430&amp;ssl=1 430w, https:\/\/i0.wp.com\/kaptanfood.pl\/wp-content\/uploads\/2024\/12\/doner-kebab.png?resize=32%2C32&amp;ssl=1 32w, https:\/\/i0.wp.com\/kaptanfood.pl\/wp-content\/uploads\/2024\/12\/doner-kebab.png?w=512&amp;ssl=1 512w\" sizes=\"auto, (max-width: 140px) 100vw, 140px\" \/>\t\t\t\t\t\t\t\t\t\t\t\t\t\t\t\n\t\t\t\t\t\t\t<\/div>\n\t\t\t\t\t\t<\/div>\n\t\t\t\t\t\t\t\t\t\t<div class=\"info-box-content\">\n\t\t\t\t\t\t<h4 class=\"info-box-title title box-title-style-default wd-fontsize-xl\">Kebab\u0131n\u0131z\u0131 Se\u00e7in<\/h4>\t\t\t\t\t\t<div class=\"info-box-inner reset-last-child\"><p>\u00dcr\u00fcn\u00fcn\u00fcz\u00fc sepete ekleyin.<\/p>\n<\/div>\n\n\t\t\t\t\t\t\t\t\t\t\t<\/div>\n\n\t\t\t\t\t\t\t\t\t\t\t<a class=\"wd-info-box-link wd-fill\" aria-label=\"Bilgi kutusu ba\u011flant\u0131s\u0131\" href=\"#\" title=\"\"><\/a>\n\t\t\t\t\t\n\t\t\t\t\t\t\t\t\t<\/div>\n\t\t\t<\/div>\n\t\t\t\t\t<div class=\"info-box-wrapper wd-carousel-item\">\n\t\t\t\t<div id=\"wd-6807fcb2a3d9a\" class=\"wd-rs-6807fcb2a3d9a wd-info-box wd-wpb text-center box-icon-align-top box-style- color-scheme- wd-bg-none vc_custom_1745353913461\">\n\t\t\t\t\t\t\t\t\t\t\t<div class=\"box-icon-wrapper  box-with-icon box-icon-simple\">\n\t\t\t\t\t\t\t<div class=\"info-box-icon\">\n\n\t\t\t\t\t\t\t\n\t\t\t\t\t\t\t\t\t\t\t\t\t\t\t\t\t<img data-recalc-dims=\"1\" loading=\"lazy\" decoding=\"async\" width=\"140\" height=\"140\" src=\"https:\/\/i0.wp.com\/kaptanfood.pl\/wp-content\/uploads\/2024\/02\/order.png?resize=140%2C140&#038;ssl=1\" class=\"attachment-140x140 size-140x140\" alt=\"\" srcset=\"https:\/\/i0.wp.com\/kaptanfood.pl\/wp-content\/uploads\/2024\/02\/order.png?resize=140%2C140&amp;ssl=1 140w, https:\/\/i0.wp.com\/kaptanfood.pl\/wp-content\/uploads\/2024\/02\/order.png?resize=300%2C300&amp;ssl=1 300w, https:\/\/i0.wp.com\/kaptanfood.pl\/wp-content\/uploads\/2024\/02\/order.png?resize=150%2C150&amp;ssl=1 150w, https:\/\/i0.wp.com\/kaptanfood.pl\/wp-content\/uploads\/2024\/02\/order.png?resize=12%2C12&amp;ssl=1 12w, https:\/\/i0.wp.com\/kaptanfood.pl\/wp-content\/uploads\/2024\/02\/order.png?resize=430%2C430&amp;ssl=1 430w, https:\/\/i0.wp.com\/kaptanfood.pl\/wp-content\/uploads\/2024\/02\/order.png?resize=32%2C32&amp;ssl=1 32w, https:\/\/i0.wp.com\/kaptanfood.pl\/wp-content\/uploads\/2024\/02\/order.png?w=512&amp;ssl=1 512w\" sizes=\"auto, (max-width: 140px) 100vw, 140px\" \/>\t\t\t\t\t\t\t\t\t\t\t\t\t\t\t\n\t\t\t\t\t\t\t<\/div>\n\t\t\t\t\t\t<\/div>\n\t\t\t\t\t\t\t\t\t\t<div class=\"info-box-content\">\n\t\t\t\t\t\t<h4 class=\"info-box-title title box-title-style-default wd-fontsize-xl\">Online Sipari\u015f<\/h4>\t\t\t\t\t\t<div class=\"info-box-inner reset-last-child\"><p>Sipari\u015finizi tamamlay\u0131n<\/p>\n<\/div>\n\n\t\t\t\t\t\t\t\t\t\t\t<\/div>\n\n\t\t\t\t\t\t\t\t\t\t\t<a class=\"wd-info-box-link wd-fill\" aria-label=\"Bilgi kutusu ba\u011flant\u0131s\u0131\" href=\"#\" title=\"\"><\/a>\n\t\t\t\t\t\n\t\t\t\t\t\t\t\t\t<\/div>\n\t\t\t<\/div>\n\t\t\t\t\t<div class=\"info-box-wrapper wd-carousel-item\">\n\t\t\t\t<div id=\"wd-6807fcbc5fb56\" class=\"wd-rs-6807fcbc5fb56 wd-info-box wd-wpb text-center box-icon-align-top box-style- color-scheme- wd-bg-none vc_custom_1745353922332\">\n\t\t\t\t\t\t\t\t\t\t\t<div class=\"box-icon-wrapper  box-with-icon box-icon-simple\">\n\t\t\t\t\t\t\t<div class=\"info-box-icon\">\n\n\t\t\t\t\t\t\t\n\t\t\t\t\t\t\t\t\t\t\t\t\t\t\t\t\t<img data-recalc-dims=\"1\" loading=\"lazy\" decoding=\"async\" width=\"140\" height=\"140\" src=\"https:\/\/i0.wp.com\/kaptanfood.pl\/wp-content\/uploads\/2024\/02\/delivery-truck.png?resize=140%2C140&#038;ssl=1\" class=\"attachment-140x140 size-140x140\" alt=\"\" srcset=\"https:\/\/i0.wp.com\/kaptanfood.pl\/wp-content\/uploads\/2024\/02\/delivery-truck.png?resize=140%2C140&amp;ssl=1 140w, https:\/\/i0.wp.com\/kaptanfood.pl\/wp-content\/uploads\/2024\/02\/delivery-truck.png?resize=300%2C300&amp;ssl=1 300w, https:\/\/i0.wp.com\/kaptanfood.pl\/wp-content\/uploads\/2024\/02\/delivery-truck.png?resize=150%2C150&amp;ssl=1 150w, https:\/\/i0.wp.com\/kaptanfood.pl\/wp-content\/uploads\/2024\/02\/delivery-truck.png?resize=12%2C12&amp;ssl=1 12w, https:\/\/i0.wp.com\/kaptanfood.pl\/wp-content\/uploads\/2024\/02\/delivery-truck.png?resize=430%2C430&amp;ssl=1 430w, https:\/\/i0.wp.com\/kaptanfood.pl\/wp-content\/uploads\/2024\/02\/delivery-truck.png?resize=32%2C32&amp;ssl=1 32w, https:\/\/i0.wp.com\/kaptanfood.pl\/wp-content\/uploads\/2024\/02\/delivery-truck.png?w=512&amp;ssl=1 512w\" sizes=\"auto, (max-width: 140px) 100vw, 140px\" \/>\t\t\t\t\t\t\t\t\t\t\t\t\t\t\t\n\t\t\t\t\t\t\t<\/div>\n\t\t\t\t\t\t<\/div>\n\t\t\t\t\t\t\t\t\t\t<div class=\"info-box-content\">\n\t\t\t\t\t\t<h4 class=\"info-box-title title box-title-style-default wd-fontsize-xl\">H\u0131zl\u0131 teslimat<\/h4>\t\t\t\t\t\t<div class=\"info-box-inner reset-last-child\"><p>Sipari\u015finiz m\u00fcmk\u00fcn olan en k\u0131sa s\u00fcrede teslim edilecektir.<\/p>\n<\/div>\n\n\t\t\t\t\t\t\t\t\t\t\t<\/div>\n\n\t\t\t\t\t\t\t\t\t\t\t<a class=\"wd-info-box-link wd-fill\" aria-label=\"Bilgi kutusu ba\u011flant\u0131s\u0131\" href=\"#\" title=\"\"><\/a>\n\t\t\t\t\t\n\t\t\t\t\t\t\t\t\t<\/div>\n\t\t\t<\/div>\n\t\t\t\t\t\t\t\t<\/div>\n\t\t\t\t\t<\/div>\n\n\t\t\t\t\t\t\t\t\t\t\t\t\t<div class=\"wd-nav-arrows wd-pos-sep wd-hover-1 wd-icon-1\">\n\t\t\t<div class=\"wd-btn-arrow wd-prev wd-disabled\">\n\t\t\t\t<div class=\"wd-arrow-inner\"><\/div>\n\t\t\t<\/div>\n\t\t\t<div class=\"wd-btn-arrow wd-next\">\n\t\t\t\t<div class=\"wd-arrow-inner\"><\/div>\n\t\t\t<\/div>\n\t\t<\/div>\n\t\t\t\t\t\t\t\t\t\t\t<\/div>\n\n\t\t\t\t\t\t\t\t\t\t\t<\/div>\n\t\t<\/div><\/div><\/div><\/div><div data-vc-full-width=\"true\" data-vc-full-width-temp=\"true\" data-vc-full-width-init=\"false\" class=\"vc_row wpb_row vc_row-fluid vc_custom_1745354193167 vc_row-has-fill vc_row-o-content-middle vc_row-flex wd-disable-overflow wd-rs-6807fdba9936e\"><div class=\"wpb_column vc_column_container vc_col-sm-12 wd-rs-61136b7095bfe\"><div class=\"vc_column-inner vc_custom_1628662643150\"><div class=\"wpb_wrapper\">\n\t\t<div id=\"wd-6808d648ea165\" class=\"title-wrapper wd-wpb wd-set-mb reset-last-child  wd-rs-6808d648ea165 wd-title-color-default wd-title-style-default text-center vc_custom_1745409630172 wd-width-custom wd-underline-colored\">\n\t\t\t\n\t\t\t<div class=\"liner-continer\">\n\t\t\t\t<h4 class=\"woodmart-title-container title  wd-font-weight- wd-fontsize-l\" >Test i\u00e7in en iyi se\u00e7im <u>kebap<\/u>.<\/h4>\n\t\t\t\t\t\t\t<\/div>\n\t\t\t\n\t\t\t\n\t\t\t\n\t\t<\/div>\n\t\t\n\t\t<\/div><\/div><\/div><\/div><div class=\"vc_row-full-width vc_clearfix\"><\/div>\n<\/div>","protected":false},"excerpt":{"rendered":"<p>Kilogram Se\u00e7enekleri: 10kg, 15kg, 20kg, 25kg, 30kg<\/p>","protected":false},"featured_media":7360,"template":"","meta":[],"product_brand":[],"product_cat":[123],"product_tag":[193,219,217,213,218,216,191,215,105,190,214,185],"class_list":{"0":"post-59416","1":"product","2":"type-product","3":"status-publish","4":"has-post-thumbnail","6":"product_cat-wolowy","7":"product_tag-halal-meat","8":"product_tag-halaleats","9":"product_tag-halalfood","10":"product_tag-halalkebab","11":"product_tag-halalpoland","12":"product_tag-halalpolska","13":"product_tag-high-quality-meat","14":"product_tag-jedzeniehalal","15":"product_tag-kebab","16":"product_tag-kebab-halal","17":"product_tag-kebabhalal","18":"product_tag-kuchnia-halal","19":"pa_brand-mbm","20":"pa_rodzaj-mieso","21":"pa_waga-kg-cena","22":"pa_waga-10-kg","23":"pa_waga-15kg","24":"pa_waga-20kg","25":"pa_waga-25-kg","26":"pa_waga-30kg","28":"first","29":"instock","30":"featured","31":"taxable","32":"shipping-taxable","33":"purchasable","34":"product-type-variable","35":"has-default-attributes"},"yoast_head":"<!-- This site is optimized with the Yoast SEO plugin v26.8 - https:\/\/yoast.com\/product\/yoast-seo-wordpress\/ -->\n<title>Antakya Extra z p\u0142atami - Kaptan Food<\/title>\n<meta name=\"robots\" content=\"index, follow, max-snippet:-1, max-image-preview:large, max-video-preview:-1\" \/>\n<link rel=\"canonical\" href=\"https:\/\/kaptanfood.pl\/tr\/product\/antakya-extra-z-platami\/\" \/>\n<meta property=\"og:locale\" content=\"tr_TR\" \/>\n<meta property=\"og:type\" content=\"article\" \/>\n<meta property=\"og:title\" content=\"Antakya Extra z p\u0142atami - Kaptan Food\" \/>\n<meta property=\"og:description\" content=\"Kilogram Opcje:10kg,15kg,20kg,25kg,30kg\" \/>\n<meta property=\"og:url\" content=\"https:\/\/kaptanfood.pl\/tr\/product\/antakya-extra-z-platami\/\" \/>\n<meta property=\"og:site_name\" content=\"Kaptan Food\" \/>\n<meta property=\"article:modified_time\" content=\"2026-04-02T11:33:43+00:00\" \/>\n<meta property=\"og:image\" content=\"https:\/\/kaptanfood.pl\/wp-content\/uploads\/2022\/03\/Kebabmbm.jpg\" \/>\n\t<meta property=\"og:image:width\" content=\"700\" \/>\n\t<meta property=\"og:image:height\" content=\"800\" \/>\n\t<meta property=\"og:image:type\" content=\"image\/jpeg\" \/>\n<meta name=\"twitter:card\" content=\"summary_large_image\" \/>\n<meta name=\"twitter:label1\" content=\"Tahmini okuma s\u00fcresi\" \/>\n\t<meta name=\"twitter:data1\" content=\"4 dakika\" \/>\n<script type=\"application\/ld+json\" class=\"yoast-schema-graph\">{\"@context\":\"https:\/\/schema.org\",\"@graph\":[{\"@type\":\"WebPage\",\"@id\":\"https:\/\/kaptanfood.pl\/product\/antakya-extra-z-platami\/\",\"url\":\"https:\/\/kaptanfood.pl\/product\/antakya-extra-z-platami\/\",\"name\":\"Antakya Extra z p\u0142atami - Kaptan Food\",\"isPartOf\":{\"@id\":\"https:\/\/kaptanfood.pl\/tr\/#website\"},\"primaryImageOfPage\":{\"@id\":\"https:\/\/kaptanfood.pl\/product\/antakya-extra-z-platami\/#primaryimage\"},\"image\":{\"@id\":\"https:\/\/kaptanfood.pl\/product\/antakya-extra-z-platami\/#primaryimage\"},\"thumbnailUrl\":\"https:\/\/i0.wp.com\/kaptanfood.pl\/wp-content\/uploads\/2022\/03\/Kebabmbm.jpg?fit=700%2C800&ssl=1\",\"datePublished\":\"2024-01-05T06:52:22+00:00\",\"dateModified\":\"2026-04-02T11:33:43+00:00\",\"breadcrumb\":{\"@id\":\"https:\/\/kaptanfood.pl\/product\/antakya-extra-z-platami\/#breadcrumb\"},\"inLanguage\":\"tr\",\"potentialAction\":[{\"@type\":\"ReadAction\",\"target\":[\"https:\/\/kaptanfood.pl\/product\/antakya-extra-z-platami\/\"]}]},{\"@type\":\"ImageObject\",\"inLanguage\":\"tr\",\"@id\":\"https:\/\/kaptanfood.pl\/product\/antakya-extra-z-platami\/#primaryimage\",\"url\":\"https:\/\/i0.wp.com\/kaptanfood.pl\/wp-content\/uploads\/2022\/03\/Kebabmbm.jpg?fit=700%2C800&ssl=1\",\"contentUrl\":\"https:\/\/i0.wp.com\/kaptanfood.pl\/wp-content\/uploads\/2022\/03\/Kebabmbm.jpg?fit=700%2C800&ssl=1\",\"width\":700,\"height\":800},{\"@type\":\"BreadcrumbList\",\"@id\":\"https:\/\/kaptanfood.pl\/product\/antakya-extra-z-platami\/#breadcrumb\",\"itemListElement\":[{\"@type\":\"ListItem\",\"position\":1,\"name\":\"Home\",\"item\":\"https:\/\/kaptanfood.pl\/\"},{\"@type\":\"ListItem\",\"position\":2,\"name\":\"Produkty\",\"item\":\"https:\/\/kaptanfood.pl\/produkty\/\"},{\"@type\":\"ListItem\",\"position\":3,\"name\":\"Antakya Extra z p\u0142atami\"}]},{\"@type\":\"WebSite\",\"@id\":\"https:\/\/kaptanfood.pl\/tr\/#website\",\"url\":\"https:\/\/kaptanfood.pl\/tr\/\",\"name\":\"Kaptan Food\",\"description\":\"Kaptan Food Hurtownia Kebab - Wszystko dla restauracji\",\"potentialAction\":[{\"@type\":\"SearchAction\",\"target\":{\"@type\":\"EntryPoint\",\"urlTemplate\":\"https:\/\/kaptanfood.pl\/tr\/?s={search_term_string}\"},\"query-input\":{\"@type\":\"PropertyValueSpecification\",\"valueRequired\":true,\"valueName\":\"search_term_string\"}}],\"inLanguage\":\"tr\"}]}<\/script>\n<!-- \/ Yoast SEO plugin. -->","yoast_head_json":{"title":"Antakya Extra z p\u0142atami - Kaptan Food","robots":{"index":"index","follow":"follow","max-snippet":"max-snippet:-1","max-image-preview":"max-image-preview:large","max-video-preview":"max-video-preview:-1"},"canonical":"https:\/\/kaptanfood.pl\/tr\/product\/antakya-extra-z-platami\/","og_locale":"tr_TR","og_type":"article","og_title":"Antakya Extra z p\u0142atami - Kaptan Food","og_description":"Kilogram Opcje:10kg,15kg,20kg,25kg,30kg","og_url":"https:\/\/kaptanfood.pl\/tr\/product\/antakya-extra-z-platami\/","og_site_name":"Kaptan Food","article_modified_time":"2026-04-02T11:33:43+00:00","og_image":[{"width":700,"height":800,"url":"https:\/\/kaptanfood.pl\/wp-content\/uploads\/2022\/03\/Kebabmbm.jpg","type":"image\/jpeg"}],"twitter_card":"summary_large_image","twitter_misc":{"Tahmini okuma s\u00fcresi":"4 dakika"},"schema":{"@context":"https:\/\/schema.org","@graph":[{"@type":"WebPage","@id":"https:\/\/kaptanfood.pl\/product\/antakya-extra-z-platami\/","url":"https:\/\/kaptanfood.pl\/product\/antakya-extra-z-platami\/","name":"Antakya Extra z p\u0142atami - Kaptan Food","isPartOf":{"@id":"https:\/\/kaptanfood.pl\/tr\/#website"},"primaryImageOfPage":{"@id":"https:\/\/kaptanfood.pl\/product\/antakya-extra-z-platami\/#primaryimage"},"image":{"@id":"https:\/\/kaptanfood.pl\/product\/antakya-extra-z-platami\/#primaryimage"},"thumbnailUrl":"https:\/\/i0.wp.com\/kaptanfood.pl\/wp-content\/uploads\/2022\/03\/Kebabmbm.jpg?fit=700%2C800&ssl=1","datePublished":"2024-01-05T06:52:22+00:00","dateModified":"2026-04-02T11:33:43+00:00","breadcrumb":{"@id":"https:\/\/kaptanfood.pl\/product\/antakya-extra-z-platami\/#breadcrumb"},"inLanguage":"tr","potentialAction":[{"@type":"ReadAction","target":["https:\/\/kaptanfood.pl\/product\/antakya-extra-z-platami\/"]}]},{"@type":"ImageObject","inLanguage":"tr","@id":"https:\/\/kaptanfood.pl\/product\/antakya-extra-z-platami\/#primaryimage","url":"https:\/\/i0.wp.com\/kaptanfood.pl\/wp-content\/uploads\/2022\/03\/Kebabmbm.jpg?fit=700%2C800&ssl=1","contentUrl":"https:\/\/i0.wp.com\/kaptanfood.pl\/wp-content\/uploads\/2022\/03\/Kebabmbm.jpg?fit=700%2C800&ssl=1","width":700,"height":800},{"@type":"BreadcrumbList","@id":"https:\/\/kaptanfood.pl\/product\/antakya-extra-z-platami\/#breadcrumb","itemListElement":[{"@type":"ListItem","position":1,"name":"Home","item":"https:\/\/kaptanfood.pl\/"},{"@type":"ListItem","position":2,"name":"Produkty","item":"https:\/\/kaptanfood.pl\/produkty\/"},{"@type":"ListItem","position":3,"name":"Antakya Extra z p\u0142atami"}]},{"@type":"WebSite","@id":"https:\/\/kaptanfood.pl\/tr\/#website","url":"https:\/\/kaptanfood.pl\/tr\/","name":"Kaptan G\u0131da","description":"Kaptan G\u0131da Toptan Kebap - Restoranlar i\u00e7in her \u015fey","potentialAction":[{"@type":"SearchAction","target":{"@type":"EntryPoint","urlTemplate":"https:\/\/kaptanfood.pl\/tr\/?s={search_term_string}"},"query-input":{"@type":"PropertyValueSpecification","valueRequired":true,"valueName":"search_term_string"}}],"inLanguage":"tr"}]}},"jetpack_sharing_enabled":true,"_links":{"self":[{"href":"https:\/\/kaptanfood.pl\/tr\/wp-json\/wp\/v2\/product\/59416","targetHints":{"allow":["GET"]}}],"collection":[{"href":"https:\/\/kaptanfood.pl\/tr\/wp-json\/wp\/v2\/product"}],"about":[{"href":"https:\/\/kaptanfood.pl\/tr\/wp-json\/wp\/v2\/types\/product"}],"wp:featuredmedia":[{"embeddable":true,"href":"https:\/\/kaptanfood.pl\/tr\/wp-json\/wp\/v2\/media\/7360"}],"wp:attachment":[{"href":"https:\/\/kaptanfood.pl\/tr\/wp-json\/wp\/v2\/media?parent=59416"}],"wp:term":[{"taxonomy":"product_brand","embeddable":true,"href":"https:\/\/kaptanfood.pl\/tr\/wp-json\/wp\/v2\/product_brand?post=59416"},{"taxonomy":"product_cat","embeddable":true,"href":"https:\/\/kaptanfood.pl\/tr\/wp-json\/wp\/v2\/product_cat?post=59416"},{"taxonomy":"product_tag","embeddable":true,"href":"https:\/\/kaptanfood.pl\/tr\/wp-json\/wp\/v2\/product_tag?post=59416"}],"curies":[{"name":"wp","href":"https:\/\/api.w.org\/{rel}","templated":true}]}}