{"id":51,"date":"2017-06-14T08:00:23","date_gmt":"2017-06-14T06:00:23","guid":{"rendered":"http:\/\/dummy.xtemos.com\/woodmart\/?post_type=product&#038;p=51"},"modified":"2025-12-12T10:07:34","modified_gmt":"2025-12-12T09:07:34","slug":"pieczony-drobiowy-grill-udo-1kg","status":"publish","type":"product","link":"https:\/\/kaptanfood.pl\/tr\/product\/pieczony-drobiowy-grill-udo-1kg\/","title":{"rendered":"Pieczony Drobiowy GRILL UDO 1Kg"},"content":{"rendered":"<div class=\"wpb-content-wrapper\"><div class=\"vc_row wpb_row vc_row-fluid vc_row-o-equal-height vc_row-o-content-top vc_row-flex\"><div class=\"wpb_column vc_column_container vc_col-sm-12 vc_col-lg-4 vc_col-md-4 vc_col-xs-12 wd-rs-61827b8e5abdf\"><div class=\"vc_column-inner vc_custom_1635941267568\"><div class=\"wpb_wrapper\">\n\t<div class=\"wpb_text_column wpb_content_element\" >\n\t\t<div class=\"wpb_wrapper\">\n\t\t\t<h2 style=\"text-align: center;color: darkblue\">Pi\u015fmi\u015f Tavuk But Barbek\u00fc D\u00f6ner  - But 1 kg<\/h2>\n<p style=\"text-align: center;font-weight: bold\">Aromatik tavuk butlar\u0131, kavrulmu\u015f ve yemeye haz\u0131r<\/p>\n<hr style=\"border: 1px solid #ccc;margin: 20px 0\" \/>\n<h3 style=\"text-align: left;color: blue\"><strong>\u0130\u00e7indekiler<\/strong><\/h3>\n<ul>\n<li><strong>Et:<\/strong> Tavuk budu 85%<\/li>\n<li>Su<\/li>\n<li>Tuz<\/li>\n<li>BAHARATLAR<\/li>\n<li>Otlar<\/li>\n<li>Baharat \u00f6z\u00fc (\u015funlar\u0131 i\u00e7erir <strong>GORZYCA<\/strong>)<\/li>\n<li>K\u00f6ri<\/li>\n<li>Modifiye ni\u015fasta<\/li>\n<li>SOY proteini<\/li>\n<li>Ki\u015fni\u015f<\/li>\n<li>F\u00fcme k\u0131rm\u0131z\u0131 biber<\/li>\n<li>Aroma<\/li>\n<li>Maltodekstrin<\/li>\n<li>Paprika<\/li>\n<li>Dekstroz<\/li>\n<li>Maya \u00f6z\u00fc<\/li>\n<li>Kurutulmu\u015f glikoz \u015furubu<\/li>\n<li><strong>Stabilizat\u00f6rler:<\/strong> E450, E451<\/li>\n<\/ul>\n<p><strong>Bilgi:<\/strong> Bu \u00fcr\u00fcn\u00fcn 100 g'\u0131 i\u00e7in 125 g tavuk eti kullan\u0131l\u0131r<\/p>\n<hr style=\"border: 1px solid #ccc;margin: 20px 0\" \/>\n<h3 style=\"text-align: left;color: orange\"><strong>Besin De\u011feri (100 g \u00fcr\u00fcn ba\u015f\u0131na)<\/strong><\/h3>\n<ul>\n<li><strong>Enerji de\u011feri:<\/strong> 806 kJ \/ 193 kcal<\/li>\n<li><strong>\u015ei\u015fman:<\/strong> 12 g\n<ul>\n<li>Doymu\u015f ya\u011f asitleri: 3,8 g<\/li>\n<\/ul>\n<\/li>\n<li><strong>Karbonhidratlar:<\/strong> 1,69 g\n<ul>\n<li>\u015eekerler: 0,7 g<\/li>\n<\/ul>\n<\/li>\n<li><strong>Protein:<\/strong> 20 g<\/li>\n<li><strong>Tuz:<\/strong> 1,3 g<\/li>\n<\/ul>\n<hr style=\"border: 1px solid #ccc;margin: 20px 0\" \/>\n<h3 style=\"text-align: left;color: red\"><strong>Ek bilgi<\/strong><\/h3>\n<ul>\n<li><strong>\u0130\u00e7erebilir:<\/strong> S\u00fct, yumurta<\/li>\n<li><strong>Rit\u00fcel kesimden elde edilen et:<\/strong> HELAL<\/li>\n<li><strong>Paketleme:<\/strong> 8 x 1 kg<\/li>\n<\/ul>\n\n\t\t<\/div>\n\t<\/div>\n<\/div><\/div><\/div><div class=\"wpb_column vc_column_container vc_col-sm-6 vc_col-lg-4 vc_col-md-4 vc_col-xs-12 wd-rs-61827b8294f87\"><div class=\"vc_column-inner\"><div class=\"wpb_wrapper\">\n\t<div  class=\"wpb_single_image wpb_content_element vc_align_left vc_custom_1646219497972\">\n\t\t\n\t\t<figure class=\"wpb_wrapper vc_figure\">\n\t\t\t<div class=\"vc_single_image-wrapper   vc_box_border_grey\"><img loading=\"lazy\" decoding=\"async\" width=\"700\" height=\"800\" src=\"https:\/\/i0.wp.com\/kaptanfood.pl\/wp-content\/uploads\/2017\/06\/mbmGrillChiken.jpeg?fit=700%2C800&amp;ssl=1\" class=\"vc_single_image-img attachment-full\" alt=\"\" title=\"mbmGrillChiken\" srcset=\"https:\/\/i0.wp.com\/kaptanfood.pl\/wp-content\/uploads\/2017\/06\/mbmGrillChiken.jpeg?w=700&amp;ssl=1 700w, https:\/\/i0.wp.com\/kaptanfood.pl\/wp-content\/uploads\/2017\/06\/mbmGrillChiken.jpeg?resize=263%2C300&amp;ssl=1 263w, https:\/\/i0.wp.com\/kaptanfood.pl\/wp-content\/uploads\/2017\/06\/mbmGrillChiken.jpeg?resize=430%2C491&amp;ssl=1 430w, https:\/\/i0.wp.com\/kaptanfood.pl\/wp-content\/uploads\/2017\/06\/mbmGrillChiken.jpeg?resize=150%2C171&amp;ssl=1 150w\" sizes=\"auto, (max-width: 700px) 100vw, 700px\" \/><\/div>\n\t\t<\/figure>\n\t<\/div>\n<\/div><\/div><\/div><div class=\"wpb_column vc_column_container vc_col-sm-6 vc_col-lg-4 vc_col-md-4 vc_col-xs-12 wd-rs-61827b9533868\"><div class=\"vc_column-inner\"><div class=\"wpb_wrapper\">\n\t<div  class=\"wpb_single_image wpb_content_element vc_align_left vc_custom_1646219508705\">\n\t\t\n\t\t<figure class=\"wpb_wrapper vc_figure\">\n\t\t\t<div class=\"vc_single_image-wrapper   vc_box_border_grey\"><img loading=\"lazy\" decoding=\"async\" width=\"700\" height=\"800\" src=\"https:\/\/i0.wp.com\/kaptanfood.pl\/wp-content\/uploads\/2017\/06\/mbmGrillChiken.jpeg?fit=700%2C800&amp;ssl=1\" class=\"vc_single_image-img attachment-full\" alt=\"\" title=\"mbmGrillChiken\" srcset=\"https:\/\/i0.wp.com\/kaptanfood.pl\/wp-content\/uploads\/2017\/06\/mbmGrillChiken.jpeg?w=700&amp;ssl=1 700w, https:\/\/i0.wp.com\/kaptanfood.pl\/wp-content\/uploads\/2017\/06\/mbmGrillChiken.jpeg?resize=263%2C300&amp;ssl=1 263w, https:\/\/i0.wp.com\/kaptanfood.pl\/wp-content\/uploads\/2017\/06\/mbmGrillChiken.jpeg?resize=430%2C491&amp;ssl=1 430w, https:\/\/i0.wp.com\/kaptanfood.pl\/wp-content\/uploads\/2017\/06\/mbmGrillChiken.jpeg?resize=150%2C171&amp;ssl=1 150w\" sizes=\"auto, (max-width: 700px) 100vw, 700px\" \/><\/div>\n\t\t<\/figure>\n\t<\/div>\n<\/div><\/div><\/div><\/div>\n<\/div>","protected":false},"excerpt":{"rendered":"Pieczony Drobiowy Grill - Udo 1 kg Aromatyczne udka kurczaka, pieczone i gotowe do spo\u017cycia Sk\u0142adniki Mi\u0119so: Udko kurczaka 85%","protected":false},"featured_media":7240,"template":"","meta":[],"product_brand":[],"product_cat":[135],"product_tag":[],"class_list":{"0":"post-51","1":"product","2":"type-product","3":"status-publish","4":"has-post-thumbnail","6":"product_cat-pieczony","7":"pa_brand-mbm","8":"pa_rodzaj-kurczak","9":"pa_waga-1-kg","11":"first","12":"instock","13":"featured","14":"taxable","15":"shipping-taxable","16":"purchasable","17":"product-type-variable","18":"has-default-attributes"},"yoast_head":"<!-- This site is optimized with the Yoast SEO plugin v26.8 - https:\/\/yoast.com\/product\/yoast-seo-wordpress\/ -->\n<title>Pieczony Drobiowy GRILL UDO 1Kg - Kaptan Food<\/title>\n<meta name=\"robots\" content=\"index, follow, max-snippet:-1, max-image-preview:large, max-video-preview:-1\" \/>\n<link rel=\"canonical\" href=\"https:\/\/kaptanfood.pl\/tr\/product\/pieczony-drobiowy-grill-udo-1kg\/\" \/>\n<meta property=\"og:locale\" content=\"tr_TR\" \/>\n<meta property=\"og:type\" content=\"article\" \/>\n<meta property=\"og:title\" content=\"Pieczony Drobiowy GRILL UDO 1Kg - Kaptan Food\" \/>\n<meta property=\"og:url\" content=\"https:\/\/kaptanfood.pl\/tr\/product\/pieczony-drobiowy-grill-udo-1kg\/\" \/>\n<meta property=\"og:site_name\" content=\"Kaptan Food\" \/>\n<meta property=\"article:modified_time\" content=\"2025-12-12T09:07:34+00:00\" \/>\n<meta property=\"og:image\" content=\"https:\/\/i0.wp.com\/kaptanfood.pl\/wp-content\/uploads\/2017\/06\/mbmGrillChiken.jpeg?fit=700%2C800&ssl=1\" \/>\n\t<meta property=\"og:image:width\" content=\"700\" \/>\n\t<meta property=\"og:image:height\" content=\"800\" \/>\n\t<meta property=\"og:image:type\" content=\"image\/jpeg\" \/>\n<meta name=\"twitter:card\" content=\"summary_large_image\" \/>\n<meta name=\"twitter:label1\" content=\"Tahmini okuma s\u00fcresi\" \/>\n\t<meta name=\"twitter:data1\" content=\"2 dakika\" \/>\n<script type=\"application\/ld+json\" class=\"yoast-schema-graph\">{\"@context\":\"https:\/\/schema.org\",\"@graph\":[{\"@type\":\"WebPage\",\"@id\":\"https:\/\/kaptanfood.pl\/product\/pieczony-drobiowy-grill-udo-1kg\/\",\"url\":\"https:\/\/kaptanfood.pl\/product\/pieczony-drobiowy-grill-udo-1kg\/\",\"name\":\"Pieczony Drobiowy GRILL UDO 1Kg - Kaptan Food\",\"isPartOf\":{\"@id\":\"https:\/\/kaptanfood.pl\/tr\/#website\"},\"primaryImageOfPage\":{\"@id\":\"https:\/\/kaptanfood.pl\/product\/pieczony-drobiowy-grill-udo-1kg\/#primaryimage\"},\"image\":{\"@id\":\"https:\/\/kaptanfood.pl\/product\/pieczony-drobiowy-grill-udo-1kg\/#primaryimage\"},\"thumbnailUrl\":\"https:\/\/i0.wp.com\/kaptanfood.pl\/wp-content\/uploads\/2017\/06\/mbmGrillChiken.jpeg?fit=700%2C800&ssl=1\",\"datePublished\":\"2017-06-14T06:00:23+00:00\",\"dateModified\":\"2025-12-12T09:07:34+00:00\",\"breadcrumb\":{\"@id\":\"https:\/\/kaptanfood.pl\/product\/pieczony-drobiowy-grill-udo-1kg\/#breadcrumb\"},\"inLanguage\":\"tr\",\"potentialAction\":[{\"@type\":\"ReadAction\",\"target\":[\"https:\/\/kaptanfood.pl\/product\/pieczony-drobiowy-grill-udo-1kg\/\"]}]},{\"@type\":\"ImageObject\",\"inLanguage\":\"tr\",\"@id\":\"https:\/\/kaptanfood.pl\/product\/pieczony-drobiowy-grill-udo-1kg\/#primaryimage\",\"url\":\"https:\/\/i0.wp.com\/kaptanfood.pl\/wp-content\/uploads\/2017\/06\/mbmGrillChiken.jpeg?fit=700%2C800&ssl=1\",\"contentUrl\":\"https:\/\/i0.wp.com\/kaptanfood.pl\/wp-content\/uploads\/2017\/06\/mbmGrillChiken.jpeg?fit=700%2C800&ssl=1\",\"width\":700,\"height\":800},{\"@type\":\"BreadcrumbList\",\"@id\":\"https:\/\/kaptanfood.pl\/product\/pieczony-drobiowy-grill-udo-1kg\/#breadcrumb\",\"itemListElement\":[{\"@type\":\"ListItem\",\"position\":1,\"name\":\"Home\",\"item\":\"https:\/\/kaptanfood.pl\/\"},{\"@type\":\"ListItem\",\"position\":2,\"name\":\"Produkty\",\"item\":\"https:\/\/kaptanfood.pl\/produkty\/\"},{\"@type\":\"ListItem\",\"position\":3,\"name\":\"Pieczony Drobiowy GRILL UDO 1Kg\"}]},{\"@type\":\"WebSite\",\"@id\":\"https:\/\/kaptanfood.pl\/tr\/#website\",\"url\":\"https:\/\/kaptanfood.pl\/tr\/\",\"name\":\"Kaptan Food\",\"description\":\"Kaptan Food Hurtownia Kebab - Wszystko dla restauracji\",\"potentialAction\":[{\"@type\":\"SearchAction\",\"target\":{\"@type\":\"EntryPoint\",\"urlTemplate\":\"https:\/\/kaptanfood.pl\/tr\/?s={search_term_string}\"},\"query-input\":{\"@type\":\"PropertyValueSpecification\",\"valueRequired\":true,\"valueName\":\"search_term_string\"}}],\"inLanguage\":\"tr\"}]}<\/script>\n<!-- \/ Yoast SEO plugin. -->","yoast_head_json":{"title":"Pieczony Drobiowy GRILL UDO 1Kg - Kaptan Food","robots":{"index":"index","follow":"follow","max-snippet":"max-snippet:-1","max-image-preview":"max-image-preview:large","max-video-preview":"max-video-preview:-1"},"canonical":"https:\/\/kaptanfood.pl\/tr\/product\/pieczony-drobiowy-grill-udo-1kg\/","og_locale":"tr_TR","og_type":"article","og_title":"Pieczony Drobiowy GRILL UDO 1Kg - Kaptan Food","og_url":"https:\/\/kaptanfood.pl\/tr\/product\/pieczony-drobiowy-grill-udo-1kg\/","og_site_name":"Kaptan Food","article_modified_time":"2025-12-12T09:07:34+00:00","og_image":[{"width":700,"height":800,"url":"https:\/\/i0.wp.com\/kaptanfood.pl\/wp-content\/uploads\/2017\/06\/mbmGrillChiken.jpeg?fit=700%2C800&ssl=1","type":"image\/jpeg"}],"twitter_card":"summary_large_image","twitter_misc":{"Tahmini okuma s\u00fcresi":"2 dakika"},"schema":{"@context":"https:\/\/schema.org","@graph":[{"@type":"WebPage","@id":"https:\/\/kaptanfood.pl\/product\/pieczony-drobiowy-grill-udo-1kg\/","url":"https:\/\/kaptanfood.pl\/product\/pieczony-drobiowy-grill-udo-1kg\/","name":"Pieczony Drobiowy GRILL UDO 1Kg - Kaptan Food","isPartOf":{"@id":"https:\/\/kaptanfood.pl\/tr\/#website"},"primaryImageOfPage":{"@id":"https:\/\/kaptanfood.pl\/product\/pieczony-drobiowy-grill-udo-1kg\/#primaryimage"},"image":{"@id":"https:\/\/kaptanfood.pl\/product\/pieczony-drobiowy-grill-udo-1kg\/#primaryimage"},"thumbnailUrl":"https:\/\/i0.wp.com\/kaptanfood.pl\/wp-content\/uploads\/2017\/06\/mbmGrillChiken.jpeg?fit=700%2C800&ssl=1","datePublished":"2017-06-14T06:00:23+00:00","dateModified":"2025-12-12T09:07:34+00:00","breadcrumb":{"@id":"https:\/\/kaptanfood.pl\/product\/pieczony-drobiowy-grill-udo-1kg\/#breadcrumb"},"inLanguage":"tr","potentialAction":[{"@type":"ReadAction","target":["https:\/\/kaptanfood.pl\/product\/pieczony-drobiowy-grill-udo-1kg\/"]}]},{"@type":"ImageObject","inLanguage":"tr","@id":"https:\/\/kaptanfood.pl\/product\/pieczony-drobiowy-grill-udo-1kg\/#primaryimage","url":"https:\/\/i0.wp.com\/kaptanfood.pl\/wp-content\/uploads\/2017\/06\/mbmGrillChiken.jpeg?fit=700%2C800&ssl=1","contentUrl":"https:\/\/i0.wp.com\/kaptanfood.pl\/wp-content\/uploads\/2017\/06\/mbmGrillChiken.jpeg?fit=700%2C800&ssl=1","width":700,"height":800},{"@type":"BreadcrumbList","@id":"https:\/\/kaptanfood.pl\/product\/pieczony-drobiowy-grill-udo-1kg\/#breadcrumb","itemListElement":[{"@type":"ListItem","position":1,"name":"Home","item":"https:\/\/kaptanfood.pl\/"},{"@type":"ListItem","position":2,"name":"Produkty","item":"https:\/\/kaptanfood.pl\/produkty\/"},{"@type":"ListItem","position":3,"name":"Pieczony Drobiowy GRILL UDO 1Kg"}]},{"@type":"WebSite","@id":"https:\/\/kaptanfood.pl\/tr\/#website","url":"https:\/\/kaptanfood.pl\/tr\/","name":"Kaptan G\u0131da","description":"Kaptan G\u0131da Toptan Kebap - Restoranlar i\u00e7in her \u015fey","potentialAction":[{"@type":"SearchAction","target":{"@type":"EntryPoint","urlTemplate":"https:\/\/kaptanfood.pl\/tr\/?s={search_term_string}"},"query-input":{"@type":"PropertyValueSpecification","valueRequired":true,"valueName":"search_term_string"}}],"inLanguage":"tr"}]}},"jetpack_sharing_enabled":true,"_links":{"self":[{"href":"https:\/\/kaptanfood.pl\/tr\/wp-json\/wp\/v2\/product\/51","targetHints":{"allow":["GET"]}}],"collection":[{"href":"https:\/\/kaptanfood.pl\/tr\/wp-json\/wp\/v2\/product"}],"about":[{"href":"https:\/\/kaptanfood.pl\/tr\/wp-json\/wp\/v2\/types\/product"}],"wp:featuredmedia":[{"embeddable":true,"href":"https:\/\/kaptanfood.pl\/tr\/wp-json\/wp\/v2\/media\/7240"}],"wp:attachment":[{"href":"https:\/\/kaptanfood.pl\/tr\/wp-json\/wp\/v2\/media?parent=51"}],"wp:term":[{"taxonomy":"product_brand","embeddable":true,"href":"https:\/\/kaptanfood.pl\/tr\/wp-json\/wp\/v2\/product_brand?post=51"},{"taxonomy":"product_cat","embeddable":true,"href":"https:\/\/kaptanfood.pl\/tr\/wp-json\/wp\/v2\/product_cat?post=51"},{"taxonomy":"product_tag","embeddable":true,"href":"https:\/\/kaptanfood.pl\/tr\/wp-json\/wp\/v2\/product_tag?post=51"}],"curies":[{"name":"wp","href":"https:\/\/api.w.org\/{rel}","templated":true}]}}