{"id":45,"date":"2017-06-14T10:22:56","date_gmt":"2017-06-14T08:22:56","guid":{"rendered":"http:\/\/dummy.xtemos.com\/woodmart\/?post_type=product&#038;p=45"},"modified":"2025-12-01T16:11:48","modified_gmt":"2025-12-01T15:11:48","slug":"pieczony-drobiowy-z-filetem-1kg","status":"publish","type":"product","link":"https:\/\/kaptanfood.pl\/tr\/product\/pieczony-drobiowy-z-filetem-1kg\/","title":{"rendered":"Pi\u015fmi\u015f Tavuk Fileto D\u00f6ner 1 kg"},"content":{"rendered":"<div class=\"wpb-content-wrapper\"><div data-vc-full-width=\"true\" data-vc-full-width-temp=\"true\" data-vc-full-width-init=\"false\" class=\"vc_row wpb_row vc_row-fluid vc_custom_1628243567369 vc_row-has-fill vc_row-o-content-middle vc_row-flex wd-rs-610d066a6bbd6\"><div class=\"wpb_column vc_column_container vc_col-sm-12 wd-rs-610d0576e6052\"><div class=\"vc_column-inner vc_custom_1628243321824\"><div class=\"wpb_wrapper\">\n\t\t<div id=\"wd-686cddb6ed4cc\" class=\"title-wrapper wd-wpb wd-set-mb reset-last-child  wd-rs-686cddb6ed4cc wd-title-color-default wd-title-style-image text-center wd-off-anim wpb_animate_when_almost_visible wpb_bounceIn bounceIn wd-anim-name_bounceIn  wd-underline-colored\">\n\t\t\t\n\t\t\t<div class=\"liner-continer\">\n\t\t\t\t<h3 class=\"woodmart-title-container title  wd-font-weight-700 wd-fontsize-xxl\" >Pi\u015fmi\u015f Tavuk Fileto D\u00f6ner 1 kg<\/h3>\n\t\t\t\t\t\t\t\t\t<span class=\"img-wrapper\"><img data-recalc-dims=\"1\" loading=\"lazy\" decoding=\"async\" width=\"52\" height=\"52\" src=\"https:\/\/i0.wp.com\/kaptanfood.pl\/wp-content\/uploads\/2024\/02\/doner-kebab-1.png?resize=52%2C52&#038;ssl=1\" class=\"attachment-52x52 size-52x52\" alt=\"\" srcset=\"https:\/\/i0.wp.com\/kaptanfood.pl\/wp-content\/uploads\/2024\/02\/doner-kebab-1.png?resize=52%2C52&amp;ssl=1 52w, https:\/\/i0.wp.com\/kaptanfood.pl\/wp-content\/uploads\/2024\/02\/doner-kebab-1.png?resize=300%2C300&amp;ssl=1 300w, https:\/\/i0.wp.com\/kaptanfood.pl\/wp-content\/uploads\/2024\/02\/doner-kebab-1.png?resize=150%2C150&amp;ssl=1 150w, https:\/\/i0.wp.com\/kaptanfood.pl\/wp-content\/uploads\/2024\/02\/doner-kebab-1.png?resize=12%2C12&amp;ssl=1 12w, https:\/\/i0.wp.com\/kaptanfood.pl\/wp-content\/uploads\/2024\/02\/doner-kebab-1.png?resize=430%2C430&amp;ssl=1 430w, https:\/\/i0.wp.com\/kaptanfood.pl\/wp-content\/uploads\/2024\/02\/doner-kebab-1.png?resize=32%2C32&amp;ssl=1 32w, https:\/\/i0.wp.com\/kaptanfood.pl\/wp-content\/uploads\/2024\/02\/doner-kebab-1.png?w=512&amp;ssl=1 512w\" sizes=\"auto, (max-width: 52px) 100vw, 52px\" \/><\/span>\t\t\t\t\t\t\t<\/div>\n\t\t\t\n\t\t\t\t\t\t\t<div class=\"title-after_title reset-last-child  wd-fontsize-s\">Kaptan G\u0131da size her zaman en kaliteli \u00fcr\u00fcnleri sunar.<\/div>\n\t\t\t\n\t\t\t\n\t\t<\/div>\n\t\t\n\t\t<\/div><\/div><\/div><\/div><div class=\"vc_row-full-width vc_clearfix\"><\/div><div class=\"vc_row wpb_row vc_row-fluid vc_custom_1632566163505 vc_row-o-content-middle vc_row-flex wd-rs-614efb885b0d8\"><div class=\"wpb_column vc_column_container vc_col-sm-12 vc_col-md-6\"><div class=\"vc_column-inner\"><div class=\"wpb_wrapper\">\t\t<div id=\"wd-683d93227fbb1\" class=\"wd-image wd-wpb wd-rs-683d93227fbb1 text-left\">\n\t\t\t\n\t\t\t<img loading=\"lazy\" decoding=\"async\" width=\"700\" height=\"800\" src=\"https:\/\/i0.wp.com\/kaptanfood.pl\/wp-content\/uploads\/2022\/02\/mbmchicken.png?fit=700%2C800&amp;ssl=1\" class=\"attachment-full size-full\" alt=\"\" srcset=\"https:\/\/i0.wp.com\/kaptanfood.pl\/wp-content\/uploads\/2022\/02\/mbmchicken.png?w=700&amp;ssl=1 700w, https:\/\/i0.wp.com\/kaptanfood.pl\/wp-content\/uploads\/2022\/02\/mbmchicken.png?resize=430%2C491&amp;ssl=1 430w, https:\/\/i0.wp.com\/kaptanfood.pl\/wp-content\/uploads\/2022\/02\/mbmchicken.png?resize=150%2C171&amp;ssl=1 150w, https:\/\/i0.wp.com\/kaptanfood.pl\/wp-content\/uploads\/2022\/02\/mbmchicken.png?resize=263%2C300&amp;ssl=1 263w\" sizes=\"auto, (max-width: 700px) 100vw, 700px\" \/>\n\t\t\t\t\t<\/div>\n\t\t<\/div><\/div><\/div><div class=\"wpb_column vc_column_container vc_col-sm-12 vc_col-md-6\"><div class=\"vc_column-inner vc_custom_1496394189503\"><div class=\"wpb_wrapper\">\n\t\t<div id=\"wd-683d9268237c3\" class=\"title-wrapper wd-wpb wd-set-mb reset-last-child  wd-rs-683d9268237c3 wd-title-color-default wd-title-style-default text-left vc_custom_1748865917608 wd-width-custom wd-underline-colored\">\n\t\t\t\n\t\t\t<div class=\"liner-continer\">\n\t\t\t\t<h4 class=\"woodmart-title-container title  wd-font-weight- wd-fontsize-l\" >Pi\u015fmi\u015f Tavuk Fileto D\u00f6ner 1 kg<\/h4>\n\t\t\t\t\t\t\t<\/div>\n\t\t\t\n\t\t\t\n\t\t\t\n\t\t<\/div>\n\t\t\n\t\t\t\t<div id=\"wd-683d928b2aa25\" class=\"wd-text-block wd-wpb reset-last-child wd-rs-683d928b2aa25 text-left wd-fontsize-custom vc_custom_1748865679447\">\n\t\t\t<ul>\n<li><strong>Et:<\/strong> Tavuk 82%<\/li>\n<\/ul>\n\t\t<\/div>\n\t\t\t\t<div id=\"wd-683d939b58607\" class=\"wd-text-block wd-wpb reset-last-child wd-rs-683d939b58607 text-left wd-fontsize-custom\">\n\t\t\t<table>\n<tbody>\n<tr>\n<th><strong>S\u0131cakl\u0131k<\/strong><\/th>\n<td style=\"text-align: right;font-size: 16px\">-18\u00b0C<\/td>\n<\/tr>\n<tr>\n<th><strong>HELAL<\/strong><\/th>\n<td style=\"text-align: right;font-size: 16px\">EVET<\/td>\n<\/tr>\n<tr>\n<th>Se\u00e7enekler<\/th>\n<td style=\"text-align: right;font-size: 16px\">\n<h4 style=\"color: black\">Karton ba\u015f\u0131na 8 x 1 kg<\/h4>\n<\/td>\n<\/tr>\n<tr>\n<th>\u0130\u00e7indekiler<\/th>\n<td style=\"text-align: right;font-size: 16px\">\n<ul>\n<li><strong>Et:<\/strong> Tavuk 82%<\/li>\n<\/ul>\n<\/td>\n<\/tr>\n<\/tbody>\n<\/table>\n\t\t<\/div>\n\t\t<\/div><\/div><\/div><\/div><div class=\"vc_row wpb_row vc_row-fluid vc_custom_1629190511689 vc_row-o-content-middle vc_row-flex wd-rs-611b796a99528\"><div class=\"wpb_column vc_column_container vc_col-sm-12 vc_col-lg-3 vc_col-md-3 vc_col-xs-12 wd-rs-611b797a35ee4\"><div class=\"vc_column-inner vc_custom_1629190527266\"><div class=\"wpb_wrapper\">\n\t\t<div id=\"wd-686cdbcb736d4\" class=\"title-wrapper wd-wpb wd-set-mb reset-last-child  wd-rs-686cdbcb736d4 wd-title-color-primary wd-title-style-default text-left vc_custom_1751964625381 wd-underline-colored\">\n\t\t\t\t\t\t\t\n\t\t\t\t<div class=\"title-subtitle  subtitle-color-primary font-alt subtitle-style-default wd-font-weight- wd-fontsize-xs\">T\u00fcm promosyonlar\u0131 g\u00f6r<\/div>\n\t\t\t\n\t\t\t<div class=\"liner-continer\">\n\t\t\t\t<h4 class=\"woodmart-title-container title  wd-font-weight- wd-fontsize-l\" >Kaptan Food sizin i\u00e7in en iyi kebab\u0131 sunar.<\/h4>\n\t\t\t\t\t\t\t<\/div>\n\t\t\t\n\t\t\t\t\t\t\t<div class=\"title-after_title reset-last-child  wd-fontsize-xs\">\u0130\u015fimizdeki yetkililer, Lorem Ipsum'un sonsuza kadar h\u0131zl\u0131 oldu\u011funu kesin bir dille s\u00f6yleyeceklerdir.<\/div>\n\t\t\t\n\t\t\t\n\t\t<\/div>\n\t\t\n\t\t<div id=\"wd-6807fef27ff3c\" class=\"wd-rs-6807fef27ff3c  wd-button-wrapper text-left\"><a href=\"https:\/\/kaptanfood.pl\/tr\/promocja\/\" title=\"\" class=\"btn btn-color-primary btn-style-default btn-shape-rectangle btn-size-default\">Promosyonlar<\/a><\/div><\/div><\/div><\/div><div class=\"wpb_column vc_column_container vc_col-sm-12 vc_col-lg-9 vc_col-md-9 vc_col-xs-12 vc_col-has-fill wd-bg-center-top wd-rs-611b79734dc8c\"><div class=\"vc_column-inner vc_custom_1629190519556\"><div class=\"wpb_wrapper\">\t\t\t<div id=\"carousel-896\" class=\"wd-carousel-container info-box-carousel-wrapper wd-wpb   wd-rs-69dd98d697057  wd-carousel-dis-mb wd-off-md wd-off-sm\">\n\t\t\t\t<div class=\"wd-carousel-inner\">\n\t\t\t\t\t<div class=\"wd-carousel wd-grid info-box-carousel\" data-scroll_per_page=\"yes\" style=\"--wd-col-lg:3;--wd-col-md:3;--wd-col-sm:1;--wd-gap-lg:30px;--wd-gap-sm:10px;\">\n\t\t\t\t\t\t<div class=\"wd-carousel-wrap\">\n\t\t\t\t\t\t\t\t\t\t<div class=\"info-box-wrapper wd-carousel-item\">\n\t\t\t\t<div id=\"wd-6807fc974e954\" class=\"wd-rs-6807fc974e954 wd-info-box wd-wpb text-center box-icon-align-top box-style- color-scheme- wd-bg-none vc_custom_1745353902898\">\n\t\t\t\t\t\t\t\t\t\t\t<div class=\"box-icon-wrapper  box-with-icon box-icon-simple\">\n\t\t\t\t\t\t\t<div class=\"info-box-icon\">\n\n\t\t\t\t\t\t\t\n\t\t\t\t\t\t\t\t\t\t\t\t\t\t\t\t\t<img data-recalc-dims=\"1\" loading=\"lazy\" decoding=\"async\" width=\"140\" height=\"140\" src=\"https:\/\/i0.wp.com\/kaptanfood.pl\/wp-content\/uploads\/2024\/12\/doner-kebab.png?resize=140%2C140&#038;ssl=1\" class=\"attachment-140x140 size-140x140\" alt=\"\" srcset=\"https:\/\/i0.wp.com\/kaptanfood.pl\/wp-content\/uploads\/2024\/12\/doner-kebab.png?resize=140%2C140&amp;ssl=1 140w, https:\/\/i0.wp.com\/kaptanfood.pl\/wp-content\/uploads\/2024\/12\/doner-kebab.png?resize=300%2C300&amp;ssl=1 300w, https:\/\/i0.wp.com\/kaptanfood.pl\/wp-content\/uploads\/2024\/12\/doner-kebab.png?resize=150%2C150&amp;ssl=1 150w, https:\/\/i0.wp.com\/kaptanfood.pl\/wp-content\/uploads\/2024\/12\/doner-kebab.png?resize=430%2C430&amp;ssl=1 430w, https:\/\/i0.wp.com\/kaptanfood.pl\/wp-content\/uploads\/2024\/12\/doner-kebab.png?resize=32%2C32&amp;ssl=1 32w, https:\/\/i0.wp.com\/kaptanfood.pl\/wp-content\/uploads\/2024\/12\/doner-kebab.png?w=512&amp;ssl=1 512w\" sizes=\"auto, (max-width: 140px) 100vw, 140px\" \/>\t\t\t\t\t\t\t\t\t\t\t\t\t\t\t\n\t\t\t\t\t\t\t<\/div>\n\t\t\t\t\t\t<\/div>\n\t\t\t\t\t\t\t\t\t\t<div class=\"info-box-content\">\n\t\t\t\t\t\t<h4 class=\"info-box-title title box-title-style-default wd-fontsize-xl\">Kebab\u0131n\u0131z\u0131 Se\u00e7in<\/h4>\t\t\t\t\t\t<div class=\"info-box-inner reset-last-child\"><p>\u00dcr\u00fcn\u00fcn\u00fcz\u00fc sepete ekleyin.<\/p>\n<\/div>\n\n\t\t\t\t\t\t\t\t\t\t\t<\/div>\n\n\t\t\t\t\t\t\t\t\t\t\t<a class=\"wd-info-box-link wd-fill\" aria-label=\"Bilgi kutusu ba\u011flant\u0131s\u0131\" href=\"#\" title=\"\"><\/a>\n\t\t\t\t\t\n\t\t\t\t\t\t\t\t\t<\/div>\n\t\t\t<\/div>\n\t\t\t\t\t<div class=\"info-box-wrapper wd-carousel-item\">\n\t\t\t\t<div id=\"wd-6807fcb2a3d9a\" class=\"wd-rs-6807fcb2a3d9a wd-info-box wd-wpb text-center box-icon-align-top box-style- color-scheme- wd-bg-none vc_custom_1745353913461\">\n\t\t\t\t\t\t\t\t\t\t\t<div class=\"box-icon-wrapper  box-with-icon box-icon-simple\">\n\t\t\t\t\t\t\t<div class=\"info-box-icon\">\n\n\t\t\t\t\t\t\t\n\t\t\t\t\t\t\t\t\t\t\t\t\t\t\t\t\t<img data-recalc-dims=\"1\" loading=\"lazy\" decoding=\"async\" width=\"140\" height=\"140\" src=\"https:\/\/i0.wp.com\/kaptanfood.pl\/wp-content\/uploads\/2024\/02\/order.png?resize=140%2C140&#038;ssl=1\" class=\"attachment-140x140 size-140x140\" alt=\"\" srcset=\"https:\/\/i0.wp.com\/kaptanfood.pl\/wp-content\/uploads\/2024\/02\/order.png?resize=140%2C140&amp;ssl=1 140w, https:\/\/i0.wp.com\/kaptanfood.pl\/wp-content\/uploads\/2024\/02\/order.png?resize=300%2C300&amp;ssl=1 300w, https:\/\/i0.wp.com\/kaptanfood.pl\/wp-content\/uploads\/2024\/02\/order.png?resize=150%2C150&amp;ssl=1 150w, https:\/\/i0.wp.com\/kaptanfood.pl\/wp-content\/uploads\/2024\/02\/order.png?resize=12%2C12&amp;ssl=1 12w, https:\/\/i0.wp.com\/kaptanfood.pl\/wp-content\/uploads\/2024\/02\/order.png?resize=430%2C430&amp;ssl=1 430w, https:\/\/i0.wp.com\/kaptanfood.pl\/wp-content\/uploads\/2024\/02\/order.png?resize=32%2C32&amp;ssl=1 32w, https:\/\/i0.wp.com\/kaptanfood.pl\/wp-content\/uploads\/2024\/02\/order.png?w=512&amp;ssl=1 512w\" sizes=\"auto, (max-width: 140px) 100vw, 140px\" \/>\t\t\t\t\t\t\t\t\t\t\t\t\t\t\t\n\t\t\t\t\t\t\t<\/div>\n\t\t\t\t\t\t<\/div>\n\t\t\t\t\t\t\t\t\t\t<div class=\"info-box-content\">\n\t\t\t\t\t\t<h4 class=\"info-box-title title box-title-style-default wd-fontsize-xl\">Online Sipari\u015f<\/h4>\t\t\t\t\t\t<div class=\"info-box-inner reset-last-child\"><p>Sipari\u015finizi tamamlay\u0131n<\/p>\n<\/div>\n\n\t\t\t\t\t\t\t\t\t\t\t<\/div>\n\n\t\t\t\t\t\t\t\t\t\t\t<a class=\"wd-info-box-link wd-fill\" aria-label=\"Bilgi kutusu ba\u011flant\u0131s\u0131\" href=\"#\" title=\"\"><\/a>\n\t\t\t\t\t\n\t\t\t\t\t\t\t\t\t<\/div>\n\t\t\t<\/div>\n\t\t\t\t\t<div class=\"info-box-wrapper wd-carousel-item\">\n\t\t\t\t<div id=\"wd-6807fcbc5fb56\" class=\"wd-rs-6807fcbc5fb56 wd-info-box wd-wpb text-center box-icon-align-top box-style- color-scheme- wd-bg-none vc_custom_1745353922332\">\n\t\t\t\t\t\t\t\t\t\t\t<div class=\"box-icon-wrapper  box-with-icon box-icon-simple\">\n\t\t\t\t\t\t\t<div class=\"info-box-icon\">\n\n\t\t\t\t\t\t\t\n\t\t\t\t\t\t\t\t\t\t\t\t\t\t\t\t\t<img data-recalc-dims=\"1\" loading=\"lazy\" decoding=\"async\" width=\"140\" height=\"140\" src=\"https:\/\/i0.wp.com\/kaptanfood.pl\/wp-content\/uploads\/2024\/02\/delivery-truck.png?resize=140%2C140&#038;ssl=1\" class=\"attachment-140x140 size-140x140\" alt=\"\" srcset=\"https:\/\/i0.wp.com\/kaptanfood.pl\/wp-content\/uploads\/2024\/02\/delivery-truck.png?resize=140%2C140&amp;ssl=1 140w, https:\/\/i0.wp.com\/kaptanfood.pl\/wp-content\/uploads\/2024\/02\/delivery-truck.png?resize=300%2C300&amp;ssl=1 300w, https:\/\/i0.wp.com\/kaptanfood.pl\/wp-content\/uploads\/2024\/02\/delivery-truck.png?resize=150%2C150&amp;ssl=1 150w, https:\/\/i0.wp.com\/kaptanfood.pl\/wp-content\/uploads\/2024\/02\/delivery-truck.png?resize=12%2C12&amp;ssl=1 12w, https:\/\/i0.wp.com\/kaptanfood.pl\/wp-content\/uploads\/2024\/02\/delivery-truck.png?resize=430%2C430&amp;ssl=1 430w, https:\/\/i0.wp.com\/kaptanfood.pl\/wp-content\/uploads\/2024\/02\/delivery-truck.png?resize=32%2C32&amp;ssl=1 32w, https:\/\/i0.wp.com\/kaptanfood.pl\/wp-content\/uploads\/2024\/02\/delivery-truck.png?w=512&amp;ssl=1 512w\" sizes=\"auto, (max-width: 140px) 100vw, 140px\" \/>\t\t\t\t\t\t\t\t\t\t\t\t\t\t\t\n\t\t\t\t\t\t\t<\/div>\n\t\t\t\t\t\t<\/div>\n\t\t\t\t\t\t\t\t\t\t<div class=\"info-box-content\">\n\t\t\t\t\t\t<h4 class=\"info-box-title title box-title-style-default wd-fontsize-xl\">H\u0131zl\u0131 teslimat<\/h4>\t\t\t\t\t\t<div class=\"info-box-inner reset-last-child\"><p>Sipari\u015finiz m\u00fcmk\u00fcn olan en k\u0131sa s\u00fcrede teslim edilecektir.<\/p>\n<\/div>\n\n\t\t\t\t\t\t\t\t\t\t\t<\/div>\n\n\t\t\t\t\t\t\t\t\t\t\t<a class=\"wd-info-box-link wd-fill\" aria-label=\"Bilgi kutusu ba\u011flant\u0131s\u0131\" href=\"#\" title=\"\"><\/a>\n\t\t\t\t\t\n\t\t\t\t\t\t\t\t\t<\/div>\n\t\t\t<\/div>\n\t\t\t\t\t\t\t\t<\/div>\n\t\t\t\t\t<\/div>\n\n\t\t\t\t\t\t\t\t\t\t\t\t\t<div class=\"wd-nav-arrows wd-pos-sep wd-hover-1 wd-icon-1\">\n\t\t\t<div class=\"wd-btn-arrow wd-prev wd-disabled\">\n\t\t\t\t<div class=\"wd-arrow-inner\"><\/div>\n\t\t\t<\/div>\n\t\t\t<div class=\"wd-btn-arrow wd-next\">\n\t\t\t\t<div class=\"wd-arrow-inner\"><\/div>\n\t\t\t<\/div>\n\t\t<\/div>\n\t\t\t\t\t\t\t\t\t\t\t<\/div>\n\n\t\t\t\t\t\t\t\t\t\t\t<\/div>\n\t\t<\/div><\/div><\/div><\/div>\n<\/div>","protected":false},"excerpt":{"rendered":"<p>8 x 1 kg K\u0131zarm\u0131\u015f K\u00fcmes Hayvanlar\u0131 Filetosu<\/p>","protected":false},"featured_media":7069,"template":"","meta":[],"product_brand":[],"product_cat":[135],"product_tag":[],"class_list":{"0":"post-45","1":"product","2":"type-product","3":"status-publish","4":"has-post-thumbnail","6":"product_cat-pieczony","7":"pa_brand-mbm","8":"pa_rodzaj-kurczak","9":"pa_waga-1-kg","11":"first","12":"instock","13":"featured","14":"taxable","15":"shipping-taxable","16":"purchasable","17":"product-type-variable","18":"has-default-attributes"},"yoast_head":"<!-- This site is optimized with the Yoast SEO plugin v27.3 - https:\/\/yoast.com\/product\/yoast-seo-wordpress\/ -->\n<title>Pieczony Drobiowy z Filetem 1Kg - Kaptan Food<\/title>\n<meta name=\"robots\" content=\"index, follow, max-snippet:-1, max-image-preview:large, max-video-preview:-1\" \/>\n<link rel=\"canonical\" href=\"https:\/\/kaptanfood.pl\/tr\/product\/pieczony-drobiowy-z-filetem-1kg\/\" \/>\n<meta property=\"og:locale\" content=\"tr_TR\" \/>\n<meta property=\"og:type\" content=\"article\" \/>\n<meta property=\"og:title\" content=\"Pieczony Drobiowy z Filetem 1Kg - Kaptan Food\" \/>\n<meta property=\"og:description\" content=\"8 x 1 kg Pieczony Drobiowy z Filetem\" \/>\n<meta property=\"og:url\" content=\"https:\/\/kaptanfood.pl\/tr\/product\/pieczony-drobiowy-z-filetem-1kg\/\" \/>\n<meta property=\"og:site_name\" content=\"Kaptan Food\" \/>\n<meta property=\"article:modified_time\" content=\"2025-12-01T15:11:48+00:00\" \/>\n<meta property=\"og:image\" content=\"https:\/\/i0.wp.com\/kaptanfood.pl\/wp-content\/uploads\/2022\/02\/mbmchicken.png?fit=700%2C800&ssl=1\" \/>\n\t<meta property=\"og:image:width\" content=\"700\" \/>\n\t<meta property=\"og:image:height\" content=\"800\" \/>\n\t<meta property=\"og:image:type\" content=\"image\/png\" \/>\n<meta name=\"twitter:card\" content=\"summary_large_image\" \/>\n<meta name=\"twitter:label1\" content=\"Tahmini okuma s\u00fcresi\" \/>\n\t<meta name=\"twitter:data1\" content=\"9 dakika\" \/>\n<script type=\"application\/ld+json\" class=\"yoast-schema-graph\">{\"@context\":\"https:\\\/\\\/schema.org\",\"@graph\":[{\"@type\":\"WebPage\",\"@id\":\"https:\\\/\\\/kaptanfood.pl\\\/product\\\/pieczony-drobiowy-z-filetem-1kg\\\/\",\"url\":\"https:\\\/\\\/kaptanfood.pl\\\/product\\\/pieczony-drobiowy-z-filetem-1kg\\\/\",\"name\":\"Pieczony Drobiowy z Filetem 1Kg - Kaptan Food\",\"isPartOf\":{\"@id\":\"https:\\\/\\\/kaptanfood.pl\\\/tr\\\/#website\"},\"primaryImageOfPage\":{\"@id\":\"https:\\\/\\\/kaptanfood.pl\\\/product\\\/pieczony-drobiowy-z-filetem-1kg\\\/#primaryimage\"},\"image\":{\"@id\":\"https:\\\/\\\/kaptanfood.pl\\\/product\\\/pieczony-drobiowy-z-filetem-1kg\\\/#primaryimage\"},\"thumbnailUrl\":\"https:\\\/\\\/i0.wp.com\\\/kaptanfood.pl\\\/wp-content\\\/uploads\\\/2022\\\/02\\\/mbmchicken.png?fit=700%2C800&ssl=1\",\"datePublished\":\"2017-06-14T08:22:56+00:00\",\"dateModified\":\"2025-12-01T15:11:48+00:00\",\"breadcrumb\":{\"@id\":\"https:\\\/\\\/kaptanfood.pl\\\/product\\\/pieczony-drobiowy-z-filetem-1kg\\\/#breadcrumb\"},\"inLanguage\":\"tr\",\"potentialAction\":[{\"@type\":\"ReadAction\",\"target\":[\"https:\\\/\\\/kaptanfood.pl\\\/product\\\/pieczony-drobiowy-z-filetem-1kg\\\/\"]}]},{\"@type\":\"ImageObject\",\"inLanguage\":\"tr\",\"@id\":\"https:\\\/\\\/kaptanfood.pl\\\/product\\\/pieczony-drobiowy-z-filetem-1kg\\\/#primaryimage\",\"url\":\"https:\\\/\\\/i0.wp.com\\\/kaptanfood.pl\\\/wp-content\\\/uploads\\\/2022\\\/02\\\/mbmchicken.png?fit=700%2C800&ssl=1\",\"contentUrl\":\"https:\\\/\\\/i0.wp.com\\\/kaptanfood.pl\\\/wp-content\\\/uploads\\\/2022\\\/02\\\/mbmchicken.png?fit=700%2C800&ssl=1\",\"width\":700,\"height\":800},{\"@type\":\"BreadcrumbList\",\"@id\":\"https:\\\/\\\/kaptanfood.pl\\\/product\\\/pieczony-drobiowy-z-filetem-1kg\\\/#breadcrumb\",\"itemListElement\":[{\"@type\":\"ListItem\",\"position\":1,\"name\":\"Home\",\"item\":\"https:\\\/\\\/kaptanfood.pl\\\/\"},{\"@type\":\"ListItem\",\"position\":2,\"name\":\"Produkty\",\"item\":\"https:\\\/\\\/kaptanfood.pl\\\/produkty\\\/\"},{\"@type\":\"ListItem\",\"position\":3,\"name\":\"Pieczony Drobiowy z Filetem 1Kg\"}]},{\"@type\":\"WebSite\",\"@id\":\"https:\\\/\\\/kaptanfood.pl\\\/tr\\\/#website\",\"url\":\"https:\\\/\\\/kaptanfood.pl\\\/tr\\\/\",\"name\":\"Kaptan Food\",\"description\":\"Kaptan Food Hurtownia Kebab - Wszystko dla restauracji\",\"potentialAction\":[{\"@type\":\"SearchAction\",\"target\":{\"@type\":\"EntryPoint\",\"urlTemplate\":\"https:\\\/\\\/kaptanfood.pl\\\/tr\\\/?s={search_term_string}\"},\"query-input\":{\"@type\":\"PropertyValueSpecification\",\"valueRequired\":true,\"valueName\":\"search_term_string\"}}],\"inLanguage\":\"tr\"}]}<\/script>\n<!-- \/ Yoast SEO plugin. -->","yoast_head_json":{"title":"Pieczony Drobiowy z Filetem 1Kg - Kaptan Food","robots":{"index":"index","follow":"follow","max-snippet":"max-snippet:-1","max-image-preview":"max-image-preview:large","max-video-preview":"max-video-preview:-1"},"canonical":"https:\/\/kaptanfood.pl\/tr\/product\/pieczony-drobiowy-z-filetem-1kg\/","og_locale":"tr_TR","og_type":"article","og_title":"Pieczony Drobiowy z Filetem 1Kg - Kaptan Food","og_description":"8 x 1 kg Pieczony Drobiowy z Filetem","og_url":"https:\/\/kaptanfood.pl\/tr\/product\/pieczony-drobiowy-z-filetem-1kg\/","og_site_name":"Kaptan Food","article_modified_time":"2025-12-01T15:11:48+00:00","og_image":[{"width":700,"height":800,"url":"https:\/\/i0.wp.com\/kaptanfood.pl\/wp-content\/uploads\/2022\/02\/mbmchicken.png?fit=700%2C800&ssl=1","type":"image\/png"}],"twitter_card":"summary_large_image","twitter_misc":{"Tahmini okuma s\u00fcresi":"9 dakika"},"schema":{"@context":"https:\/\/schema.org","@graph":[{"@type":"WebPage","@id":"https:\/\/kaptanfood.pl\/product\/pieczony-drobiowy-z-filetem-1kg\/","url":"https:\/\/kaptanfood.pl\/product\/pieczony-drobiowy-z-filetem-1kg\/","name":"Pieczony Drobiowy z Filetem 1Kg - Kaptan Food","isPartOf":{"@id":"https:\/\/kaptanfood.pl\/tr\/#website"},"primaryImageOfPage":{"@id":"https:\/\/kaptanfood.pl\/product\/pieczony-drobiowy-z-filetem-1kg\/#primaryimage"},"image":{"@id":"https:\/\/kaptanfood.pl\/product\/pieczony-drobiowy-z-filetem-1kg\/#primaryimage"},"thumbnailUrl":"https:\/\/i0.wp.com\/kaptanfood.pl\/wp-content\/uploads\/2022\/02\/mbmchicken.png?fit=700%2C800&ssl=1","datePublished":"2017-06-14T08:22:56+00:00","dateModified":"2025-12-01T15:11:48+00:00","breadcrumb":{"@id":"https:\/\/kaptanfood.pl\/product\/pieczony-drobiowy-z-filetem-1kg\/#breadcrumb"},"inLanguage":"tr","potentialAction":[{"@type":"ReadAction","target":["https:\/\/kaptanfood.pl\/product\/pieczony-drobiowy-z-filetem-1kg\/"]}]},{"@type":"ImageObject","inLanguage":"tr","@id":"https:\/\/kaptanfood.pl\/product\/pieczony-drobiowy-z-filetem-1kg\/#primaryimage","url":"https:\/\/i0.wp.com\/kaptanfood.pl\/wp-content\/uploads\/2022\/02\/mbmchicken.png?fit=700%2C800&ssl=1","contentUrl":"https:\/\/i0.wp.com\/kaptanfood.pl\/wp-content\/uploads\/2022\/02\/mbmchicken.png?fit=700%2C800&ssl=1","width":700,"height":800},{"@type":"BreadcrumbList","@id":"https:\/\/kaptanfood.pl\/product\/pieczony-drobiowy-z-filetem-1kg\/#breadcrumb","itemListElement":[{"@type":"ListItem","position":1,"name":"Home","item":"https:\/\/kaptanfood.pl\/"},{"@type":"ListItem","position":2,"name":"Produkty","item":"https:\/\/kaptanfood.pl\/produkty\/"},{"@type":"ListItem","position":3,"name":"Pieczony Drobiowy z Filetem 1Kg"}]},{"@type":"WebSite","@id":"https:\/\/kaptanfood.pl\/tr\/#website","url":"https:\/\/kaptanfood.pl\/tr\/","name":"Kaptan G\u0131da","description":"Kaptan G\u0131da Toptan Kebap - Restoranlar i\u00e7in her \u015fey","potentialAction":[{"@type":"SearchAction","target":{"@type":"EntryPoint","urlTemplate":"https:\/\/kaptanfood.pl\/tr\/?s={search_term_string}"},"query-input":{"@type":"PropertyValueSpecification","valueRequired":true,"valueName":"search_term_string"}}],"inLanguage":"tr"}]}},"jetpack_sharing_enabled":true,"_links":{"self":[{"href":"https:\/\/kaptanfood.pl\/tr\/wp-json\/wp\/v2\/product\/45","targetHints":{"allow":["GET"]}}],"collection":[{"href":"https:\/\/kaptanfood.pl\/tr\/wp-json\/wp\/v2\/product"}],"about":[{"href":"https:\/\/kaptanfood.pl\/tr\/wp-json\/wp\/v2\/types\/product"}],"wp:featuredmedia":[{"embeddable":true,"href":"https:\/\/kaptanfood.pl\/tr\/wp-json\/wp\/v2\/media\/7069"}],"wp:attachment":[{"href":"https:\/\/kaptanfood.pl\/tr\/wp-json\/wp\/v2\/media?parent=45"}],"wp:term":[{"taxonomy":"product_brand","embeddable":true,"href":"https:\/\/kaptanfood.pl\/tr\/wp-json\/wp\/v2\/product_brand?post=45"},{"taxonomy":"product_cat","embeddable":true,"href":"https:\/\/kaptanfood.pl\/tr\/wp-json\/wp\/v2\/product_cat?post=45"},{"taxonomy":"product_tag","embeddable":true,"href":"https:\/\/kaptanfood.pl\/tr\/wp-json\/wp\/v2\/product_tag?post=45"}],"curies":[{"name":"wp","href":"https:\/\/api.w.org\/{rel}","templated":true}]}}