{"id":41366,"date":"2023-06-29T14:44:12","date_gmt":"2023-06-29T12:44:12","guid":{"rendered":"https:\/\/kaptanfood.pl\/?post_type=product&#038;p=41366"},"modified":"2026-03-30T14:34:30","modified_gmt":"2026-03-30T12:34:30","slug":"nektar-turtamek-pomarancza-24x250ml","status":"publish","type":"product","link":"https:\/\/kaptanfood.pl\/tr\/product\/nektar-turtamek-pomarancza-24x250ml\/","title":{"rendered":"Tamek Portakal (250 ml \u00d7 24)"},"content":{"rendered":"<div class=\"wpb-content-wrapper\"><div class=\"vc_row wpb_row vc_row-fluid vc_custom_1632566163505 vc_row-o-content-middle vc_row-flex wd-rs-614efb885b0d8\"><div class=\"wpb_column vc_column_container vc_col-sm-12 vc_col-md-6\"><div class=\"vc_column-inner\"><div class=\"wpb_wrapper\">\t\t<div id=\"wd-6967997b24f87\" class=\"wd-image wd-wpb wd-rs-6967997b24f87 text-left\">\n\t\t\t\n\t\t\t<img loading=\"lazy\" decoding=\"async\" width=\"700\" height=\"800\" src=\"https:\/\/i0.wp.com\/kaptanfood.pl\/wp-content\/uploads\/2023\/06\/portal-tamek.webp?fit=700%2C800&amp;ssl=1\" class=\"attachment-full size-full\" alt=\"\" srcset=\"https:\/\/i0.wp.com\/kaptanfood.pl\/wp-content\/uploads\/2023\/06\/portal-tamek.webp?w=700&amp;ssl=1 700w, https:\/\/i0.wp.com\/kaptanfood.pl\/wp-content\/uploads\/2023\/06\/portal-tamek.webp?resize=263%2C300&amp;ssl=1 263w, https:\/\/i0.wp.com\/kaptanfood.pl\/wp-content\/uploads\/2023\/06\/portal-tamek.webp?resize=11%2C12&amp;ssl=1 11w, https:\/\/i0.wp.com\/kaptanfood.pl\/wp-content\/uploads\/2023\/06\/portal-tamek.webp?resize=430%2C491&amp;ssl=1 430w, https:\/\/i0.wp.com\/kaptanfood.pl\/wp-content\/uploads\/2023\/06\/portal-tamek.webp?resize=150%2C171&amp;ssl=1 150w\" sizes=\"auto, (max-width: 700px) 100vw, 700px\" \/>\n\t\t\t\t\t<\/div>\n\t\t<\/div><\/div><\/div><div class=\"wpb_column vc_column_container vc_col-sm-12 vc_col-md-6\"><div class=\"vc_column-inner vc_custom_1496394189503\"><div class=\"wpb_wrapper\">\n\t\t<div id=\"wd-69679a9e18eb0\" class=\"title-wrapper wd-wpb wd-set-mb reset-last-child  wd-rs-69679a9e18eb0 wd-title-color-default wd-title-style-default text-left vc_custom_1768397477463 wd-width-custom wd-underline-colored\">\n\t\t\t\n\t\t\t<div class=\"liner-continer\">\n\t\t\t\t<h4 class=\"woodmart-title-container title  wd-font-weight- wd-fontsize-xl\" >Tamek Pomara\u0144cza<\/h4>\n\t\t\t\t\t\t\t<\/div>\n\t\t\t\n\t\t\t\n\t\t\t\n\t\t<\/div>\n\t\t\n\t\t\t\t<div id=\"wd-696799cd17da1\" class=\"wd-text-block wd-wpb reset-last-child wd-rs-696799cd17da1 text-left wd-fontsize-custom vc_custom_1768397295619\">\n\t\t\t<p data-start=\"100\" data-end=\"271\">Tamek Pomara\u0144cza\u00a0 to orze\u017awiaj\u0105cy nap\u00f3j o naturalnym smaku pomara\u0144czy, bogaty w witamin\u0119 C. Idealny do codziennego spo\u017cycia, dodaje energii i \u015bwie\u017co\u015bci przez ca\u0142y dzie\u0144.<\/p>\n\t\t<\/div>\n\t\t\t\t<div id=\"wd-696799f55b4d9\" class=\"wd-text-block wd-wpb reset-last-child wd-rs-696799f55b4d9 text-left wd-fontsize-custom vc_custom_1768397313551\">\n\t\t\t<p data-start=\"303\" data-end=\"314\"><strong data-start=\"303\" data-end=\"314\">Art\u0131lar\u0131:<\/strong><\/p>\n<ul>\n<li data-start=\"285\" data-end=\"308\">\n<p data-start=\"287\" data-end=\"308\">Bogaty w witamin\u0119 C<\/p>\n<\/li>\n<li data-start=\"309\" data-end=\"330\">\n<p data-start=\"311\" data-end=\"330\">Bez dodatku cukru<\/p>\n<\/li>\n<li data-start=\"331\" data-end=\"374\">\n<p data-start=\"333\" data-end=\"374\">Bez konserwant\u00f3w i sztucznych barwnik\u00f3w<\/p>\n<\/li>\n<li data-start=\"375\" data-end=\"401\">\n<p data-start=\"377\" data-end=\"401\">Naturalny, \u015bwie\u017cy smak<\/p>\n<\/li>\n<\/ul>\n\t\t<\/div>\n\t\t\t\t<div id=\"wd-696798c2c5deb\" class=\"wd-text-block wd-wpb reset-last-child wd-rs-696798c2c5deb text-left wd-fontsize-custom\">\n\t\t\t<table>\n<tbody>\n<tr>\n<th style=\"text-align: left\"><strong>Saklama s\u0131cakl\u0131\u011f\u0131<\/strong><\/th>\n<td style=\"text-align: left;font-size: 16px\"><\/td>\n<\/tr>\n<tr>\n<th style=\"text-align: left\"><strong>HELAL<\/strong><\/th>\n<td style=\"text-align: left;font-size: 16px\">EVET<\/td>\n<\/tr>\n<tr>\n<th style=\"text-align: left\"><strong>Paketleme<\/strong><\/th>\n<td style=\"text-align: left;font-size: 16px\">zgrzewka 24 \u00d7 250 ml<\/td>\n<\/tr>\n<tr>\n<th style=\"text-align: left\"><strong>\u0130\u00e7indekiler<\/strong><\/th>\n<td style=\"text-align: left;font-size: 16px\"><\/td>\n<\/tr>\n<\/tbody>\n<\/table>\n\t\t<\/div>\n\t\t<\/div><\/div><\/div><\/div>\n<\/div>","protected":false},"excerpt":{"rendered":"<p data-start=\"423\" data-end=\"470\"><strong data-start=\"423\" data-end=\"470\">Termin przydatno\u015bci do spo\u017cycia: 28.02.2026<\/strong><\/p>\n<p data-start=\"472\" data-end=\"564\" data-is-last-node=\"\" data-is-only-node=\"\">","protected":false},"featured_media":175023,"template":"","meta":[],"product_brand":[],"product_cat":[32],"product_tag":[],"class_list":{"0":"post-41366","1":"product","2":"type-product","3":"status-publish","4":"has-post-thumbnail","6":"product_cat-napoje","7":"pa_brand-tamek","9":"first","10":"outofstock","11":"taxable","12":"shipping-taxable","13":"purchasable","14":"product-type-simple"},"yoast_head":"<!-- This site is optimized with the Yoast SEO plugin v27.3 - https:\/\/yoast.com\/product\/yoast-seo-wordpress\/ -->\n<title>Tamek Pomara\u0144cza (250 ml x 24) - Kaptan Food<\/title>\n<meta name=\"robots\" content=\"index, follow, max-snippet:-1, max-image-preview:large, max-video-preview:-1\" \/>\n<link rel=\"canonical\" href=\"https:\/\/kaptanfood.pl\/tr\/product\/nektar-turtamek-pomarancza-24x250ml\/\" \/>\n<meta property=\"og:locale\" content=\"tr_TR\" \/>\n<meta property=\"og:type\" content=\"article\" \/>\n<meta property=\"og:title\" content=\"Tamek Pomara\u0144cza (250 ml x 24) - Kaptan Food\" \/>\n<meta property=\"og:description\" content=\"Termin przydatno\u015bci do spo\u017cycia: 28.02.2026\" \/>\n<meta property=\"og:url\" content=\"https:\/\/kaptanfood.pl\/tr\/product\/nektar-turtamek-pomarancza-24x250ml\/\" \/>\n<meta property=\"og:site_name\" content=\"Kaptan Food\" \/>\n<meta property=\"article:modified_time\" content=\"2026-03-30T12:34:30+00:00\" \/>\n<meta property=\"og:image\" content=\"https:\/\/kaptanfood.pl\/wp-content\/uploads\/2023\/06\/portal-tamek.webp\" \/>\n\t<meta property=\"og:image:width\" content=\"700\" \/>\n\t<meta property=\"og:image:height\" content=\"800\" \/>\n\t<meta property=\"og:image:type\" content=\"image\/webp\" \/>\n<meta name=\"twitter:card\" content=\"summary_large_image\" \/>\n<meta name=\"twitter:label1\" content=\"Tahmini okuma s\u00fcresi\" \/>\n\t<meta name=\"twitter:data1\" content=\"2 dakika\" \/>\n<script type=\"application\/ld+json\" class=\"yoast-schema-graph\">{\"@context\":\"https:\\\/\\\/schema.org\",\"@graph\":[{\"@type\":\"WebPage\",\"@id\":\"https:\\\/\\\/kaptanfood.pl\\\/product\\\/nektar-turtamek-pomarancza-24x250ml\\\/\",\"url\":\"https:\\\/\\\/kaptanfood.pl\\\/product\\\/nektar-turtamek-pomarancza-24x250ml\\\/\",\"name\":\"Tamek Pomara\u0144cza (250 ml x 24) - Kaptan Food\",\"isPartOf\":{\"@id\":\"https:\\\/\\\/kaptanfood.pl\\\/tr\\\/#website\"},\"primaryImageOfPage\":{\"@id\":\"https:\\\/\\\/kaptanfood.pl\\\/product\\\/nektar-turtamek-pomarancza-24x250ml\\\/#primaryimage\"},\"image\":{\"@id\":\"https:\\\/\\\/kaptanfood.pl\\\/product\\\/nektar-turtamek-pomarancza-24x250ml\\\/#primaryimage\"},\"thumbnailUrl\":\"https:\\\/\\\/i0.wp.com\\\/kaptanfood.pl\\\/wp-content\\\/uploads\\\/2023\\\/06\\\/portal-tamek.webp?fit=700%2C800&ssl=1\",\"datePublished\":\"2023-06-29T12:44:12+00:00\",\"dateModified\":\"2026-03-30T12:34:30+00:00\",\"breadcrumb\":{\"@id\":\"https:\\\/\\\/kaptanfood.pl\\\/product\\\/nektar-turtamek-pomarancza-24x250ml\\\/#breadcrumb\"},\"inLanguage\":\"tr\",\"potentialAction\":[{\"@type\":\"ReadAction\",\"target\":[\"https:\\\/\\\/kaptanfood.pl\\\/product\\\/nektar-turtamek-pomarancza-24x250ml\\\/\"]}]},{\"@type\":\"ImageObject\",\"inLanguage\":\"tr\",\"@id\":\"https:\\\/\\\/kaptanfood.pl\\\/product\\\/nektar-turtamek-pomarancza-24x250ml\\\/#primaryimage\",\"url\":\"https:\\\/\\\/i0.wp.com\\\/kaptanfood.pl\\\/wp-content\\\/uploads\\\/2023\\\/06\\\/portal-tamek.webp?fit=700%2C800&ssl=1\",\"contentUrl\":\"https:\\\/\\\/i0.wp.com\\\/kaptanfood.pl\\\/wp-content\\\/uploads\\\/2023\\\/06\\\/portal-tamek.webp?fit=700%2C800&ssl=1\",\"width\":700,\"height\":800},{\"@type\":\"BreadcrumbList\",\"@id\":\"https:\\\/\\\/kaptanfood.pl\\\/product\\\/nektar-turtamek-pomarancza-24x250ml\\\/#breadcrumb\",\"itemListElement\":[{\"@type\":\"ListItem\",\"position\":1,\"name\":\"Home\",\"item\":\"https:\\\/\\\/kaptanfood.pl\\\/\"},{\"@type\":\"ListItem\",\"position\":2,\"name\":\"Produkty\",\"item\":\"https:\\\/\\\/kaptanfood.pl\\\/produkty\\\/\"},{\"@type\":\"ListItem\",\"position\":3,\"name\":\"Tamek Pomara\u0144cza (250 ml x 24)\"}]},{\"@type\":\"WebSite\",\"@id\":\"https:\\\/\\\/kaptanfood.pl\\\/tr\\\/#website\",\"url\":\"https:\\\/\\\/kaptanfood.pl\\\/tr\\\/\",\"name\":\"Kaptan Food\",\"description\":\"Kaptan Food Hurtownia Kebab - Wszystko dla restauracji\",\"potentialAction\":[{\"@type\":\"SearchAction\",\"target\":{\"@type\":\"EntryPoint\",\"urlTemplate\":\"https:\\\/\\\/kaptanfood.pl\\\/tr\\\/?s={search_term_string}\"},\"query-input\":{\"@type\":\"PropertyValueSpecification\",\"valueRequired\":true,\"valueName\":\"search_term_string\"}}],\"inLanguage\":\"tr\"}]}<\/script>\n<!-- \/ Yoast SEO plugin. -->","yoast_head_json":{"title":"Tamek Pomara\u0144cza (250 ml x 24) - Kaptan Food","robots":{"index":"index","follow":"follow","max-snippet":"max-snippet:-1","max-image-preview":"max-image-preview:large","max-video-preview":"max-video-preview:-1"},"canonical":"https:\/\/kaptanfood.pl\/tr\/product\/nektar-turtamek-pomarancza-24x250ml\/","og_locale":"tr_TR","og_type":"article","og_title":"Tamek Pomara\u0144cza (250 ml x 24) - Kaptan Food","og_description":"Termin przydatno\u015bci do spo\u017cycia: 28.02.2026","og_url":"https:\/\/kaptanfood.pl\/tr\/product\/nektar-turtamek-pomarancza-24x250ml\/","og_site_name":"Kaptan Food","article_modified_time":"2026-03-30T12:34:30+00:00","og_image":[{"width":700,"height":800,"url":"https:\/\/kaptanfood.pl\/wp-content\/uploads\/2023\/06\/portal-tamek.webp","type":"image\/webp"}],"twitter_card":"summary_large_image","twitter_misc":{"Tahmini okuma s\u00fcresi":"2 dakika"},"schema":{"@context":"https:\/\/schema.org","@graph":[{"@type":"WebPage","@id":"https:\/\/kaptanfood.pl\/product\/nektar-turtamek-pomarancza-24x250ml\/","url":"https:\/\/kaptanfood.pl\/product\/nektar-turtamek-pomarancza-24x250ml\/","name":"Tamek Pomara\u0144cza (250 ml x 24) - Kaptan Food","isPartOf":{"@id":"https:\/\/kaptanfood.pl\/tr\/#website"},"primaryImageOfPage":{"@id":"https:\/\/kaptanfood.pl\/product\/nektar-turtamek-pomarancza-24x250ml\/#primaryimage"},"image":{"@id":"https:\/\/kaptanfood.pl\/product\/nektar-turtamek-pomarancza-24x250ml\/#primaryimage"},"thumbnailUrl":"https:\/\/i0.wp.com\/kaptanfood.pl\/wp-content\/uploads\/2023\/06\/portal-tamek.webp?fit=700%2C800&ssl=1","datePublished":"2023-06-29T12:44:12+00:00","dateModified":"2026-03-30T12:34:30+00:00","breadcrumb":{"@id":"https:\/\/kaptanfood.pl\/product\/nektar-turtamek-pomarancza-24x250ml\/#breadcrumb"},"inLanguage":"tr","potentialAction":[{"@type":"ReadAction","target":["https:\/\/kaptanfood.pl\/product\/nektar-turtamek-pomarancza-24x250ml\/"]}]},{"@type":"ImageObject","inLanguage":"tr","@id":"https:\/\/kaptanfood.pl\/product\/nektar-turtamek-pomarancza-24x250ml\/#primaryimage","url":"https:\/\/i0.wp.com\/kaptanfood.pl\/wp-content\/uploads\/2023\/06\/portal-tamek.webp?fit=700%2C800&ssl=1","contentUrl":"https:\/\/i0.wp.com\/kaptanfood.pl\/wp-content\/uploads\/2023\/06\/portal-tamek.webp?fit=700%2C800&ssl=1","width":700,"height":800},{"@type":"BreadcrumbList","@id":"https:\/\/kaptanfood.pl\/product\/nektar-turtamek-pomarancza-24x250ml\/#breadcrumb","itemListElement":[{"@type":"ListItem","position":1,"name":"Home","item":"https:\/\/kaptanfood.pl\/"},{"@type":"ListItem","position":2,"name":"Produkty","item":"https:\/\/kaptanfood.pl\/produkty\/"},{"@type":"ListItem","position":3,"name":"Tamek Pomara\u0144cza (250 ml x 24)"}]},{"@type":"WebSite","@id":"https:\/\/kaptanfood.pl\/tr\/#website","url":"https:\/\/kaptanfood.pl\/tr\/","name":"Kaptan G\u0131da","description":"Kaptan G\u0131da Toptan Kebap - Restoranlar i\u00e7in her \u015fey","potentialAction":[{"@type":"SearchAction","target":{"@type":"EntryPoint","urlTemplate":"https:\/\/kaptanfood.pl\/tr\/?s={search_term_string}"},"query-input":{"@type":"PropertyValueSpecification","valueRequired":true,"valueName":"search_term_string"}}],"inLanguage":"tr"}]}},"jetpack_sharing_enabled":true,"_links":{"self":[{"href":"https:\/\/kaptanfood.pl\/tr\/wp-json\/wp\/v2\/product\/41366","targetHints":{"allow":["GET"]}}],"collection":[{"href":"https:\/\/kaptanfood.pl\/tr\/wp-json\/wp\/v2\/product"}],"about":[{"href":"https:\/\/kaptanfood.pl\/tr\/wp-json\/wp\/v2\/types\/product"}],"wp:featuredmedia":[{"embeddable":true,"href":"https:\/\/kaptanfood.pl\/tr\/wp-json\/wp\/v2\/media\/175023"}],"wp:attachment":[{"href":"https:\/\/kaptanfood.pl\/tr\/wp-json\/wp\/v2\/media?parent=41366"}],"wp:term":[{"taxonomy":"product_brand","embeddable":true,"href":"https:\/\/kaptanfood.pl\/tr\/wp-json\/wp\/v2\/product_brand?post=41366"},{"taxonomy":"product_cat","embeddable":true,"href":"https:\/\/kaptanfood.pl\/tr\/wp-json\/wp\/v2\/product_cat?post=41366"},{"taxonomy":"product_tag","embeddable":true,"href":"https:\/\/kaptanfood.pl\/tr\/wp-json\/wp\/v2\/product_tag?post=41366"}],"curies":[{"name":"wp","href":"https:\/\/api.w.org\/{rel}","templated":true}]}}