{"id":191377,"date":"2026-01-26T13:05:29","date_gmt":"2026-01-26T12:05:29","guid":{"rendered":"https:\/\/kaptanfood.pl\/?post_type=product&#038;p=191377"},"modified":"2026-03-30T12:27:36","modified_gmt":"2026-03-30T10:27:36","slug":"kaptanlar-temizlenmis-karadeniz-hamsisi","status":"publish","type":"product","link":"https:\/\/kaptanfood.pl\/tr\/product\/kaptanlar-temizlenmis-karadeniz-hamsisi\/","title":{"rendered":"Kaptanlar Temizlenmi\u015f Karadeniz Hamsisi 800 g"},"content":{"rendered":"<div class=\"wpb-content-wrapper\"><div class=\"vc_row wpb_row vc_row-fluid vc_custom_1632566163505 vc_row-o-content-middle vc_row-flex wd-rs-614efb885b0d8\"><div class=\"wpb_column vc_column_container vc_col-sm-12 vc_col-md-6\"><div class=\"vc_column-inner\"><div class=\"wpb_wrapper\">\t\t<div id=\"wd-697745b569c5a\" class=\"wd-image wd-wpb wd-rs-697745b569c5a text-left\">\n\t\t\t\n\t\t\t<img loading=\"lazy\" decoding=\"async\" width=\"700\" height=\"800\" src=\"https:\/\/i0.wp.com\/kaptanfood.pl\/wp-content\/uploads\/2026\/01\/hamsi.webp?fit=700%2C800&amp;ssl=1\" class=\"attachment-full size-full\" alt=\"\" srcset=\"https:\/\/i0.wp.com\/kaptanfood.pl\/wp-content\/uploads\/2026\/01\/hamsi.webp?w=700&amp;ssl=1 700w, https:\/\/i0.wp.com\/kaptanfood.pl\/wp-content\/uploads\/2026\/01\/hamsi.webp?resize=263%2C300&amp;ssl=1 263w, https:\/\/i0.wp.com\/kaptanfood.pl\/wp-content\/uploads\/2026\/01\/hamsi.webp?resize=11%2C12&amp;ssl=1 11w, https:\/\/i0.wp.com\/kaptanfood.pl\/wp-content\/uploads\/2026\/01\/hamsi.webp?resize=430%2C491&amp;ssl=1 430w, https:\/\/i0.wp.com\/kaptanfood.pl\/wp-content\/uploads\/2026\/01\/hamsi.webp?resize=150%2C171&amp;ssl=1 150w\" sizes=\"auto, (max-width: 700px) 100vw, 700px\" \/>\n\t\t\t\t\t<\/div>\n\t\t<\/div><\/div><\/div><div class=\"wpb_column vc_column_container vc_col-sm-12 vc_col-md-6\"><div class=\"vc_column-inner vc_custom_1496394189503\"><div class=\"wpb_wrapper\">\t\t<div id=\"wd-69774da6ca289\" class=\"wd-text-block wd-wpb reset-last-child wd-rs-69774da6ca289 text-left wd-fontsize-custom vc_custom_1769426348668\">\n\t\t\t<h3 data-start=\"93\" data-end=\"124\"><strong data-start=\"97\" data-end=\"124\">Saklama ko\u015fullar\u0131:<\/strong><\/h3>\n<ul data-start=\"126\" data-end=\"256\">\n<li data-start=\"126\" data-end=\"159\">\n<p data-start=\"128\" data-end=\"159\"><strong data-start=\"128\" data-end=\"149\">Buzdolab\u0131nda (+6\u00b0C):<\/strong> 1 g\u00fcn<\/p>\n<\/li>\n<li data-start=\"160\" data-end=\"197\">\n<p data-start=\"162\" data-end=\"197\"><strong data-start=\"162\" data-end=\"189\">Dondurucuda (-12\u00b0C):<\/strong> 7 g\u00fcn<\/p>\n<\/li>\n<li data-start=\"198\" data-end=\"256\">\n<p data-start=\"200\" data-end=\"256\"><strong data-start=\"200\" data-end=\"225\">Dondurucuda (-18\u00b0C):<\/strong> asgari dayan\u0131kl\u0131l\u0131k tarihine kadar<\/p>\n<\/li>\n<\/ul>\n<p data-start=\"258\" data-end=\"369\">\u26a0\ufe0f <strong data-start=\"261\" data-end=\"302\">\u00c7\u00f6zd\u00fcrd\u00fckten sonra tekrar dondurmay\u0131n.<\/strong><br data-start=\"302\" data-end=\"305\" \/>\ud83c\udf73 <strong data-start=\"308\" data-end=\"369\">\u00dcr\u00fcn t\u00fcketilmeden \u00f6nce \u0131s\u0131l i\u015fleme tabi tutulmal\u0131d\u0131r.<\/strong><\/p>\n\t\t<\/div>\n\t\t\t\t<div id=\"wd-69774d0477538\" class=\"wd-text-block wd-wpb reset-last-child wd-rs-69774d0477538 text-left wd-fontsize-custom vc_custom_1769426191075\">\n\t\t\t<h3 style=\"color: #111827;margin-bottom: 6px\">Avantajlar<\/h3>\n<ul style=\"color: #374151\">\n<li data-start=\"116\" data-end=\"150\">\n<p data-start=\"118\" data-end=\"150\">Safla\u015ft\u0131r\u0131lm\u0131\u015f karadeniz hamsisi<\/p>\n<\/li>\n<li data-start=\"151\" data-end=\"170\">\n<p data-start=\"153\" data-end=\"170\">Derin dondurulmu\u015f<\/p>\n<\/li>\n<li data-start=\"171\" data-end=\"198\">\n<p data-start=\"173\" data-end=\"198\">Haz\u0131rlanmaya haz\u0131r<\/p>\n<\/li>\n<li data-start=\"199\" data-end=\"237\">\n<p data-start=\"201\" data-end=\"237\">Ek temizlik gerektirmez<\/p>\n<\/li>\n<li data-start=\"238\" data-end=\"305\">\n<p data-start=\"240\" data-end=\"305\">K\u0131zartma, f\u0131r\u0131nlama veya tavada haz\u0131rlama i\u00e7in uygundur<\/p>\n<\/li>\n<\/ul>\n\t\t<\/div>\n\t\t\t\t<div id=\"wd-69774e09bfc53\" class=\"wd-text-block wd-wpb reset-last-child wd-rs-69774e09bfc53 text-left wd-fontsize-custom\">\n\t\t\t<table>\n<tbody>\n<tr>\n<th style=\"text-align: left\"><strong>Saklama s\u0131cakl\u0131\u011f\u0131<\/strong><\/th>\n<td style=\"text-align: left;font-size: 16px\">Minimum dayan\u0131kl\u0131l\u0131k tarihine kadar -18\u00b0C<\/td>\n<\/tr>\n<tr>\n<th style=\"text-align: left\"><strong>HELAL<\/strong><\/th>\n<td style=\"text-align: left;font-size: 16px\">EVET<\/td>\n<\/tr>\n<tr>\n<th style=\"text-align: left\"><strong>Paketleme<\/strong><\/th>\n<td style=\"text-align: left;font-size: 16px\"><strong>Karton ba\u015f\u0131na 12 \u00d7 800 g<\/strong><\/td>\n<\/tr>\n<tr>\n<th style=\"text-align: left\"><strong>\u0130\u00e7indekiler<\/strong><\/th>\n<td style=\"text-align: left;font-size: 16px\"><\/td>\n<\/tr>\n<tr>\n<th style=\"text-align: left\"><strong>Haz\u0131rl\u0131k - frit\u00f6z<\/strong><\/th>\n<td style=\"text-align: left;font-size: 16px\"><\/td>\n<\/tr>\n<tr>\n<th style=\"text-align: left\"><strong>Haz\u0131rl\u0131k - f\u0131r\u0131n<\/strong><\/th>\n<td style=\"text-align: left;font-size: 16px\"><\/td>\n<\/tr>\n<\/tbody>\n<\/table>\n\t\t<\/div>\n\t\t<\/div><\/div><\/div><\/div>\n<\/div>","protected":false},"excerpt":{"rendered":"Warunki przechowywania: W lod\u00f3wce (+6\u00b0C): 1 dzie\u0144 W zamra\u017calniku (-12\u00b0C): 7 dni W zamra\u017carce (-18\u00b0C): do daty minimalnej trwa\u0142o\u015bci \u26a0\ufe0f","protected":false},"featured_media":191381,"template":"","meta":[],"product_brand":[],"product_cat":[269],"product_tag":[],"class_list":{"0":"post-191377","1":"product","2":"type-product","3":"status-publish","4":"has-post-thumbnail","6":"product_cat-mrozone-produkt-turecki","7":"pa_brand-kaptanlar","9":"first","10":"instock","11":"featured","12":"taxable","13":"shipping-taxable","14":"purchasable","15":"product-type-variable","16":"has-default-attributes"},"yoast_head":"<!-- This site is optimized with the Yoast SEO plugin v27.3 - https:\/\/yoast.com\/product\/yoast-seo-wordpress\/ -->\n<title>Kaptanlar Temizlenmi\u015f Karadeniz Hamsisi 800 g - Kaptan Food<\/title>\n<meta name=\"robots\" content=\"index, follow, max-snippet:-1, max-image-preview:large, max-video-preview:-1\" \/>\n<link rel=\"canonical\" href=\"https:\/\/kaptanfood.pl\/tr\/product\/kaptanlar-temizlenmis-karadeniz-hamsisi\/\" \/>\n<meta property=\"og:locale\" content=\"tr_TR\" \/>\n<meta property=\"og:type\" content=\"article\" \/>\n<meta property=\"og:title\" content=\"Kaptanlar Temizlenmi\u015f Karadeniz Hamsisi 800 g - Kaptan Food\" \/>\n<meta property=\"og:url\" content=\"https:\/\/kaptanfood.pl\/tr\/product\/kaptanlar-temizlenmis-karadeniz-hamsisi\/\" \/>\n<meta property=\"og:site_name\" content=\"Kaptan Food\" \/>\n<meta property=\"article:modified_time\" content=\"2026-03-30T10:27:36+00:00\" \/>\n<meta property=\"og:image\" content=\"https:\/\/kaptanfood.pl\/wp-content\/uploads\/2026\/01\/hamsi.webp\" \/>\n\t<meta property=\"og:image:width\" content=\"700\" \/>\n\t<meta property=\"og:image:height\" content=\"800\" \/>\n\t<meta property=\"og:image:type\" content=\"image\/webp\" \/>\n<meta name=\"twitter:card\" content=\"summary_large_image\" \/>\n<meta name=\"twitter:label1\" content=\"Tahmini okuma s\u00fcresi\" \/>\n\t<meta name=\"twitter:data1\" content=\"2 dakika\" \/>\n<script type=\"application\/ld+json\" class=\"yoast-schema-graph\">{\"@context\":\"https:\\\/\\\/schema.org\",\"@graph\":[{\"@type\":\"WebPage\",\"@id\":\"https:\\\/\\\/kaptanfood.pl\\\/product\\\/kaptanlar-temizlenmis-karadeniz-hamsisi\\\/\",\"url\":\"https:\\\/\\\/kaptanfood.pl\\\/product\\\/kaptanlar-temizlenmis-karadeniz-hamsisi\\\/\",\"name\":\"Kaptanlar Temizlenmi\u015f Karadeniz Hamsisi 800 g - Kaptan Food\",\"isPartOf\":{\"@id\":\"https:\\\/\\\/kaptanfood.pl\\\/tr\\\/#website\"},\"primaryImageOfPage\":{\"@id\":\"https:\\\/\\\/kaptanfood.pl\\\/product\\\/kaptanlar-temizlenmis-karadeniz-hamsisi\\\/#primaryimage\"},\"image\":{\"@id\":\"https:\\\/\\\/kaptanfood.pl\\\/product\\\/kaptanlar-temizlenmis-karadeniz-hamsisi\\\/#primaryimage\"},\"thumbnailUrl\":\"https:\\\/\\\/i0.wp.com\\\/kaptanfood.pl\\\/wp-content\\\/uploads\\\/2026\\\/01\\\/hamsi.webp?fit=700%2C800&ssl=1\",\"datePublished\":\"2026-01-26T12:05:29+00:00\",\"dateModified\":\"2026-03-30T10:27:36+00:00\",\"breadcrumb\":{\"@id\":\"https:\\\/\\\/kaptanfood.pl\\\/product\\\/kaptanlar-temizlenmis-karadeniz-hamsisi\\\/#breadcrumb\"},\"inLanguage\":\"tr\",\"potentialAction\":[{\"@type\":\"ReadAction\",\"target\":[\"https:\\\/\\\/kaptanfood.pl\\\/product\\\/kaptanlar-temizlenmis-karadeniz-hamsisi\\\/\"]}]},{\"@type\":\"ImageObject\",\"inLanguage\":\"tr\",\"@id\":\"https:\\\/\\\/kaptanfood.pl\\\/product\\\/kaptanlar-temizlenmis-karadeniz-hamsisi\\\/#primaryimage\",\"url\":\"https:\\\/\\\/i0.wp.com\\\/kaptanfood.pl\\\/wp-content\\\/uploads\\\/2026\\\/01\\\/hamsi.webp?fit=700%2C800&ssl=1\",\"contentUrl\":\"https:\\\/\\\/i0.wp.com\\\/kaptanfood.pl\\\/wp-content\\\/uploads\\\/2026\\\/01\\\/hamsi.webp?fit=700%2C800&ssl=1\",\"width\":700,\"height\":800},{\"@type\":\"BreadcrumbList\",\"@id\":\"https:\\\/\\\/kaptanfood.pl\\\/product\\\/kaptanlar-temizlenmis-karadeniz-hamsisi\\\/#breadcrumb\",\"itemListElement\":[{\"@type\":\"ListItem\",\"position\":1,\"name\":\"Home\",\"item\":\"https:\\\/\\\/kaptanfood.pl\\\/\"},{\"@type\":\"ListItem\",\"position\":2,\"name\":\"Produkty\",\"item\":\"https:\\\/\\\/kaptanfood.pl\\\/produkty\\\/\"},{\"@type\":\"ListItem\",\"position\":3,\"name\":\"Kaptanlar Temizlenmi\u015f Karadeniz Hamsisi 800 g\"}]},{\"@type\":\"WebSite\",\"@id\":\"https:\\\/\\\/kaptanfood.pl\\\/tr\\\/#website\",\"url\":\"https:\\\/\\\/kaptanfood.pl\\\/tr\\\/\",\"name\":\"Kaptan Food\",\"description\":\"Kaptan Food Hurtownia Kebab - Wszystko dla restauracji\",\"potentialAction\":[{\"@type\":\"SearchAction\",\"target\":{\"@type\":\"EntryPoint\",\"urlTemplate\":\"https:\\\/\\\/kaptanfood.pl\\\/tr\\\/?s={search_term_string}\"},\"query-input\":{\"@type\":\"PropertyValueSpecification\",\"valueRequired\":true,\"valueName\":\"search_term_string\"}}],\"inLanguage\":\"tr\"}]}<\/script>\n<!-- \/ Yoast SEO plugin. -->","yoast_head_json":{"title":"Kaptanlar Temizlenmi\u015f Karadeniz Hamsisi 800 g - Kaptan Food","robots":{"index":"index","follow":"follow","max-snippet":"max-snippet:-1","max-image-preview":"max-image-preview:large","max-video-preview":"max-video-preview:-1"},"canonical":"https:\/\/kaptanfood.pl\/tr\/product\/kaptanlar-temizlenmis-karadeniz-hamsisi\/","og_locale":"tr_TR","og_type":"article","og_title":"Kaptanlar Temizlenmi\u015f Karadeniz Hamsisi 800 g - Kaptan Food","og_url":"https:\/\/kaptanfood.pl\/tr\/product\/kaptanlar-temizlenmis-karadeniz-hamsisi\/","og_site_name":"Kaptan Food","article_modified_time":"2026-03-30T10:27:36+00:00","og_image":[{"width":700,"height":800,"url":"https:\/\/kaptanfood.pl\/wp-content\/uploads\/2026\/01\/hamsi.webp","type":"image\/webp"}],"twitter_card":"summary_large_image","twitter_misc":{"Tahmini okuma s\u00fcresi":"2 dakika"},"schema":{"@context":"https:\/\/schema.org","@graph":[{"@type":"WebPage","@id":"https:\/\/kaptanfood.pl\/product\/kaptanlar-temizlenmis-karadeniz-hamsisi\/","url":"https:\/\/kaptanfood.pl\/product\/kaptanlar-temizlenmis-karadeniz-hamsisi\/","name":"Kaptanlar Temizlenmi\u015f Karadeniz Hamsisi 800 g - Kaptan Food","isPartOf":{"@id":"https:\/\/kaptanfood.pl\/tr\/#website"},"primaryImageOfPage":{"@id":"https:\/\/kaptanfood.pl\/product\/kaptanlar-temizlenmis-karadeniz-hamsisi\/#primaryimage"},"image":{"@id":"https:\/\/kaptanfood.pl\/product\/kaptanlar-temizlenmis-karadeniz-hamsisi\/#primaryimage"},"thumbnailUrl":"https:\/\/i0.wp.com\/kaptanfood.pl\/wp-content\/uploads\/2026\/01\/hamsi.webp?fit=700%2C800&ssl=1","datePublished":"2026-01-26T12:05:29+00:00","dateModified":"2026-03-30T10:27:36+00:00","breadcrumb":{"@id":"https:\/\/kaptanfood.pl\/product\/kaptanlar-temizlenmis-karadeniz-hamsisi\/#breadcrumb"},"inLanguage":"tr","potentialAction":[{"@type":"ReadAction","target":["https:\/\/kaptanfood.pl\/product\/kaptanlar-temizlenmis-karadeniz-hamsisi\/"]}]},{"@type":"ImageObject","inLanguage":"tr","@id":"https:\/\/kaptanfood.pl\/product\/kaptanlar-temizlenmis-karadeniz-hamsisi\/#primaryimage","url":"https:\/\/i0.wp.com\/kaptanfood.pl\/wp-content\/uploads\/2026\/01\/hamsi.webp?fit=700%2C800&ssl=1","contentUrl":"https:\/\/i0.wp.com\/kaptanfood.pl\/wp-content\/uploads\/2026\/01\/hamsi.webp?fit=700%2C800&ssl=1","width":700,"height":800},{"@type":"BreadcrumbList","@id":"https:\/\/kaptanfood.pl\/product\/kaptanlar-temizlenmis-karadeniz-hamsisi\/#breadcrumb","itemListElement":[{"@type":"ListItem","position":1,"name":"Home","item":"https:\/\/kaptanfood.pl\/"},{"@type":"ListItem","position":2,"name":"Produkty","item":"https:\/\/kaptanfood.pl\/produkty\/"},{"@type":"ListItem","position":3,"name":"Kaptanlar Temizlenmi\u015f Karadeniz Hamsisi 800 g"}]},{"@type":"WebSite","@id":"https:\/\/kaptanfood.pl\/tr\/#website","url":"https:\/\/kaptanfood.pl\/tr\/","name":"Kaptan G\u0131da","description":"Kaptan G\u0131da Toptan Kebap - Restoranlar i\u00e7in her \u015fey","potentialAction":[{"@type":"SearchAction","target":{"@type":"EntryPoint","urlTemplate":"https:\/\/kaptanfood.pl\/tr\/?s={search_term_string}"},"query-input":{"@type":"PropertyValueSpecification","valueRequired":true,"valueName":"search_term_string"}}],"inLanguage":"tr"}]}},"jetpack_sharing_enabled":true,"_links":{"self":[{"href":"https:\/\/kaptanfood.pl\/tr\/wp-json\/wp\/v2\/product\/191377","targetHints":{"allow":["GET"]}}],"collection":[{"href":"https:\/\/kaptanfood.pl\/tr\/wp-json\/wp\/v2\/product"}],"about":[{"href":"https:\/\/kaptanfood.pl\/tr\/wp-json\/wp\/v2\/types\/product"}],"wp:featuredmedia":[{"embeddable":true,"href":"https:\/\/kaptanfood.pl\/tr\/wp-json\/wp\/v2\/media\/191381"}],"wp:attachment":[{"href":"https:\/\/kaptanfood.pl\/tr\/wp-json\/wp\/v2\/media?parent=191377"}],"wp:term":[{"taxonomy":"product_brand","embeddable":true,"href":"https:\/\/kaptanfood.pl\/tr\/wp-json\/wp\/v2\/product_brand?post=191377"},{"taxonomy":"product_cat","embeddable":true,"href":"https:\/\/kaptanfood.pl\/tr\/wp-json\/wp\/v2\/product_cat?post=191377"},{"taxonomy":"product_tag","embeddable":true,"href":"https:\/\/kaptanfood.pl\/tr\/wp-json\/wp\/v2\/product_tag?post=191377"}],"curies":[{"name":"wp","href":"https:\/\/api.w.org\/{rel}","templated":true}]}}