{"id":151415,"date":"2025-10-30T15:09:37","date_gmt":"2025-10-30T14:09:37","guid":{"rendered":"https:\/\/kaptanfood.pl\/?post_type=product&#038;p=151415"},"modified":"2026-03-13T08:10:14","modified_gmt":"2026-03-13T07:10:14","slug":"sos-sweet-sour-1100gr","status":"publish","type":"product","link":"https:\/\/kaptanfood.pl\/tr\/product\/sos-sweet-sour-1100gr\/","title":{"rendered":"Tatl\u0131 Ek\u015fi Sos 1100 gr"},"content":{"rendered":"<div class=\"wpb-content-wrapper\"><div class=\"vc_row wpb_row vc_row-fluid vc_custom_1632566163505 vc_row-o-content-middle vc_row-flex wd-rs-614efb885b0d8\"><div class=\"wpb_column vc_column_container vc_col-sm-12 vc_col-md-6\"><div class=\"vc_column-inner\"><div class=\"wpb_wrapper\">\t\t<div id=\"wd-69b3b8018b1cf\" class=\"wd-image wd-wpb wd-rs-69b3b8018b1cf hidden-xs text-left\">\n\t\t\t\n\t\t\t<img loading=\"lazy\" decoding=\"async\" width=\"700\" height=\"800\" src=\"https:\/\/i0.wp.com\/kaptanfood.pl\/wp-content\/uploads\/2025\/10\/sos-sourr-sweet.webp?fit=700%2C800&amp;ssl=1\" class=\"attachment-full size-full\" alt=\"\" srcset=\"https:\/\/i0.wp.com\/kaptanfood.pl\/wp-content\/uploads\/2025\/10\/sos-sourr-sweet.webp?w=700&amp;ssl=1 700w, https:\/\/i0.wp.com\/kaptanfood.pl\/wp-content\/uploads\/2025\/10\/sos-sourr-sweet.webp?resize=263%2C300&amp;ssl=1 263w, https:\/\/i0.wp.com\/kaptanfood.pl\/wp-content\/uploads\/2025\/10\/sos-sourr-sweet.webp?resize=11%2C12&amp;ssl=1 11w, https:\/\/i0.wp.com\/kaptanfood.pl\/wp-content\/uploads\/2025\/10\/sos-sourr-sweet.webp?resize=430%2C491&amp;ssl=1 430w, https:\/\/i0.wp.com\/kaptanfood.pl\/wp-content\/uploads\/2025\/10\/sos-sourr-sweet.webp?resize=150%2C171&amp;ssl=1 150w\" sizes=\"auto, (max-width: 700px) 100vw, 700px\" \/>\n\t\t\t\t\t<\/div>\n\t\t<\/div><\/div><\/div><div class=\"wpb_column vc_column_container vc_col-sm-12 vc_col-md-6\"><div class=\"vc_column-inner vc_custom_1496394189503\"><div class=\"wpb_wrapper\">\t\t<div id=\"wd-69b3b7fabf79d\" class=\"wd-text-block wd-wpb reset-last-child wd-rs-69b3b7fabf79d text-left wd-fontsize-custom vc_custom_1773385727221\">\n\t\t\t<p>Hafif sar\u0131msak aromas\u0131 ve bir miktar limon i\u00e7eren tatl\u0131 ve ek\u015fi bir sos. K\u0131vaml\u0131, yap\u0131\u015fkan. A\u00e7\u0131k turuncu renkli, berrak. Tad\u0131 sizi uzak do\u011fuya g\u00f6t\u00fcr\u00fcr. Pilav, \u00e7e\u015fitli Asya \u00e7e\u015fitlerinde tavuk ve k\u0131zarm\u0131\u015f sebzelerle m\u00fckemmel uyum sa\u011flar. Pilav ve tavuk i\u00e7in s\u00fcrahilerde verdikleri tipik \u00c7in yeme\u011fi.<\/p>\n<p>&nbsp;<\/p>\n<p><strong>NE ILE BIRLE\u015eTIRILIR?<\/strong><\/p>\n<p><img data-recalc-dims=\"1\" decoding=\"async\" class=\"icons\" title=\"et\" src=\"https:\/\/i0.wp.com\/www.tarsmak.pl\/images\/tarsmak\/web\/z-czym-laczyc\/salatka-icon.jpg?ssl=1\" alt=\"salatka icon\" \/><img data-recalc-dims=\"1\" decoding=\"async\" class=\"icons\" title=\"sandvi\u00e7\" src=\"https:\/\/i0.wp.com\/www.tarsmak.pl\/images\/tarsmak\/web\/z-czym-laczyc\/ryz-icon.jpg?ssl=1\" alt=\"ryz icon\" \/><img data-recalc-dims=\"1\" decoding=\"async\" class=\"icons\" title=\"sandvi\u00e7\" src=\"https:\/\/i0.wp.com\/www.tarsmak.pl\/images\/tarsmak\/web\/z-czym-laczyc\/drob-icon.jpg?ssl=1\" alt=\"drob icon\" \/><img data-recalc-dims=\"1\" decoding=\"async\" class=\"icons\" title=\"sandvi\u00e7\" src=\"https:\/\/i0.wp.com\/www.tarsmak.pl\/images\/tarsmak\/web\/z-czym-laczyc\/kanapka-icon.jpg?ssl=1\" alt=\"kanapka icon\" \/><\/p>\n<p>&nbsp;<\/p>\n\t\t<\/div>\n\t\t\t\t<div id=\"wd-69b3b81d593b8\" class=\"wd-text-block wd-wpb reset-last-child wd-rs-69b3b81d593b8 text-left wd-fontsize-custom\">\n\t\t\t<table>\n<tbody>\n<tr>\n<th style=\"text-align: left;\"><strong>Saklama s\u0131cakl\u0131\u011f\u0131<\/strong><\/th>\n<td style=\"text-align: left; font-size: 16px;\">2-20 \u00b0C<\/td>\n<\/tr>\n<tr>\n<th style=\"text-align: left;\"><strong>HELAL<\/strong><\/th>\n<td style=\"text-align: left; font-size: 16px;\">EVET<\/td>\n<\/tr>\n<tr>\n<th style=\"text-align: left;\"><strong>Paketleme<\/strong><\/th>\n<td style=\"text-align: left; font-size: 16px;\">1100 gr<\/td>\n<\/tr>\n<tr>\n<th style=\"text-align: left;\"><strong>\u0130\u00e7indekiler<\/strong><\/th>\n<td style=\"text-align: left; font-size: 16px;\"><\/td>\n<\/tr>\n<\/tbody>\n<\/table>\n\t\t<\/div>\n\t\t<\/div><\/div><\/div><\/div>\n<\/div>","protected":false},"excerpt":{"rendered":"Sos s\u0142odko kwa\u015bny o \u0142agodnym czosnkowym smaku, z lekk\u0105 nut\u0105 cytryny. G\u0119sty, kleisty. Barwa jasnopomara\u0144czowa, klarowna. Smakiem przenosi na daleki","protected":false},"featured_media":151422,"template":"","meta":[],"product_brand":[],"product_cat":[228],"product_tag":[],"class_list":{"0":"post-151415","1":"product","2":"type-product","3":"status-publish","4":"has-post-thumbnail","6":"product_cat-sosy","8":"first","9":"instock","10":"taxable","11":"shipping-taxable","12":"purchasable","13":"product-type-simple"},"yoast_head":"<!-- This site is optimized with the Yoast SEO plugin v27.3 - https:\/\/yoast.com\/product\/yoast-seo-wordpress\/ -->\n<title>Sos Sweet Sour 1100 gr - Kaptan Food<\/title>\n<meta name=\"robots\" content=\"index, follow, max-snippet:-1, max-image-preview:large, max-video-preview:-1\" \/>\n<link rel=\"canonical\" href=\"https:\/\/kaptanfood.pl\/tr\/product\/sos-sweet-sour-1100gr\/\" \/>\n<meta property=\"og:locale\" content=\"tr_TR\" \/>\n<meta property=\"og:type\" content=\"article\" \/>\n<meta property=\"og:title\" content=\"Sos Sweet Sour 1100 gr - Kaptan Food\" \/>\n<meta property=\"og:url\" content=\"https:\/\/kaptanfood.pl\/tr\/product\/sos-sweet-sour-1100gr\/\" \/>\n<meta property=\"og:site_name\" content=\"Kaptan Food\" \/>\n<meta property=\"article:modified_time\" content=\"2026-03-13T07:10:14+00:00\" \/>\n<meta property=\"og:image\" content=\"https:\/\/kaptanfood.pl\/wp-content\/uploads\/2025\/10\/sos-sourr-sweet.webp\" \/>\n\t<meta property=\"og:image:width\" content=\"700\" \/>\n\t<meta property=\"og:image:height\" content=\"800\" \/>\n\t<meta property=\"og:image:type\" content=\"image\/webp\" \/>\n<meta name=\"twitter:card\" content=\"summary_large_image\" \/>\n<meta name=\"twitter:label1\" content=\"Tahmini okuma s\u00fcresi\" \/>\n\t<meta name=\"twitter:data1\" content=\"2 dakika\" \/>\n<script type=\"application\/ld+json\" class=\"yoast-schema-graph\">{\"@context\":\"https:\\\/\\\/schema.org\",\"@graph\":[{\"@type\":\"WebPage\",\"@id\":\"https:\\\/\\\/kaptanfood.pl\\\/product\\\/sos-sweet-sour-1100gr\\\/\",\"url\":\"https:\\\/\\\/kaptanfood.pl\\\/product\\\/sos-sweet-sour-1100gr\\\/\",\"name\":\"Sos Sweet Sour 1100 gr - Kaptan Food\",\"isPartOf\":{\"@id\":\"https:\\\/\\\/kaptanfood.pl\\\/tr\\\/#website\"},\"primaryImageOfPage\":{\"@id\":\"https:\\\/\\\/kaptanfood.pl\\\/product\\\/sos-sweet-sour-1100gr\\\/#primaryimage\"},\"image\":{\"@id\":\"https:\\\/\\\/kaptanfood.pl\\\/product\\\/sos-sweet-sour-1100gr\\\/#primaryimage\"},\"thumbnailUrl\":\"https:\\\/\\\/i0.wp.com\\\/kaptanfood.pl\\\/wp-content\\\/uploads\\\/2025\\\/10\\\/sos-sourr-sweet.webp?fit=700%2C800&ssl=1\",\"datePublished\":\"2025-10-30T14:09:37+00:00\",\"dateModified\":\"2026-03-13T07:10:14+00:00\",\"breadcrumb\":{\"@id\":\"https:\\\/\\\/kaptanfood.pl\\\/product\\\/sos-sweet-sour-1100gr\\\/#breadcrumb\"},\"inLanguage\":\"tr\",\"potentialAction\":[{\"@type\":\"ReadAction\",\"target\":[\"https:\\\/\\\/kaptanfood.pl\\\/product\\\/sos-sweet-sour-1100gr\\\/\"]}]},{\"@type\":\"ImageObject\",\"inLanguage\":\"tr\",\"@id\":\"https:\\\/\\\/kaptanfood.pl\\\/product\\\/sos-sweet-sour-1100gr\\\/#primaryimage\",\"url\":\"https:\\\/\\\/i0.wp.com\\\/kaptanfood.pl\\\/wp-content\\\/uploads\\\/2025\\\/10\\\/sos-sourr-sweet.webp?fit=700%2C800&ssl=1\",\"contentUrl\":\"https:\\\/\\\/i0.wp.com\\\/kaptanfood.pl\\\/wp-content\\\/uploads\\\/2025\\\/10\\\/sos-sourr-sweet.webp?fit=700%2C800&ssl=1\",\"width\":700,\"height\":800},{\"@type\":\"BreadcrumbList\",\"@id\":\"https:\\\/\\\/kaptanfood.pl\\\/product\\\/sos-sweet-sour-1100gr\\\/#breadcrumb\",\"itemListElement\":[{\"@type\":\"ListItem\",\"position\":1,\"name\":\"Home\",\"item\":\"https:\\\/\\\/kaptanfood.pl\\\/\"},{\"@type\":\"ListItem\",\"position\":2,\"name\":\"Produkty\",\"item\":\"https:\\\/\\\/kaptanfood.pl\\\/produkty\\\/\"},{\"@type\":\"ListItem\",\"position\":3,\"name\":\"Sos Sweet Sour 1100 gr\"}]},{\"@type\":\"WebSite\",\"@id\":\"https:\\\/\\\/kaptanfood.pl\\\/tr\\\/#website\",\"url\":\"https:\\\/\\\/kaptanfood.pl\\\/tr\\\/\",\"name\":\"Kaptan Food\",\"description\":\"Kaptan Food Hurtownia Kebab - Wszystko dla restauracji\",\"potentialAction\":[{\"@type\":\"SearchAction\",\"target\":{\"@type\":\"EntryPoint\",\"urlTemplate\":\"https:\\\/\\\/kaptanfood.pl\\\/tr\\\/?s={search_term_string}\"},\"query-input\":{\"@type\":\"PropertyValueSpecification\",\"valueRequired\":true,\"valueName\":\"search_term_string\"}}],\"inLanguage\":\"tr\"}]}<\/script>\n<!-- \/ Yoast SEO plugin. -->","yoast_head_json":{"title":"Sos Sweet Sour 1100 gr - Kaptan Food","robots":{"index":"index","follow":"follow","max-snippet":"max-snippet:-1","max-image-preview":"max-image-preview:large","max-video-preview":"max-video-preview:-1"},"canonical":"https:\/\/kaptanfood.pl\/tr\/product\/sos-sweet-sour-1100gr\/","og_locale":"tr_TR","og_type":"article","og_title":"Sos Sweet Sour 1100 gr - Kaptan Food","og_url":"https:\/\/kaptanfood.pl\/tr\/product\/sos-sweet-sour-1100gr\/","og_site_name":"Kaptan Food","article_modified_time":"2026-03-13T07:10:14+00:00","og_image":[{"width":700,"height":800,"url":"https:\/\/kaptanfood.pl\/wp-content\/uploads\/2025\/10\/sos-sourr-sweet.webp","type":"image\/webp"}],"twitter_card":"summary_large_image","twitter_misc":{"Tahmini okuma s\u00fcresi":"2 dakika"},"schema":{"@context":"https:\/\/schema.org","@graph":[{"@type":"WebPage","@id":"https:\/\/kaptanfood.pl\/product\/sos-sweet-sour-1100gr\/","url":"https:\/\/kaptanfood.pl\/product\/sos-sweet-sour-1100gr\/","name":"Sos Sweet Sour 1100 gr - Kaptan Food","isPartOf":{"@id":"https:\/\/kaptanfood.pl\/tr\/#website"},"primaryImageOfPage":{"@id":"https:\/\/kaptanfood.pl\/product\/sos-sweet-sour-1100gr\/#primaryimage"},"image":{"@id":"https:\/\/kaptanfood.pl\/product\/sos-sweet-sour-1100gr\/#primaryimage"},"thumbnailUrl":"https:\/\/i0.wp.com\/kaptanfood.pl\/wp-content\/uploads\/2025\/10\/sos-sourr-sweet.webp?fit=700%2C800&ssl=1","datePublished":"2025-10-30T14:09:37+00:00","dateModified":"2026-03-13T07:10:14+00:00","breadcrumb":{"@id":"https:\/\/kaptanfood.pl\/product\/sos-sweet-sour-1100gr\/#breadcrumb"},"inLanguage":"tr","potentialAction":[{"@type":"ReadAction","target":["https:\/\/kaptanfood.pl\/product\/sos-sweet-sour-1100gr\/"]}]},{"@type":"ImageObject","inLanguage":"tr","@id":"https:\/\/kaptanfood.pl\/product\/sos-sweet-sour-1100gr\/#primaryimage","url":"https:\/\/i0.wp.com\/kaptanfood.pl\/wp-content\/uploads\/2025\/10\/sos-sourr-sweet.webp?fit=700%2C800&ssl=1","contentUrl":"https:\/\/i0.wp.com\/kaptanfood.pl\/wp-content\/uploads\/2025\/10\/sos-sourr-sweet.webp?fit=700%2C800&ssl=1","width":700,"height":800},{"@type":"BreadcrumbList","@id":"https:\/\/kaptanfood.pl\/product\/sos-sweet-sour-1100gr\/#breadcrumb","itemListElement":[{"@type":"ListItem","position":1,"name":"Home","item":"https:\/\/kaptanfood.pl\/"},{"@type":"ListItem","position":2,"name":"Produkty","item":"https:\/\/kaptanfood.pl\/produkty\/"},{"@type":"ListItem","position":3,"name":"Sos Sweet Sour 1100 gr"}]},{"@type":"WebSite","@id":"https:\/\/kaptanfood.pl\/tr\/#website","url":"https:\/\/kaptanfood.pl\/tr\/","name":"Kaptan G\u0131da","description":"Kaptan G\u0131da Toptan Kebap - Restoranlar i\u00e7in her \u015fey","potentialAction":[{"@type":"SearchAction","target":{"@type":"EntryPoint","urlTemplate":"https:\/\/kaptanfood.pl\/tr\/?s={search_term_string}"},"query-input":{"@type":"PropertyValueSpecification","valueRequired":true,"valueName":"search_term_string"}}],"inLanguage":"tr"}]}},"jetpack_sharing_enabled":true,"_links":{"self":[{"href":"https:\/\/kaptanfood.pl\/tr\/wp-json\/wp\/v2\/product\/151415","targetHints":{"allow":["GET"]}}],"collection":[{"href":"https:\/\/kaptanfood.pl\/tr\/wp-json\/wp\/v2\/product"}],"about":[{"href":"https:\/\/kaptanfood.pl\/tr\/wp-json\/wp\/v2\/types\/product"}],"wp:featuredmedia":[{"embeddable":true,"href":"https:\/\/kaptanfood.pl\/tr\/wp-json\/wp\/v2\/media\/151422"}],"wp:attachment":[{"href":"https:\/\/kaptanfood.pl\/tr\/wp-json\/wp\/v2\/media?parent=151415"}],"wp:term":[{"taxonomy":"product_brand","embeddable":true,"href":"https:\/\/kaptanfood.pl\/tr\/wp-json\/wp\/v2\/product_brand?post=151415"},{"taxonomy":"product_cat","embeddable":true,"href":"https:\/\/kaptanfood.pl\/tr\/wp-json\/wp\/v2\/product_cat?post=151415"},{"taxonomy":"product_tag","embeddable":true,"href":"https:\/\/kaptanfood.pl\/tr\/wp-json\/wp\/v2\/product_tag?post=151415"}],"curies":[{"name":"wp","href":"https:\/\/api.w.org\/{rel}","templated":true}]}}