{"id":10728,"date":"2022-11-29T10:41:40","date_gmt":"2022-11-29T09:41:40","guid":{"rendered":"https:\/\/kaptanfood.pl\/?post_type=product&#038;p=10728"},"modified":"2025-12-03T13:23:00","modified_gmt":"2025-12-03T12:23:00","slug":"plyn-do-dezynfekcji-alpinuseptol-1l","status":"publish","type":"product","link":"https:\/\/kaptanfood.pl\/tr\/product\/plyn-do-dezynfekcji-alpinuseptol-1l\/","title":{"rendered":"Alpinuseptol Dezenfektan 1L"},"content":{"rendered":"<div class=\"wpb-content-wrapper\"><div class=\"vc_row wpb_row vc_row-fluid vc_row-o-equal-height vc_row-o-content-top vc_row-flex\"><div class=\"wpb_column vc_column_container vc_col-sm-12 vc_col-lg-4 vc_col-md-4 vc_col-xs-12 wd-rs-61827b8e5abdf\"><div class=\"vc_column-inner vc_custom_1635941267568\"><div class=\"wpb_wrapper\">\n\t\t<div id=\"wd-6385d2f9ad695\" class=\"title-wrapper wd-wpb wd-set-mb reset-last-child  wd-rs-6385d2f9ad695 wd-title-color-default wd-title-style-default text-left  wd-underline-colored\">\n\t\t\t\n\t\t\t<div class=\"liner-continer\">\n\t\t\t\t<h4 class=\"woodmart-title-container title  wd-font-weight- wd-fontsize-l\" >Dezenfektan s\u0131v\u0131<\/h4>\n\t\t\t\t\t\t\t<\/div>\n\t\t\t\n\t\t\t\n\t\t\t\n\t\t<\/div>\n\t\t\n\t\t\t\t<div id=\"wd-6385d2c8a327a\" class=\"wd-text-block wd-wpb reset-last-child wd-rs-6385d2c8a327a text-left vc_custom_1669714674182\">\n\t\t\t<div>T\u0131bbi, kozmetik, g\u0131da ve ev alanlar\u0131ndaki y\u00fczeylerin, cihazlar\u0131n, ekipmanlar\u0131n ve mobilyalar\u0131n dezenfeksiyonu i\u00e7in haz\u0131rl\u0131k.<br \/>\nDo\u011frudan g\u0131da ile temas eden ve etmeyen y\u00fczeyler ve ekipmanlar i\u00e7in tasarlanm\u0131\u015ft\u0131r.<br \/>\n\u00dcr\u00fcn bakterisidal, fungisidal, mikobakterilere kar\u015f\u0131 dahil olmak \u00fczere mikobakterisidal aktiviteye ve tam vir\u00fcsidal aktiviteye sahiptir.<\/div>\n<div>T\u0131bbi alanda k\u00fc\u00e7\u00fck y\u00fczeylerin ve ula\u015f\u0131lmas\u0131 zor alanlar\u0131n h\u0131zl\u0131 dezenfeksiyonu i\u00e7in kullan\u0131ma haz\u0131r preparat - sa\u011fl\u0131k tesisleri<br \/>\n(yenido\u011fan ve pediatri servisleri dahil), t\u0131bbi ve di\u015f hekimli\u011fi muayenehaneleri, sa\u011fl\u0131k klinikleri, huzurevleri, sanatoryumlar,<br \/>\nhizmet kurulu\u015flar\u0131nda - fitness ve spa salonlar\u0131, sa\u00e7 ve g\u00fczellik salonlar\u0131, masaj salonlar\u0131, kre\u015fler, anaokullar\u0131, okullar,<br \/>\noteller, catering tesisleri ve g\u0131da end\u00fcstrisi.<br \/>\nMakine, ekipman, yeniden kullan\u0131labilir ki\u015fisel koruyucular\u0131n (\u00f6nl\u00fckler, tulumlar, koruyucu maskeler) y\u00fczey dezenfeksiyonu i\u00e7in dezenfektan,<br \/>\noksijen ekipman\u0131, kanisterler, vb.).<br \/>\n\u00dcr\u00fcn ayr\u0131ca tezgahlar, masalar, dolaplar ve kap\u0131 kollar\u0131 gibi g\u0131da maddeleriyle temas eden ve etmeyen y\u00fczeylerin dezenfekte edilmesi i\u00e7in de uygundur,<br \/>\nkulplar, pencere pervazlar\u0131, pencereler, koltuklar, vb.; spor malzemeleri ile sa\u00e7 ve g\u00fczellik aksesuarlar\u0131n\u0131 dezenfekte etmek i\u00e7in.<br \/>\n\u00dcr\u00fcn bakterisidal, fungisidal, mikobakterilere kar\u015f\u0131 dahil olmak \u00fczere mikobakterisidal aktiviteye ve tam vir\u00fcsidal aktiviteye sahiptir.<\/div>\n<div class=\"product-description-block\">\n<h4 class=\"sans\">Aktif madde<br \/>\n- e<strong>tannol 72g\/100g<\/strong><\/h4>\n<\/div>\n\t\t<\/div>\n\t\t<\/div><\/div><\/div><div class=\"wpb_column vc_column_container vc_col-sm-6 vc_col-lg-4 vc_col-md-4 vc_col-xs-12 wd-rs-61827b8294f87\"><div class=\"vc_column-inner\"><div class=\"wpb_wrapper\">\n\t<div  class=\"wpb_single_image wpb_content_element vc_align_left vc_custom_1669714734817\">\n\t\t\n\t\t<figure class=\"wpb_wrapper vc_figure\">\n\t\t\t<div class=\"vc_single_image-wrapper   vc_box_border_grey\"><img loading=\"lazy\" decoding=\"async\" width=\"700\" height=\"800\" src=\"https:\/\/i0.wp.com\/kaptanfood.pl\/wp-content\/uploads\/2022\/11\/plyn-dezynfekcyjni.png?fit=700%2C800&amp;ssl=1\" class=\"vc_single_image-img attachment-full\" alt=\"\" title=\"dezenfektan s\u0131v\u0131\" srcset=\"https:\/\/i0.wp.com\/kaptanfood.pl\/wp-content\/uploads\/2022\/11\/plyn-dezynfekcyjni.png?w=700&amp;ssl=1 700w, https:\/\/i0.wp.com\/kaptanfood.pl\/wp-content\/uploads\/2022\/11\/plyn-dezynfekcyjni.png?w=263&amp;ssl=1 263w, https:\/\/i0.wp.com\/kaptanfood.pl\/wp-content\/uploads\/2022\/11\/plyn-dezynfekcyjni.png?resize=430%2C491&amp;ssl=1 430w, https:\/\/i0.wp.com\/kaptanfood.pl\/wp-content\/uploads\/2022\/11\/plyn-dezynfekcyjni.png?resize=150%2C171&amp;ssl=1 150w\" sizes=\"auto, (max-width: 700px) 100vw, 700px\" \/><\/div>\n\t\t<\/figure>\n\t<\/div>\n<\/div><\/div><\/div><div class=\"wpb_column vc_column_container vc_col-sm-6 vc_col-lg-4 vc_col-md-4 vc_col-xs-12 wd-rs-61827b9533868\"><div class=\"vc_column-inner\"><div class=\"wpb_wrapper\">\n\t<div  class=\"wpb_single_image wpb_content_element vc_align_left vc_custom_1669714771157\">\n\t\t\n\t\t<figure class=\"wpb_wrapper vc_figure\">\n\t\t\t<div class=\"vc_single_image-wrapper   vc_box_border_grey\"><img loading=\"lazy\" decoding=\"async\" width=\"700\" height=\"800\" src=\"https:\/\/i0.wp.com\/kaptanfood.pl\/wp-content\/uploads\/2022\/11\/plyn-dezynfekcyjni.png?fit=700%2C800&amp;ssl=1\" class=\"vc_single_image-img attachment-full\" alt=\"\" title=\"dezenfektan s\u0131v\u0131\" srcset=\"https:\/\/i0.wp.com\/kaptanfood.pl\/wp-content\/uploads\/2022\/11\/plyn-dezynfekcyjni.png?w=700&amp;ssl=1 700w, https:\/\/i0.wp.com\/kaptanfood.pl\/wp-content\/uploads\/2022\/11\/plyn-dezynfekcyjni.png?w=263&amp;ssl=1 263w, https:\/\/i0.wp.com\/kaptanfood.pl\/wp-content\/uploads\/2022\/11\/plyn-dezynfekcyjni.png?resize=430%2C491&amp;ssl=1 430w, https:\/\/i0.wp.com\/kaptanfood.pl\/wp-content\/uploads\/2022\/11\/plyn-dezynfekcyjni.png?resize=150%2C171&amp;ssl=1 150w\" sizes=\"auto, (max-width: 700px) 100vw, 700px\" \/><\/div>\n\t\t<\/figure>\n\t<\/div>\n<\/div><\/div><\/div><\/div>\n<\/div>","protected":false},"excerpt":{"rendered":"P\u0142yn do Dezynfekcji Preparat do dezynfekcji powierzchni, urz\u0105dze\u0144, sprz\u0119t\u00f3w i wyposa\u017cenia w obszarze medycznym, kosmetycznym, spo\u017cywczym oraz w gospodarstwach domowych.","protected":false},"featured_media":10686,"template":"","meta":[],"product_brand":[],"product_cat":[134],"product_tag":[],"class_list":{"0":"post-10728","1":"product","2":"type-product","3":"status-publish","4":"has-post-thumbnail","6":"product_cat-srodki-czystosci","8":"first","9":"instock","10":"taxable","11":"shipping-taxable","12":"purchasable","13":"product-type-simple"},"yoast_head":"<!-- This site is optimized with the Yoast SEO plugin v27.3 - https:\/\/yoast.com\/product\/yoast-seo-wordpress\/ -->\n<title>P\u0142yn do Dezynfekcji Alpinuseptol 1L - Kaptan Food<\/title>\n<meta name=\"robots\" content=\"index, follow, max-snippet:-1, max-image-preview:large, max-video-preview:-1\" \/>\n<link rel=\"canonical\" href=\"https:\/\/kaptanfood.pl\/tr\/product\/plyn-do-dezynfekcji-alpinuseptol-1l\/\" \/>\n<meta property=\"og:locale\" content=\"tr_TR\" \/>\n<meta property=\"og:type\" content=\"article\" \/>\n<meta property=\"og:title\" content=\"P\u0142yn do Dezynfekcji Alpinuseptol 1L - Kaptan Food\" \/>\n<meta property=\"og:url\" content=\"https:\/\/kaptanfood.pl\/tr\/product\/plyn-do-dezynfekcji-alpinuseptol-1l\/\" \/>\n<meta property=\"og:site_name\" content=\"Kaptan Food\" \/>\n<meta property=\"article:modified_time\" content=\"2025-12-03T12:23:00+00:00\" \/>\n<meta property=\"og:image\" content=\"https:\/\/i0.wp.com\/kaptanfood.pl\/wp-content\/uploads\/2022\/11\/plyn-dezynfekcyjni.png?fit=700%2C800&ssl=1\" \/>\n\t<meta property=\"og:image:width\" content=\"700\" \/>\n\t<meta property=\"og:image:height\" content=\"800\" \/>\n\t<meta property=\"og:image:type\" content=\"image\/png\" \/>\n<meta name=\"twitter:card\" content=\"summary_large_image\" \/>\n<meta name=\"twitter:label1\" content=\"Tahmini okuma s\u00fcresi\" \/>\n\t<meta name=\"twitter:data1\" content=\"3 dakika\" \/>\n<script type=\"application\/ld+json\" class=\"yoast-schema-graph\">{\"@context\":\"https:\\\/\\\/schema.org\",\"@graph\":[{\"@type\":\"WebPage\",\"@id\":\"https:\\\/\\\/kaptanfood.pl\\\/product\\\/plyn-do-dezynfekcji-alpinuseptol-1l\\\/\",\"url\":\"https:\\\/\\\/kaptanfood.pl\\\/product\\\/plyn-do-dezynfekcji-alpinuseptol-1l\\\/\",\"name\":\"P\u0142yn do Dezynfekcji Alpinuseptol 1L - Kaptan Food\",\"isPartOf\":{\"@id\":\"https:\\\/\\\/kaptanfood.pl\\\/tr\\\/#website\"},\"primaryImageOfPage\":{\"@id\":\"https:\\\/\\\/kaptanfood.pl\\\/product\\\/plyn-do-dezynfekcji-alpinuseptol-1l\\\/#primaryimage\"},\"image\":{\"@id\":\"https:\\\/\\\/kaptanfood.pl\\\/product\\\/plyn-do-dezynfekcji-alpinuseptol-1l\\\/#primaryimage\"},\"thumbnailUrl\":\"https:\\\/\\\/i0.wp.com\\\/kaptanfood.pl\\\/wp-content\\\/uploads\\\/2022\\\/11\\\/plyn-dezynfekcyjni.png?fit=700%2C800&ssl=1\",\"datePublished\":\"2022-11-29T09:41:40+00:00\",\"dateModified\":\"2025-12-03T12:23:00+00:00\",\"breadcrumb\":{\"@id\":\"https:\\\/\\\/kaptanfood.pl\\\/product\\\/plyn-do-dezynfekcji-alpinuseptol-1l\\\/#breadcrumb\"},\"inLanguage\":\"tr\",\"potentialAction\":[{\"@type\":\"ReadAction\",\"target\":[\"https:\\\/\\\/kaptanfood.pl\\\/product\\\/plyn-do-dezynfekcji-alpinuseptol-1l\\\/\"]}]},{\"@type\":\"ImageObject\",\"inLanguage\":\"tr\",\"@id\":\"https:\\\/\\\/kaptanfood.pl\\\/product\\\/plyn-do-dezynfekcji-alpinuseptol-1l\\\/#primaryimage\",\"url\":\"https:\\\/\\\/i0.wp.com\\\/kaptanfood.pl\\\/wp-content\\\/uploads\\\/2022\\\/11\\\/plyn-dezynfekcyjni.png?fit=700%2C800&ssl=1\",\"contentUrl\":\"https:\\\/\\\/i0.wp.com\\\/kaptanfood.pl\\\/wp-content\\\/uploads\\\/2022\\\/11\\\/plyn-dezynfekcyjni.png?fit=700%2C800&ssl=1\",\"width\":700,\"height\":800},{\"@type\":\"BreadcrumbList\",\"@id\":\"https:\\\/\\\/kaptanfood.pl\\\/product\\\/plyn-do-dezynfekcji-alpinuseptol-1l\\\/#breadcrumb\",\"itemListElement\":[{\"@type\":\"ListItem\",\"position\":1,\"name\":\"Home\",\"item\":\"https:\\\/\\\/kaptanfood.pl\\\/\"},{\"@type\":\"ListItem\",\"position\":2,\"name\":\"Produkty\",\"item\":\"https:\\\/\\\/kaptanfood.pl\\\/produkty\\\/\"},{\"@type\":\"ListItem\",\"position\":3,\"name\":\"P\u0142yn do Dezynfekcji Alpinuseptol 1L\"}]},{\"@type\":\"WebSite\",\"@id\":\"https:\\\/\\\/kaptanfood.pl\\\/tr\\\/#website\",\"url\":\"https:\\\/\\\/kaptanfood.pl\\\/tr\\\/\",\"name\":\"Kaptan Food\",\"description\":\"Kaptan Food Hurtownia Kebab - Wszystko dla restauracji\",\"potentialAction\":[{\"@type\":\"SearchAction\",\"target\":{\"@type\":\"EntryPoint\",\"urlTemplate\":\"https:\\\/\\\/kaptanfood.pl\\\/tr\\\/?s={search_term_string}\"},\"query-input\":{\"@type\":\"PropertyValueSpecification\",\"valueRequired\":true,\"valueName\":\"search_term_string\"}}],\"inLanguage\":\"tr\"}]}<\/script>\n<!-- \/ Yoast SEO plugin. -->","yoast_head_json":{"title":"P\u0142yn do Dezynfekcji Alpinuseptol 1L - Kaptan Food","robots":{"index":"index","follow":"follow","max-snippet":"max-snippet:-1","max-image-preview":"max-image-preview:large","max-video-preview":"max-video-preview:-1"},"canonical":"https:\/\/kaptanfood.pl\/tr\/product\/plyn-do-dezynfekcji-alpinuseptol-1l\/","og_locale":"tr_TR","og_type":"article","og_title":"P\u0142yn do Dezynfekcji Alpinuseptol 1L - Kaptan Food","og_url":"https:\/\/kaptanfood.pl\/tr\/product\/plyn-do-dezynfekcji-alpinuseptol-1l\/","og_site_name":"Kaptan Food","article_modified_time":"2025-12-03T12:23:00+00:00","og_image":[{"width":700,"height":800,"url":"https:\/\/i0.wp.com\/kaptanfood.pl\/wp-content\/uploads\/2022\/11\/plyn-dezynfekcyjni.png?fit=700%2C800&ssl=1","type":"image\/png"}],"twitter_card":"summary_large_image","twitter_misc":{"Tahmini okuma s\u00fcresi":"3 dakika"},"schema":{"@context":"https:\/\/schema.org","@graph":[{"@type":"WebPage","@id":"https:\/\/kaptanfood.pl\/product\/plyn-do-dezynfekcji-alpinuseptol-1l\/","url":"https:\/\/kaptanfood.pl\/product\/plyn-do-dezynfekcji-alpinuseptol-1l\/","name":"P\u0142yn do Dezynfekcji Alpinuseptol 1L - Kaptan Food","isPartOf":{"@id":"https:\/\/kaptanfood.pl\/tr\/#website"},"primaryImageOfPage":{"@id":"https:\/\/kaptanfood.pl\/product\/plyn-do-dezynfekcji-alpinuseptol-1l\/#primaryimage"},"image":{"@id":"https:\/\/kaptanfood.pl\/product\/plyn-do-dezynfekcji-alpinuseptol-1l\/#primaryimage"},"thumbnailUrl":"https:\/\/i0.wp.com\/kaptanfood.pl\/wp-content\/uploads\/2022\/11\/plyn-dezynfekcyjni.png?fit=700%2C800&ssl=1","datePublished":"2022-11-29T09:41:40+00:00","dateModified":"2025-12-03T12:23:00+00:00","breadcrumb":{"@id":"https:\/\/kaptanfood.pl\/product\/plyn-do-dezynfekcji-alpinuseptol-1l\/#breadcrumb"},"inLanguage":"tr","potentialAction":[{"@type":"ReadAction","target":["https:\/\/kaptanfood.pl\/product\/plyn-do-dezynfekcji-alpinuseptol-1l\/"]}]},{"@type":"ImageObject","inLanguage":"tr","@id":"https:\/\/kaptanfood.pl\/product\/plyn-do-dezynfekcji-alpinuseptol-1l\/#primaryimage","url":"https:\/\/i0.wp.com\/kaptanfood.pl\/wp-content\/uploads\/2022\/11\/plyn-dezynfekcyjni.png?fit=700%2C800&ssl=1","contentUrl":"https:\/\/i0.wp.com\/kaptanfood.pl\/wp-content\/uploads\/2022\/11\/plyn-dezynfekcyjni.png?fit=700%2C800&ssl=1","width":700,"height":800},{"@type":"BreadcrumbList","@id":"https:\/\/kaptanfood.pl\/product\/plyn-do-dezynfekcji-alpinuseptol-1l\/#breadcrumb","itemListElement":[{"@type":"ListItem","position":1,"name":"Home","item":"https:\/\/kaptanfood.pl\/"},{"@type":"ListItem","position":2,"name":"Produkty","item":"https:\/\/kaptanfood.pl\/produkty\/"},{"@type":"ListItem","position":3,"name":"P\u0142yn do Dezynfekcji Alpinuseptol 1L"}]},{"@type":"WebSite","@id":"https:\/\/kaptanfood.pl\/tr\/#website","url":"https:\/\/kaptanfood.pl\/tr\/","name":"Kaptan G\u0131da","description":"Kaptan G\u0131da Toptan Kebap - Restoranlar i\u00e7in her \u015fey","potentialAction":[{"@type":"SearchAction","target":{"@type":"EntryPoint","urlTemplate":"https:\/\/kaptanfood.pl\/tr\/?s={search_term_string}"},"query-input":{"@type":"PropertyValueSpecification","valueRequired":true,"valueName":"search_term_string"}}],"inLanguage":"tr"}]}},"jetpack_sharing_enabled":true,"_links":{"self":[{"href":"https:\/\/kaptanfood.pl\/tr\/wp-json\/wp\/v2\/product\/10728","targetHints":{"allow":["GET"]}}],"collection":[{"href":"https:\/\/kaptanfood.pl\/tr\/wp-json\/wp\/v2\/product"}],"about":[{"href":"https:\/\/kaptanfood.pl\/tr\/wp-json\/wp\/v2\/types\/product"}],"wp:featuredmedia":[{"embeddable":true,"href":"https:\/\/kaptanfood.pl\/tr\/wp-json\/wp\/v2\/media\/10686"}],"wp:attachment":[{"href":"https:\/\/kaptanfood.pl\/tr\/wp-json\/wp\/v2\/media?parent=10728"}],"wp:term":[{"taxonomy":"product_brand","embeddable":true,"href":"https:\/\/kaptanfood.pl\/tr\/wp-json\/wp\/v2\/product_brand?post=10728"},{"taxonomy":"product_cat","embeddable":true,"href":"https:\/\/kaptanfood.pl\/tr\/wp-json\/wp\/v2\/product_cat?post=10728"},{"taxonomy":"product_tag","embeddable":true,"href":"https:\/\/kaptanfood.pl\/tr\/wp-json\/wp\/v2\/product_tag?post=10728"}],"curies":[{"name":"wp","href":"https:\/\/api.w.org\/{rel}","templated":true}]}}