{"id":106445,"date":"2025-07-24T08:13:20","date_gmt":"2025-07-24T06:13:20","guid":{"rendered":"https:\/\/kaptanfood.pl\/?post_type=product&#038;p=106445"},"modified":"2026-04-08T14:55:11","modified_gmt":"2026-04-08T12:55:11","slug":"ryz-xxl-basmati-jivaa-5-kg","status":"publish","type":"product","link":"https:\/\/kaptanfood.pl\/tr\/product\/ryz-xxl-basmati-jivaa-5-kg\/","title":{"rendered":"Khushboo basmati pirin\u00e7 5 kg"},"content":{"rendered":"<div class=\"wpb-content-wrapper\"><div class=\"vc_row wpb_row vc_row-fluid vc_row-o-equal-height vc_row-o-content-top vc_row-flex\"><div class=\"wpb_column vc_column_container vc_col-sm-12 vc_col-lg-4 vc_col-md-4 vc_col-xs-12 wd-rs-61827b8e5abdf\"><div class=\"vc_column-inner vc_custom_1635941267568\"><div class=\"wpb_wrapper\">\n\t\t<div id=\"wd-66067c9d41ce2\" class=\"title-wrapper wd-wpb wd-set-mb reset-last-child  wd-rs-66067c9d41ce2 wd-title-color-default wd-title-style-default text-left  wd-title-empty wd-underline-colored\">\n\t\t\t\n\t\t\t<div class=\"liner-continer\">\n\t\t\t\t<h4 class=\"woodmart-title-container title  wd-font-weight- wd-fontsize-l\" ><\/h4>\n\t\t\t\t\t\t\t<\/div>\n\t\t\t\n\t\t\t\n\t\t\t\n\t\t<\/div>\n\t\t\n\t\t<\/div><\/div><\/div><div class=\"wpb_column vc_column_container vc_col-sm-6 vc_col-lg-4 vc_col-md-4 vc_col-xs-12 wd-rs-61827b8294f87\"><div class=\"vc_column-inner\"><div class=\"wpb_wrapper\">\n\t<div  class=\"wpb_single_image wpb_content_element vc_align_left vc_custom_1775561556803\">\n\t\t\n\t\t<figure class=\"wpb_wrapper vc_figure\">\n\t\t\t<div class=\"vc_single_image-wrapper   vc_box_border_grey\"><img loading=\"lazy\" decoding=\"async\" width=\"700\" height=\"800\" src=\"https:\/\/i0.wp.com\/kaptanfood.pl\/wp-content\/uploads\/2025\/07\/Khushboo-basmati.jpg?fit=700%2C800&amp;ssl=1\" class=\"vc_single_image-img attachment-full\" alt=\"\" title=\"Khushboo basmati\" srcset=\"https:\/\/i0.wp.com\/kaptanfood.pl\/wp-content\/uploads\/2025\/07\/Khushboo-basmati.jpg?w=700&amp;ssl=1 700w, https:\/\/i0.wp.com\/kaptanfood.pl\/wp-content\/uploads\/2025\/07\/Khushboo-basmati.jpg?resize=263%2C300&amp;ssl=1 263w, https:\/\/i0.wp.com\/kaptanfood.pl\/wp-content\/uploads\/2025\/07\/Khushboo-basmati.jpg?resize=11%2C12&amp;ssl=1 11w, https:\/\/i0.wp.com\/kaptanfood.pl\/wp-content\/uploads\/2025\/07\/Khushboo-basmati.jpg?resize=430%2C491&amp;ssl=1 430w, https:\/\/i0.wp.com\/kaptanfood.pl\/wp-content\/uploads\/2025\/07\/Khushboo-basmati.jpg?resize=150%2C171&amp;ssl=1 150w\" sizes=\"auto, (max-width: 700px) 100vw, 700px\" \/><\/div>\n\t\t<\/figure>\n\t<\/div>\n<\/div><\/div><\/div><div class=\"wpb_column vc_column_container vc_col-sm-6 vc_col-lg-4 vc_col-md-4 vc_col-xs-12 wd-rs-61827b9533868\"><div class=\"vc_column-inner\"><div class=\"wpb_wrapper\">\n\t<div  class=\"wpb_single_image wpb_content_element vc_align_left vc_custom_1775561571430\">\n\t\t\n\t\t<figure class=\"wpb_wrapper vc_figure\">\n\t\t\t<div class=\"vc_single_image-wrapper   vc_box_border_grey\"><img loading=\"lazy\" decoding=\"async\" width=\"700\" height=\"800\" src=\"https:\/\/i0.wp.com\/kaptanfood.pl\/wp-content\/uploads\/2025\/07\/Khushboo-basmati.jpg?fit=700%2C800&amp;ssl=1\" class=\"vc_single_image-img attachment-full\" alt=\"\" title=\"Khushboo basmati\" srcset=\"https:\/\/i0.wp.com\/kaptanfood.pl\/wp-content\/uploads\/2025\/07\/Khushboo-basmati.jpg?w=700&amp;ssl=1 700w, https:\/\/i0.wp.com\/kaptanfood.pl\/wp-content\/uploads\/2025\/07\/Khushboo-basmati.jpg?resize=263%2C300&amp;ssl=1 263w, https:\/\/i0.wp.com\/kaptanfood.pl\/wp-content\/uploads\/2025\/07\/Khushboo-basmati.jpg?resize=11%2C12&amp;ssl=1 11w, https:\/\/i0.wp.com\/kaptanfood.pl\/wp-content\/uploads\/2025\/07\/Khushboo-basmati.jpg?resize=430%2C491&amp;ssl=1 430w, https:\/\/i0.wp.com\/kaptanfood.pl\/wp-content\/uploads\/2025\/07\/Khushboo-basmati.jpg?resize=150%2C171&amp;ssl=1 150w\" sizes=\"auto, (max-width: 700px) 100vw, 700px\" \/><\/div>\n\t\t<\/figure>\n\t<\/div>\n<\/div><\/div><\/div><\/div><div class=\"vc_row wpb_row vc_row-fluid\"><div class=\"wpb_column vc_column_container vc_col-sm-12\"><div class=\"vc_column-inner\"><div class=\"wpb_wrapper\">\n\t<div class=\"wpb_text_column wpb_content_element\" >\n\t\t<div class=\"wpb_wrapper\">\n\t\t\t<p>Basmati, geleneksel olarak Hint alt k\u0131tas\u0131ndan gelen bir beyaz pirin\u00e7 \u00e7e\u015fididir.<\/p>\n<p>Basmati pirinci uzun, ince ve aromatiktir. Bu pirin\u00e7 \u00e7e\u015fidi, kendine \u00f6zg\u00fc aromas\u0131 ve e\u015fsiz lezzetiyle pop\u00fclerdir.<\/p>\n<p>Genellikle farkl\u0131 t\u00fcrlerde biryani yapmak i\u00e7in kullan\u0131lsa da basmati pirinci biryani yapmaktan \u00e7ok daha fazlas\u0131n\u0131 yapabilir.<\/p>\n<p>B\u00fcy\u00fckl\u00fc\u011f\u00fc, aromas\u0131 ve lezzeti nedeniyle basmati bir\u00e7ok lezzetli Hint tarifi sunar.<\/p>\n<p><b>Haz\u0131rl\u0131k:<\/b>\u00a0250 g sade basmati pirinci iyice y\u0131kay\u0131n ve 20 dakika bekletin. Pirinci 2 litre hafif tuzlu kaynar suya ekleyin. 10 dakika pi\u015firin. Bir s\u00fczge\u00e7te s\u00fcz\u00fcn. Pirinci bir kaseye d\u00f6k\u00fcn. Taneleri ayr\u0131 tutmak i\u00e7in biraz tereya\u011f\u0131 veya margarin ekleyin.<\/p>\n<p><b>Depolama:<\/b><\/p>\n<p>Kuru ve serin bir yerde kapal\u0131 bir kapta saklay\u0131n.<\/p>\n\n\t\t<\/div>\n\t<\/div>\n<\/div><\/div><\/div><\/div>\n<\/div>","protected":false},"excerpt":{"rendered":"Basmati to odmiana bia\u0142ego ry\u017cu tradycyjnie pochodz\u0105ca z subkontynentu indyjskiego. Ry\u017c basmati jest d\u0142ugi, smuk\u0142y i aromatyczny. Ta odmiana ry\u017cu","protected":false},"featured_media":226350,"template":"","meta":[],"product_brand":[],"product_cat":[53],"product_tag":[],"class_list":{"0":"post-106445","1":"product","2":"type-product","3":"status-publish","4":"has-post-thumbnail","6":"product_cat-dodatki","8":"first","9":"instock","10":"taxable","11":"shipping-taxable","12":"purchasable","13":"product-type-simple"},"yoast_head":"<!-- This site is optimized with the Yoast SEO plugin v27.3 - https:\/\/yoast.com\/product\/yoast-seo-wordpress\/ -->\n<title>Ry\u017c Basmati Khushboo 5 kg - Kaptan Food<\/title>\n<meta name=\"robots\" content=\"index, follow, max-snippet:-1, max-image-preview:large, max-video-preview:-1\" \/>\n<link rel=\"canonical\" href=\"https:\/\/kaptanfood.pl\/tr\/product\/ryz-xxl-basmati-jivaa-5-kg\/\" \/>\n<meta property=\"og:locale\" content=\"tr_TR\" \/>\n<meta property=\"og:type\" content=\"article\" \/>\n<meta property=\"og:title\" content=\"Ry\u017c Basmati Khushboo 5 kg - Kaptan Food\" \/>\n<meta property=\"og:url\" content=\"https:\/\/kaptanfood.pl\/tr\/product\/ryz-xxl-basmati-jivaa-5-kg\/\" \/>\n<meta property=\"og:site_name\" content=\"Kaptan Food\" \/>\n<meta property=\"article:modified_time\" content=\"2026-04-08T12:55:11+00:00\" \/>\n<meta property=\"og:image\" content=\"https:\/\/kaptanfood.pl\/wp-content\/uploads\/2025\/07\/Khushboo-basmati.jpg\" \/>\n\t<meta property=\"og:image:width\" content=\"700\" \/>\n\t<meta property=\"og:image:height\" content=\"800\" \/>\n\t<meta property=\"og:image:type\" content=\"image\/jpeg\" \/>\n<meta name=\"twitter:card\" content=\"summary_large_image\" \/>\n<meta name=\"twitter:label1\" content=\"Tahmini okuma s\u00fcresi\" \/>\n\t<meta name=\"twitter:data1\" content=\"2 dakika\" \/>\n<script type=\"application\/ld+json\" class=\"yoast-schema-graph\">{\"@context\":\"https:\\\/\\\/schema.org\",\"@graph\":[{\"@type\":\"WebPage\",\"@id\":\"https:\\\/\\\/kaptanfood.pl\\\/product\\\/ryz-xxl-basmati-jivaa-5-kg\\\/\",\"url\":\"https:\\\/\\\/kaptanfood.pl\\\/product\\\/ryz-xxl-basmati-jivaa-5-kg\\\/\",\"name\":\"Ry\u017c Basmati Khushboo 5 kg - Kaptan Food\",\"isPartOf\":{\"@id\":\"https:\\\/\\\/kaptanfood.pl\\\/tr\\\/#website\"},\"primaryImageOfPage\":{\"@id\":\"https:\\\/\\\/kaptanfood.pl\\\/product\\\/ryz-xxl-basmati-jivaa-5-kg\\\/#primaryimage\"},\"image\":{\"@id\":\"https:\\\/\\\/kaptanfood.pl\\\/product\\\/ryz-xxl-basmati-jivaa-5-kg\\\/#primaryimage\"},\"thumbnailUrl\":\"https:\\\/\\\/i0.wp.com\\\/kaptanfood.pl\\\/wp-content\\\/uploads\\\/2025\\\/07\\\/Khushboo-basmati.jpg?fit=700%2C800&ssl=1\",\"datePublished\":\"2025-07-24T06:13:20+00:00\",\"dateModified\":\"2026-04-08T12:55:11+00:00\",\"breadcrumb\":{\"@id\":\"https:\\\/\\\/kaptanfood.pl\\\/product\\\/ryz-xxl-basmati-jivaa-5-kg\\\/#breadcrumb\"},\"inLanguage\":\"tr\",\"potentialAction\":[{\"@type\":\"ReadAction\",\"target\":[\"https:\\\/\\\/kaptanfood.pl\\\/product\\\/ryz-xxl-basmati-jivaa-5-kg\\\/\"]}]},{\"@type\":\"ImageObject\",\"inLanguage\":\"tr\",\"@id\":\"https:\\\/\\\/kaptanfood.pl\\\/product\\\/ryz-xxl-basmati-jivaa-5-kg\\\/#primaryimage\",\"url\":\"https:\\\/\\\/i0.wp.com\\\/kaptanfood.pl\\\/wp-content\\\/uploads\\\/2025\\\/07\\\/Khushboo-basmati.jpg?fit=700%2C800&ssl=1\",\"contentUrl\":\"https:\\\/\\\/i0.wp.com\\\/kaptanfood.pl\\\/wp-content\\\/uploads\\\/2025\\\/07\\\/Khushboo-basmati.jpg?fit=700%2C800&ssl=1\",\"width\":700,\"height\":800},{\"@type\":\"BreadcrumbList\",\"@id\":\"https:\\\/\\\/kaptanfood.pl\\\/product\\\/ryz-xxl-basmati-jivaa-5-kg\\\/#breadcrumb\",\"itemListElement\":[{\"@type\":\"ListItem\",\"position\":1,\"name\":\"Home\",\"item\":\"https:\\\/\\\/kaptanfood.pl\\\/\"},{\"@type\":\"ListItem\",\"position\":2,\"name\":\"Produkty\",\"item\":\"https:\\\/\\\/kaptanfood.pl\\\/produkty\\\/\"},{\"@type\":\"ListItem\",\"position\":3,\"name\":\"Ry\u017c Basmati Khushboo 5 kg\"}]},{\"@type\":\"WebSite\",\"@id\":\"https:\\\/\\\/kaptanfood.pl\\\/tr\\\/#website\",\"url\":\"https:\\\/\\\/kaptanfood.pl\\\/tr\\\/\",\"name\":\"Kaptan Food\",\"description\":\"Kaptan Food Hurtownia Kebab - Wszystko dla restauracji\",\"potentialAction\":[{\"@type\":\"SearchAction\",\"target\":{\"@type\":\"EntryPoint\",\"urlTemplate\":\"https:\\\/\\\/kaptanfood.pl\\\/tr\\\/?s={search_term_string}\"},\"query-input\":{\"@type\":\"PropertyValueSpecification\",\"valueRequired\":true,\"valueName\":\"search_term_string\"}}],\"inLanguage\":\"tr\"}]}<\/script>\n<!-- \/ Yoast SEO plugin. -->","yoast_head_json":{"title":"Ry\u017c Basmati Khushboo 5 kg - Kaptan Food","robots":{"index":"index","follow":"follow","max-snippet":"max-snippet:-1","max-image-preview":"max-image-preview:large","max-video-preview":"max-video-preview:-1"},"canonical":"https:\/\/kaptanfood.pl\/tr\/product\/ryz-xxl-basmati-jivaa-5-kg\/","og_locale":"tr_TR","og_type":"article","og_title":"Ry\u017c Basmati Khushboo 5 kg - Kaptan Food","og_url":"https:\/\/kaptanfood.pl\/tr\/product\/ryz-xxl-basmati-jivaa-5-kg\/","og_site_name":"Kaptan Food","article_modified_time":"2026-04-08T12:55:11+00:00","og_image":[{"width":700,"height":800,"url":"https:\/\/kaptanfood.pl\/wp-content\/uploads\/2025\/07\/Khushboo-basmati.jpg","type":"image\/jpeg"}],"twitter_card":"summary_large_image","twitter_misc":{"Tahmini okuma s\u00fcresi":"2 dakika"},"schema":{"@context":"https:\/\/schema.org","@graph":[{"@type":"WebPage","@id":"https:\/\/kaptanfood.pl\/product\/ryz-xxl-basmati-jivaa-5-kg\/","url":"https:\/\/kaptanfood.pl\/product\/ryz-xxl-basmati-jivaa-5-kg\/","name":"Ry\u017c Basmati Khushboo 5 kg - Kaptan Food","isPartOf":{"@id":"https:\/\/kaptanfood.pl\/tr\/#website"},"primaryImageOfPage":{"@id":"https:\/\/kaptanfood.pl\/product\/ryz-xxl-basmati-jivaa-5-kg\/#primaryimage"},"image":{"@id":"https:\/\/kaptanfood.pl\/product\/ryz-xxl-basmati-jivaa-5-kg\/#primaryimage"},"thumbnailUrl":"https:\/\/i0.wp.com\/kaptanfood.pl\/wp-content\/uploads\/2025\/07\/Khushboo-basmati.jpg?fit=700%2C800&ssl=1","datePublished":"2025-07-24T06:13:20+00:00","dateModified":"2026-04-08T12:55:11+00:00","breadcrumb":{"@id":"https:\/\/kaptanfood.pl\/product\/ryz-xxl-basmati-jivaa-5-kg\/#breadcrumb"},"inLanguage":"tr","potentialAction":[{"@type":"ReadAction","target":["https:\/\/kaptanfood.pl\/product\/ryz-xxl-basmati-jivaa-5-kg\/"]}]},{"@type":"ImageObject","inLanguage":"tr","@id":"https:\/\/kaptanfood.pl\/product\/ryz-xxl-basmati-jivaa-5-kg\/#primaryimage","url":"https:\/\/i0.wp.com\/kaptanfood.pl\/wp-content\/uploads\/2025\/07\/Khushboo-basmati.jpg?fit=700%2C800&ssl=1","contentUrl":"https:\/\/i0.wp.com\/kaptanfood.pl\/wp-content\/uploads\/2025\/07\/Khushboo-basmati.jpg?fit=700%2C800&ssl=1","width":700,"height":800},{"@type":"BreadcrumbList","@id":"https:\/\/kaptanfood.pl\/product\/ryz-xxl-basmati-jivaa-5-kg\/#breadcrumb","itemListElement":[{"@type":"ListItem","position":1,"name":"Home","item":"https:\/\/kaptanfood.pl\/"},{"@type":"ListItem","position":2,"name":"Produkty","item":"https:\/\/kaptanfood.pl\/produkty\/"},{"@type":"ListItem","position":3,"name":"Ry\u017c Basmati Khushboo 5 kg"}]},{"@type":"WebSite","@id":"https:\/\/kaptanfood.pl\/tr\/#website","url":"https:\/\/kaptanfood.pl\/tr\/","name":"Kaptan G\u0131da","description":"Kaptan G\u0131da Toptan Kebap - Restoranlar i\u00e7in her \u015fey","potentialAction":[{"@type":"SearchAction","target":{"@type":"EntryPoint","urlTemplate":"https:\/\/kaptanfood.pl\/tr\/?s={search_term_string}"},"query-input":{"@type":"PropertyValueSpecification","valueRequired":true,"valueName":"search_term_string"}}],"inLanguage":"tr"}]}},"jetpack_sharing_enabled":true,"_links":{"self":[{"href":"https:\/\/kaptanfood.pl\/tr\/wp-json\/wp\/v2\/product\/106445","targetHints":{"allow":["GET"]}}],"collection":[{"href":"https:\/\/kaptanfood.pl\/tr\/wp-json\/wp\/v2\/product"}],"about":[{"href":"https:\/\/kaptanfood.pl\/tr\/wp-json\/wp\/v2\/types\/product"}],"wp:featuredmedia":[{"embeddable":true,"href":"https:\/\/kaptanfood.pl\/tr\/wp-json\/wp\/v2\/media\/226350"}],"wp:attachment":[{"href":"https:\/\/kaptanfood.pl\/tr\/wp-json\/wp\/v2\/media?parent=106445"}],"wp:term":[{"taxonomy":"product_brand","embeddable":true,"href":"https:\/\/kaptanfood.pl\/tr\/wp-json\/wp\/v2\/product_brand?post=106445"},{"taxonomy":"product_cat","embeddable":true,"href":"https:\/\/kaptanfood.pl\/tr\/wp-json\/wp\/v2\/product_cat?post=106445"},{"taxonomy":"product_tag","embeddable":true,"href":"https:\/\/kaptanfood.pl\/tr\/wp-json\/wp\/v2\/product_tag?post=106445"}],"curies":[{"name":"wp","href":"https:\/\/api.w.org\/{rel}","templated":true}]}}