{"id":84856,"date":"2025-01-10T13:41:20","date_gmt":"2025-01-10T12:41:20","guid":{"rendered":"https:\/\/kaptanfood.pl\/?post_type=product&#038;p=84856"},"modified":"2026-02-27T12:45:22","modified_gmt":"2026-02-27T11:45:22","slug":"mccain-9-9-chrupka","status":"publish","type":"product","link":"https:\/\/kaptanfood.pl\/en\/product\/mccain-9-9-chrupka\/","title":{"rendered":"Star 9\/9 Chrupka (5 x 2.5kg)"},"content":{"rendered":"<div class=\"wpb-content-wrapper\"><div class=\"vc_row wpb_row vc_row-fluid vc_custom_1632566163505 vc_row-o-content-middle vc_row-flex wd-rs-614efb885b0d8\"><div class=\"wpb_column vc_column_container vc_col-sm-12 vc_col-md-6\"><div class=\"vc_column-inner\"><div class=\"wpb_wrapper\">\t\t<div id=\"wd-69a183c570ff1\" class=\"wd-image wd-wpb wd-rs-69a183c570ff1 hidden-xs text-left\">\n\t\t\t\n\t\t\t<img loading=\"lazy\" decoding=\"async\" width=\"700\" height=\"800\" src=\"https:\/\/i0.wp.com\/kaptanfood.pl\/wp-content\/uploads\/2025\/01\/Yeni-Proje-2.webp?fit=700%2C800&amp;ssl=1\" class=\"attachment-full size-full\" alt=\"\" srcset=\"https:\/\/i0.wp.com\/kaptanfood.pl\/wp-content\/uploads\/2025\/01\/Yeni-Proje-2.webp?w=700&amp;ssl=1 700w, https:\/\/i0.wp.com\/kaptanfood.pl\/wp-content\/uploads\/2025\/01\/Yeni-Proje-2.webp?resize=263%2C300&amp;ssl=1 263w, https:\/\/i0.wp.com\/kaptanfood.pl\/wp-content\/uploads\/2025\/01\/Yeni-Proje-2.webp?resize=11%2C12&amp;ssl=1 11w, https:\/\/i0.wp.com\/kaptanfood.pl\/wp-content\/uploads\/2025\/01\/Yeni-Proje-2.webp?resize=430%2C491&amp;ssl=1 430w, https:\/\/i0.wp.com\/kaptanfood.pl\/wp-content\/uploads\/2025\/01\/Yeni-Proje-2.webp?resize=150%2C171&amp;ssl=1 150w\" sizes=\"auto, (max-width: 700px) 100vw, 700px\" \/>\n\t\t\t\t\t<\/div>\n\t\t<\/div><\/div><\/div><div class=\"wpb_column vc_column_container vc_col-sm-12 vc_col-md-6\"><div class=\"vc_column-inner vc_custom_1496394189503\"><div class=\"wpb_wrapper\">\n\t\t<div id=\"wd-6964e01626c8f\" class=\"title-wrapper wd-wpb wd-set-mb reset-last-child  wd-rs-6964e01626c8f wd-title-color-default wd-title-style-default text-left vc_custom_1768218654762 wd-width-custom wd-underline-colored\">\n\t\t\t\n\t\t\t<div class=\"liner-continer\">\n\t\t\t\t<h4 class=\"woodmart-title-container title  wd-font-weight- wd-fontsize-xl\" >Julienne Fries Crispy 9\/9<\/h4>\n\t\t\t\t\t\t\t<\/div>\n\t\t\t\n\t\t\t\n\t\t\t\n\t\t<\/div>\n\t\t\n\t\t\t\t<div id=\"wd-6964e024d5dfa\" class=\"wd-text-block wd-wpb reset-last-child wd-rs-6964e024d5dfa text-left wd-fontsize-custom vc_custom_1768218670243\">\n\t\t\t<p>Deep Frozen and Pre-Fried<\/p>\n<p>Golden and crispy fries for every lover of great taste<\/p>\n\t\t<\/div>\n\t\t\t\t<div id=\"wd-6964e0325fc7b\" class=\"wd-text-block wd-wpb reset-last-child wd-rs-6964e0325fc7b text-left wd-fontsize-custom vc_custom_1768218678747\">\n\t\t\t\t\t<\/div>\n\t\t\t\t<div id=\"wd-6964e03aace09\" class=\"wd-text-block wd-wpb reset-last-child wd-rs-6964e03aace09 text-left wd-fontsize-custom\">\n\t\t\t<table>\n<tbody>\n<tr>\n<th style=\"text-align: left;\"><strong>Storage temperature<\/strong><\/th>\n<td style=\"text-align: left; font-size: 16px;\">-18\u00b0C (24 months)<\/td>\n<\/tr>\n<tr>\n<th style=\"text-align: left;\"><strong>HALAL<\/strong><\/th>\n<td style=\"text-align: left; font-size: 16px;\">YES<\/td>\n<\/tr>\n<tr>\n<th style=\"text-align: left;\"><strong>Packaging<\/strong><\/th>\n<td style=\"text-align: left; font-size: 16px;\"><strong>5 \u00d7 2.5 kg in a carton<\/strong><\/td>\n<\/tr>\n<tr>\n<th style=\"text-align: left;\"><strong>Ingredients<\/strong><\/th>\n<td style=\"text-align: left; font-size: 16px;\"><\/td>\n<\/tr>\n<tr>\n<th style=\"text-align: left;\"><strong>Preparation \u2013 Air Fryer<\/strong><\/th>\n<td style=\"text-align: left; font-size: 16px;\">175\u00b0C \u00b7 2 min 45 sec<\/td>\n<\/tr>\n<tr>\n<th style=\"text-align: left;\"><strong>Preparation - oven<\/strong><\/th>\n<td style=\"text-align: left; font-size: 16px;\"><\/td>\n<\/tr>\n<\/tbody>\n<\/table>\n\t\t<\/div>\n\t\t<\/div><\/div><\/div><\/div>\n<\/div>","protected":false},"excerpt":{"rendered":"Frytki Julienne Chrupka 9\/9 G\u0142\u0119boko Mro\u017cone i Wst\u0119pnie Podsma\u017cone Z\u0142ociste i chrupi\u0105ce frytki dla ka\u017cdego mi\u0142o\u015bnika doskona\u0142ego smaku Temperatura przechowywania","protected":false},"featured_media":159696,"template":"","meta":[],"product_brand":[],"product_cat":[127],"product_tag":[226],"class_list":{"0":"post-84856","1":"product","2":"type-product","3":"status-publish","4":"has-post-thumbnail","6":"product_cat-frytki","7":"product_tag-chrupka","8":"pa_brand-kaptan-food","9":"pa_brand-mccain","10":"pa_rodzaj-indyczy","11":"pa_rodzaj-kurczak","13":"first","14":"instock","15":"taxable","16":"shipping-taxable","17":"purchasable","18":"product-type-simple"},"yoast_head":"<!-- This site is optimized with the Yoast SEO plugin v27.3 - https:\/\/yoast.com\/product\/yoast-seo-wordpress\/ -->\n<title>Star 9\/9 Chrupka (5 x 2,5kg) - Kaptan Food<\/title>\n<meta name=\"robots\" content=\"index, follow, max-snippet:-1, max-image-preview:large, max-video-preview:-1\" \/>\n<link rel=\"canonical\" href=\"https:\/\/kaptanfood.pl\/en\/product\/mccain-9-9-chrupka\/\" \/>\n<meta property=\"og:locale\" content=\"en_US\" \/>\n<meta property=\"og:type\" content=\"article\" \/>\n<meta property=\"og:title\" content=\"Star 9\/9 Chrupka (5 x 2,5kg) - Kaptan Food\" \/>\n<meta property=\"og:url\" content=\"https:\/\/kaptanfood.pl\/en\/product\/mccain-9-9-chrupka\/\" \/>\n<meta property=\"og:site_name\" content=\"Kaptan Food\" \/>\n<meta property=\"article:modified_time\" content=\"2026-02-27T11:45:22+00:00\" \/>\n<meta property=\"og:image\" content=\"https:\/\/kaptanfood.pl\/wp-content\/uploads\/2025\/01\/Yeni-Proje-2.webp\" \/>\n\t<meta property=\"og:image:width\" content=\"700\" \/>\n\t<meta property=\"og:image:height\" content=\"800\" \/>\n\t<meta property=\"og:image:type\" content=\"image\/webp\" \/>\n<meta name=\"twitter:card\" content=\"summary_large_image\" \/>\n<meta name=\"twitter:label1\" content=\"Est. reading time\" \/>\n\t<meta name=\"twitter:data1\" content=\"2 minutes\" \/>\n<script type=\"application\/ld+json\" class=\"yoast-schema-graph\">{\"@context\":\"https:\\\/\\\/schema.org\",\"@graph\":[{\"@type\":\"WebPage\",\"@id\":\"https:\\\/\\\/kaptanfood.pl\\\/product\\\/mccain-9-9-chrupka\\\/\",\"url\":\"https:\\\/\\\/kaptanfood.pl\\\/product\\\/mccain-9-9-chrupka\\\/\",\"name\":\"Star 9\\\/9 Chrupka (5 x 2,5kg) - Kaptan Food\",\"isPartOf\":{\"@id\":\"https:\\\/\\\/kaptanfood.pl\\\/tr\\\/#website\"},\"primaryImageOfPage\":{\"@id\":\"https:\\\/\\\/kaptanfood.pl\\\/product\\\/mccain-9-9-chrupka\\\/#primaryimage\"},\"image\":{\"@id\":\"https:\\\/\\\/kaptanfood.pl\\\/product\\\/mccain-9-9-chrupka\\\/#primaryimage\"},\"thumbnailUrl\":\"https:\\\/\\\/i0.wp.com\\\/kaptanfood.pl\\\/wp-content\\\/uploads\\\/2025\\\/01\\\/Yeni-Proje-2.webp?fit=700%2C800&ssl=1\",\"datePublished\":\"2025-01-10T12:41:20+00:00\",\"dateModified\":\"2026-02-27T11:45:22+00:00\",\"breadcrumb\":{\"@id\":\"https:\\\/\\\/kaptanfood.pl\\\/product\\\/mccain-9-9-chrupka\\\/#breadcrumb\"},\"inLanguage\":\"en-US\",\"potentialAction\":[{\"@type\":\"ReadAction\",\"target\":[\"https:\\\/\\\/kaptanfood.pl\\\/product\\\/mccain-9-9-chrupka\\\/\"]}]},{\"@type\":\"ImageObject\",\"inLanguage\":\"en-US\",\"@id\":\"https:\\\/\\\/kaptanfood.pl\\\/product\\\/mccain-9-9-chrupka\\\/#primaryimage\",\"url\":\"https:\\\/\\\/i0.wp.com\\\/kaptanfood.pl\\\/wp-content\\\/uploads\\\/2025\\\/01\\\/Yeni-Proje-2.webp?fit=700%2C800&ssl=1\",\"contentUrl\":\"https:\\\/\\\/i0.wp.com\\\/kaptanfood.pl\\\/wp-content\\\/uploads\\\/2025\\\/01\\\/Yeni-Proje-2.webp?fit=700%2C800&ssl=1\",\"width\":700,\"height\":800},{\"@type\":\"BreadcrumbList\",\"@id\":\"https:\\\/\\\/kaptanfood.pl\\\/product\\\/mccain-9-9-chrupka\\\/#breadcrumb\",\"itemListElement\":[{\"@type\":\"ListItem\",\"position\":1,\"name\":\"Home\",\"item\":\"https:\\\/\\\/kaptanfood.pl\\\/\"},{\"@type\":\"ListItem\",\"position\":2,\"name\":\"Produkty\",\"item\":\"https:\\\/\\\/kaptanfood.pl\\\/produkty\\\/\"},{\"@type\":\"ListItem\",\"position\":3,\"name\":\"Star 9\\\/9 Chrupka (5 x 2,5kg)\"}]},{\"@type\":\"WebSite\",\"@id\":\"https:\\\/\\\/kaptanfood.pl\\\/tr\\\/#website\",\"url\":\"https:\\\/\\\/kaptanfood.pl\\\/tr\\\/\",\"name\":\"Kaptan Food\",\"description\":\"Kaptan Food Hurtownia Kebab - Wszystko dla restauracji\",\"potentialAction\":[{\"@type\":\"SearchAction\",\"target\":{\"@type\":\"EntryPoint\",\"urlTemplate\":\"https:\\\/\\\/kaptanfood.pl\\\/tr\\\/?s={search_term_string}\"},\"query-input\":{\"@type\":\"PropertyValueSpecification\",\"valueRequired\":true,\"valueName\":\"search_term_string\"}}],\"inLanguage\":\"en-US\"}]}<\/script>\n<!-- \/ Yoast SEO plugin. -->","yoast_head_json":{"title":"Star 9\/9 Chrupka (5 x 2,5kg) - Kaptan Food","robots":{"index":"index","follow":"follow","max-snippet":"max-snippet:-1","max-image-preview":"max-image-preview:large","max-video-preview":"max-video-preview:-1"},"canonical":"https:\/\/kaptanfood.pl\/en\/product\/mccain-9-9-chrupka\/","og_locale":"en_US","og_type":"article","og_title":"Star 9\/9 Chrupka (5 x 2,5kg) - Kaptan Food","og_url":"https:\/\/kaptanfood.pl\/en\/product\/mccain-9-9-chrupka\/","og_site_name":"Kaptan Food","article_modified_time":"2026-02-27T11:45:22+00:00","og_image":[{"width":700,"height":800,"url":"https:\/\/kaptanfood.pl\/wp-content\/uploads\/2025\/01\/Yeni-Proje-2.webp","type":"image\/webp"}],"twitter_card":"summary_large_image","twitter_misc":{"Est. reading time":"2 minutes"},"schema":{"@context":"https:\/\/schema.org","@graph":[{"@type":"WebPage","@id":"https:\/\/kaptanfood.pl\/product\/mccain-9-9-chrupka\/","url":"https:\/\/kaptanfood.pl\/product\/mccain-9-9-chrupka\/","name":"Star 9\/9 Chrupka (5 x 2,5kg) - Kaptan Food","isPartOf":{"@id":"https:\/\/kaptanfood.pl\/tr\/#website"},"primaryImageOfPage":{"@id":"https:\/\/kaptanfood.pl\/product\/mccain-9-9-chrupka\/#primaryimage"},"image":{"@id":"https:\/\/kaptanfood.pl\/product\/mccain-9-9-chrupka\/#primaryimage"},"thumbnailUrl":"https:\/\/i0.wp.com\/kaptanfood.pl\/wp-content\/uploads\/2025\/01\/Yeni-Proje-2.webp?fit=700%2C800&ssl=1","datePublished":"2025-01-10T12:41:20+00:00","dateModified":"2026-02-27T11:45:22+00:00","breadcrumb":{"@id":"https:\/\/kaptanfood.pl\/product\/mccain-9-9-chrupka\/#breadcrumb"},"inLanguage":"en-US","potentialAction":[{"@type":"ReadAction","target":["https:\/\/kaptanfood.pl\/product\/mccain-9-9-chrupka\/"]}]},{"@type":"ImageObject","inLanguage":"en-US","@id":"https:\/\/kaptanfood.pl\/product\/mccain-9-9-chrupka\/#primaryimage","url":"https:\/\/i0.wp.com\/kaptanfood.pl\/wp-content\/uploads\/2025\/01\/Yeni-Proje-2.webp?fit=700%2C800&ssl=1","contentUrl":"https:\/\/i0.wp.com\/kaptanfood.pl\/wp-content\/uploads\/2025\/01\/Yeni-Proje-2.webp?fit=700%2C800&ssl=1","width":700,"height":800},{"@type":"BreadcrumbList","@id":"https:\/\/kaptanfood.pl\/product\/mccain-9-9-chrupka\/#breadcrumb","itemListElement":[{"@type":"ListItem","position":1,"name":"Home","item":"https:\/\/kaptanfood.pl\/"},{"@type":"ListItem","position":2,"name":"Produkty","item":"https:\/\/kaptanfood.pl\/produkty\/"},{"@type":"ListItem","position":3,"name":"Star 9\/9 Chrupka (5 x 2,5kg)"}]},{"@type":"WebSite","@id":"https:\/\/kaptanfood.pl\/tr\/#website","url":"https:\/\/kaptanfood.pl\/tr\/","name":"Kaptan Food","description":"Kaptan Food Wholesale Kebab - Everything for Restaurants","potentialAction":[{"@type":"SearchAction","target":{"@type":"EntryPoint","urlTemplate":"https:\/\/kaptanfood.pl\/tr\/?s={search_term_string}"},"query-input":{"@type":"PropertyValueSpecification","valueRequired":true,"valueName":"search_term_string"}}],"inLanguage":"en-US"}]}},"jetpack_sharing_enabled":true,"_links":{"self":[{"href":"https:\/\/kaptanfood.pl\/en\/wp-json\/wp\/v2\/product\/84856","targetHints":{"allow":["GET"]}}],"collection":[{"href":"https:\/\/kaptanfood.pl\/en\/wp-json\/wp\/v2\/product"}],"about":[{"href":"https:\/\/kaptanfood.pl\/en\/wp-json\/wp\/v2\/types\/product"}],"wp:featuredmedia":[{"embeddable":true,"href":"https:\/\/kaptanfood.pl\/en\/wp-json\/wp\/v2\/media\/159696"}],"wp:attachment":[{"href":"https:\/\/kaptanfood.pl\/en\/wp-json\/wp\/v2\/media?parent=84856"}],"wp:term":[{"taxonomy":"product_brand","embeddable":true,"href":"https:\/\/kaptanfood.pl\/en\/wp-json\/wp\/v2\/product_brand?post=84856"},{"taxonomy":"product_cat","embeddable":true,"href":"https:\/\/kaptanfood.pl\/en\/wp-json\/wp\/v2\/product_cat?post=84856"},{"taxonomy":"product_tag","embeddable":true,"href":"https:\/\/kaptanfood.pl\/en\/wp-json\/wp\/v2\/product_tag?post=84856"}],"curies":[{"name":"wp","href":"https:\/\/api.w.org\/{rel}","templated":true}]}}