{"id":80633,"date":"2024-11-14T13:55:53","date_gmt":"2024-11-14T12:55:53","guid":{"rendered":"https:\/\/kaptanfood.pl\/?post_type=product&#038;p=80633"},"modified":"2026-02-27T12:46:10","modified_gmt":"2026-02-27T11:46:10","slug":"mccain-spicy-onion-rings","status":"publish","type":"product","link":"https:\/\/kaptanfood.pl\/en\/product\/mccain-spicy-onion-rings\/","title":{"rendered":"McCain Spicy Onion Rings (6 \u00d7 1 kg)"},"content":{"rendered":"<div class=\"wpb-content-wrapper\"><div class=\"vc_row wpb_row vc_row-fluid vc_custom_1632566163505 vc_row-o-content-middle vc_row-flex wd-rs-614efb885b0d8\"><div class=\"wpb_column vc_column_container vc_col-sm-12 vc_col-md-6\"><div class=\"vc_column-inner\"><div class=\"wpb_wrapper\">\t\t<div id=\"wd-69a183ec3e155\" class=\"wd-image wd-wpb wd-rs-69a183ec3e155 hidden-xs text-left \">\n\t\t\t\n\t\t\t<img loading=\"lazy\" decoding=\"async\" width=\"700\" height=\"800\" src=\"https:\/\/i0.wp.com\/kaptanfood.pl\/wp-content\/uploads\/2024\/11\/spicy-onion.png?fit=700%2C800&amp;ssl=1\" class=\"attachment-full size-full\" alt=\"\" srcset=\"https:\/\/i0.wp.com\/kaptanfood.pl\/wp-content\/uploads\/2024\/11\/spicy-onion.png?w=700&amp;ssl=1 700w, https:\/\/i0.wp.com\/kaptanfood.pl\/wp-content\/uploads\/2024\/11\/spicy-onion.png?resize=263%2C300&amp;ssl=1 263w, https:\/\/i0.wp.com\/kaptanfood.pl\/wp-content\/uploads\/2024\/11\/spicy-onion.png?resize=430%2C491&amp;ssl=1 430w, https:\/\/i0.wp.com\/kaptanfood.pl\/wp-content\/uploads\/2024\/11\/spicy-onion.png?resize=150%2C171&amp;ssl=1 150w\" sizes=\"auto, (max-width: 700px) 100vw, 700px\" \/>\n\t\t\t\t\t<\/div>\n\t\t<\/div><\/div><\/div><div class=\"wpb_column vc_column_container vc_col-sm-12 vc_col-md-6\"><div class=\"vc_column-inner vc_custom_1496394189503\"><div class=\"wpb_wrapper\">\n\t\t<div id=\"wd-6964cf3dc6efc\" class=\"title-wrapper wd-wpb wd-set-mb reset-last-child  wd-rs-6964cf3dc6efc wd-title-color-default wd-title-style-default text-left vc_custom_1768214339205 wd-width-custom wd-underline-colored\">\n\t\t\t\n\t\t\t<div class=\"liner-continer\">\n\t\t\t\t<h4 class=\"woodmart-title-container title  wd-font-weight- wd-fontsize-xl\" >Spicy Onion Rings<\/h4>\n\t\t\t\t\t\t\t<\/div>\n\t\t\t\n\t\t\t\n\t\t\t\n\t\t<\/div>\n\t\t\n\t\t\t\t<div id=\"wd-6964cf548a48c\" class=\"wd-text-block wd-wpb reset-last-child wd-rs-6964cf548a48c text-left wd-fontsize-custom vc_custom_1768214362108\">\n\t\t\t<div class=\"description\">\n<p><strong>Kr\u0105\u017cki cebulowe w chrupi\u0105cej pikantnej panierce.<\/strong><\/p>\n<p>Ca\u0142e kr\u0105\u017cki cebuli w chrupi\u0105cej pikantnej panierce. Podsma\u017cone, g\u0142\u0119boko mro\u017cone.<\/p>\n<\/div>\n\t\t<\/div>\n\t\t\t\t<div id=\"wd-6964cf6085df2\" class=\"wd-text-block wd-wpb reset-last-child wd-rs-6964cf6085df2 text-left wd-fontsize-custom vc_custom_1768214377800\">\n\t\t\t<h3 style=\"color: #111827; margin-bottom: 6px;\">Zalety<\/h3>\n<p>\u2022 Super trendy \u2013 pikantne smaki lubiane i po\u017c\u0105dane przez konsument\u00f3w<\/p>\n<p>\u2022 Super smak, \u015bwietny wygl\u0105d ca\u0142ego kr\u0105\u017cka cebuli w chrupi\u0105cej pikantnej panierce<\/p>\n<p>\u2022 Doskona\u0142e jako przek\u0105ska do piwa i innych napoj\u00f3w, jak r\u00f3wnie\u017c jako dodatek i sk\u0142adnik innych da\u0144 min. burger\u00f3w<\/p>\n<p>\u2022 \u0141atwe do przygotowania we frytownicy i jak i piecu<\/p>\n\t\t<\/div>\n\t\t\t\t<div id=\"wd-6964cfa3386f1\" class=\"wd-text-block wd-wpb reset-last-child wd-rs-6964cfa3386f1 text-left wd-fontsize-custom \">\n\t\t\t<table>\n<tbody>\n<tr>\n<th style=\"text-align: left;\"><strong>Temperatura przechowywania<\/strong><\/th>\n<td style=\"text-align: left; font-size: 16px;\">\u221218\u00b0C (24 mies.)<\/td>\n<\/tr>\n<tr>\n<th style=\"text-align: left;\"><strong>HALAL<\/strong><\/th>\n<td style=\"text-align: left; font-size: 16px;\">TAK<\/td>\n<\/tr>\n<tr>\n<th style=\"text-align: left;\"><strong>Opakowanie<\/strong><\/th>\n<td style=\"text-align: left; font-size: 16px;\"><strong>6 \u00d7 1 kg w kartonie<\/strong><\/td>\n<\/tr>\n<tr>\n<th style=\"text-align: left;\"><strong>Sk\u0142adniki<\/strong><\/th>\n<td style=\"text-align: left; font-size: 16px;\">Panierka 49% [m\u0105ki (pszenna, kukurydziana, ry\u017cowa), woda, skrobia pszenna modyfikowana, s\u00f3l, czosnek w proszku, cukier, przyprawy (0,7%), cebula w proszku), serwatka w proszku, p\u0142atki chili, ekstrakt z dro\u017cd\u017cy, substancje spulchniaj\u0105ce (E450, E500), aromat naturalny, ekstrakty z przypraw, stabilizator (E412), dro\u017cd\u017ce, barwnik (E160c)], cebula (39%), olej s\u0142onecznikowy. Zawiera: gluten, produkty mleczne.<\/td>\n<\/tr>\n<tr>\n<th style=\"text-align: left;\"><strong>Przygotowanie \u2013 frytownica<\/strong><\/th>\n<td style=\"text-align: left; font-size: 16px;\">175\u00b0C \u00b7 2 min 30 sek<\/td>\n<\/tr>\n<tr>\n<th style=\"text-align: left;\"><strong>Przygotowanie \u2013 piec<\/strong><\/th>\n<td style=\"text-align: left; font-size: 16px;\">200\u00b0C \u00b7 8 min<\/td>\n<\/tr>\n<\/tbody>\n<\/table>\n\t\t<\/div>\n\t\t<\/div><\/div><\/div><\/div>\n<\/div>","protected":false},"excerpt":{"rendered":"<p>Frozen product<\/p>","protected":false},"featured_media":80635,"template":"","meta":[],"product_brand":[],"product_cat":[127],"product_tag":[],"class_list":{"0":"post-80633","1":"product","2":"type-product","3":"status-publish","4":"has-post-thumbnail","6":"product_cat-frytki","7":"pa_brand-mccain","8":"pa_rodzaj-indyczy","9":"pa_rodzaj-kurczak","11":"first","12":"instock","13":"taxable","14":"shipping-taxable","15":"purchasable","16":"product-type-simple"},"yoast_head":"<!-- This site is optimized with the Yoast SEO plugin v27.3 - https:\/\/yoast.com\/product\/yoast-seo-wordpress\/ -->\n<title>McCain Spicy Onion Rings (6 x 1kg) - Kaptan Food<\/title>\n<meta name=\"robots\" content=\"index, follow, max-snippet:-1, max-image-preview:large, max-video-preview:-1\" \/>\n<link rel=\"canonical\" href=\"https:\/\/kaptanfood.pl\/en\/product\/mccain-spicy-onion-rings\/\" \/>\n<meta property=\"og:locale\" content=\"en_US\" \/>\n<meta property=\"og:type\" content=\"article\" \/>\n<meta property=\"og:title\" content=\"McCain Spicy Onion Rings (6 x 1kg) - Kaptan Food\" \/>\n<meta property=\"og:description\" content=\"Produkt mro\u017cony\" \/>\n<meta property=\"og:url\" content=\"https:\/\/kaptanfood.pl\/en\/product\/mccain-spicy-onion-rings\/\" \/>\n<meta property=\"og:site_name\" content=\"Kaptan Food\" \/>\n<meta property=\"article:modified_time\" content=\"2026-02-27T11:46:10+00:00\" \/>\n<meta property=\"og:image\" content=\"https:\/\/kaptanfood.pl\/wp-content\/uploads\/2024\/11\/spicy-onion.png\" \/>\n\t<meta property=\"og:image:width\" content=\"700\" \/>\n\t<meta property=\"og:image:height\" content=\"800\" \/>\n\t<meta property=\"og:image:type\" content=\"image\/png\" \/>\n<meta name=\"twitter:card\" content=\"summary_large_image\" \/>\n<meta name=\"twitter:label1\" content=\"Est. reading time\" \/>\n\t<meta name=\"twitter:data1\" content=\"2 minutes\" \/>\n<script type=\"application\/ld+json\" class=\"yoast-schema-graph\">{\"@context\":\"https:\\\/\\\/schema.org\",\"@graph\":[{\"@type\":\"WebPage\",\"@id\":\"https:\\\/\\\/kaptanfood.pl\\\/product\\\/mccain-spicy-onion-rings\\\/\",\"url\":\"https:\\\/\\\/kaptanfood.pl\\\/product\\\/mccain-spicy-onion-rings\\\/\",\"name\":\"McCain Spicy Onion Rings (6 x 1kg) - Kaptan Food\",\"isPartOf\":{\"@id\":\"https:\\\/\\\/kaptanfood.pl\\\/tr\\\/#website\"},\"primaryImageOfPage\":{\"@id\":\"https:\\\/\\\/kaptanfood.pl\\\/product\\\/mccain-spicy-onion-rings\\\/#primaryimage\"},\"image\":{\"@id\":\"https:\\\/\\\/kaptanfood.pl\\\/product\\\/mccain-spicy-onion-rings\\\/#primaryimage\"},\"thumbnailUrl\":\"https:\\\/\\\/i0.wp.com\\\/kaptanfood.pl\\\/wp-content\\\/uploads\\\/2024\\\/11\\\/spicy-onion.png?fit=700%2C800&ssl=1\",\"datePublished\":\"2024-11-14T12:55:53+00:00\",\"dateModified\":\"2026-02-27T11:46:10+00:00\",\"breadcrumb\":{\"@id\":\"https:\\\/\\\/kaptanfood.pl\\\/product\\\/mccain-spicy-onion-rings\\\/#breadcrumb\"},\"inLanguage\":\"en-US\",\"potentialAction\":[{\"@type\":\"ReadAction\",\"target\":[\"https:\\\/\\\/kaptanfood.pl\\\/product\\\/mccain-spicy-onion-rings\\\/\"]}]},{\"@type\":\"ImageObject\",\"inLanguage\":\"en-US\",\"@id\":\"https:\\\/\\\/kaptanfood.pl\\\/product\\\/mccain-spicy-onion-rings\\\/#primaryimage\",\"url\":\"https:\\\/\\\/i0.wp.com\\\/kaptanfood.pl\\\/wp-content\\\/uploads\\\/2024\\\/11\\\/spicy-onion.png?fit=700%2C800&ssl=1\",\"contentUrl\":\"https:\\\/\\\/i0.wp.com\\\/kaptanfood.pl\\\/wp-content\\\/uploads\\\/2024\\\/11\\\/spicy-onion.png?fit=700%2C800&ssl=1\",\"width\":700,\"height\":800},{\"@type\":\"BreadcrumbList\",\"@id\":\"https:\\\/\\\/kaptanfood.pl\\\/product\\\/mccain-spicy-onion-rings\\\/#breadcrumb\",\"itemListElement\":[{\"@type\":\"ListItem\",\"position\":1,\"name\":\"Home\",\"item\":\"https:\\\/\\\/kaptanfood.pl\\\/\"},{\"@type\":\"ListItem\",\"position\":2,\"name\":\"Produkty\",\"item\":\"https:\\\/\\\/kaptanfood.pl\\\/produkty\\\/\"},{\"@type\":\"ListItem\",\"position\":3,\"name\":\"McCain Spicy Onion Rings (6 x 1kg)\"}]},{\"@type\":\"WebSite\",\"@id\":\"https:\\\/\\\/kaptanfood.pl\\\/tr\\\/#website\",\"url\":\"https:\\\/\\\/kaptanfood.pl\\\/tr\\\/\",\"name\":\"Kaptan Food\",\"description\":\"Kaptan Food Hurtownia Kebab - Wszystko dla restauracji\",\"potentialAction\":[{\"@type\":\"SearchAction\",\"target\":{\"@type\":\"EntryPoint\",\"urlTemplate\":\"https:\\\/\\\/kaptanfood.pl\\\/tr\\\/?s={search_term_string}\"},\"query-input\":{\"@type\":\"PropertyValueSpecification\",\"valueRequired\":true,\"valueName\":\"search_term_string\"}}],\"inLanguage\":\"en-US\"}]}<\/script>\n<!-- \/ Yoast SEO plugin. -->","yoast_head_json":{"title":"McCain Spicy Onion Rings (6 x 1kg) - Kaptan Food","robots":{"index":"index","follow":"follow","max-snippet":"max-snippet:-1","max-image-preview":"max-image-preview:large","max-video-preview":"max-video-preview:-1"},"canonical":"https:\/\/kaptanfood.pl\/en\/product\/mccain-spicy-onion-rings\/","og_locale":"en_US","og_type":"article","og_title":"McCain Spicy Onion Rings (6 x 1kg) - Kaptan Food","og_description":"Produkt mro\u017cony","og_url":"https:\/\/kaptanfood.pl\/en\/product\/mccain-spicy-onion-rings\/","og_site_name":"Kaptan Food","article_modified_time":"2026-02-27T11:46:10+00:00","og_image":[{"width":700,"height":800,"url":"https:\/\/kaptanfood.pl\/wp-content\/uploads\/2024\/11\/spicy-onion.png","type":"image\/png"}],"twitter_card":"summary_large_image","twitter_misc":{"Est. reading time":"2 minutes"},"schema":{"@context":"https:\/\/schema.org","@graph":[{"@type":"WebPage","@id":"https:\/\/kaptanfood.pl\/product\/mccain-spicy-onion-rings\/","url":"https:\/\/kaptanfood.pl\/product\/mccain-spicy-onion-rings\/","name":"McCain Spicy Onion Rings (6 x 1kg) - Kaptan Food","isPartOf":{"@id":"https:\/\/kaptanfood.pl\/tr\/#website"},"primaryImageOfPage":{"@id":"https:\/\/kaptanfood.pl\/product\/mccain-spicy-onion-rings\/#primaryimage"},"image":{"@id":"https:\/\/kaptanfood.pl\/product\/mccain-spicy-onion-rings\/#primaryimage"},"thumbnailUrl":"https:\/\/i0.wp.com\/kaptanfood.pl\/wp-content\/uploads\/2024\/11\/spicy-onion.png?fit=700%2C800&ssl=1","datePublished":"2024-11-14T12:55:53+00:00","dateModified":"2026-02-27T11:46:10+00:00","breadcrumb":{"@id":"https:\/\/kaptanfood.pl\/product\/mccain-spicy-onion-rings\/#breadcrumb"},"inLanguage":"en-US","potentialAction":[{"@type":"ReadAction","target":["https:\/\/kaptanfood.pl\/product\/mccain-spicy-onion-rings\/"]}]},{"@type":"ImageObject","inLanguage":"en-US","@id":"https:\/\/kaptanfood.pl\/product\/mccain-spicy-onion-rings\/#primaryimage","url":"https:\/\/i0.wp.com\/kaptanfood.pl\/wp-content\/uploads\/2024\/11\/spicy-onion.png?fit=700%2C800&ssl=1","contentUrl":"https:\/\/i0.wp.com\/kaptanfood.pl\/wp-content\/uploads\/2024\/11\/spicy-onion.png?fit=700%2C800&ssl=1","width":700,"height":800},{"@type":"BreadcrumbList","@id":"https:\/\/kaptanfood.pl\/product\/mccain-spicy-onion-rings\/#breadcrumb","itemListElement":[{"@type":"ListItem","position":1,"name":"Home","item":"https:\/\/kaptanfood.pl\/"},{"@type":"ListItem","position":2,"name":"Produkty","item":"https:\/\/kaptanfood.pl\/produkty\/"},{"@type":"ListItem","position":3,"name":"McCain Spicy Onion Rings (6 x 1kg)"}]},{"@type":"WebSite","@id":"https:\/\/kaptanfood.pl\/tr\/#website","url":"https:\/\/kaptanfood.pl\/tr\/","name":"Kaptan Food","description":"Kaptan Food Wholesale Kebab - Everything for Restaurants","potentialAction":[{"@type":"SearchAction","target":{"@type":"EntryPoint","urlTemplate":"https:\/\/kaptanfood.pl\/tr\/?s={search_term_string}"},"query-input":{"@type":"PropertyValueSpecification","valueRequired":true,"valueName":"search_term_string"}}],"inLanguage":"en-US"}]}},"jetpack_sharing_enabled":true,"_links":{"self":[{"href":"https:\/\/kaptanfood.pl\/en\/wp-json\/wp\/v2\/product\/80633","targetHints":{"allow":["GET"]}}],"collection":[{"href":"https:\/\/kaptanfood.pl\/en\/wp-json\/wp\/v2\/product"}],"about":[{"href":"https:\/\/kaptanfood.pl\/en\/wp-json\/wp\/v2\/types\/product"}],"wp:featuredmedia":[{"embeddable":true,"href":"https:\/\/kaptanfood.pl\/en\/wp-json\/wp\/v2\/media\/80635"}],"wp:attachment":[{"href":"https:\/\/kaptanfood.pl\/en\/wp-json\/wp\/v2\/media?parent=80633"}],"wp:term":[{"taxonomy":"product_brand","embeddable":true,"href":"https:\/\/kaptanfood.pl\/en\/wp-json\/wp\/v2\/product_brand?post=80633"},{"taxonomy":"product_cat","embeddable":true,"href":"https:\/\/kaptanfood.pl\/en\/wp-json\/wp\/v2\/product_cat?post=80633"},{"taxonomy":"product_tag","embeddable":true,"href":"https:\/\/kaptanfood.pl\/en\/wp-json\/wp\/v2\/product_tag?post=80633"}],"curies":[{"name":"wp","href":"https:\/\/api.w.org\/{rel}","templated":true}]}}