{"id":7629,"date":"2022-04-01T19:31:05","date_gmt":"2022-04-01T17:31:05","guid":{"rendered":"https:\/\/kaptanfood.pl\/?post_type=product&#038;p=7629"},"modified":"2026-03-30T11:04:54","modified_gmt":"2026-03-30T09:04:54","slug":"ciasto-gul-boregi-800-gr","status":"publish","type":"product","link":"https:\/\/kaptanfood.pl\/en\/product\/ciasto-gul-boregi-800-gr\/","title":{"rendered":"Rose B\u00f6rek Dough with Potato 800 g"},"content":{"rendered":"<div class=\"wpb-content-wrapper\"><div class=\"vc_row wpb_row vc_row-fluid vc_custom_1632566163505 vc_row-o-content-middle vc_row-flex wd-rs-614efb885b0d8\"><div class=\"wpb_column vc_column_container vc_col-sm-12 vc_col-md-6\"><div class=\"vc_column-inner\"><div class=\"wpb_wrapper\">\t\t<div id=\"wd-69a191314fdbd\" class=\"wd-image wd-wpb wd-rs-69a191314fdbd hidden-xs text-left\">\n\t\t\t\n\t\t\t<img loading=\"lazy\" decoding=\"async\" width=\"700\" height=\"800\" src=\"https:\/\/i0.wp.com\/kaptanfood.pl\/wp-content\/uploads\/2022\/04\/kaptanfood-ciasto-limak-z-ziemniakiem.jpg?fit=700%2C800&amp;ssl=1\" class=\"attachment-full size-full\" alt=\"\" srcset=\"https:\/\/i0.wp.com\/kaptanfood.pl\/wp-content\/uploads\/2022\/04\/kaptanfood-ciasto-limak-z-ziemniakiem.jpg?w=700&amp;ssl=1 700w, https:\/\/i0.wp.com\/kaptanfood.pl\/wp-content\/uploads\/2022\/04\/kaptanfood-ciasto-limak-z-ziemniakiem.jpg?resize=263%2C300&amp;ssl=1 263w, https:\/\/i0.wp.com\/kaptanfood.pl\/wp-content\/uploads\/2022\/04\/kaptanfood-ciasto-limak-z-ziemniakiem.jpg?resize=430%2C491&amp;ssl=1 430w, https:\/\/i0.wp.com\/kaptanfood.pl\/wp-content\/uploads\/2022\/04\/kaptanfood-ciasto-limak-z-ziemniakiem.jpg?resize=150%2C171&amp;ssl=1 150w\" sizes=\"auto, (max-width: 700px) 100vw, 700px\" \/>\n\t\t\t\t\t<\/div>\n\t\t<\/div><\/div><\/div><div class=\"wpb_column vc_column_container vc_col-sm-12 vc_col-md-6\"><div class=\"vc_column-inner vc_custom_1496394189503\"><div class=\"wpb_wrapper\">\t\t<div id=\"wd-69a191fca95a3\" class=\"wd-text-block wd-wpb reset-last-child wd-rs-69a191fca95a3 text-left wd-fontsize-custom vc_custom_1772196363180\">\n\t\t\t<h4 data-start=\"204\" data-end=\"234\"><strong>KAPTANLAR Patatesli G\u00fcl B\u00f6re\u011fi to mini \u015blimaczki z ciasta z nadzieniem ziemniaczanym, produkt g\u0142\u0119boko mro\u017cony.<\/strong><\/h4>\n<h3 data-start=\"204\" data-end=\"234\">\ud83d\udce6 Informacje o produkcie:<\/h3>\n<ul data-start=\"235\" data-end=\"374\">\n<li data-start=\"235\" data-end=\"262\">\n<p data-start=\"237\" data-end=\"262\">Net weight: <strong data-start=\"249\" data-end=\"260\">800 g \u212e<\/strong><\/p>\n<\/li>\n<li data-start=\"263\" data-end=\"296\">\n<p data-start=\"265\" data-end=\"296\">Nadzienie: farsz ziemniaczany<\/p>\n<\/li>\n<li data-start=\"297\" data-end=\"329\">\n<p data-start=\"299\" data-end=\"329\">Product: <strong data-start=\"308\" data-end=\"327\">deep frozen<\/strong><\/p>\n<\/li>\n<li data-start=\"330\" data-end=\"349\">\n<p data-start=\"332\" data-end=\"349\">Premium Quality<\/p>\n<\/li>\n<li data-start=\"350\" data-end=\"374\">\n<p data-start=\"352\" data-end=\"374\">Oven without defrost<\/p>\n<\/li>\n<\/ul>\n\t\t<\/div>\n\t\t\t\t<div id=\"wd-69a19177e0e57\" class=\"wd-text-block wd-wpb reset-last-child wd-rs-69a19177e0e57 text-left wd-fontsize-custom vc_custom_1772196244507\">\n\t\t\t\t\t<\/div>\n\t\t\t\t<div id=\"wd-69a1917bd21b4\" class=\"wd-text-block wd-wpb reset-last-child wd-rs-69a1917bd21b4 text-left wd-fontsize-custom\">\n\t\t\t<table>\n<tbody>\n<tr>\n<th style=\"text-align: left\"><strong>Storage temperature<\/strong><\/th>\n<td style=\"text-align: left;font-size: 16px\">-18\u00b0C (24 months)<\/td>\n<\/tr>\n<tr>\n<th style=\"text-align: left\"><strong>HALAL<\/strong><\/th>\n<td style=\"text-align: left;font-size: 16px\">YES<\/td>\n<\/tr>\n<tr>\n<th style=\"text-align: left\"><strong>Packaging<\/strong><\/th>\n<td style=\"text-align: left;font-size: 16px\"><strong>10\u00d7 800 gr w kartonie<\/strong><\/td>\n<\/tr>\n<tr>\n<th style=\"text-align: left\"><strong>Ingredients<\/strong><\/th>\n<td style=\"text-align: left;font-size: 16px\"><\/td>\n<\/tr>\n<tr>\n<th style=\"text-align: left\"><strong>Preparation - oven<\/strong><\/th>\n<td style=\"text-align: left;font-size: 16px\">\n<p data-pm-slice=\"1 1 &#091;&#093;\">350 \u00b0F 20 \u2013 25 min<\/p>\n<\/td>\n<\/tr>\n<\/tbody>\n<\/table>\n\t\t<\/div>\n\t\t<\/div><\/div><\/div><\/div>\n<\/div>","protected":false},"excerpt":{"rendered":"<div class=\"content-text\">\n<div class=\"content-text\">\n<div class=\"content-text\">\n<div class=\"tlt\">\n<div class=\"content-text\">\n<div class=\"content-text\">\n<p>&nbsp;<\/p>\n<\/div>\n<\/div>\n<\/div>\n<\/div>\n<\/div>\n<\/div>\n<p>&nbsp;<\/p>","protected":false},"featured_media":7584,"template":"","meta":[],"product_brand":[],"product_cat":[269],"product_tag":[],"class_list":{"0":"post-7629","1":"product","2":"type-product","3":"status-publish","4":"has-post-thumbnail","6":"product_cat-mrozone-produkt-turecki","7":"pa_brand-kaptan-food","8":"pa_brand-kaptanlar","10":"first","11":"instock","12":"featured","13":"taxable","14":"shipping-taxable","15":"purchasable","16":"product-type-variable","17":"has-default-attributes"},"yoast_head":"<!-- This site is optimized with the Yoast SEO plugin v27.3 - https:\/\/yoast.com\/product\/yoast-seo-wordpress\/ -->\n<title>Ciasto Gul Boregi z Ziemniakiem 800 gr (2025) - Kaptan Food<\/title>\n<meta name=\"robots\" content=\"index, follow, max-snippet:-1, max-image-preview:large, max-video-preview:-1\" \/>\n<link rel=\"canonical\" href=\"https:\/\/kaptanfood.pl\/en\/product\/ciasto-gul-boregi-800-gr\/\" \/>\n<meta property=\"og:locale\" content=\"en_US\" \/>\n<meta property=\"og:type\" content=\"article\" \/>\n<meta property=\"og:title\" content=\"Ciasto Gul Boregi z Ziemniakiem 800 gr (2025) - Kaptan Food\" \/>\n<meta property=\"og:description\" content=\"&nbsp;        &nbsp;\" \/>\n<meta property=\"og:url\" content=\"https:\/\/kaptanfood.pl\/en\/product\/ciasto-gul-boregi-800-gr\/\" \/>\n<meta property=\"og:site_name\" content=\"Kaptan Food\" \/>\n<meta property=\"article:modified_time\" content=\"2026-03-30T09:04:54+00:00\" \/>\n<meta property=\"og:image\" content=\"https:\/\/kaptanfood.pl\/wp-content\/uploads\/2022\/04\/kaptanfood-ciasto-limak-z-ziemniakiem.jpg\" \/>\n\t<meta property=\"og:image:width\" content=\"700\" \/>\n\t<meta property=\"og:image:height\" content=\"800\" \/>\n\t<meta property=\"og:image:type\" content=\"image\/jpeg\" \/>\n<meta name=\"twitter:card\" content=\"summary_large_image\" \/>\n<meta name=\"twitter:label1\" content=\"Est. reading time\" \/>\n\t<meta name=\"twitter:data1\" content=\"1 minute\" \/>\n<script type=\"application\/ld+json\" class=\"yoast-schema-graph\">{\"@context\":\"https:\\\/\\\/schema.org\",\"@graph\":[{\"@type\":\"WebPage\",\"@id\":\"https:\\\/\\\/kaptanfood.pl\\\/product\\\/ciasto-gul-boregi-800-gr\\\/\",\"url\":\"https:\\\/\\\/kaptanfood.pl\\\/product\\\/ciasto-gul-boregi-800-gr\\\/\",\"name\":\"Ciasto Gul Boregi z Ziemniakiem 800 gr (2025) - Kaptan Food\",\"isPartOf\":{\"@id\":\"https:\\\/\\\/kaptanfood.pl\\\/tr\\\/#website\"},\"primaryImageOfPage\":{\"@id\":\"https:\\\/\\\/kaptanfood.pl\\\/product\\\/ciasto-gul-boregi-800-gr\\\/#primaryimage\"},\"image\":{\"@id\":\"https:\\\/\\\/kaptanfood.pl\\\/product\\\/ciasto-gul-boregi-800-gr\\\/#primaryimage\"},\"thumbnailUrl\":\"https:\\\/\\\/i0.wp.com\\\/kaptanfood.pl\\\/wp-content\\\/uploads\\\/2022\\\/04\\\/kaptanfood-ciasto-limak-z-ziemniakiem.jpg?fit=700%2C800&ssl=1\",\"datePublished\":\"2022-04-01T17:31:05+00:00\",\"dateModified\":\"2026-03-30T09:04:54+00:00\",\"breadcrumb\":{\"@id\":\"https:\\\/\\\/kaptanfood.pl\\\/product\\\/ciasto-gul-boregi-800-gr\\\/#breadcrumb\"},\"inLanguage\":\"en-US\",\"potentialAction\":[{\"@type\":\"ReadAction\",\"target\":[\"https:\\\/\\\/kaptanfood.pl\\\/product\\\/ciasto-gul-boregi-800-gr\\\/\"]}]},{\"@type\":\"ImageObject\",\"inLanguage\":\"en-US\",\"@id\":\"https:\\\/\\\/kaptanfood.pl\\\/product\\\/ciasto-gul-boregi-800-gr\\\/#primaryimage\",\"url\":\"https:\\\/\\\/i0.wp.com\\\/kaptanfood.pl\\\/wp-content\\\/uploads\\\/2022\\\/04\\\/kaptanfood-ciasto-limak-z-ziemniakiem.jpg?fit=700%2C800&ssl=1\",\"contentUrl\":\"https:\\\/\\\/i0.wp.com\\\/kaptanfood.pl\\\/wp-content\\\/uploads\\\/2022\\\/04\\\/kaptanfood-ciasto-limak-z-ziemniakiem.jpg?fit=700%2C800&ssl=1\",\"width\":700,\"height\":800},{\"@type\":\"BreadcrumbList\",\"@id\":\"https:\\\/\\\/kaptanfood.pl\\\/product\\\/ciasto-gul-boregi-800-gr\\\/#breadcrumb\",\"itemListElement\":[{\"@type\":\"ListItem\",\"position\":1,\"name\":\"Home\",\"item\":\"https:\\\/\\\/kaptanfood.pl\\\/\"},{\"@type\":\"ListItem\",\"position\":2,\"name\":\"Produkty\",\"item\":\"https:\\\/\\\/kaptanfood.pl\\\/produkty\\\/\"},{\"@type\":\"ListItem\",\"position\":3,\"name\":\"Ciasto Gul Boregi z Ziemniakiem 800 gr (2025)\"}]},{\"@type\":\"WebSite\",\"@id\":\"https:\\\/\\\/kaptanfood.pl\\\/tr\\\/#website\",\"url\":\"https:\\\/\\\/kaptanfood.pl\\\/tr\\\/\",\"name\":\"Kaptan Food\",\"description\":\"Kaptan Food Hurtownia Kebab - Wszystko dla restauracji\",\"potentialAction\":[{\"@type\":\"SearchAction\",\"target\":{\"@type\":\"EntryPoint\",\"urlTemplate\":\"https:\\\/\\\/kaptanfood.pl\\\/tr\\\/?s={search_term_string}\"},\"query-input\":{\"@type\":\"PropertyValueSpecification\",\"valueRequired\":true,\"valueName\":\"search_term_string\"}}],\"inLanguage\":\"en-US\"}]}<\/script>\n<!-- \/ Yoast SEO plugin. -->","yoast_head_json":{"title":"Ciasto Gul Boregi z Ziemniakiem 800 gr (2025) - Kaptan Food","robots":{"index":"index","follow":"follow","max-snippet":"max-snippet:-1","max-image-preview":"max-image-preview:large","max-video-preview":"max-video-preview:-1"},"canonical":"https:\/\/kaptanfood.pl\/en\/product\/ciasto-gul-boregi-800-gr\/","og_locale":"en_US","og_type":"article","og_title":"Ciasto Gul Boregi z Ziemniakiem 800 gr (2025) - Kaptan Food","og_description":"&nbsp;        &nbsp;","og_url":"https:\/\/kaptanfood.pl\/en\/product\/ciasto-gul-boregi-800-gr\/","og_site_name":"Kaptan Food","article_modified_time":"2026-03-30T09:04:54+00:00","og_image":[{"width":700,"height":800,"url":"https:\/\/kaptanfood.pl\/wp-content\/uploads\/2022\/04\/kaptanfood-ciasto-limak-z-ziemniakiem.jpg","type":"image\/jpeg"}],"twitter_card":"summary_large_image","twitter_misc":{"Est. reading time":"1 minute"},"schema":{"@context":"https:\/\/schema.org","@graph":[{"@type":"WebPage","@id":"https:\/\/kaptanfood.pl\/product\/ciasto-gul-boregi-800-gr\/","url":"https:\/\/kaptanfood.pl\/product\/ciasto-gul-boregi-800-gr\/","name":"Ciasto Gul Boregi z Ziemniakiem 800 gr (2025) - Kaptan Food","isPartOf":{"@id":"https:\/\/kaptanfood.pl\/tr\/#website"},"primaryImageOfPage":{"@id":"https:\/\/kaptanfood.pl\/product\/ciasto-gul-boregi-800-gr\/#primaryimage"},"image":{"@id":"https:\/\/kaptanfood.pl\/product\/ciasto-gul-boregi-800-gr\/#primaryimage"},"thumbnailUrl":"https:\/\/i0.wp.com\/kaptanfood.pl\/wp-content\/uploads\/2022\/04\/kaptanfood-ciasto-limak-z-ziemniakiem.jpg?fit=700%2C800&ssl=1","datePublished":"2022-04-01T17:31:05+00:00","dateModified":"2026-03-30T09:04:54+00:00","breadcrumb":{"@id":"https:\/\/kaptanfood.pl\/product\/ciasto-gul-boregi-800-gr\/#breadcrumb"},"inLanguage":"en-US","potentialAction":[{"@type":"ReadAction","target":["https:\/\/kaptanfood.pl\/product\/ciasto-gul-boregi-800-gr\/"]}]},{"@type":"ImageObject","inLanguage":"en-US","@id":"https:\/\/kaptanfood.pl\/product\/ciasto-gul-boregi-800-gr\/#primaryimage","url":"https:\/\/i0.wp.com\/kaptanfood.pl\/wp-content\/uploads\/2022\/04\/kaptanfood-ciasto-limak-z-ziemniakiem.jpg?fit=700%2C800&ssl=1","contentUrl":"https:\/\/i0.wp.com\/kaptanfood.pl\/wp-content\/uploads\/2022\/04\/kaptanfood-ciasto-limak-z-ziemniakiem.jpg?fit=700%2C800&ssl=1","width":700,"height":800},{"@type":"BreadcrumbList","@id":"https:\/\/kaptanfood.pl\/product\/ciasto-gul-boregi-800-gr\/#breadcrumb","itemListElement":[{"@type":"ListItem","position":1,"name":"Home","item":"https:\/\/kaptanfood.pl\/"},{"@type":"ListItem","position":2,"name":"Produkty","item":"https:\/\/kaptanfood.pl\/produkty\/"},{"@type":"ListItem","position":3,"name":"Ciasto Gul Boregi z Ziemniakiem 800 gr (2025)"}]},{"@type":"WebSite","@id":"https:\/\/kaptanfood.pl\/tr\/#website","url":"https:\/\/kaptanfood.pl\/tr\/","name":"Kaptan Food","description":"Kaptan Food Wholesale Kebab - Everything for Restaurants","potentialAction":[{"@type":"SearchAction","target":{"@type":"EntryPoint","urlTemplate":"https:\/\/kaptanfood.pl\/tr\/?s={search_term_string}"},"query-input":{"@type":"PropertyValueSpecification","valueRequired":true,"valueName":"search_term_string"}}],"inLanguage":"en-US"}]}},"jetpack_sharing_enabled":true,"_links":{"self":[{"href":"https:\/\/kaptanfood.pl\/en\/wp-json\/wp\/v2\/product\/7629","targetHints":{"allow":["GET"]}}],"collection":[{"href":"https:\/\/kaptanfood.pl\/en\/wp-json\/wp\/v2\/product"}],"about":[{"href":"https:\/\/kaptanfood.pl\/en\/wp-json\/wp\/v2\/types\/product"}],"wp:featuredmedia":[{"embeddable":true,"href":"https:\/\/kaptanfood.pl\/en\/wp-json\/wp\/v2\/media\/7584"}],"wp:attachment":[{"href":"https:\/\/kaptanfood.pl\/en\/wp-json\/wp\/v2\/media?parent=7629"}],"wp:term":[{"taxonomy":"product_brand","embeddable":true,"href":"https:\/\/kaptanfood.pl\/en\/wp-json\/wp\/v2\/product_brand?post=7629"},{"taxonomy":"product_cat","embeddable":true,"href":"https:\/\/kaptanfood.pl\/en\/wp-json\/wp\/v2\/product_cat?post=7629"},{"taxonomy":"product_tag","embeddable":true,"href":"https:\/\/kaptanfood.pl\/en\/wp-json\/wp\/v2\/product_tag?post=7629"}],"curies":[{"name":"wp","href":"https:\/\/api.w.org\/{rel}","templated":true}]}}