{"id":57316,"date":"2023-11-28T12:55:10","date_gmt":"2023-11-28T11:55:10","guid":{"rendered":"https:\/\/kaptanfood.pl\/?post_type=product&#038;p=57316"},"modified":"2026-03-27T12:40:17","modified_gmt":"2026-03-27T11:40:17","slug":"bulka-turecka-lk-100-gr36-szt","status":"publish","type":"product","link":"https:\/\/kaptanfood.pl\/en\/product\/bulka-turecka-lk-100-gr36-szt\/","title":{"rendered":"Turkish Bun LK 100 g (36 pcs)"},"content":{"rendered":"<div class=\"wpb-content-wrapper\"><div class=\"vc_row wpb_row vc_row-fluid vc_custom_1632566163505 vc_row-o-content-middle vc_row-flex wd-rs-614efb885b0d8\"><div class=\"wpb_column vc_column_container vc_col-sm-12 vc_col-md-6\"><div class=\"vc_column-inner\"><div class=\"wpb_wrapper\">\t\t<div id=\"wd-69c66c7ba735d\" class=\"wd-image wd-wpb wd-rs-69c66c7ba735d text-left\">\n\t\t\t\n\t\t\t<img loading=\"lazy\" decoding=\"async\" width=\"700\" height=\"800\" src=\"https:\/\/i0.wp.com\/kaptanfood.pl\/wp-content\/uploads\/2023\/11\/Turecka-LK-100-gr.webp?fit=700%2C800&amp;ssl=1\" class=\"attachment-full size-full\" alt=\"\" srcset=\"https:\/\/i0.wp.com\/kaptanfood.pl\/wp-content\/uploads\/2023\/11\/Turecka-LK-100-gr.webp?w=700&amp;ssl=1 700w, https:\/\/i0.wp.com\/kaptanfood.pl\/wp-content\/uploads\/2023\/11\/Turecka-LK-100-gr.webp?resize=263%2C300&amp;ssl=1 263w, https:\/\/i0.wp.com\/kaptanfood.pl\/wp-content\/uploads\/2023\/11\/Turecka-LK-100-gr.webp?resize=11%2C12&amp;ssl=1 11w, https:\/\/i0.wp.com\/kaptanfood.pl\/wp-content\/uploads\/2023\/11\/Turecka-LK-100-gr.webp?resize=430%2C491&amp;ssl=1 430w, https:\/\/i0.wp.com\/kaptanfood.pl\/wp-content\/uploads\/2023\/11\/Turecka-LK-100-gr.webp?resize=150%2C171&amp;ssl=1 150w\" sizes=\"auto, (max-width: 700px) 100vw, 700px\" \/>\n\t\t\t\t\t<\/div>\n\t\t<\/div><\/div><\/div><div class=\"wpb_column vc_column_container vc_col-sm-12 vc_col-md-6\"><div class=\"vc_column-inner vc_custom_1496394189503\"><div class=\"wpb_wrapper\">\t\t<div id=\"wd-69c66c4bc99ee\" class=\"wd-text-block wd-wpb reset-last-child wd-rs-69c66c4bc99ee text-left wd-fontsize-custom vc_custom_1774611534295\">\n\t\t\t<p data-start=\"40\" data-end=\"60\"><strong data-start=\"40\" data-end=\"60\">LK Wheat Rolls<\/strong><\/p>\n\t\t<\/div>\n\t\t\t\t<div id=\"wd-69777cbf5c7e0\" class=\"wd-text-block wd-wpb reset-last-child wd-rs-69777cbf5c7e0 text-left wd-fontsize-custom vc_custom_1769438403178\">\n\t\t\t\t\t<\/div>\n\t\t\t\t<div id=\"wd-69c66c58a79bf\" class=\"wd-text-block wd-wpb reset-last-child wd-rs-69c66c58a79bf text-left wd-fontsize-custom\">\n\t\t\t<table>\n<tbody>\n<tr>\n<th style=\"text-align: left;\"><strong>Storage temperature<\/strong><\/th>\n<td style=\"text-align: left; font-size: 16px;\">-18\u00b0C<\/td>\n<\/tr>\n<tr>\n<th style=\"text-align: left;\"><strong>HALAL<\/strong><\/th>\n<td style=\"text-align: left; font-size: 16px;\">YES<\/td>\n<\/tr>\n<tr>\n<th style=\"text-align: left;\"><strong>Packaging<\/strong><\/th>\n<td style=\"text-align: left; font-size: 16px;\"><strong>36 pieces per carton<\/strong><\/td>\n<\/tr>\n<tr>\n<th style=\"text-align: left;\"><strong>Ingredients<\/strong><\/th>\n<td style=\"text-align: left; font-size: 16px;\">wheat flour, water, yeast, salt, sesame seeds, nigella seeds, rapeseed oil, preservative: propionic acid.<br \/>\n<strong data-start=\"179\" data-end=\"208\">Nutritional value per 100 g:<\/strong><br data-start=\"208\" data-end=\"211\" \/>258 calories<br data-start=\"219\" data-end=\"222\" \/>Fat: 1.5 g<br data-start=\"236\" data-end=\"239\" \/>Carbohydrates: 54 g<br data-start=\"256\" data-end=\"259\" \/>Protein: 7.8 g<br data-start=\"272\" data-end=\"275\" \/>Salt: 1.4 g<\/td>\n<\/tr>\n<\/tbody>\n<\/table>\n\t\t<\/div>\n\t\t<\/div><\/div><\/div><\/div>\n<\/div>","protected":false},"excerpt":{"rendered":"Bu\u0142ki Pszenne LK Temperatura przechowywania \u221218\u00b0C HALAL TAK Opakowanie 36 szt w kartonie Sk\u0142adniki m\u0105ka pszenna, woda, dro\u017cd\u017ce, s\u00f3l, sezam,","protected":false},"featured_media":221726,"template":"","meta":[],"product_brand":[],"product_cat":[256],"product_tag":[],"class_list":{"0":"post-57316","1":"product","2":"type-product","3":"status-publish","4":"has-post-thumbnail","6":"product_cat-mrozone-pieczywo","8":"first","9":"instock","10":"taxable","11":"shipping-taxable","12":"purchasable","13":"product-type-variable","14":"has-default-attributes"},"yoast_head":"<!-- This site is optimized with the Yoast SEO plugin v27.3 - https:\/\/yoast.com\/product\/yoast-seo-wordpress\/ -->\n<title>Bu\u0142ka Turecka LK 100 gr (36 szt) - Kaptan Food<\/title>\n<meta name=\"robots\" content=\"index, follow, max-snippet:-1, max-image-preview:large, max-video-preview:-1\" \/>\n<link rel=\"canonical\" href=\"https:\/\/kaptanfood.pl\/en\/product\/bulka-turecka-lk-100-gr36-szt\/\" \/>\n<meta property=\"og:locale\" content=\"en_US\" \/>\n<meta property=\"og:type\" content=\"article\" \/>\n<meta property=\"og:title\" content=\"Bu\u0142ka Turecka LK 100 gr (36 szt) - Kaptan Food\" \/>\n<meta property=\"og:url\" content=\"https:\/\/kaptanfood.pl\/en\/product\/bulka-turecka-lk-100-gr36-szt\/\" \/>\n<meta property=\"og:site_name\" content=\"Kaptan Food\" \/>\n<meta property=\"article:modified_time\" content=\"2026-03-27T11:40:17+00:00\" \/>\n<meta property=\"og:image\" content=\"https:\/\/kaptanfood.pl\/wp-content\/uploads\/2023\/11\/Turecka-LK-100-gr.webp\" \/>\n\t<meta property=\"og:image:width\" content=\"700\" \/>\n\t<meta property=\"og:image:height\" content=\"800\" \/>\n\t<meta property=\"og:image:type\" content=\"image\/webp\" \/>\n<meta name=\"twitter:card\" content=\"summary_large_image\" \/>\n<meta name=\"twitter:label1\" content=\"Est. reading time\" \/>\n\t<meta name=\"twitter:data1\" content=\"2 minutes\" \/>\n<script type=\"application\/ld+json\" class=\"yoast-schema-graph\">{\"@context\":\"https:\\\/\\\/schema.org\",\"@graph\":[{\"@type\":\"WebPage\",\"@id\":\"https:\\\/\\\/kaptanfood.pl\\\/product\\\/bulka-turecka-lk-100-gr36-szt\\\/\",\"url\":\"https:\\\/\\\/kaptanfood.pl\\\/product\\\/bulka-turecka-lk-100-gr36-szt\\\/\",\"name\":\"Bu\u0142ka Turecka LK 100 gr (36 szt) - Kaptan Food\",\"isPartOf\":{\"@id\":\"https:\\\/\\\/kaptanfood.pl\\\/tr\\\/#website\"},\"primaryImageOfPage\":{\"@id\":\"https:\\\/\\\/kaptanfood.pl\\\/product\\\/bulka-turecka-lk-100-gr36-szt\\\/#primaryimage\"},\"image\":{\"@id\":\"https:\\\/\\\/kaptanfood.pl\\\/product\\\/bulka-turecka-lk-100-gr36-szt\\\/#primaryimage\"},\"thumbnailUrl\":\"https:\\\/\\\/i0.wp.com\\\/kaptanfood.pl\\\/wp-content\\\/uploads\\\/2023\\\/11\\\/Turecka-LK-100-gr.webp?fit=700%2C800&ssl=1\",\"datePublished\":\"2023-11-28T11:55:10+00:00\",\"dateModified\":\"2026-03-27T11:40:17+00:00\",\"breadcrumb\":{\"@id\":\"https:\\\/\\\/kaptanfood.pl\\\/product\\\/bulka-turecka-lk-100-gr36-szt\\\/#breadcrumb\"},\"inLanguage\":\"en-US\",\"potentialAction\":[{\"@type\":\"ReadAction\",\"target\":[\"https:\\\/\\\/kaptanfood.pl\\\/product\\\/bulka-turecka-lk-100-gr36-szt\\\/\"]}]},{\"@type\":\"ImageObject\",\"inLanguage\":\"en-US\",\"@id\":\"https:\\\/\\\/kaptanfood.pl\\\/product\\\/bulka-turecka-lk-100-gr36-szt\\\/#primaryimage\",\"url\":\"https:\\\/\\\/i0.wp.com\\\/kaptanfood.pl\\\/wp-content\\\/uploads\\\/2023\\\/11\\\/Turecka-LK-100-gr.webp?fit=700%2C800&ssl=1\",\"contentUrl\":\"https:\\\/\\\/i0.wp.com\\\/kaptanfood.pl\\\/wp-content\\\/uploads\\\/2023\\\/11\\\/Turecka-LK-100-gr.webp?fit=700%2C800&ssl=1\",\"width\":700,\"height\":800},{\"@type\":\"BreadcrumbList\",\"@id\":\"https:\\\/\\\/kaptanfood.pl\\\/product\\\/bulka-turecka-lk-100-gr36-szt\\\/#breadcrumb\",\"itemListElement\":[{\"@type\":\"ListItem\",\"position\":1,\"name\":\"Home\",\"item\":\"https:\\\/\\\/kaptanfood.pl\\\/\"},{\"@type\":\"ListItem\",\"position\":2,\"name\":\"Produkty\",\"item\":\"https:\\\/\\\/kaptanfood.pl\\\/produkty\\\/\"},{\"@type\":\"ListItem\",\"position\":3,\"name\":\"Bu\u0142ka Turecka LK 100 gr (36 szt)\"}]},{\"@type\":\"WebSite\",\"@id\":\"https:\\\/\\\/kaptanfood.pl\\\/tr\\\/#website\",\"url\":\"https:\\\/\\\/kaptanfood.pl\\\/tr\\\/\",\"name\":\"Kaptan Food\",\"description\":\"Kaptan Food Hurtownia Kebab - Wszystko dla restauracji\",\"potentialAction\":[{\"@type\":\"SearchAction\",\"target\":{\"@type\":\"EntryPoint\",\"urlTemplate\":\"https:\\\/\\\/kaptanfood.pl\\\/tr\\\/?s={search_term_string}\"},\"query-input\":{\"@type\":\"PropertyValueSpecification\",\"valueRequired\":true,\"valueName\":\"search_term_string\"}}],\"inLanguage\":\"en-US\"}]}<\/script>\n<!-- \/ Yoast SEO plugin. -->","yoast_head_json":{"title":"Bu\u0142ka Turecka LK 100 gr (36 szt) - Kaptan Food","robots":{"index":"index","follow":"follow","max-snippet":"max-snippet:-1","max-image-preview":"max-image-preview:large","max-video-preview":"max-video-preview:-1"},"canonical":"https:\/\/kaptanfood.pl\/en\/product\/bulka-turecka-lk-100-gr36-szt\/","og_locale":"en_US","og_type":"article","og_title":"Bu\u0142ka Turecka LK 100 gr (36 szt) - Kaptan Food","og_url":"https:\/\/kaptanfood.pl\/en\/product\/bulka-turecka-lk-100-gr36-szt\/","og_site_name":"Kaptan Food","article_modified_time":"2026-03-27T11:40:17+00:00","og_image":[{"width":700,"height":800,"url":"https:\/\/kaptanfood.pl\/wp-content\/uploads\/2023\/11\/Turecka-LK-100-gr.webp","type":"image\/webp"}],"twitter_card":"summary_large_image","twitter_misc":{"Est. reading time":"2 minutes"},"schema":{"@context":"https:\/\/schema.org","@graph":[{"@type":"WebPage","@id":"https:\/\/kaptanfood.pl\/product\/bulka-turecka-lk-100-gr36-szt\/","url":"https:\/\/kaptanfood.pl\/product\/bulka-turecka-lk-100-gr36-szt\/","name":"Bu\u0142ka Turecka LK 100 gr (36 szt) - Kaptan Food","isPartOf":{"@id":"https:\/\/kaptanfood.pl\/tr\/#website"},"primaryImageOfPage":{"@id":"https:\/\/kaptanfood.pl\/product\/bulka-turecka-lk-100-gr36-szt\/#primaryimage"},"image":{"@id":"https:\/\/kaptanfood.pl\/product\/bulka-turecka-lk-100-gr36-szt\/#primaryimage"},"thumbnailUrl":"https:\/\/i0.wp.com\/kaptanfood.pl\/wp-content\/uploads\/2023\/11\/Turecka-LK-100-gr.webp?fit=700%2C800&ssl=1","datePublished":"2023-11-28T11:55:10+00:00","dateModified":"2026-03-27T11:40:17+00:00","breadcrumb":{"@id":"https:\/\/kaptanfood.pl\/product\/bulka-turecka-lk-100-gr36-szt\/#breadcrumb"},"inLanguage":"en-US","potentialAction":[{"@type":"ReadAction","target":["https:\/\/kaptanfood.pl\/product\/bulka-turecka-lk-100-gr36-szt\/"]}]},{"@type":"ImageObject","inLanguage":"en-US","@id":"https:\/\/kaptanfood.pl\/product\/bulka-turecka-lk-100-gr36-szt\/#primaryimage","url":"https:\/\/i0.wp.com\/kaptanfood.pl\/wp-content\/uploads\/2023\/11\/Turecka-LK-100-gr.webp?fit=700%2C800&ssl=1","contentUrl":"https:\/\/i0.wp.com\/kaptanfood.pl\/wp-content\/uploads\/2023\/11\/Turecka-LK-100-gr.webp?fit=700%2C800&ssl=1","width":700,"height":800},{"@type":"BreadcrumbList","@id":"https:\/\/kaptanfood.pl\/product\/bulka-turecka-lk-100-gr36-szt\/#breadcrumb","itemListElement":[{"@type":"ListItem","position":1,"name":"Home","item":"https:\/\/kaptanfood.pl\/"},{"@type":"ListItem","position":2,"name":"Produkty","item":"https:\/\/kaptanfood.pl\/produkty\/"},{"@type":"ListItem","position":3,"name":"Bu\u0142ka Turecka LK 100 gr (36 szt)"}]},{"@type":"WebSite","@id":"https:\/\/kaptanfood.pl\/tr\/#website","url":"https:\/\/kaptanfood.pl\/tr\/","name":"Kaptan Food","description":"Kaptan Food Wholesale Kebab - Everything for Restaurants","potentialAction":[{"@type":"SearchAction","target":{"@type":"EntryPoint","urlTemplate":"https:\/\/kaptanfood.pl\/tr\/?s={search_term_string}"},"query-input":{"@type":"PropertyValueSpecification","valueRequired":true,"valueName":"search_term_string"}}],"inLanguage":"en-US"}]}},"jetpack_sharing_enabled":true,"_links":{"self":[{"href":"https:\/\/kaptanfood.pl\/en\/wp-json\/wp\/v2\/product\/57316","targetHints":{"allow":["GET"]}}],"collection":[{"href":"https:\/\/kaptanfood.pl\/en\/wp-json\/wp\/v2\/product"}],"about":[{"href":"https:\/\/kaptanfood.pl\/en\/wp-json\/wp\/v2\/types\/product"}],"wp:featuredmedia":[{"embeddable":true,"href":"https:\/\/kaptanfood.pl\/en\/wp-json\/wp\/v2\/media\/221726"}],"wp:attachment":[{"href":"https:\/\/kaptanfood.pl\/en\/wp-json\/wp\/v2\/media?parent=57316"}],"wp:term":[{"taxonomy":"product_brand","embeddable":true,"href":"https:\/\/kaptanfood.pl\/en\/wp-json\/wp\/v2\/product_brand?post=57316"},{"taxonomy":"product_cat","embeddable":true,"href":"https:\/\/kaptanfood.pl\/en\/wp-json\/wp\/v2\/product_cat?post=57316"},{"taxonomy":"product_tag","embeddable":true,"href":"https:\/\/kaptanfood.pl\/en\/wp-json\/wp\/v2\/product_tag?post=57316"}],"curies":[{"name":"wp","href":"https:\/\/api.w.org\/{rel}","templated":true}]}}