{"id":50,"date":"2017-06-14T10:50:29","date_gmt":"2017-06-14T08:50:29","guid":{"rendered":"http:\/\/dummy.xtemos.com\/woodmart\/?post_type=product&#038;p=50"},"modified":"2026-01-12T06:46:58","modified_gmt":"2026-01-12T05:46:58","slug":"pieczony-ciety-wolowy-iskender-1kg","status":"publish","type":"product","link":"https:\/\/kaptanfood.pl\/en\/product\/pieczony-ciety-wolowy-iskender-1kg\/","title":{"rendered":"Oven-Baked Beef Iskender Kebab 1 kg"},"content":{"rendered":"<div class=\"wpb-content-wrapper\"><div data-vc-full-width=\"true\" data-vc-full-width-temp=\"true\" data-vc-full-width-init=\"false\" class=\"vc_row wpb_row vc_row-fluid vc_custom_1628243567369 vc_row-has-fill vc_row-o-content-middle vc_row-flex wd-rs-610d066a6bbd6\"><div class=\"wpb_column vc_column_container vc_col-sm-12 wd-rs-610d0576e6052\"><div class=\"vc_column-inner vc_custom_1628243321824\"><div class=\"wpb_wrapper\">\n\t\t<div id=\"wd-6864dc8b0d48c\" class=\"title-wrapper wd-wpb wd-set-mb reset-last-child  wd-rs-6864dc8b0d48c wd-title-color-default wd-title-style-image text-center wd-off-anim wpb_animate_when_almost_visible wpb_bounceIn bounceIn wd-anim-name_bounceIn  wd-underline-colored\">\n\t\t\t\n\t\t\t<div class=\"liner-continer\">\n\t\t\t\t<h3 class=\"woodmart-title-container title  wd-font-weight-700 wd-fontsize-xxl\" >Oven-Baked Beef Iskender Kebab 1 kg<\/h3>\n\t\t\t\t\t\t\t\t\t<span class=\"img-wrapper\"><img data-recalc-dims=\"1\" loading=\"lazy\" decoding=\"async\" width=\"52\" height=\"52\" src=\"https:\/\/i0.wp.com\/kaptanfood.pl\/wp-content\/uploads\/2024\/02\/doner-kebab-1.png?resize=52%2C52&#038;ssl=1\" class=\"attachment-52x52 size-52x52\" alt=\"\" srcset=\"https:\/\/i0.wp.com\/kaptanfood.pl\/wp-content\/uploads\/2024\/02\/doner-kebab-1.png?resize=52%2C52&amp;ssl=1 52w, https:\/\/i0.wp.com\/kaptanfood.pl\/wp-content\/uploads\/2024\/02\/doner-kebab-1.png?resize=300%2C300&amp;ssl=1 300w, https:\/\/i0.wp.com\/kaptanfood.pl\/wp-content\/uploads\/2024\/02\/doner-kebab-1.png?resize=150%2C150&amp;ssl=1 150w, https:\/\/i0.wp.com\/kaptanfood.pl\/wp-content\/uploads\/2024\/02\/doner-kebab-1.png?resize=12%2C12&amp;ssl=1 12w, https:\/\/i0.wp.com\/kaptanfood.pl\/wp-content\/uploads\/2024\/02\/doner-kebab-1.png?resize=430%2C430&amp;ssl=1 430w, https:\/\/i0.wp.com\/kaptanfood.pl\/wp-content\/uploads\/2024\/02\/doner-kebab-1.png?resize=32%2C32&amp;ssl=1 32w, https:\/\/i0.wp.com\/kaptanfood.pl\/wp-content\/uploads\/2024\/02\/doner-kebab-1.png?w=512&amp;ssl=1 512w\" sizes=\"auto, (max-width: 52px) 100vw, 52px\" \/><\/span>\t\t\t\t\t\t\t<\/div>\n\t\t\t\n\t\t\t\t\t\t\t<div class=\"title-after_title reset-last-child  wd-fontsize-s\">Kaptan Food always provides you with the highest quality products.<\/div>\n\t\t\t\n\t\t\t\n\t\t<\/div>\n\t\t\n\t\t<\/div><\/div><\/div><\/div><div class=\"vc_row-full-width vc_clearfix\"><\/div><div class=\"vc_row wpb_row vc_row-fluid vc_custom_1632566163505 vc_row-o-content-middle vc_row-flex wd-rs-614efb885b0d8\"><div class=\"wpb_column vc_column_container vc_col-sm-12 vc_col-md-6\"><div class=\"vc_column-inner\"><div class=\"wpb_wrapper\">\t\t<div id=\"wd-6864dad9c06ba\" class=\"wd-image wd-wpb wd-rs-6864dad9c06ba text-left\">\n\t\t\t\n\t\t\t<img loading=\"lazy\" decoding=\"async\" width=\"700\" height=\"800\" src=\"https:\/\/i0.wp.com\/kaptanfood.pl\/wp-content\/uploads\/2022\/02\/mbmmeat.png?fit=700%2C800&amp;ssl=1\" class=\"attachment-full size-full\" alt=\"\" srcset=\"https:\/\/i0.wp.com\/kaptanfood.pl\/wp-content\/uploads\/2022\/02\/mbmmeat.png?w=700&amp;ssl=1 700w, https:\/\/i0.wp.com\/kaptanfood.pl\/wp-content\/uploads\/2022\/02\/mbmmeat.png?resize=430%2C491&amp;ssl=1 430w, https:\/\/i0.wp.com\/kaptanfood.pl\/wp-content\/uploads\/2022\/02\/mbmmeat.png?resize=150%2C171&amp;ssl=1 150w, https:\/\/i0.wp.com\/kaptanfood.pl\/wp-content\/uploads\/2022\/02\/mbmmeat.png?resize=263%2C300&amp;ssl=1 263w\" sizes=\"auto, (max-width: 700px) 100vw, 700px\" \/>\n\t\t\t\t\t<\/div>\n\t\t<\/div><\/div><\/div><div class=\"wpb_column vc_column_container vc_col-sm-12 vc_col-md-6\"><div class=\"vc_column-inner vc_custom_1496394189503\"><div class=\"wpb_wrapper\">\t\t<div id=\"wd-6864dd0dd4a9d\" class=\"wd-text-block wd-wpb reset-last-child wd-rs-6864dd0dd4a9d text-left wd-fontsize-custom\">\n\t\t\t<table>\n<tbody>\n<tr>\n<th><span class=\"selectable-text copyable-text xkrh14z\">Opocations<\/span><\/th>\n<td style=\"text-align: right;font-size: 16px\"><span class=\"selectable-text copyable-text xkrh14z\">Carton: 8 pieces per pack<\/span><\/td>\n<\/tr>\n<tr>\n<th><span class=\"selectable-text copyable-text xkrh14z\">Kilogram Options<\/span><\/th>\n<td style=\"text-align: right;font-size: 16px\"><span class=\"selectable-text copyable-text xkrh14z\">1 kg<\/span><\/td>\n<\/tr>\n<tr>\n<th><span class=\"selectable-text copyable-text xkrh14z\">Ingredients<\/span><\/th>\n<td style=\"text-align: right;font-size: 16px\"><strong>Meat:<\/strong> Beef 72%<\/td>\n<\/tr>\n<\/tbody>\n<\/table>\n\t\t<\/div>\n\t\t<\/div><\/div><\/div><\/div>\n<\/div>","protected":false},"excerpt":{"rendered":"Pieczony Kebab Wo\u0142owy Iskender 1 kg Kaptan Food zawsze dostarcza Ci produkty najwy\u017cszej jako\u015bci. Opokowania Karton: 8 sztuk w opakowaniu","protected":false},"featured_media":7070,"template":"","meta":[],"product_brand":[],"product_cat":[135],"product_tag":[],"class_list":{"0":"post-50","1":"product","2":"type-product","3":"status-publish","4":"has-post-thumbnail","6":"product_cat-pieczony","7":"pa_brand-mbm","8":"pa_rodzaj-mieso","9":"pa_waga-1-kg","11":"first","12":"instock","13":"featured","14":"taxable","15":"shipping-taxable","16":"purchasable","17":"product-type-variable","18":"has-default-attributes"},"yoast_head":"<!-- This site is optimized with the Yoast SEO plugin v27.3 - https:\/\/yoast.com\/product\/yoast-seo-wordpress\/ -->\n<title>Pieczony Kebab Wo\u0142owy Iskender 1 kg - Kaptan Food<\/title>\n<meta name=\"robots\" content=\"index, follow, max-snippet:-1, max-image-preview:large, max-video-preview:-1\" \/>\n<link rel=\"canonical\" href=\"https:\/\/kaptanfood.pl\/en\/product\/pieczony-ciety-wolowy-iskender-1kg\/\" \/>\n<meta property=\"og:locale\" content=\"en_US\" \/>\n<meta property=\"og:type\" content=\"article\" \/>\n<meta property=\"og:title\" content=\"Pieczony Kebab Wo\u0142owy Iskender 1 kg - Kaptan Food\" \/>\n<meta property=\"og:url\" content=\"https:\/\/kaptanfood.pl\/en\/product\/pieczony-ciety-wolowy-iskender-1kg\/\" \/>\n<meta property=\"og:site_name\" content=\"Kaptan Food\" \/>\n<meta property=\"article:modified_time\" content=\"2026-01-12T05:46:58+00:00\" \/>\n<meta property=\"og:image\" content=\"https:\/\/kaptanfood.pl\/wp-content\/uploads\/2022\/02\/mbmmeat.png\" \/>\n\t<meta property=\"og:image:width\" content=\"700\" \/>\n\t<meta property=\"og:image:height\" content=\"800\" \/>\n\t<meta property=\"og:image:type\" content=\"image\/png\" \/>\n<meta name=\"twitter:card\" content=\"summary_large_image\" \/>\n<meta name=\"twitter:label1\" content=\"Est. reading time\" \/>\n\t<meta name=\"twitter:data1\" content=\"1 minute\" \/>\n<script type=\"application\/ld+json\" class=\"yoast-schema-graph\">{\"@context\":\"https:\\\/\\\/schema.org\",\"@graph\":[{\"@type\":\"WebPage\",\"@id\":\"https:\\\/\\\/kaptanfood.pl\\\/product\\\/pieczony-ciety-wolowy-iskender-1kg\\\/\",\"url\":\"https:\\\/\\\/kaptanfood.pl\\\/product\\\/pieczony-ciety-wolowy-iskender-1kg\\\/\",\"name\":\"Pieczony Kebab Wo\u0142owy Iskender 1 kg - Kaptan Food\",\"isPartOf\":{\"@id\":\"https:\\\/\\\/kaptanfood.pl\\\/tr\\\/#website\"},\"primaryImageOfPage\":{\"@id\":\"https:\\\/\\\/kaptanfood.pl\\\/product\\\/pieczony-ciety-wolowy-iskender-1kg\\\/#primaryimage\"},\"image\":{\"@id\":\"https:\\\/\\\/kaptanfood.pl\\\/product\\\/pieczony-ciety-wolowy-iskender-1kg\\\/#primaryimage\"},\"thumbnailUrl\":\"https:\\\/\\\/i0.wp.com\\\/kaptanfood.pl\\\/wp-content\\\/uploads\\\/2022\\\/02\\\/mbmmeat.png?fit=700%2C800&ssl=1\",\"datePublished\":\"2017-06-14T08:50:29+00:00\",\"dateModified\":\"2026-01-12T05:46:58+00:00\",\"breadcrumb\":{\"@id\":\"https:\\\/\\\/kaptanfood.pl\\\/product\\\/pieczony-ciety-wolowy-iskender-1kg\\\/#breadcrumb\"},\"inLanguage\":\"en-US\",\"potentialAction\":[{\"@type\":\"ReadAction\",\"target\":[\"https:\\\/\\\/kaptanfood.pl\\\/product\\\/pieczony-ciety-wolowy-iskender-1kg\\\/\"]}]},{\"@type\":\"ImageObject\",\"inLanguage\":\"en-US\",\"@id\":\"https:\\\/\\\/kaptanfood.pl\\\/product\\\/pieczony-ciety-wolowy-iskender-1kg\\\/#primaryimage\",\"url\":\"https:\\\/\\\/i0.wp.com\\\/kaptanfood.pl\\\/wp-content\\\/uploads\\\/2022\\\/02\\\/mbmmeat.png?fit=700%2C800&ssl=1\",\"contentUrl\":\"https:\\\/\\\/i0.wp.com\\\/kaptanfood.pl\\\/wp-content\\\/uploads\\\/2022\\\/02\\\/mbmmeat.png?fit=700%2C800&ssl=1\",\"width\":700,\"height\":800},{\"@type\":\"BreadcrumbList\",\"@id\":\"https:\\\/\\\/kaptanfood.pl\\\/product\\\/pieczony-ciety-wolowy-iskender-1kg\\\/#breadcrumb\",\"itemListElement\":[{\"@type\":\"ListItem\",\"position\":1,\"name\":\"Home\",\"item\":\"https:\\\/\\\/kaptanfood.pl\\\/\"},{\"@type\":\"ListItem\",\"position\":2,\"name\":\"Produkty\",\"item\":\"https:\\\/\\\/kaptanfood.pl\\\/produkty\\\/\"},{\"@type\":\"ListItem\",\"position\":3,\"name\":\"Pieczony Kebab Wo\u0142owy Iskender 1 kg\"}]},{\"@type\":\"WebSite\",\"@id\":\"https:\\\/\\\/kaptanfood.pl\\\/tr\\\/#website\",\"url\":\"https:\\\/\\\/kaptanfood.pl\\\/tr\\\/\",\"name\":\"Kaptan Food\",\"description\":\"Kaptan Food Hurtownia Kebab - Wszystko dla restauracji\",\"potentialAction\":[{\"@type\":\"SearchAction\",\"target\":{\"@type\":\"EntryPoint\",\"urlTemplate\":\"https:\\\/\\\/kaptanfood.pl\\\/tr\\\/?s={search_term_string}\"},\"query-input\":{\"@type\":\"PropertyValueSpecification\",\"valueRequired\":true,\"valueName\":\"search_term_string\"}}],\"inLanguage\":\"en-US\"}]}<\/script>\n<!-- \/ Yoast SEO plugin. -->","yoast_head_json":{"title":"Pieczony Kebab Wo\u0142owy Iskender 1 kg - Kaptan Food","robots":{"index":"index","follow":"follow","max-snippet":"max-snippet:-1","max-image-preview":"max-image-preview:large","max-video-preview":"max-video-preview:-1"},"canonical":"https:\/\/kaptanfood.pl\/en\/product\/pieczony-ciety-wolowy-iskender-1kg\/","og_locale":"en_US","og_type":"article","og_title":"Pieczony Kebab Wo\u0142owy Iskender 1 kg - Kaptan Food","og_url":"https:\/\/kaptanfood.pl\/en\/product\/pieczony-ciety-wolowy-iskender-1kg\/","og_site_name":"Kaptan Food","article_modified_time":"2026-01-12T05:46:58+00:00","og_image":[{"width":700,"height":800,"url":"https:\/\/kaptanfood.pl\/wp-content\/uploads\/2022\/02\/mbmmeat.png","type":"image\/png"}],"twitter_card":"summary_large_image","twitter_misc":{"Est. reading time":"1 minute"},"schema":{"@context":"https:\/\/schema.org","@graph":[{"@type":"WebPage","@id":"https:\/\/kaptanfood.pl\/product\/pieczony-ciety-wolowy-iskender-1kg\/","url":"https:\/\/kaptanfood.pl\/product\/pieczony-ciety-wolowy-iskender-1kg\/","name":"Pieczony Kebab Wo\u0142owy Iskender 1 kg - Kaptan Food","isPartOf":{"@id":"https:\/\/kaptanfood.pl\/tr\/#website"},"primaryImageOfPage":{"@id":"https:\/\/kaptanfood.pl\/product\/pieczony-ciety-wolowy-iskender-1kg\/#primaryimage"},"image":{"@id":"https:\/\/kaptanfood.pl\/product\/pieczony-ciety-wolowy-iskender-1kg\/#primaryimage"},"thumbnailUrl":"https:\/\/i0.wp.com\/kaptanfood.pl\/wp-content\/uploads\/2022\/02\/mbmmeat.png?fit=700%2C800&ssl=1","datePublished":"2017-06-14T08:50:29+00:00","dateModified":"2026-01-12T05:46:58+00:00","breadcrumb":{"@id":"https:\/\/kaptanfood.pl\/product\/pieczony-ciety-wolowy-iskender-1kg\/#breadcrumb"},"inLanguage":"en-US","potentialAction":[{"@type":"ReadAction","target":["https:\/\/kaptanfood.pl\/product\/pieczony-ciety-wolowy-iskender-1kg\/"]}]},{"@type":"ImageObject","inLanguage":"en-US","@id":"https:\/\/kaptanfood.pl\/product\/pieczony-ciety-wolowy-iskender-1kg\/#primaryimage","url":"https:\/\/i0.wp.com\/kaptanfood.pl\/wp-content\/uploads\/2022\/02\/mbmmeat.png?fit=700%2C800&ssl=1","contentUrl":"https:\/\/i0.wp.com\/kaptanfood.pl\/wp-content\/uploads\/2022\/02\/mbmmeat.png?fit=700%2C800&ssl=1","width":700,"height":800},{"@type":"BreadcrumbList","@id":"https:\/\/kaptanfood.pl\/product\/pieczony-ciety-wolowy-iskender-1kg\/#breadcrumb","itemListElement":[{"@type":"ListItem","position":1,"name":"Home","item":"https:\/\/kaptanfood.pl\/"},{"@type":"ListItem","position":2,"name":"Produkty","item":"https:\/\/kaptanfood.pl\/produkty\/"},{"@type":"ListItem","position":3,"name":"Pieczony Kebab Wo\u0142owy Iskender 1 kg"}]},{"@type":"WebSite","@id":"https:\/\/kaptanfood.pl\/tr\/#website","url":"https:\/\/kaptanfood.pl\/tr\/","name":"Kaptan Food","description":"Kaptan Food Wholesale Kebab - Everything for Restaurants","potentialAction":[{"@type":"SearchAction","target":{"@type":"EntryPoint","urlTemplate":"https:\/\/kaptanfood.pl\/tr\/?s={search_term_string}"},"query-input":{"@type":"PropertyValueSpecification","valueRequired":true,"valueName":"search_term_string"}}],"inLanguage":"en-US"}]}},"jetpack_sharing_enabled":true,"_links":{"self":[{"href":"https:\/\/kaptanfood.pl\/en\/wp-json\/wp\/v2\/product\/50","targetHints":{"allow":["GET"]}}],"collection":[{"href":"https:\/\/kaptanfood.pl\/en\/wp-json\/wp\/v2\/product"}],"about":[{"href":"https:\/\/kaptanfood.pl\/en\/wp-json\/wp\/v2\/types\/product"}],"wp:featuredmedia":[{"embeddable":true,"href":"https:\/\/kaptanfood.pl\/en\/wp-json\/wp\/v2\/media\/7070"}],"wp:attachment":[{"href":"https:\/\/kaptanfood.pl\/en\/wp-json\/wp\/v2\/media?parent=50"}],"wp:term":[{"taxonomy":"product_brand","embeddable":true,"href":"https:\/\/kaptanfood.pl\/en\/wp-json\/wp\/v2\/product_brand?post=50"},{"taxonomy":"product_cat","embeddable":true,"href":"https:\/\/kaptanfood.pl\/en\/wp-json\/wp\/v2\/product_cat?post=50"},{"taxonomy":"product_tag","embeddable":true,"href":"https:\/\/kaptanfood.pl\/en\/wp-json\/wp\/v2\/product_tag?post=50"}],"curies":[{"name":"wp","href":"https:\/\/api.w.org\/{rel}","templated":true}]}}