{"id":41799,"date":"2023-07-06T12:44:11","date_gmt":"2023-07-06T10:44:11","guid":{"rendered":"https:\/\/kaptanfood.pl\/?post_type=product&#038;p=41799"},"modified":"2026-03-13T07:50:24","modified_gmt":"2026-03-13T06:50:24","slug":"sos-louisiana-bbq-1000-ml","status":"publish","type":"product","link":"https:\/\/kaptanfood.pl\/en\/product\/sos-louisiana-bbq-1000-ml\/","title":{"rendered":"Louisiana BBQ Sauce 1000 ml"},"content":{"rendered":"<div class=\"wpb-content-wrapper\"><div class=\"vc_row wpb_row vc_row-fluid vc_custom_1632566163505 vc_row-o-content-middle vc_row-flex wd-rs-614efb885b0d8\"><div class=\"wpb_column vc_column_container vc_col-sm-12 vc_col-md-6\"><div class=\"vc_column-inner\"><div class=\"wpb_wrapper\">\t\t<div id=\"wd-69b3b2764c0d4\" class=\"wd-image wd-wpb wd-rs-69b3b2764c0d4 hidden-xs text-left\">\n\t\t\t\n\t\t\t<img loading=\"lazy\" decoding=\"async\" width=\"700\" height=\"800\" src=\"https:\/\/i0.wp.com\/kaptanfood.pl\/wp-content\/uploads\/2023\/07\/Sos-BBQ.png?fit=700%2C800&amp;ssl=1\" class=\"attachment-full size-full\" alt=\"\" srcset=\"https:\/\/i0.wp.com\/kaptanfood.pl\/wp-content\/uploads\/2023\/07\/Sos-BBQ.png?w=700&amp;ssl=1 700w, https:\/\/i0.wp.com\/kaptanfood.pl\/wp-content\/uploads\/2023\/07\/Sos-BBQ.png?resize=263%2C300&amp;ssl=1 263w, https:\/\/i0.wp.com\/kaptanfood.pl\/wp-content\/uploads\/2023\/07\/Sos-BBQ.png?resize=430%2C491&amp;ssl=1 430w, https:\/\/i0.wp.com\/kaptanfood.pl\/wp-content\/uploads\/2023\/07\/Sos-BBQ.png?resize=150%2C171&amp;ssl=1 150w\" sizes=\"auto, (max-width: 700px) 100vw, 700px\" \/>\n\t\t\t\t\t<\/div>\n\t\t<\/div><\/div><\/div><div class=\"wpb_column vc_column_container vc_col-sm-12 vc_col-md-6\"><div class=\"vc_column-inner vc_custom_1496394189503\"><div class=\"wpb_wrapper\">\t\t<div id=\"wd-69b3b2075d0a8\" class=\"wd-text-block wd-wpb reset-last-child wd-rs-69b3b2075d0a8 text-left wd-fontsize-custom vc_custom_1773384204694\">\n\t\t\t<p>Louisiana Barbecue sauce is an American classic - a tangy offering that works perfectly with grilled meats and casseroles. Also delicious as a dip for appetizers.<\/p>\n<p><strong>WHAT TO CONNECT?<\/strong><\/p>\n<p><img data-recalc-dims=\"1\" decoding=\"async\" class=\"icons\" title=\"meat\" src=\"https:\/\/i0.wp.com\/www.tarsmak.pl\/images\/tarsmak\/web\/z-czym-laczyc\/gril-icon.jpg?ssl=1\" alt=\"gril icon\" \/><img data-recalc-dims=\"1\" decoding=\"async\" class=\"icons\" title=\"sandwich\" src=\"https:\/\/i0.wp.com\/www.tarsmak.pl\/images\/tarsmak\/web\/z-czym-laczyc\/mieso-icon.jpg?ssl=1\" alt=\"mieso icon\" \/><img data-recalc-dims=\"1\" decoding=\"async\" src=\"https:\/\/i0.wp.com\/www.tarsmak.pl\/images\/tarsmak\/web\/z-czym-laczyc\/pizza-icon.jpg?ssl=1\" alt=\"pizza icon\" \/><\/p>\n\t\t<\/div>\n\t\t\t\t<div id=\"wd-69b3b3a5a66bc\" class=\"wd-text-block wd-wpb reset-last-child wd-rs-69b3b3a5a66bc text-left wd-fontsize-custom\">\n\t\t\t<table>\n<tbody>\n<tr>\n<th style=\"text-align: left;\"><strong>Storage temperature<\/strong><\/th>\n<td style=\"text-align: left; font-size: 16px;\">36\u201346\u00b0F<\/td>\n<\/tr>\n<tr>\n<th style=\"text-align: left;\"><strong>HALAL<\/strong><\/th>\n<td style=\"text-align: left; font-size: 16px;\">YES<\/td>\n<\/tr>\n<tr>\n<th style=\"text-align: left;\"><strong>Packaging<\/strong><\/th>\n<td style=\"text-align: left; font-size: 16px;\"><strong>1100 g<\/strong><\/td>\n<\/tr>\n<tr>\n<th style=\"text-align: left;\"><strong>Ingredients<\/strong><\/th>\n<td style=\"text-align: left; font-size: 16px;\"><\/td>\n<\/tr>\n<\/tbody>\n<\/table>\n\t\t<\/div>\n\t\t<\/div><\/div><\/div><\/div>\n<\/div>","protected":false},"excerpt":{"rendered":"Sos Louisiana Barbecue to ameryka\u0144ski klasyk \u2013 pikantna propozycja, kt\u00f3ra sprawdza si\u0119 idealnie do grillowanych mi\u0119s i zapiekanek. Wy\u015bmienity r\u00f3wnie\u017c","protected":false},"featured_media":41796,"template":"","meta":[],"product_brand":[],"product_cat":[228],"product_tag":[],"class_list":{"0":"post-41799","1":"product","2":"type-product","3":"status-publish","4":"has-post-thumbnail","6":"product_cat-sosy","7":"pa_brand-tarsmak","9":"first","10":"instock","11":"taxable","12":"shipping-taxable","13":"purchasable","14":"product-type-simple"},"yoast_head":"<!-- This site is optimized with the Yoast SEO plugin v27.3 - https:\/\/yoast.com\/product\/yoast-seo-wordpress\/ -->\n<title>Sos Louisiana BBQ 1000 ml - Kaptan Food<\/title>\n<meta name=\"robots\" content=\"index, follow, max-snippet:-1, max-image-preview:large, max-video-preview:-1\" \/>\n<link rel=\"canonical\" href=\"https:\/\/kaptanfood.pl\/en\/product\/sos-louisiana-bbq-1000-ml\/\" \/>\n<meta property=\"og:locale\" content=\"en_US\" \/>\n<meta property=\"og:type\" content=\"article\" \/>\n<meta property=\"og:title\" content=\"Sos Louisiana BBQ 1000 ml - Kaptan Food\" \/>\n<meta property=\"og:url\" content=\"https:\/\/kaptanfood.pl\/en\/product\/sos-louisiana-bbq-1000-ml\/\" \/>\n<meta property=\"og:site_name\" content=\"Kaptan Food\" \/>\n<meta property=\"article:modified_time\" content=\"2026-03-13T06:50:24+00:00\" \/>\n<meta property=\"og:image\" content=\"https:\/\/kaptanfood.pl\/wp-content\/uploads\/2023\/07\/Sos-BBQ.png\" \/>\n\t<meta property=\"og:image:width\" content=\"700\" \/>\n\t<meta property=\"og:image:height\" content=\"800\" \/>\n\t<meta property=\"og:image:type\" content=\"image\/png\" \/>\n<meta name=\"twitter:card\" content=\"summary_large_image\" \/>\n<meta name=\"twitter:label1\" content=\"Est. reading time\" \/>\n\t<meta name=\"twitter:data1\" content=\"2 minutes\" \/>\n<script type=\"application\/ld+json\" class=\"yoast-schema-graph\">{\"@context\":\"https:\\\/\\\/schema.org\",\"@graph\":[{\"@type\":\"WebPage\",\"@id\":\"https:\\\/\\\/kaptanfood.pl\\\/product\\\/sos-louisiana-bbq-1000-ml\\\/\",\"url\":\"https:\\\/\\\/kaptanfood.pl\\\/product\\\/sos-louisiana-bbq-1000-ml\\\/\",\"name\":\"Sos Louisiana BBQ 1000 ml - Kaptan Food\",\"isPartOf\":{\"@id\":\"https:\\\/\\\/kaptanfood.pl\\\/tr\\\/#website\"},\"primaryImageOfPage\":{\"@id\":\"https:\\\/\\\/kaptanfood.pl\\\/product\\\/sos-louisiana-bbq-1000-ml\\\/#primaryimage\"},\"image\":{\"@id\":\"https:\\\/\\\/kaptanfood.pl\\\/product\\\/sos-louisiana-bbq-1000-ml\\\/#primaryimage\"},\"thumbnailUrl\":\"https:\\\/\\\/i0.wp.com\\\/kaptanfood.pl\\\/wp-content\\\/uploads\\\/2023\\\/07\\\/Sos-BBQ.png?fit=700%2C800&ssl=1\",\"datePublished\":\"2023-07-06T10:44:11+00:00\",\"dateModified\":\"2026-03-13T06:50:24+00:00\",\"breadcrumb\":{\"@id\":\"https:\\\/\\\/kaptanfood.pl\\\/product\\\/sos-louisiana-bbq-1000-ml\\\/#breadcrumb\"},\"inLanguage\":\"en-US\",\"potentialAction\":[{\"@type\":\"ReadAction\",\"target\":[\"https:\\\/\\\/kaptanfood.pl\\\/product\\\/sos-louisiana-bbq-1000-ml\\\/\"]}]},{\"@type\":\"ImageObject\",\"inLanguage\":\"en-US\",\"@id\":\"https:\\\/\\\/kaptanfood.pl\\\/product\\\/sos-louisiana-bbq-1000-ml\\\/#primaryimage\",\"url\":\"https:\\\/\\\/i0.wp.com\\\/kaptanfood.pl\\\/wp-content\\\/uploads\\\/2023\\\/07\\\/Sos-BBQ.png?fit=700%2C800&ssl=1\",\"contentUrl\":\"https:\\\/\\\/i0.wp.com\\\/kaptanfood.pl\\\/wp-content\\\/uploads\\\/2023\\\/07\\\/Sos-BBQ.png?fit=700%2C800&ssl=1\",\"width\":700,\"height\":800},{\"@type\":\"BreadcrumbList\",\"@id\":\"https:\\\/\\\/kaptanfood.pl\\\/product\\\/sos-louisiana-bbq-1000-ml\\\/#breadcrumb\",\"itemListElement\":[{\"@type\":\"ListItem\",\"position\":1,\"name\":\"Home\",\"item\":\"https:\\\/\\\/kaptanfood.pl\\\/\"},{\"@type\":\"ListItem\",\"position\":2,\"name\":\"Produkty\",\"item\":\"https:\\\/\\\/kaptanfood.pl\\\/produkty\\\/\"},{\"@type\":\"ListItem\",\"position\":3,\"name\":\"Sos Louisiana BBQ 1000 ml\"}]},{\"@type\":\"WebSite\",\"@id\":\"https:\\\/\\\/kaptanfood.pl\\\/tr\\\/#website\",\"url\":\"https:\\\/\\\/kaptanfood.pl\\\/tr\\\/\",\"name\":\"Kaptan Food\",\"description\":\"Kaptan Food Hurtownia Kebab - Wszystko dla restauracji\",\"potentialAction\":[{\"@type\":\"SearchAction\",\"target\":{\"@type\":\"EntryPoint\",\"urlTemplate\":\"https:\\\/\\\/kaptanfood.pl\\\/tr\\\/?s={search_term_string}\"},\"query-input\":{\"@type\":\"PropertyValueSpecification\",\"valueRequired\":true,\"valueName\":\"search_term_string\"}}],\"inLanguage\":\"en-US\"}]}<\/script>\n<!-- \/ Yoast SEO plugin. -->","yoast_head_json":{"title":"Sos Louisiana BBQ 1000 ml - Kaptan Food","robots":{"index":"index","follow":"follow","max-snippet":"max-snippet:-1","max-image-preview":"max-image-preview:large","max-video-preview":"max-video-preview:-1"},"canonical":"https:\/\/kaptanfood.pl\/en\/product\/sos-louisiana-bbq-1000-ml\/","og_locale":"en_US","og_type":"article","og_title":"Sos Louisiana BBQ 1000 ml - Kaptan Food","og_url":"https:\/\/kaptanfood.pl\/en\/product\/sos-louisiana-bbq-1000-ml\/","og_site_name":"Kaptan Food","article_modified_time":"2026-03-13T06:50:24+00:00","og_image":[{"width":700,"height":800,"url":"https:\/\/kaptanfood.pl\/wp-content\/uploads\/2023\/07\/Sos-BBQ.png","type":"image\/png"}],"twitter_card":"summary_large_image","twitter_misc":{"Est. reading time":"2 minutes"},"schema":{"@context":"https:\/\/schema.org","@graph":[{"@type":"WebPage","@id":"https:\/\/kaptanfood.pl\/product\/sos-louisiana-bbq-1000-ml\/","url":"https:\/\/kaptanfood.pl\/product\/sos-louisiana-bbq-1000-ml\/","name":"Sos Louisiana BBQ 1000 ml - Kaptan Food","isPartOf":{"@id":"https:\/\/kaptanfood.pl\/tr\/#website"},"primaryImageOfPage":{"@id":"https:\/\/kaptanfood.pl\/product\/sos-louisiana-bbq-1000-ml\/#primaryimage"},"image":{"@id":"https:\/\/kaptanfood.pl\/product\/sos-louisiana-bbq-1000-ml\/#primaryimage"},"thumbnailUrl":"https:\/\/i0.wp.com\/kaptanfood.pl\/wp-content\/uploads\/2023\/07\/Sos-BBQ.png?fit=700%2C800&ssl=1","datePublished":"2023-07-06T10:44:11+00:00","dateModified":"2026-03-13T06:50:24+00:00","breadcrumb":{"@id":"https:\/\/kaptanfood.pl\/product\/sos-louisiana-bbq-1000-ml\/#breadcrumb"},"inLanguage":"en-US","potentialAction":[{"@type":"ReadAction","target":["https:\/\/kaptanfood.pl\/product\/sos-louisiana-bbq-1000-ml\/"]}]},{"@type":"ImageObject","inLanguage":"en-US","@id":"https:\/\/kaptanfood.pl\/product\/sos-louisiana-bbq-1000-ml\/#primaryimage","url":"https:\/\/i0.wp.com\/kaptanfood.pl\/wp-content\/uploads\/2023\/07\/Sos-BBQ.png?fit=700%2C800&ssl=1","contentUrl":"https:\/\/i0.wp.com\/kaptanfood.pl\/wp-content\/uploads\/2023\/07\/Sos-BBQ.png?fit=700%2C800&ssl=1","width":700,"height":800},{"@type":"BreadcrumbList","@id":"https:\/\/kaptanfood.pl\/product\/sos-louisiana-bbq-1000-ml\/#breadcrumb","itemListElement":[{"@type":"ListItem","position":1,"name":"Home","item":"https:\/\/kaptanfood.pl\/"},{"@type":"ListItem","position":2,"name":"Produkty","item":"https:\/\/kaptanfood.pl\/produkty\/"},{"@type":"ListItem","position":3,"name":"Sos Louisiana BBQ 1000 ml"}]},{"@type":"WebSite","@id":"https:\/\/kaptanfood.pl\/tr\/#website","url":"https:\/\/kaptanfood.pl\/tr\/","name":"Kaptan Food","description":"Kaptan Food Wholesale Kebab - Everything for Restaurants","potentialAction":[{"@type":"SearchAction","target":{"@type":"EntryPoint","urlTemplate":"https:\/\/kaptanfood.pl\/tr\/?s={search_term_string}"},"query-input":{"@type":"PropertyValueSpecification","valueRequired":true,"valueName":"search_term_string"}}],"inLanguage":"en-US"}]}},"jetpack_sharing_enabled":true,"_links":{"self":[{"href":"https:\/\/kaptanfood.pl\/en\/wp-json\/wp\/v2\/product\/41799","targetHints":{"allow":["GET"]}}],"collection":[{"href":"https:\/\/kaptanfood.pl\/en\/wp-json\/wp\/v2\/product"}],"about":[{"href":"https:\/\/kaptanfood.pl\/en\/wp-json\/wp\/v2\/types\/product"}],"wp:featuredmedia":[{"embeddable":true,"href":"https:\/\/kaptanfood.pl\/en\/wp-json\/wp\/v2\/media\/41796"}],"wp:attachment":[{"href":"https:\/\/kaptanfood.pl\/en\/wp-json\/wp\/v2\/media?parent=41799"}],"wp:term":[{"taxonomy":"product_brand","embeddable":true,"href":"https:\/\/kaptanfood.pl\/en\/wp-json\/wp\/v2\/product_brand?post=41799"},{"taxonomy":"product_cat","embeddable":true,"href":"https:\/\/kaptanfood.pl\/en\/wp-json\/wp\/v2\/product_cat?post=41799"},{"taxonomy":"product_tag","embeddable":true,"href":"https:\/\/kaptanfood.pl\/en\/wp-json\/wp\/v2\/product_tag?post=41799"}],"curies":[{"name":"wp","href":"https:\/\/api.w.org\/{rel}","templated":true}]}}