{"id":151415,"date":"2025-10-30T15:09:37","date_gmt":"2025-10-30T14:09:37","guid":{"rendered":"https:\/\/kaptanfood.pl\/?post_type=product&#038;p=151415"},"modified":"2026-03-13T08:10:14","modified_gmt":"2026-03-13T07:10:14","slug":"sos-sweet-sour-1100gr","status":"publish","type":"product","link":"https:\/\/kaptanfood.pl\/en\/product\/sos-sweet-sour-1100gr\/","title":{"rendered":"Sweet and Sour Sauce 1100 gr"},"content":{"rendered":"<div class=\"wpb-content-wrapper\"><div class=\"vc_row wpb_row vc_row-fluid vc_custom_1632566163505 vc_row-o-content-middle vc_row-flex wd-rs-614efb885b0d8\"><div class=\"wpb_column vc_column_container vc_col-sm-12 vc_col-md-6\"><div class=\"vc_column-inner\"><div class=\"wpb_wrapper\">\t\t<div id=\"wd-69b3b8018b1cf\" class=\"wd-image wd-wpb wd-rs-69b3b8018b1cf hidden-xs text-left\">\n\t\t\t\n\t\t\t<img loading=\"lazy\" decoding=\"async\" width=\"700\" height=\"800\" src=\"https:\/\/i0.wp.com\/kaptanfood.pl\/wp-content\/uploads\/2025\/10\/sos-sourr-sweet.webp?fit=700%2C800&amp;ssl=1\" class=\"attachment-full size-full\" alt=\"\" srcset=\"https:\/\/i0.wp.com\/kaptanfood.pl\/wp-content\/uploads\/2025\/10\/sos-sourr-sweet.webp?w=700&amp;ssl=1 700w, https:\/\/i0.wp.com\/kaptanfood.pl\/wp-content\/uploads\/2025\/10\/sos-sourr-sweet.webp?resize=263%2C300&amp;ssl=1 263w, https:\/\/i0.wp.com\/kaptanfood.pl\/wp-content\/uploads\/2025\/10\/sos-sourr-sweet.webp?resize=11%2C12&amp;ssl=1 11w, https:\/\/i0.wp.com\/kaptanfood.pl\/wp-content\/uploads\/2025\/10\/sos-sourr-sweet.webp?resize=430%2C491&amp;ssl=1 430w, https:\/\/i0.wp.com\/kaptanfood.pl\/wp-content\/uploads\/2025\/10\/sos-sourr-sweet.webp?resize=150%2C171&amp;ssl=1 150w\" sizes=\"auto, (max-width: 700px) 100vw, 700px\" \/>\n\t\t\t\t\t<\/div>\n\t\t<\/div><\/div><\/div><div class=\"wpb_column vc_column_container vc_col-sm-12 vc_col-md-6\"><div class=\"vc_column-inner vc_custom_1496394189503\"><div class=\"wpb_wrapper\">\t\t<div id=\"wd-69b3b7fabf79d\" class=\"wd-text-block wd-wpb reset-last-child wd-rs-69b3b7fabf79d text-left wd-fontsize-custom vc_custom_1773385727221\">\n\t\t\t<p>Sweet and sour sauce with a mild garlic flavor and a hint of lemon. Thick and sticky. Light orange, clear color. The taste transports you to the Far East. Excellent with rice, chicken in various Asian variations, and stir-fried vegetables. The typical Chinese sauce served in carafes with rice and chicken.<\/p>\n<p>&nbsp;<\/p>\n<p><strong>WHAT TO CONNECT?<\/strong><\/p>\n<p><img data-recalc-dims=\"1\" decoding=\"async\" class=\"icons\" title=\"meat\" src=\"https:\/\/i0.wp.com\/www.tarsmak.pl\/images\/tarsmak\/web\/z-czym-laczyc\/salatka-icon.jpg?ssl=1\" alt=\"salatka icon\" \/><img data-recalc-dims=\"1\" decoding=\"async\" class=\"icons\" title=\"sandwich\" src=\"https:\/\/i0.wp.com\/www.tarsmak.pl\/images\/tarsmak\/web\/z-czym-laczyc\/ryz-icon.jpg?ssl=1\" alt=\"ryz icon\" \/><img data-recalc-dims=\"1\" decoding=\"async\" class=\"icons\" title=\"sandwich\" src=\"https:\/\/i0.wp.com\/www.tarsmak.pl\/images\/tarsmak\/web\/z-czym-laczyc\/drob-icon.jpg?ssl=1\" alt=\"drob icon\" \/><img data-recalc-dims=\"1\" decoding=\"async\" class=\"icons\" title=\"sandwich\" src=\"https:\/\/i0.wp.com\/www.tarsmak.pl\/images\/tarsmak\/web\/z-czym-laczyc\/kanapka-icon.jpg?ssl=1\" alt=\"kanapka icon\" \/><\/p>\n<p>&nbsp;<\/p>\n\t\t<\/div>\n\t\t\t\t<div id=\"wd-69b3b81d593b8\" class=\"wd-text-block wd-wpb reset-last-child wd-rs-69b3b81d593b8 text-left wd-fontsize-custom\">\n\t\t\t<table>\n<tbody>\n<tr>\n<th style=\"text-align: left;\"><strong>Storage temperature<\/strong><\/th>\n<td style=\"text-align: left; font-size: 16px;\">36\u201368 \u00b0F<\/td>\n<\/tr>\n<tr>\n<th style=\"text-align: left;\"><strong>HALAL<\/strong><\/th>\n<td style=\"text-align: left; font-size: 16px;\">YES<\/td>\n<\/tr>\n<tr>\n<th style=\"text-align: left;\"><strong>Packaging<\/strong><\/th>\n<td style=\"text-align: left; font-size: 16px;\">1100 g<\/td>\n<\/tr>\n<tr>\n<th style=\"text-align: left;\"><strong>Ingredients<\/strong><\/th>\n<td style=\"text-align: left; font-size: 16px;\"><\/td>\n<\/tr>\n<\/tbody>\n<\/table>\n\t\t<\/div>\n\t\t<\/div><\/div><\/div><\/div>\n<\/div>","protected":false},"excerpt":{"rendered":"Sos s\u0142odko kwa\u015bny o \u0142agodnym czosnkowym smaku, z lekk\u0105 nut\u0105 cytryny. G\u0119sty, kleisty. Barwa jasnopomara\u0144czowa, klarowna. Smakiem przenosi na daleki","protected":false},"featured_media":151422,"template":"","meta":[],"product_brand":[],"product_cat":[228],"product_tag":[],"class_list":{"0":"post-151415","1":"product","2":"type-product","3":"status-publish","4":"has-post-thumbnail","6":"product_cat-sosy","8":"first","9":"instock","10":"taxable","11":"shipping-taxable","12":"purchasable","13":"product-type-simple"},"yoast_head":"<!-- This site is optimized with the Yoast SEO plugin v27.3 - https:\/\/yoast.com\/product\/yoast-seo-wordpress\/ -->\n<title>Sos Sweet Sour 1100 gr - Kaptan Food<\/title>\n<meta name=\"robots\" content=\"index, follow, max-snippet:-1, max-image-preview:large, max-video-preview:-1\" \/>\n<link rel=\"canonical\" href=\"https:\/\/kaptanfood.pl\/en\/product\/sos-sweet-sour-1100gr\/\" \/>\n<meta property=\"og:locale\" content=\"en_US\" \/>\n<meta property=\"og:type\" content=\"article\" \/>\n<meta property=\"og:title\" content=\"Sos Sweet Sour 1100 gr - Kaptan Food\" \/>\n<meta property=\"og:url\" content=\"https:\/\/kaptanfood.pl\/en\/product\/sos-sweet-sour-1100gr\/\" \/>\n<meta property=\"og:site_name\" content=\"Kaptan Food\" \/>\n<meta property=\"article:modified_time\" content=\"2026-03-13T07:10:14+00:00\" \/>\n<meta property=\"og:image\" content=\"https:\/\/kaptanfood.pl\/wp-content\/uploads\/2025\/10\/sos-sourr-sweet.webp\" \/>\n\t<meta property=\"og:image:width\" content=\"700\" \/>\n\t<meta property=\"og:image:height\" content=\"800\" \/>\n\t<meta property=\"og:image:type\" content=\"image\/webp\" \/>\n<meta name=\"twitter:card\" content=\"summary_large_image\" \/>\n<meta name=\"twitter:label1\" content=\"Est. reading time\" \/>\n\t<meta name=\"twitter:data1\" content=\"2 minutes\" \/>\n<script type=\"application\/ld+json\" class=\"yoast-schema-graph\">{\"@context\":\"https:\\\/\\\/schema.org\",\"@graph\":[{\"@type\":\"WebPage\",\"@id\":\"https:\\\/\\\/kaptanfood.pl\\\/product\\\/sos-sweet-sour-1100gr\\\/\",\"url\":\"https:\\\/\\\/kaptanfood.pl\\\/product\\\/sos-sweet-sour-1100gr\\\/\",\"name\":\"Sos Sweet Sour 1100 gr - Kaptan Food\",\"isPartOf\":{\"@id\":\"https:\\\/\\\/kaptanfood.pl\\\/tr\\\/#website\"},\"primaryImageOfPage\":{\"@id\":\"https:\\\/\\\/kaptanfood.pl\\\/product\\\/sos-sweet-sour-1100gr\\\/#primaryimage\"},\"image\":{\"@id\":\"https:\\\/\\\/kaptanfood.pl\\\/product\\\/sos-sweet-sour-1100gr\\\/#primaryimage\"},\"thumbnailUrl\":\"https:\\\/\\\/i0.wp.com\\\/kaptanfood.pl\\\/wp-content\\\/uploads\\\/2025\\\/10\\\/sos-sourr-sweet.webp?fit=700%2C800&ssl=1\",\"datePublished\":\"2025-10-30T14:09:37+00:00\",\"dateModified\":\"2026-03-13T07:10:14+00:00\",\"breadcrumb\":{\"@id\":\"https:\\\/\\\/kaptanfood.pl\\\/product\\\/sos-sweet-sour-1100gr\\\/#breadcrumb\"},\"inLanguage\":\"en-US\",\"potentialAction\":[{\"@type\":\"ReadAction\",\"target\":[\"https:\\\/\\\/kaptanfood.pl\\\/product\\\/sos-sweet-sour-1100gr\\\/\"]}]},{\"@type\":\"ImageObject\",\"inLanguage\":\"en-US\",\"@id\":\"https:\\\/\\\/kaptanfood.pl\\\/product\\\/sos-sweet-sour-1100gr\\\/#primaryimage\",\"url\":\"https:\\\/\\\/i0.wp.com\\\/kaptanfood.pl\\\/wp-content\\\/uploads\\\/2025\\\/10\\\/sos-sourr-sweet.webp?fit=700%2C800&ssl=1\",\"contentUrl\":\"https:\\\/\\\/i0.wp.com\\\/kaptanfood.pl\\\/wp-content\\\/uploads\\\/2025\\\/10\\\/sos-sourr-sweet.webp?fit=700%2C800&ssl=1\",\"width\":700,\"height\":800},{\"@type\":\"BreadcrumbList\",\"@id\":\"https:\\\/\\\/kaptanfood.pl\\\/product\\\/sos-sweet-sour-1100gr\\\/#breadcrumb\",\"itemListElement\":[{\"@type\":\"ListItem\",\"position\":1,\"name\":\"Home\",\"item\":\"https:\\\/\\\/kaptanfood.pl\\\/\"},{\"@type\":\"ListItem\",\"position\":2,\"name\":\"Produkty\",\"item\":\"https:\\\/\\\/kaptanfood.pl\\\/produkty\\\/\"},{\"@type\":\"ListItem\",\"position\":3,\"name\":\"Sos Sweet Sour 1100 gr\"}]},{\"@type\":\"WebSite\",\"@id\":\"https:\\\/\\\/kaptanfood.pl\\\/tr\\\/#website\",\"url\":\"https:\\\/\\\/kaptanfood.pl\\\/tr\\\/\",\"name\":\"Kaptan Food\",\"description\":\"Kaptan Food Hurtownia Kebab - Wszystko dla restauracji\",\"potentialAction\":[{\"@type\":\"SearchAction\",\"target\":{\"@type\":\"EntryPoint\",\"urlTemplate\":\"https:\\\/\\\/kaptanfood.pl\\\/tr\\\/?s={search_term_string}\"},\"query-input\":{\"@type\":\"PropertyValueSpecification\",\"valueRequired\":true,\"valueName\":\"search_term_string\"}}],\"inLanguage\":\"en-US\"}]}<\/script>\n<!-- \/ Yoast SEO plugin. -->","yoast_head_json":{"title":"Sos Sweet Sour 1100 gr - Kaptan Food","robots":{"index":"index","follow":"follow","max-snippet":"max-snippet:-1","max-image-preview":"max-image-preview:large","max-video-preview":"max-video-preview:-1"},"canonical":"https:\/\/kaptanfood.pl\/en\/product\/sos-sweet-sour-1100gr\/","og_locale":"en_US","og_type":"article","og_title":"Sos Sweet Sour 1100 gr - Kaptan Food","og_url":"https:\/\/kaptanfood.pl\/en\/product\/sos-sweet-sour-1100gr\/","og_site_name":"Kaptan Food","article_modified_time":"2026-03-13T07:10:14+00:00","og_image":[{"width":700,"height":800,"url":"https:\/\/kaptanfood.pl\/wp-content\/uploads\/2025\/10\/sos-sourr-sweet.webp","type":"image\/webp"}],"twitter_card":"summary_large_image","twitter_misc":{"Est. reading time":"2 minutes"},"schema":{"@context":"https:\/\/schema.org","@graph":[{"@type":"WebPage","@id":"https:\/\/kaptanfood.pl\/product\/sos-sweet-sour-1100gr\/","url":"https:\/\/kaptanfood.pl\/product\/sos-sweet-sour-1100gr\/","name":"Sos Sweet Sour 1100 gr - Kaptan Food","isPartOf":{"@id":"https:\/\/kaptanfood.pl\/tr\/#website"},"primaryImageOfPage":{"@id":"https:\/\/kaptanfood.pl\/product\/sos-sweet-sour-1100gr\/#primaryimage"},"image":{"@id":"https:\/\/kaptanfood.pl\/product\/sos-sweet-sour-1100gr\/#primaryimage"},"thumbnailUrl":"https:\/\/i0.wp.com\/kaptanfood.pl\/wp-content\/uploads\/2025\/10\/sos-sourr-sweet.webp?fit=700%2C800&ssl=1","datePublished":"2025-10-30T14:09:37+00:00","dateModified":"2026-03-13T07:10:14+00:00","breadcrumb":{"@id":"https:\/\/kaptanfood.pl\/product\/sos-sweet-sour-1100gr\/#breadcrumb"},"inLanguage":"en-US","potentialAction":[{"@type":"ReadAction","target":["https:\/\/kaptanfood.pl\/product\/sos-sweet-sour-1100gr\/"]}]},{"@type":"ImageObject","inLanguage":"en-US","@id":"https:\/\/kaptanfood.pl\/product\/sos-sweet-sour-1100gr\/#primaryimage","url":"https:\/\/i0.wp.com\/kaptanfood.pl\/wp-content\/uploads\/2025\/10\/sos-sourr-sweet.webp?fit=700%2C800&ssl=1","contentUrl":"https:\/\/i0.wp.com\/kaptanfood.pl\/wp-content\/uploads\/2025\/10\/sos-sourr-sweet.webp?fit=700%2C800&ssl=1","width":700,"height":800},{"@type":"BreadcrumbList","@id":"https:\/\/kaptanfood.pl\/product\/sos-sweet-sour-1100gr\/#breadcrumb","itemListElement":[{"@type":"ListItem","position":1,"name":"Home","item":"https:\/\/kaptanfood.pl\/"},{"@type":"ListItem","position":2,"name":"Produkty","item":"https:\/\/kaptanfood.pl\/produkty\/"},{"@type":"ListItem","position":3,"name":"Sos Sweet Sour 1100 gr"}]},{"@type":"WebSite","@id":"https:\/\/kaptanfood.pl\/tr\/#website","url":"https:\/\/kaptanfood.pl\/tr\/","name":"Kaptan Food","description":"Kaptan Food Wholesale Kebab - Everything for Restaurants","potentialAction":[{"@type":"SearchAction","target":{"@type":"EntryPoint","urlTemplate":"https:\/\/kaptanfood.pl\/tr\/?s={search_term_string}"},"query-input":{"@type":"PropertyValueSpecification","valueRequired":true,"valueName":"search_term_string"}}],"inLanguage":"en-US"}]}},"jetpack_sharing_enabled":true,"_links":{"self":[{"href":"https:\/\/kaptanfood.pl\/en\/wp-json\/wp\/v2\/product\/151415","targetHints":{"allow":["GET"]}}],"collection":[{"href":"https:\/\/kaptanfood.pl\/en\/wp-json\/wp\/v2\/product"}],"about":[{"href":"https:\/\/kaptanfood.pl\/en\/wp-json\/wp\/v2\/types\/product"}],"wp:featuredmedia":[{"embeddable":true,"href":"https:\/\/kaptanfood.pl\/en\/wp-json\/wp\/v2\/media\/151422"}],"wp:attachment":[{"href":"https:\/\/kaptanfood.pl\/en\/wp-json\/wp\/v2\/media?parent=151415"}],"wp:term":[{"taxonomy":"product_brand","embeddable":true,"href":"https:\/\/kaptanfood.pl\/en\/wp-json\/wp\/v2\/product_brand?post=151415"},{"taxonomy":"product_cat","embeddable":true,"href":"https:\/\/kaptanfood.pl\/en\/wp-json\/wp\/v2\/product_cat?post=151415"},{"taxonomy":"product_tag","embeddable":true,"href":"https:\/\/kaptanfood.pl\/en\/wp-json\/wp\/v2\/product_tag?post=151415"}],"curies":[{"name":"wp","href":"https:\/\/api.w.org\/{rel}","templated":true}]}}