{"id":135798,"date":"2025-09-26T13:15:18","date_gmt":"2025-09-26T11:15:18","guid":{"rendered":"https:\/\/kaptanfood.pl\/?post_type=product&#038;p=135798"},"modified":"2025-12-03T13:14:21","modified_gmt":"2025-12-03T12:14:21","slug":"chusteczki-mokre-biale-cleen-home","status":"publish","type":"product","link":"https:\/\/kaptanfood.pl\/en\/product\/chusteczki-mokre-biale-cleen-home\/","title":{"rendered":"Cleeny White Soap Wet Wipes (100 pcs)"},"content":{"rendered":"<div class=\"wpb-content-wrapper\"><div class=\"vc_row wpb_row vc_row-fluid\"><div class=\"wpb_column vc_column_container vc_col-sm-6\"><div class=\"vc_column-inner\"><div class=\"wpb_wrapper\">\n\t<div class=\"wpb_text_column wpb_content_element\" >\n\t\t<div class=\"wpb_wrapper\">\n\t\t\t<p><strong>Clean Easy Clean<\/strong> Large-capacity surface cleaning wipes (1,000 ml and more), designed for long-term use. The product makes it easy to quickly clean surfaces at home, is alcohol-free and convenient to use.<\/p>\n\n\t\t<\/div>\n\t<\/div>\n<\/div><\/div><\/div><div class=\"wpb_column vc_column_container vc_col-sm-6\"><div class=\"vc_column-inner\"><div class=\"wpb_wrapper\">\n\t<div  class=\"wpb_single_image wpb_content_element vc_align_left\">\n\t\t\n\t\t<figure class=\"wpb_wrapper vc_figure\">\n\t\t\t<div class=\"vc_single_image-wrapper   vc_box_border_grey\"><img loading=\"lazy\" decoding=\"async\" width=\"150\" height=\"150\" src=\"https:\/\/i0.wp.com\/kaptanfood.pl\/wp-content\/uploads\/2025\/09\/easy-clean-soup.webp?resize=150%2C150&amp;ssl=1\" class=\"vc_single_image-img attachment-thumbnail\" alt=\"\" title=\"Easy soup\" srcset=\"https:\/\/i0.wp.com\/kaptanfood.pl\/wp-content\/uploads\/2025\/09\/easy-clean-soup.webp?resize=150%2C150&amp;ssl=1 150w, https:\/\/i0.wp.com\/kaptanfood.pl\/wp-content\/uploads\/2025\/09\/easy-clean-soup.webp?resize=11%2C12&amp;ssl=1 11w, https:\/\/i0.wp.com\/kaptanfood.pl\/wp-content\/uploads\/2025\/09\/easy-clean-soup.webp?resize=32%2C32&amp;ssl=1 32w, https:\/\/i0.wp.com\/kaptanfood.pl\/wp-content\/uploads\/2025\/09\/easy-clean-soup.webp?zoom=2&amp;resize=150%2C150&amp;ssl=1 300w, https:\/\/i0.wp.com\/kaptanfood.pl\/wp-content\/uploads\/2025\/09\/easy-clean-soup.webp?zoom=3&amp;resize=150%2C150&amp;ssl=1 450w\" sizes=\"auto, (max-width: 150px) 100vw, 150px\" \/><\/div>\n\t\t<\/figure>\n\t<\/div>\n<\/div><\/div><\/div><\/div>\n<\/div>","protected":false},"excerpt":{"rendered":"cleen Easy Clean chusteczki do czyszczenia powierzchni o du\u017cej pojemno\u015bci (1000 ml i wi\u0119cej), przeznaczone do d\u0142ugotrwa\u0142ego u\u017cytkowania. Produkt u\u0142atwia","protected":false},"featured_media":143117,"template":"","meta":[],"product_brand":[],"product_cat":[134],"product_tag":[207,204,206,205,208,209,225],"class_list":{"0":"post-135798","1":"product","2":"type-product","3":"status-publish","4":"has-post-thumbnail","6":"product_cat-srodki-czystosci","7":"product_tag-bezalkoholu","8":"product_tag-chusteczkidoczyszczenia","9":"product_tag-czyszczeniepowierzchni","10":"product_tag-homeeasyclean","11":"product_tag-islakmendil","12":"product_tag-praktyczneczyszczenie","13":"product_tag-promacja","15":"first","16":"instock","17":"taxable","18":"shipping-taxable","19":"purchasable","20":"product-type-simple"},"yoast_head":"<!-- This site is optimized with the Yoast SEO plugin v27.3 - https:\/\/yoast.com\/product\/yoast-seo-wordpress\/ -->\n<title>Chusteczki Mokre Bia\u0142e Myd\u0142o Cleeny (100 szt) - Kaptan Food<\/title>\n<meta name=\"robots\" content=\"index, follow, max-snippet:-1, max-image-preview:large, max-video-preview:-1\" \/>\n<link rel=\"canonical\" href=\"https:\/\/kaptanfood.pl\/en\/product\/chusteczki-mokre-biale-cleen-home\/\" \/>\n<meta property=\"og:locale\" content=\"en_US\" \/>\n<meta property=\"og:type\" content=\"article\" \/>\n<meta property=\"og:title\" content=\"Chusteczki Mokre Bia\u0142e Myd\u0142o Cleeny (100 szt) - Kaptan Food\" \/>\n<meta property=\"og:url\" content=\"https:\/\/kaptanfood.pl\/en\/product\/chusteczki-mokre-biale-cleen-home\/\" \/>\n<meta property=\"og:site_name\" content=\"Kaptan Food\" \/>\n<meta property=\"article:modified_time\" content=\"2025-12-03T12:14:21+00:00\" \/>\n<meta property=\"og:image\" content=\"https:\/\/i0.wp.com\/kaptanfood.pl\/wp-content\/uploads\/2025\/09\/easy-clean-soup.webp?fit=700%2C800&ssl=1\" \/>\n\t<meta property=\"og:image:width\" content=\"700\" \/>\n\t<meta property=\"og:image:height\" content=\"800\" \/>\n\t<meta property=\"og:image:type\" content=\"image\/webp\" \/>\n<meta name=\"twitter:card\" content=\"summary_large_image\" \/>\n<script type=\"application\/ld+json\" class=\"yoast-schema-graph\">{\"@context\":\"https:\\\/\\\/schema.org\",\"@graph\":[{\"@type\":\"WebPage\",\"@id\":\"https:\\\/\\\/kaptanfood.pl\\\/product\\\/chusteczki-mokre-biale-cleen-home\\\/\",\"url\":\"https:\\\/\\\/kaptanfood.pl\\\/product\\\/chusteczki-mokre-biale-cleen-home\\\/\",\"name\":\"Chusteczki Mokre Bia\u0142e Myd\u0142o Cleeny (100 szt) - Kaptan Food\",\"isPartOf\":{\"@id\":\"https:\\\/\\\/kaptanfood.pl\\\/tr\\\/#website\"},\"primaryImageOfPage\":{\"@id\":\"https:\\\/\\\/kaptanfood.pl\\\/product\\\/chusteczki-mokre-biale-cleen-home\\\/#primaryimage\"},\"image\":{\"@id\":\"https:\\\/\\\/kaptanfood.pl\\\/product\\\/chusteczki-mokre-biale-cleen-home\\\/#primaryimage\"},\"thumbnailUrl\":\"https:\\\/\\\/i0.wp.com\\\/kaptanfood.pl\\\/wp-content\\\/uploads\\\/2025\\\/09\\\/easy-clean-soup.webp?fit=700%2C800&ssl=1\",\"datePublished\":\"2025-09-26T11:15:18+00:00\",\"dateModified\":\"2025-12-03T12:14:21+00:00\",\"breadcrumb\":{\"@id\":\"https:\\\/\\\/kaptanfood.pl\\\/product\\\/chusteczki-mokre-biale-cleen-home\\\/#breadcrumb\"},\"inLanguage\":\"en-US\",\"potentialAction\":[{\"@type\":\"ReadAction\",\"target\":[\"https:\\\/\\\/kaptanfood.pl\\\/product\\\/chusteczki-mokre-biale-cleen-home\\\/\"]}]},{\"@type\":\"ImageObject\",\"inLanguage\":\"en-US\",\"@id\":\"https:\\\/\\\/kaptanfood.pl\\\/product\\\/chusteczki-mokre-biale-cleen-home\\\/#primaryimage\",\"url\":\"https:\\\/\\\/i0.wp.com\\\/kaptanfood.pl\\\/wp-content\\\/uploads\\\/2025\\\/09\\\/easy-clean-soup.webp?fit=700%2C800&ssl=1\",\"contentUrl\":\"https:\\\/\\\/i0.wp.com\\\/kaptanfood.pl\\\/wp-content\\\/uploads\\\/2025\\\/09\\\/easy-clean-soup.webp?fit=700%2C800&ssl=1\",\"width\":700,\"height\":800},{\"@type\":\"BreadcrumbList\",\"@id\":\"https:\\\/\\\/kaptanfood.pl\\\/product\\\/chusteczki-mokre-biale-cleen-home\\\/#breadcrumb\",\"itemListElement\":[{\"@type\":\"ListItem\",\"position\":1,\"name\":\"Home\",\"item\":\"https:\\\/\\\/kaptanfood.pl\\\/\"},{\"@type\":\"ListItem\",\"position\":2,\"name\":\"Produkty\",\"item\":\"https:\\\/\\\/kaptanfood.pl\\\/produkty\\\/\"},{\"@type\":\"ListItem\",\"position\":3,\"name\":\"Chusteczki Mokre Bia\u0142e Myd\u0142o Cleeny (100 szt)\"}]},{\"@type\":\"WebSite\",\"@id\":\"https:\\\/\\\/kaptanfood.pl\\\/tr\\\/#website\",\"url\":\"https:\\\/\\\/kaptanfood.pl\\\/tr\\\/\",\"name\":\"Kaptan Food\",\"description\":\"Kaptan Food Hurtownia Kebab - Wszystko dla restauracji\",\"potentialAction\":[{\"@type\":\"SearchAction\",\"target\":{\"@type\":\"EntryPoint\",\"urlTemplate\":\"https:\\\/\\\/kaptanfood.pl\\\/tr\\\/?s={search_term_string}\"},\"query-input\":{\"@type\":\"PropertyValueSpecification\",\"valueRequired\":true,\"valueName\":\"search_term_string\"}}],\"inLanguage\":\"en-US\"}]}<\/script>\n<!-- \/ Yoast SEO plugin. -->","yoast_head_json":{"title":"Chusteczki Mokre Bia\u0142e Myd\u0142o Cleeny (100 szt) - Kaptan Food","robots":{"index":"index","follow":"follow","max-snippet":"max-snippet:-1","max-image-preview":"max-image-preview:large","max-video-preview":"max-video-preview:-1"},"canonical":"https:\/\/kaptanfood.pl\/en\/product\/chusteczki-mokre-biale-cleen-home\/","og_locale":"en_US","og_type":"article","og_title":"Chusteczki Mokre Bia\u0142e Myd\u0142o Cleeny (100 szt) - Kaptan Food","og_url":"https:\/\/kaptanfood.pl\/en\/product\/chusteczki-mokre-biale-cleen-home\/","og_site_name":"Kaptan Food","article_modified_time":"2025-12-03T12:14:21+00:00","og_image":[{"width":700,"height":800,"url":"https:\/\/i0.wp.com\/kaptanfood.pl\/wp-content\/uploads\/2025\/09\/easy-clean-soup.webp?fit=700%2C800&ssl=1","type":"image\/webp"}],"twitter_card":"summary_large_image","schema":{"@context":"https:\/\/schema.org","@graph":[{"@type":"WebPage","@id":"https:\/\/kaptanfood.pl\/product\/chusteczki-mokre-biale-cleen-home\/","url":"https:\/\/kaptanfood.pl\/product\/chusteczki-mokre-biale-cleen-home\/","name":"Chusteczki Mokre Bia\u0142e Myd\u0142o Cleeny (100 szt) - Kaptan Food","isPartOf":{"@id":"https:\/\/kaptanfood.pl\/tr\/#website"},"primaryImageOfPage":{"@id":"https:\/\/kaptanfood.pl\/product\/chusteczki-mokre-biale-cleen-home\/#primaryimage"},"image":{"@id":"https:\/\/kaptanfood.pl\/product\/chusteczki-mokre-biale-cleen-home\/#primaryimage"},"thumbnailUrl":"https:\/\/i0.wp.com\/kaptanfood.pl\/wp-content\/uploads\/2025\/09\/easy-clean-soup.webp?fit=700%2C800&ssl=1","datePublished":"2025-09-26T11:15:18+00:00","dateModified":"2025-12-03T12:14:21+00:00","breadcrumb":{"@id":"https:\/\/kaptanfood.pl\/product\/chusteczki-mokre-biale-cleen-home\/#breadcrumb"},"inLanguage":"en-US","potentialAction":[{"@type":"ReadAction","target":["https:\/\/kaptanfood.pl\/product\/chusteczki-mokre-biale-cleen-home\/"]}]},{"@type":"ImageObject","inLanguage":"en-US","@id":"https:\/\/kaptanfood.pl\/product\/chusteczki-mokre-biale-cleen-home\/#primaryimage","url":"https:\/\/i0.wp.com\/kaptanfood.pl\/wp-content\/uploads\/2025\/09\/easy-clean-soup.webp?fit=700%2C800&ssl=1","contentUrl":"https:\/\/i0.wp.com\/kaptanfood.pl\/wp-content\/uploads\/2025\/09\/easy-clean-soup.webp?fit=700%2C800&ssl=1","width":700,"height":800},{"@type":"BreadcrumbList","@id":"https:\/\/kaptanfood.pl\/product\/chusteczki-mokre-biale-cleen-home\/#breadcrumb","itemListElement":[{"@type":"ListItem","position":1,"name":"Home","item":"https:\/\/kaptanfood.pl\/"},{"@type":"ListItem","position":2,"name":"Produkty","item":"https:\/\/kaptanfood.pl\/produkty\/"},{"@type":"ListItem","position":3,"name":"Chusteczki Mokre Bia\u0142e Myd\u0142o Cleeny (100 szt)"}]},{"@type":"WebSite","@id":"https:\/\/kaptanfood.pl\/tr\/#website","url":"https:\/\/kaptanfood.pl\/tr\/","name":"Kaptan Food","description":"Kaptan Food Wholesale Kebab - Everything for Restaurants","potentialAction":[{"@type":"SearchAction","target":{"@type":"EntryPoint","urlTemplate":"https:\/\/kaptanfood.pl\/tr\/?s={search_term_string}"},"query-input":{"@type":"PropertyValueSpecification","valueRequired":true,"valueName":"search_term_string"}}],"inLanguage":"en-US"}]}},"jetpack_sharing_enabled":true,"_links":{"self":[{"href":"https:\/\/kaptanfood.pl\/en\/wp-json\/wp\/v2\/product\/135798","targetHints":{"allow":["GET"]}}],"collection":[{"href":"https:\/\/kaptanfood.pl\/en\/wp-json\/wp\/v2\/product"}],"about":[{"href":"https:\/\/kaptanfood.pl\/en\/wp-json\/wp\/v2\/types\/product"}],"wp:featuredmedia":[{"embeddable":true,"href":"https:\/\/kaptanfood.pl\/en\/wp-json\/wp\/v2\/media\/143117"}],"wp:attachment":[{"href":"https:\/\/kaptanfood.pl\/en\/wp-json\/wp\/v2\/media?parent=135798"}],"wp:term":[{"taxonomy":"product_brand","embeddable":true,"href":"https:\/\/kaptanfood.pl\/en\/wp-json\/wp\/v2\/product_brand?post=135798"},{"taxonomy":"product_cat","embeddable":true,"href":"https:\/\/kaptanfood.pl\/en\/wp-json\/wp\/v2\/product_cat?post=135798"},{"taxonomy":"product_tag","embeddable":true,"href":"https:\/\/kaptanfood.pl\/en\/wp-json\/wp\/v2\/product_tag?post=135798"}],"curies":[{"name":"wp","href":"https:\/\/api.w.org\/{rel}","templated":true}]}}